{"id":3947,"date":"2023-06-19T06:24:51","date_gmt":"2023-06-19T06:24:51","guid":{"rendered":"https:\/\/organiberia.com\/producto\/organ-aqua\/"},"modified":"2023-06-19T06:24:51","modified_gmt":"2023-06-19T06:24:51","slug":"organ-aqua","status":"publish","type":"product","link":"https:\/\/organiberia.com\/fr\/producto\/organ-aqua\/","title":{"rendered":"ORGAN\u00ae AQUA"},"content":{"rendered":"<p>Extrait d&rsquo;algues appartenant au genre Ascophyllium Nodosum, source active de cytokinines, auxines et gibb\u00e9rellines, de macro- et micro-\u00e9l\u00e9ments et d&rsquo;autres compos\u00e9s b\u00e9n\u00e9fiques pour les plantes.<\/p>\n<p><strong>LA RICHESSE GARANTIE :<\/strong><\/p>\n<table id=\"tablepress-83\" class=\"tablepress tablepress-id-83\">\n<thead>\n<tr class=\"row-1 odd\">\n<th class=\"column-1\">\u00c9L\u00c9MENT<\/th>\n<th class=\"column-2\">Total (%)<\/th>\n<\/tr>\n<\/thead>\n<tbody class=\"row-hover\">\n<tr class=\"row-2 even\">\n<td class=\"column-1\">Azote total<\/td>\n<td class=\"column-2\">0.25%<\/td>\n<\/tr>\n<tr class=\"row-3 odd\">\n<td class=\"column-1\">Biologique ou prot\u00e9ique N<\/td>\n<td class=\"column-2\">0.25%<\/td>\n<\/tr>\n<tr class=\"row-4 even\">\n<td class=\"column-1\">Anhydride phosphorique (P2O5)<\/td>\n<td class=\"column-2\">0.30%<\/td>\n<\/tr>\n<tr class=\"row-5 odd\">\n<td class=\"column-1\">Oxyde de potassium (K2O)<\/td>\n<td class=\"column-2\">5.00%<\/td>\n<\/tr>\n<tr class=\"row-6 even\">\n<td class=\"column-1\">Mati\u00e8re organique totale<\/td>\n<td class=\"column-2\">12.00%<\/td>\n<\/tr>\n<tr class=\"row-7 odd\">\n<td class=\"column-1\">Acides amin\u00e9s libres<\/td>\n<td class=\"column-2\">1.00%<\/td>\n<\/tr>\n<\/tbody>\n<\/table>\n<p>Applicable \u00e0 toute culture aux taux suivants :<\/p>\n<p><strong>POSOLOGIE :<\/strong><\/p>\n<table id=\"tablepress-84\" class=\"tablepress tablepress-id-84\">\n<thead>\n<tr class=\"row-1 odd\">\n<th class=\"column-1\"><strong>CULTIVATION<\/strong><\/th>\n<th class=\"column-2\"><strong>FOLIAR<\/strong><\/th>\n<th class=\"column-3\"><strong>IRRIGATION<\/strong><\/th>\n<\/tr>\n<\/thead>\n<tbody class=\"row-hover\">\n<tr class=\"row-2 even\">\n<td class=\"column-1\">Horticulture<\/td>\n<td class=\"column-2\">150-300 cc\/Hl<\/td>\n<td class=\"column-3\">2,5 L\/ha<\/td>\n<\/tr>\n<tr class=\"row-3 odd\">\n<td class=\"column-1\">Agrumes et arbres fruitiers<\/td>\n<td class=\"column-2\">150-300 cc\/Hl<\/td>\n<td class=\"column-3\">2,5 L\/ha<\/td>\n<\/tr>\n<tr class=\"row-4 even\">\n<td class=\"column-1\">Fraise<\/td>\n<td class=\"column-2\">150-300 cc\/Hl<\/td>\n<td class=\"column-3\">2,5 L\/ha<\/td>\n<\/tr>\n<tr class=\"row-5 odd\">\n<td class=\"column-1\">Olivier<\/td>\n<td class=\"column-2\">150-300 cc\/Hl<\/td>\n<td class=\"column-3\">2-5 L\/Ha<\/td>\n<\/tr>\n<\/tbody>\n<\/table>\n","protected":false},"excerpt":{"rendered":"<p>Extrait d&rsquo;algues appartenant au genre Ascophyllium Nodosum, source active de cytokinines, auxines et gibb\u00e9rellines, de macro- et micro-\u00e9l\u00e9ments et d&rsquo;autres compos\u00e9s b\u00e9n\u00e9fiques pour les plantes.<\/p>\n<table id=\"tablepress-85\" class=\"tablepress tablepress-id-85\">\n<thead>\n<tr class=\"row-1 odd\">\n<th class=\"column-1\"><b>Format<\/b><\/th>\n<th class=\"column-2\"><b>Unit\u00e9s<br \/>\nEmballage<\/b><\/th>\n<th class=\"column-3\"><b>Palette(L)<\/b><\/th>\n<\/tr>\n<\/thead>\n<tbody class=\"row-hover\">\n<tr class=\"row-2 even\">\n<td class=\"column-1\">5 L<\/td>\n<td class=\"column-2\">4<\/td>\n<td class=\"column-3\">1000 L<\/td>\n<\/tr>\n<tr class=\"row-3 odd\">\n<td class=\"column-1\">10 L<\/td>\n<td class=\"column-2\">75<\/td>\n<td class=\"column-3\">750 L<\/td>\n<\/tr>\n<tr class=\"row-4 even\">\n<td class=\"column-1\">20 L<\/td>\n<td class=\"column-2\">48<\/td>\n<td class=\"column-3\">960 L<\/td>\n<\/tr>\n<\/tbody>\n<\/table>\n","protected":false},"featured_media":2566,"comment_status":"open","ping_status":"closed","template":"","meta":{"site-sidebar-layout":"default","site-content-layout":"default","ast-global-header-display":"","ast-banner-title-visibility":"","ast-main-header-display":"","ast-hfb-above-header-display":"","ast-hfb-below-header-display":"","ast-hfb-mobile-header-display":"","site-post-title":"","ast-breadcrumbs-content":"","ast-featured-img":"","footer-sml-layout":"","theme-transparent-header-meta":"default","adv-header-id-meta":"","stick-header-meta":"","header-above-stick-meta":"","header-main-stick-meta":"","header-below-stick-meta":"","_joinchat":[]},"product_brand":[],"product_cat":[115,96],"product_tag":[],"class_list":{"0":"post-3947","1":"product","2":"type-product","3":"status-publish","4":"has-post-thumbnail","6":"product_cat-biostimulants","7":"product_cat-organe","8":"desktop-align-center","9":"tablet-align-left","10":"mobile-align-left","12":"first","13":"instock","14":"shipping-taxable","15":"product-type-simple"},"yoast_head":"<!-- This site is optimized with the Yoast SEO Premium plugin v20.9 (Yoast SEO v20.9) - https:\/\/yoast.com\/wordpress\/plugins\/seo\/ -->\n<title>ORGAN\u00ae AQUA - Organiberia<\/title>\n<meta name=\"robots\" content=\"index, follow, max-snippet:-1, max-image-preview:large, max-video-preview:-1\" \/>\n<link rel=\"canonical\" href=\"https:\/\/organiberia.com\/fr\/producto\/organ-aqua\/\" \/>\n<meta property=\"og:locale\" content=\"fr_FR\" \/>\n<meta property=\"og:type\" content=\"article\" \/>\n<meta property=\"og:title\" content=\"ORGAN\u00ae AQUA\" \/>\n<meta property=\"og:description\" content=\"Extrait d&#039;algues appartenant au genre Ascophyllium Nodosum, source active de cytokinines, auxines et gibb\u00e9rellines, de macro- et micro-\u00e9l\u00e9ments et d&#039;autres compos\u00e9s b\u00e9n\u00e9fiques pour les plantes.  Format Unit\u00e9s Emballage Palette(L)   5 L 4 1000 L  10 L 75 750 L  20 L 48 960 L\" \/>\n<meta property=\"og:url\" content=\"https:\/\/organiberia.com\/fr\/producto\/organ-aqua\/\" \/>\n<meta property=\"og:site_name\" content=\"Organiberia\" \/>\n<meta property=\"og:image\" content=\"https:\/\/organiberia.com\/wp-content\/uploads\/2023\/06\/Aqua-Organiberia.webp\" \/>\n\t<meta property=\"og:image:width\" content=\"1270\" \/>\n\t<meta property=\"og:image:height\" content=\"1000\" \/>\n\t<meta property=\"og:image:type\" content=\"image\/webp\" \/>\n<meta name=\"twitter:card\" content=\"summary_large_image\" \/>\n<script type=\"application\/ld+json\" class=\"yoast-schema-graph\">{\"@context\":\"https:\/\/schema.org\",\"@graph\":[{\"@type\":\"WebPage\",\"@id\":\"https:\/\/organiberia.com\/fr\/producto\/organ-aqua\/\",\"url\":\"https:\/\/organiberia.com\/fr\/producto\/organ-aqua\/\",\"name\":\"ORGAN\u00ae AQUA - Organiberia\",\"isPartOf\":{\"@id\":\"https:\/\/organiberia.com\/fr\/#website\"},\"datePublished\":\"2023-06-19T06:24:51+00:00\",\"dateModified\":\"2023-06-19T06:24:51+00:00\",\"breadcrumb\":{\"@id\":\"https:\/\/organiberia.com\/fr\/producto\/organ-aqua\/#breadcrumb\"},\"inLanguage\":\"fr-FR\",\"potentialAction\":[{\"@type\":\"ReadAction\",\"target\":[\"https:\/\/organiberia.com\/fr\/producto\/organ-aqua\/\"]}]},{\"@type\":\"BreadcrumbList\",\"@id\":\"https:\/\/organiberia.com\/fr\/producto\/organ-aqua\/#breadcrumb\",\"itemListElement\":[{\"@type\":\"ListItem\",\"position\":1,\"name\":\"Portada\",\"item\":\"https:\/\/organiberia.com\/fr\/\"},{\"@type\":\"ListItem\",\"position\":2,\"name\":\"Boutique\",\"item\":\"https:\/\/organiberia.com\/fr\/boutique\/\"},{\"@type\":\"ListItem\",\"position\":3,\"name\":\"ORGAN\u00ae AQUA\"}]},{\"@type\":\"WebSite\",\"@id\":\"https:\/\/organiberia.com\/fr\/#website\",\"url\":\"https:\/\/organiberia.com\/fr\/\",\"name\":\"Organiberia\",\"description\":\"Fabricantes fertilizantes organicos\",\"publisher\":{\"@id\":\"https:\/\/organiberia.com\/fr\/#organization\"},\"potentialAction\":[{\"@type\":\"SearchAction\",\"target\":{\"@type\":\"EntryPoint\",\"urlTemplate\":\"https:\/\/organiberia.com\/fr\/?s={search_term_string}\"},\"query-input\":\"required name=search_term_string\"}],\"inLanguage\":\"fr-FR\"},{\"@type\":\"Organization\",\"@id\":\"https:\/\/organiberia.com\/fr\/#organization\",\"name\":\"Organiberia\",\"url\":\"https:\/\/organiberia.com\/fr\/\",\"logo\":{\"@type\":\"ImageObject\",\"inLanguage\":\"fr-FR\",\"@id\":\"https:\/\/organiberia.com\/fr\/#\/schema\/logo\/image\/\",\"url\":\"https:\/\/organiberia.com\/wp-content\/uploads\/2023\/09\/Diseno-sin-titulo-5.svg\",\"contentUrl\":\"https:\/\/organiberia.com\/wp-content\/uploads\/2023\/09\/Diseno-sin-titulo-5.svg\",\"width\":1080,\"height\":1080,\"caption\":\"Organiberia\"},\"image\":{\"@id\":\"https:\/\/organiberia.com\/fr\/#\/schema\/logo\/image\/\"}}]}<\/script>\n<!-- \/ Yoast SEO Premium plugin. -->","yoast_head_json":{"title":"ORGAN\u00ae AQUA - Organiberia","robots":{"index":"index","follow":"follow","max-snippet":"max-snippet:-1","max-image-preview":"max-image-preview:large","max-video-preview":"max-video-preview:-1"},"canonical":"https:\/\/organiberia.com\/fr\/producto\/organ-aqua\/","og_locale":"fr_FR","og_type":"article","og_title":"ORGAN\u00ae AQUA","og_description":"Extrait d'algues appartenant au genre Ascophyllium Nodosum, source active de cytokinines, auxines et gibb\u00e9rellines, de macro- et micro-\u00e9l\u00e9ments et d'autres compos\u00e9s b\u00e9n\u00e9fiques pour les plantes.  Format Unit\u00e9s Emballage Palette(L)   5 L 4 1000 L  10 L 75 750 L  20 L 48 960 L","og_url":"https:\/\/organiberia.com\/fr\/producto\/organ-aqua\/","og_site_name":"Organiberia","og_image":[{"width":1270,"height":1000,"url":"https:\/\/organiberia.com\/wp-content\/uploads\/2023\/06\/Aqua-Organiberia.webp","type":"image\/webp"}],"twitter_card":"summary_large_image","schema":{"@context":"https:\/\/schema.org","@graph":[{"@type":"WebPage","@id":"https:\/\/organiberia.com\/fr\/producto\/organ-aqua\/","url":"https:\/\/organiberia.com\/fr\/producto\/organ-aqua\/","name":"ORGAN\u00ae AQUA - Organiberia","isPartOf":{"@id":"https:\/\/organiberia.com\/fr\/#website"},"datePublished":"2023-06-19T06:24:51+00:00","dateModified":"2023-06-19T06:24:51+00:00","breadcrumb":{"@id":"https:\/\/organiberia.com\/fr\/producto\/organ-aqua\/#breadcrumb"},"inLanguage":"fr-FR","potentialAction":[{"@type":"ReadAction","target":["https:\/\/organiberia.com\/fr\/producto\/organ-aqua\/"]}]},{"@type":"BreadcrumbList","@id":"https:\/\/organiberia.com\/fr\/producto\/organ-aqua\/#breadcrumb","itemListElement":[{"@type":"ListItem","position":1,"name":"Portada","item":"https:\/\/organiberia.com\/fr\/"},{"@type":"ListItem","position":2,"name":"Boutique","item":"https:\/\/organiberia.com\/fr\/boutique\/"},{"@type":"ListItem","position":3,"name":"ORGAN\u00ae AQUA"}]},{"@type":"WebSite","@id":"https:\/\/organiberia.com\/fr\/#website","url":"https:\/\/organiberia.com\/fr\/","name":"Organiberia","description":"Fabricantes fertilizantes organicos","publisher":{"@id":"https:\/\/organiberia.com\/fr\/#organization"},"potentialAction":[{"@type":"SearchAction","target":{"@type":"EntryPoint","urlTemplate":"https:\/\/organiberia.com\/fr\/?s={search_term_string}"},"query-input":"required name=search_term_string"}],"inLanguage":"fr-FR"},{"@type":"Organization","@id":"https:\/\/organiberia.com\/fr\/#organization","name":"Organiberia","url":"https:\/\/organiberia.com\/fr\/","logo":{"@type":"ImageObject","inLanguage":"fr-FR","@id":"https:\/\/organiberia.com\/fr\/#\/schema\/logo\/image\/","url":"https:\/\/organiberia.com\/wp-content\/uploads\/2023\/09\/Diseno-sin-titulo-5.svg","contentUrl":"https:\/\/organiberia.com\/wp-content\/uploads\/2023\/09\/Diseno-sin-titulo-5.svg","width":1080,"height":1080,"caption":"Organiberia"},"image":{"@id":"https:\/\/organiberia.com\/fr\/#\/schema\/logo\/image\/"}}]}},"_links":{"self":[{"href":"https:\/\/organiberia.com\/fr\/wp-json\/wp\/v2\/product\/3947","targetHints":{"allow":["GET"]}}],"collection":[{"href":"https:\/\/organiberia.com\/fr\/wp-json\/wp\/v2\/product"}],"about":[{"href":"https:\/\/organiberia.com\/fr\/wp-json\/wp\/v2\/types\/product"}],"replies":[{"embeddable":true,"href":"https:\/\/organiberia.com\/fr\/wp-json\/wp\/v2\/comments?post=3947"}],"version-history":[{"count":0,"href":"https:\/\/organiberia.com\/fr\/wp-json\/wp\/v2\/product\/3947\/revisions"}],"wp:featuredmedia":[{"embeddable":true,"href":"https:\/\/organiberia.com\/fr\/wp-json\/wp\/v2\/media\/2566"}],"wp:attachment":[{"href":"https:\/\/organiberia.com\/fr\/wp-json\/wp\/v2\/media?parent=3947"}],"wp:term":[{"taxonomy":"product_brand","embeddable":true,"href":"https:\/\/organiberia.com\/fr\/wp-json\/wp\/v2\/product_brand?post=3947"},{"taxonomy":"product_cat","embeddable":true,"href":"https:\/\/organiberia.com\/fr\/wp-json\/wp\/v2\/product_cat?post=3947"},{"taxonomy":"product_tag","embeddable":true,"href":"https:\/\/organiberia.com\/fr\/wp-json\/wp\/v2\/product_tag?post=3947"}],"curies":[{"name":"wp","href":"https:\/\/api.w.org\/{rel}","templated":true}]}}