{"id":3940,"date":"2023-06-19T06:31:17","date_gmt":"2023-06-19T06:31:17","guid":{"rendered":"https:\/\/organiberia.com\/producto\/organ-roots-pro\/"},"modified":"2023-06-19T06:31:17","modified_gmt":"2023-06-19T06:31:17","slug":"organ-roots-pro","status":"publish","type":"product","link":"https:\/\/organiberia.com\/fr\/producto\/organ-roots-pro\/","title":{"rendered":"ORGAN\u00ae ROOTS PRO"},"content":{"rendered":"<p><strong>LA RICHESSE GARANTIE :<\/strong><\/p>\n<table id=\"tablepress-50\" class=\"tablepress tablepress-id-50\">\n<tbody class=\"row-hover\">\n<tr class=\"row-1 odd\">\n<td class=\"column-1\">Acides amin\u00e9s libres<\/td>\n<td class=\"column-2\">6,00%<\/td>\n<\/tr>\n<tr class=\"row-2 even\">\n<td class=\"column-1\">Mati\u00e8re organique (M.O.)<\/td>\n<td class=\"column-2\">20,00%<\/td>\n<\/tr>\n<tr class=\"row-3 odd\">\n<td class=\"column-1\">Azote total (N)<\/td>\n<td class=\"column-2\">3,12%<\/td>\n<\/tr>\n<tr class=\"row-4 even\">\n<td class=\"column-1\">Azote organique<\/td>\n<td class=\"column-2\">2,50%<\/td>\n<\/tr>\n<tr class=\"row-5 odd\">\n<td class=\"column-1\">AIB<\/td>\n<td class=\"column-2\">0,40%<\/td>\n<\/tr>\n<tr class=\"row-6 even\">\n<td class=\"column-1\">ANA<\/td>\n<td class=\"column-2\">0,20%<\/td>\n<\/tr>\n<tr class=\"row-7 odd\">\n<td class=\"column-1\">Densit\u00e9<\/td>\n<td class=\"column-2\">1,1 % g\/cc<\/td>\n<\/tr>\n<tr class=\"row-8 even\">\n<td class=\"column-1\">pH (1\/10)<\/td>\n<td class=\"column-2\">6<\/td>\n<\/tr>\n<\/tbody>\n<\/table>\n<p><strong>Produit disponible dans les pays o\u00f9 ses composants sont autoris\u00e9s.<\/strong><br \/>\n<strong>Produit non autoris\u00e9 en Espagne.<\/strong><\/p>\n<p><strong>POSOLOGIE :<\/strong><\/p>\n<table id=\"tablepress-51\" class=\"tablepress tablepress-id-51\">\n<tbody class=\"row-hover\">\n<tr class=\"row-1 odd\">\n<td class=\"column-1\">Fertigation<\/td>\n<td class=\"column-2\">2-4 L\/Ha<\/td>\n<\/tr>\n<\/tbody>\n<\/table>\n","protected":false},"excerpt":{"rendered":"<p>LA RICHESSE GARANTIE : Acides amin\u00e9s libres 6,00% Mati\u00e8re organique (M.O.) 20,00% Azote total (N) 3,12% Azote organique 2,50% AIB 0,40% ANA 0,20% Densit\u00e9 1,1 % g\/cc pH (1\/10) 6 Produit disponible dans les pays o\u00f9 ses composants sont autoris\u00e9s. Produit non autoris\u00e9 en Espagne. POSOLOGIE : Fertigation 2-4 L\/Ha<\/p>\n","protected":false},"featured_media":2518,"comment_status":"open","ping_status":"closed","template":"","meta":{"site-sidebar-layout":"default","site-content-layout":"default","ast-global-header-display":"","ast-banner-title-visibility":"","ast-main-header-display":"","ast-hfb-above-header-display":"","ast-hfb-below-header-display":"","ast-hfb-mobile-header-display":"","site-post-title":"","ast-breadcrumbs-content":"","ast-featured-img":"","footer-sml-layout":"","theme-transparent-header-meta":"default","adv-header-id-meta":"","stick-header-meta":"","header-above-stick-meta":"","header-main-stick-meta":"","header-below-stick-meta":"","_joinchat":[]},"product_brand":[],"product_cat":[115,96],"product_tag":[],"class_list":{"0":"post-3940","1":"product","2":"type-product","3":"status-publish","4":"has-post-thumbnail","6":"product_cat-biostimulants","7":"product_cat-organe","8":"desktop-align-center","9":"tablet-align-left","10":"mobile-align-left","12":"first","13":"instock","14":"shipping-taxable","15":"product-type-simple"},"yoast_head":"<!-- This site is optimized with the Yoast SEO Premium plugin v20.9 (Yoast SEO v20.9) - https:\/\/yoast.com\/wordpress\/plugins\/seo\/ -->\n<title>ORGAN\u00ae ROOTS PRO - Organiberia<\/title>\n<meta name=\"robots\" content=\"index, follow, max-snippet:-1, max-image-preview:large, max-video-preview:-1\" \/>\n<link rel=\"canonical\" href=\"https:\/\/organiberia.com\/fr\/producto\/organ-roots-pro\/\" \/>\n<meta property=\"og:locale\" content=\"fr_FR\" \/>\n<meta property=\"og:type\" content=\"article\" \/>\n<meta property=\"og:title\" content=\"ORGAN\u00ae ROOTS PRO\" \/>\n<meta property=\"og:description\" content=\"LA RICHESSE GARANTIE : Acides amin\u00e9s libres 6,00% Mati\u00e8re organique (M.O.) 20,00% Azote total (N) 3,12% Azote organique 2,50% AIB 0,40% ANA 0,20% Densit\u00e9 1,1 % g\/cc pH (1\/10) 6 Produit disponible dans les pays o\u00f9 ses composants sont autoris\u00e9s. Produit non autoris\u00e9 en Espagne. POSOLOGIE : Fertigation 2-4 L\/Ha\" \/>\n<meta property=\"og:url\" content=\"https:\/\/organiberia.com\/fr\/producto\/organ-roots-pro\/\" \/>\n<meta property=\"og:site_name\" content=\"Organiberia\" \/>\n<meta property=\"og:image\" content=\"https:\/\/organiberia.com\/wp-content\/uploads\/2023\/06\/Roots-Plus-Organiberia.webp\" \/>\n\t<meta property=\"og:image:width\" content=\"1270\" \/>\n\t<meta property=\"og:image:height\" content=\"1000\" \/>\n\t<meta property=\"og:image:type\" content=\"image\/webp\" \/>\n<meta name=\"twitter:card\" content=\"summary_large_image\" \/>\n<script type=\"application\/ld+json\" class=\"yoast-schema-graph\">{\"@context\":\"https:\/\/schema.org\",\"@graph\":[{\"@type\":\"WebPage\",\"@id\":\"https:\/\/organiberia.com\/fr\/producto\/organ-roots-pro\/\",\"url\":\"https:\/\/organiberia.com\/fr\/producto\/organ-roots-pro\/\",\"name\":\"ORGAN\u00ae ROOTS PRO - Organiberia\",\"isPartOf\":{\"@id\":\"https:\/\/organiberia.com\/fr\/#website\"},\"datePublished\":\"2023-06-19T06:31:17+00:00\",\"dateModified\":\"2023-06-19T06:31:17+00:00\",\"breadcrumb\":{\"@id\":\"https:\/\/organiberia.com\/fr\/producto\/organ-roots-pro\/#breadcrumb\"},\"inLanguage\":\"fr-FR\",\"potentialAction\":[{\"@type\":\"ReadAction\",\"target\":[\"https:\/\/organiberia.com\/fr\/producto\/organ-roots-pro\/\"]}]},{\"@type\":\"BreadcrumbList\",\"@id\":\"https:\/\/organiberia.com\/fr\/producto\/organ-roots-pro\/#breadcrumb\",\"itemListElement\":[{\"@type\":\"ListItem\",\"position\":1,\"name\":\"Portada\",\"item\":\"https:\/\/organiberia.com\/fr\/\"},{\"@type\":\"ListItem\",\"position\":2,\"name\":\"Boutique\",\"item\":\"https:\/\/organiberia.com\/fr\/boutique\/\"},{\"@type\":\"ListItem\",\"position\":3,\"name\":\"ORGAN\u00ae ROOTS PRO\"}]},{\"@type\":\"WebSite\",\"@id\":\"https:\/\/organiberia.com\/fr\/#website\",\"url\":\"https:\/\/organiberia.com\/fr\/\",\"name\":\"Organiberia\",\"description\":\"Fabricantes fertilizantes organicos\",\"publisher\":{\"@id\":\"https:\/\/organiberia.com\/fr\/#organization\"},\"potentialAction\":[{\"@type\":\"SearchAction\",\"target\":{\"@type\":\"EntryPoint\",\"urlTemplate\":\"https:\/\/organiberia.com\/fr\/?s={search_term_string}\"},\"query-input\":\"required name=search_term_string\"}],\"inLanguage\":\"fr-FR\"},{\"@type\":\"Organization\",\"@id\":\"https:\/\/organiberia.com\/fr\/#organization\",\"name\":\"Organiberia\",\"url\":\"https:\/\/organiberia.com\/fr\/\",\"logo\":{\"@type\":\"ImageObject\",\"inLanguage\":\"fr-FR\",\"@id\":\"https:\/\/organiberia.com\/fr\/#\/schema\/logo\/image\/\",\"url\":\"https:\/\/organiberia.com\/wp-content\/uploads\/2023\/09\/Diseno-sin-titulo-5.svg\",\"contentUrl\":\"https:\/\/organiberia.com\/wp-content\/uploads\/2023\/09\/Diseno-sin-titulo-5.svg\",\"width\":1080,\"height\":1080,\"caption\":\"Organiberia\"},\"image\":{\"@id\":\"https:\/\/organiberia.com\/fr\/#\/schema\/logo\/image\/\"}}]}<\/script>\n<!-- \/ Yoast SEO Premium plugin. -->","yoast_head_json":{"title":"ORGAN\u00ae ROOTS PRO - Organiberia","robots":{"index":"index","follow":"follow","max-snippet":"max-snippet:-1","max-image-preview":"max-image-preview:large","max-video-preview":"max-video-preview:-1"},"canonical":"https:\/\/organiberia.com\/fr\/producto\/organ-roots-pro\/","og_locale":"fr_FR","og_type":"article","og_title":"ORGAN\u00ae ROOTS PRO","og_description":"LA RICHESSE GARANTIE : Acides amin\u00e9s libres 6,00% Mati\u00e8re organique (M.O.) 20,00% Azote total (N) 3,12% Azote organique 2,50% AIB 0,40% ANA 0,20% Densit\u00e9 1,1 % g\/cc pH (1\/10) 6 Produit disponible dans les pays o\u00f9 ses composants sont autoris\u00e9s. Produit non autoris\u00e9 en Espagne. POSOLOGIE : Fertigation 2-4 L\/Ha","og_url":"https:\/\/organiberia.com\/fr\/producto\/organ-roots-pro\/","og_site_name":"Organiberia","og_image":[{"width":1270,"height":1000,"url":"https:\/\/organiberia.com\/wp-content\/uploads\/2023\/06\/Roots-Plus-Organiberia.webp","type":"image\/webp"}],"twitter_card":"summary_large_image","schema":{"@context":"https:\/\/schema.org","@graph":[{"@type":"WebPage","@id":"https:\/\/organiberia.com\/fr\/producto\/organ-roots-pro\/","url":"https:\/\/organiberia.com\/fr\/producto\/organ-roots-pro\/","name":"ORGAN\u00ae ROOTS PRO - Organiberia","isPartOf":{"@id":"https:\/\/organiberia.com\/fr\/#website"},"datePublished":"2023-06-19T06:31:17+00:00","dateModified":"2023-06-19T06:31:17+00:00","breadcrumb":{"@id":"https:\/\/organiberia.com\/fr\/producto\/organ-roots-pro\/#breadcrumb"},"inLanguage":"fr-FR","potentialAction":[{"@type":"ReadAction","target":["https:\/\/organiberia.com\/fr\/producto\/organ-roots-pro\/"]}]},{"@type":"BreadcrumbList","@id":"https:\/\/organiberia.com\/fr\/producto\/organ-roots-pro\/#breadcrumb","itemListElement":[{"@type":"ListItem","position":1,"name":"Portada","item":"https:\/\/organiberia.com\/fr\/"},{"@type":"ListItem","position":2,"name":"Boutique","item":"https:\/\/organiberia.com\/fr\/boutique\/"},{"@type":"ListItem","position":3,"name":"ORGAN\u00ae ROOTS PRO"}]},{"@type":"WebSite","@id":"https:\/\/organiberia.com\/fr\/#website","url":"https:\/\/organiberia.com\/fr\/","name":"Organiberia","description":"Fabricantes fertilizantes organicos","publisher":{"@id":"https:\/\/organiberia.com\/fr\/#organization"},"potentialAction":[{"@type":"SearchAction","target":{"@type":"EntryPoint","urlTemplate":"https:\/\/organiberia.com\/fr\/?s={search_term_string}"},"query-input":"required name=search_term_string"}],"inLanguage":"fr-FR"},{"@type":"Organization","@id":"https:\/\/organiberia.com\/fr\/#organization","name":"Organiberia","url":"https:\/\/organiberia.com\/fr\/","logo":{"@type":"ImageObject","inLanguage":"fr-FR","@id":"https:\/\/organiberia.com\/fr\/#\/schema\/logo\/image\/","url":"https:\/\/organiberia.com\/wp-content\/uploads\/2023\/09\/Diseno-sin-titulo-5.svg","contentUrl":"https:\/\/organiberia.com\/wp-content\/uploads\/2023\/09\/Diseno-sin-titulo-5.svg","width":1080,"height":1080,"caption":"Organiberia"},"image":{"@id":"https:\/\/organiberia.com\/fr\/#\/schema\/logo\/image\/"}}]}},"_links":{"self":[{"href":"https:\/\/organiberia.com\/fr\/wp-json\/wp\/v2\/product\/3940","targetHints":{"allow":["GET"]}}],"collection":[{"href":"https:\/\/organiberia.com\/fr\/wp-json\/wp\/v2\/product"}],"about":[{"href":"https:\/\/organiberia.com\/fr\/wp-json\/wp\/v2\/types\/product"}],"replies":[{"embeddable":true,"href":"https:\/\/organiberia.com\/fr\/wp-json\/wp\/v2\/comments?post=3940"}],"version-history":[{"count":0,"href":"https:\/\/organiberia.com\/fr\/wp-json\/wp\/v2\/product\/3940\/revisions"}],"wp:featuredmedia":[{"embeddable":true,"href":"https:\/\/organiberia.com\/fr\/wp-json\/wp\/v2\/media\/2518"}],"wp:attachment":[{"href":"https:\/\/organiberia.com\/fr\/wp-json\/wp\/v2\/media?parent=3940"}],"wp:term":[{"taxonomy":"product_brand","embeddable":true,"href":"https:\/\/organiberia.com\/fr\/wp-json\/wp\/v2\/product_brand?post=3940"},{"taxonomy":"product_cat","embeddable":true,"href":"https:\/\/organiberia.com\/fr\/wp-json\/wp\/v2\/product_cat?post=3940"},{"taxonomy":"product_tag","embeddable":true,"href":"https:\/\/organiberia.com\/fr\/wp-json\/wp\/v2\/product_tag?post=3940"}],"curies":[{"name":"wp","href":"https:\/\/api.w.org\/{rel}","templated":true}]}}