{"id":3939,"date":"2023-06-19T06:28:32","date_gmt":"2023-06-19T06:28:32","guid":{"rendered":"https:\/\/organiberia.com\/producto\/organ-roots\/"},"modified":"2023-06-19T06:28:32","modified_gmt":"2023-06-19T06:28:32","slug":"organ-roots","status":"publish","type":"product","link":"https:\/\/organiberia.com\/fr\/producto\/organ-roots\/","title":{"rendered":"ORGAN\u00ae ROOTS"},"content":{"rendered":"<p><strong>  LA RICHESSE GARANTIE :<\/strong><\/p>\n<table id=\"tablepress-53\" class=\"tablepress tablepress-id-53\">\n<caption><a href=\"https:\/\/www.quelagrow.com\/wp-admin\/admin.php?page=tablepress&amp;action=edit&amp;table_id=53\">\u00c9diter<\/a><\/caption>\n<tbody class=\"row-hover\">\n<tr class=\"row-1 odd\">\n<td class=\"column-1\">Mati\u00e8re organique<\/td>\n<td class=\"column-2\">20,00 % p\/p<\/td>\n<\/tr>\n<tr class=\"row-2 even\">\n<td class=\"column-1\">Extrait d&rsquo;algues<\/td>\n<td class=\"column-2\"> 8,00 % p\/p<\/td>\n<\/tr>\n<tr class=\"row-3 odd\">\n<td class=\"column-1\">Acides amin\u00e9s libres<\/td>\n<td class=\"column-2\"> 6,00 % p\/p<\/td>\n<\/tr>\n<tr class=\"row-4 even\">\n<td class=\"column-1\">Fer (Fe)<\/td>\n<td class=\"column-2\"> 0,6 % p\/p<\/td>\n<\/tr>\n<tr class=\"row-5 odd\">\n<td class=\"column-1\">Micro-\u00e9l\u00e9ments : Fe, Cu, B, Mo, Zn<\/td>\n<td class=\"column-2\"><\/td>\n<\/tr>\n<tr class=\"row-6 even\">\n<td class=\"column-1\">Densit\u00e9<\/td>\n<td class=\"column-2\">1,1 g\/cc<\/td>\n<\/tr>\n<tr class=\"row-7 odd\">\n<td class=\"column-1\">pH (1\/10)<\/td>\n<td class=\"column-2\">6<\/td>\n<\/tr>\n<\/tbody>\n<\/table>\n<p><strong>POSOLOGIE :<\/strong><\/p>\n<table id=\"tablepress-54\" class=\"tablepress tablepress-id-54\">\n<caption><a href=\"https:\/\/www.quelagrow.com\/wp-admin\/admin.php?page=tablepress&amp;action=edit&amp;table_id=54\">Editer<\/a><\/caption>\n<tbody class=\"row-hover\">\n<tr class=\"row-1 odd\">\n<td class=\"column-1\">Fertilisation<\/td>\n<td class=\"column-2\">2-5 L\/ha<\/td>\n<\/tr>\n<\/tbody>\n<\/table>\n","protected":false},"excerpt":{"rendered":"<h3>Agent d&rsquo;enracinement<\/h3>\n<p>Formule compl\u00e8te comprenant une s\u00e9rie de composants qui favorisent le d\u00e9veloppement racinaire de la plante, en particulier en p\u00e9riode de stress. Gr\u00e2ce aux acides amin\u00e9s, aux polysaccharides, aux acides polycarboxyliques et aux phytohormones d&rsquo;origine naturelle provenant de l&rsquo;extrait d&rsquo;algues s\u00e9ch\u00e9es, on obtient un d\u00e9veloppement rapide et important des racines. <\/p>\n<p>Il peut \u00eatre appliqu\u00e9 au d\u00e9but de la culture ou lorsque la plante est en pleine production pour aider la racine \u00e0 obtenir les nutriments n\u00e9cessaires demand\u00e9s par la partie a\u00e9rienne de la plante.<\/p>\n<table id=\"tablepress-55\" class=\"tablepress tablepress-id-55\">\n<thead>\n<tr class=\"row-1 odd\">\n<th class=\"column-1\"><b>Format<\/b><\/th>\n<th class=\"column-2\"><b>Unit\u00e9s<br \/>\nEmballage<\/b><\/th>\n<th class=\"column-3\"><b>Palette(L)<\/b><\/th>\n<\/tr>\n<\/thead>\n<tbody class=\"row-hover\">\n<tr class=\"row-2 even\">\n<td class=\"column-1\">5 L<\/td>\n<td class=\"column-2\">4<\/td>\n<td class=\"column-3\">1000 L<\/td>\n<\/tr>\n<\/tbody>\n<\/table>\n","protected":false},"featured_media":2703,"comment_status":"open","ping_status":"closed","template":"","meta":{"site-sidebar-layout":"default","site-content-layout":"default","ast-global-header-display":"","ast-banner-title-visibility":"","ast-main-header-display":"","ast-hfb-above-header-display":"","ast-hfb-below-header-display":"","ast-hfb-mobile-header-display":"","site-post-title":"","ast-breadcrumbs-content":"","ast-featured-img":"","footer-sml-layout":"","theme-transparent-header-meta":"default","adv-header-id-meta":"","stick-header-meta":"","header-above-stick-meta":"","header-main-stick-meta":"","header-below-stick-meta":"","_joinchat":[]},"product_brand":[],"product_cat":[115,96],"product_tag":[],"class_list":{"0":"post-3939","1":"product","2":"type-product","3":"status-publish","4":"has-post-thumbnail","6":"product_cat-biostimulants","7":"product_cat-organe","8":"desktop-align-center","9":"tablet-align-left","10":"mobile-align-left","12":"first","13":"instock","14":"shipping-taxable","15":"product-type-simple"},"yoast_head":"<!-- This site is optimized with the Yoast SEO Premium plugin v20.9 (Yoast SEO v20.9) - https:\/\/yoast.com\/wordpress\/plugins\/seo\/ -->\n<title>ORGAN\u00ae ROOTS - Organiberia<\/title>\n<meta name=\"robots\" content=\"index, follow, max-snippet:-1, max-image-preview:large, max-video-preview:-1\" \/>\n<link rel=\"canonical\" href=\"https:\/\/organiberia.com\/fr\/producto\/organ-roots\/\" \/>\n<meta property=\"og:locale\" content=\"fr_FR\" \/>\n<meta property=\"og:type\" content=\"article\" \/>\n<meta property=\"og:title\" content=\"ORGAN\u00ae ROOTS\" \/>\n<meta property=\"og:description\" content=\"Agent d&#039;enracinement Formule compl\u00e8te comprenant une s\u00e9rie de composants qui favorisent le d\u00e9veloppement racinaire de la plante, en particulier en p\u00e9riode de stress. Gr\u00e2ce aux acides amin\u00e9s, aux polysaccharides, aux acides polycarboxyliques et aux phytohormones d&#039;origine naturelle provenant de l&#039;extrait d&#039;algues s\u00e9ch\u00e9es, on obtient un d\u00e9veloppement rapide et important des racines.  Il peut \u00eatre appliqu\u00e9 au d\u00e9but de la culture ou lorsque la plante est en pleine production pour aider la racine \u00e0 obtenir les nutriments n\u00e9cessaires demand\u00e9s par la partie a\u00e9rienne de la plante.  Format Unit\u00e9s Emballage Palette(L)   5 L 4 1000 L\" \/>\n<meta property=\"og:url\" content=\"https:\/\/organiberia.com\/fr\/producto\/organ-roots\/\" \/>\n<meta property=\"og:site_name\" content=\"Organiberia\" \/>\n<meta property=\"og:image\" content=\"https:\/\/organiberia.com\/wp-content\/uploads\/2023\/06\/Organ-Roots-jpeg.webp\" \/>\n\t<meta property=\"og:image:width\" content=\"1600\" \/>\n\t<meta property=\"og:image:height\" content=\"1259\" \/>\n\t<meta property=\"og:image:type\" content=\"image\/jpeg\" \/>\n<meta name=\"twitter:card\" content=\"summary_large_image\" \/>\n<script type=\"application\/ld+json\" class=\"yoast-schema-graph\">{\"@context\":\"https:\/\/schema.org\",\"@graph\":[{\"@type\":\"WebPage\",\"@id\":\"https:\/\/organiberia.com\/fr\/producto\/organ-roots\/\",\"url\":\"https:\/\/organiberia.com\/fr\/producto\/organ-roots\/\",\"name\":\"ORGAN\u00ae ROOTS - Organiberia\",\"isPartOf\":{\"@id\":\"https:\/\/organiberia.com\/fr\/#website\"},\"datePublished\":\"2023-06-19T06:28:32+00:00\",\"dateModified\":\"2023-06-19T06:28:32+00:00\",\"breadcrumb\":{\"@id\":\"https:\/\/organiberia.com\/fr\/producto\/organ-roots\/#breadcrumb\"},\"inLanguage\":\"fr-FR\",\"potentialAction\":[{\"@type\":\"ReadAction\",\"target\":[\"https:\/\/organiberia.com\/fr\/producto\/organ-roots\/\"]}]},{\"@type\":\"BreadcrumbList\",\"@id\":\"https:\/\/organiberia.com\/fr\/producto\/organ-roots\/#breadcrumb\",\"itemListElement\":[{\"@type\":\"ListItem\",\"position\":1,\"name\":\"Portada\",\"item\":\"https:\/\/organiberia.com\/fr\/\"},{\"@type\":\"ListItem\",\"position\":2,\"name\":\"Boutique\",\"item\":\"https:\/\/organiberia.com\/fr\/boutique\/\"},{\"@type\":\"ListItem\",\"position\":3,\"name\":\"ORGAN\u00ae ROOTS\"}]},{\"@type\":\"WebSite\",\"@id\":\"https:\/\/organiberia.com\/fr\/#website\",\"url\":\"https:\/\/organiberia.com\/fr\/\",\"name\":\"Organiberia\",\"description\":\"Fabricantes fertilizantes organicos\",\"publisher\":{\"@id\":\"https:\/\/organiberia.com\/fr\/#organization\"},\"potentialAction\":[{\"@type\":\"SearchAction\",\"target\":{\"@type\":\"EntryPoint\",\"urlTemplate\":\"https:\/\/organiberia.com\/fr\/?s={search_term_string}\"},\"query-input\":\"required name=search_term_string\"}],\"inLanguage\":\"fr-FR\"},{\"@type\":\"Organization\",\"@id\":\"https:\/\/organiberia.com\/fr\/#organization\",\"name\":\"Organiberia\",\"url\":\"https:\/\/organiberia.com\/fr\/\",\"logo\":{\"@type\":\"ImageObject\",\"inLanguage\":\"fr-FR\",\"@id\":\"https:\/\/organiberia.com\/fr\/#\/schema\/logo\/image\/\",\"url\":\"https:\/\/organiberia.com\/wp-content\/uploads\/2023\/09\/Diseno-sin-titulo-5.svg\",\"contentUrl\":\"https:\/\/organiberia.com\/wp-content\/uploads\/2023\/09\/Diseno-sin-titulo-5.svg\",\"width\":1080,\"height\":1080,\"caption\":\"Organiberia\"},\"image\":{\"@id\":\"https:\/\/organiberia.com\/fr\/#\/schema\/logo\/image\/\"}}]}<\/script>\n<!-- \/ Yoast SEO Premium plugin. -->","yoast_head_json":{"title":"ORGAN\u00ae ROOTS - Organiberia","robots":{"index":"index","follow":"follow","max-snippet":"max-snippet:-1","max-image-preview":"max-image-preview:large","max-video-preview":"max-video-preview:-1"},"canonical":"https:\/\/organiberia.com\/fr\/producto\/organ-roots\/","og_locale":"fr_FR","og_type":"article","og_title":"ORGAN\u00ae ROOTS","og_description":"Agent d'enracinement Formule compl\u00e8te comprenant une s\u00e9rie de composants qui favorisent le d\u00e9veloppement racinaire de la plante, en particulier en p\u00e9riode de stress. Gr\u00e2ce aux acides amin\u00e9s, aux polysaccharides, aux acides polycarboxyliques et aux phytohormones d'origine naturelle provenant de l'extrait d'algues s\u00e9ch\u00e9es, on obtient un d\u00e9veloppement rapide et important des racines.  Il peut \u00eatre appliqu\u00e9 au d\u00e9but de la culture ou lorsque la plante est en pleine production pour aider la racine \u00e0 obtenir les nutriments n\u00e9cessaires demand\u00e9s par la partie a\u00e9rienne de la plante.  Format Unit\u00e9s Emballage Palette(L)   5 L 4 1000 L","og_url":"https:\/\/organiberia.com\/fr\/producto\/organ-roots\/","og_site_name":"Organiberia","og_image":[{"width":1600,"height":1259,"url":"https:\/\/organiberia.com\/wp-content\/uploads\/2023\/06\/Organ-Roots-jpeg.webp","type":"image\/jpeg"}],"twitter_card":"summary_large_image","schema":{"@context":"https:\/\/schema.org","@graph":[{"@type":"WebPage","@id":"https:\/\/organiberia.com\/fr\/producto\/organ-roots\/","url":"https:\/\/organiberia.com\/fr\/producto\/organ-roots\/","name":"ORGAN\u00ae ROOTS - Organiberia","isPartOf":{"@id":"https:\/\/organiberia.com\/fr\/#website"},"datePublished":"2023-06-19T06:28:32+00:00","dateModified":"2023-06-19T06:28:32+00:00","breadcrumb":{"@id":"https:\/\/organiberia.com\/fr\/producto\/organ-roots\/#breadcrumb"},"inLanguage":"fr-FR","potentialAction":[{"@type":"ReadAction","target":["https:\/\/organiberia.com\/fr\/producto\/organ-roots\/"]}]},{"@type":"BreadcrumbList","@id":"https:\/\/organiberia.com\/fr\/producto\/organ-roots\/#breadcrumb","itemListElement":[{"@type":"ListItem","position":1,"name":"Portada","item":"https:\/\/organiberia.com\/fr\/"},{"@type":"ListItem","position":2,"name":"Boutique","item":"https:\/\/organiberia.com\/fr\/boutique\/"},{"@type":"ListItem","position":3,"name":"ORGAN\u00ae ROOTS"}]},{"@type":"WebSite","@id":"https:\/\/organiberia.com\/fr\/#website","url":"https:\/\/organiberia.com\/fr\/","name":"Organiberia","description":"Fabricantes fertilizantes organicos","publisher":{"@id":"https:\/\/organiberia.com\/fr\/#organization"},"potentialAction":[{"@type":"SearchAction","target":{"@type":"EntryPoint","urlTemplate":"https:\/\/organiberia.com\/fr\/?s={search_term_string}"},"query-input":"required name=search_term_string"}],"inLanguage":"fr-FR"},{"@type":"Organization","@id":"https:\/\/organiberia.com\/fr\/#organization","name":"Organiberia","url":"https:\/\/organiberia.com\/fr\/","logo":{"@type":"ImageObject","inLanguage":"fr-FR","@id":"https:\/\/organiberia.com\/fr\/#\/schema\/logo\/image\/","url":"https:\/\/organiberia.com\/wp-content\/uploads\/2023\/09\/Diseno-sin-titulo-5.svg","contentUrl":"https:\/\/organiberia.com\/wp-content\/uploads\/2023\/09\/Diseno-sin-titulo-5.svg","width":1080,"height":1080,"caption":"Organiberia"},"image":{"@id":"https:\/\/organiberia.com\/fr\/#\/schema\/logo\/image\/"}}]}},"_links":{"self":[{"href":"https:\/\/organiberia.com\/fr\/wp-json\/wp\/v2\/product\/3939","targetHints":{"allow":["GET"]}}],"collection":[{"href":"https:\/\/organiberia.com\/fr\/wp-json\/wp\/v2\/product"}],"about":[{"href":"https:\/\/organiberia.com\/fr\/wp-json\/wp\/v2\/types\/product"}],"replies":[{"embeddable":true,"href":"https:\/\/organiberia.com\/fr\/wp-json\/wp\/v2\/comments?post=3939"}],"version-history":[{"count":0,"href":"https:\/\/organiberia.com\/fr\/wp-json\/wp\/v2\/product\/3939\/revisions"}],"wp:featuredmedia":[{"embeddable":true,"href":"https:\/\/organiberia.com\/fr\/wp-json\/wp\/v2\/media\/2703"}],"wp:attachment":[{"href":"https:\/\/organiberia.com\/fr\/wp-json\/wp\/v2\/media?parent=3939"}],"wp:term":[{"taxonomy":"product_brand","embeddable":true,"href":"https:\/\/organiberia.com\/fr\/wp-json\/wp\/v2\/product_brand?post=3939"},{"taxonomy":"product_cat","embeddable":true,"href":"https:\/\/organiberia.com\/fr\/wp-json\/wp\/v2\/product_cat?post=3939"},{"taxonomy":"product_tag","embeddable":true,"href":"https:\/\/organiberia.com\/fr\/wp-json\/wp\/v2\/product_tag?post=3939"}],"curies":[{"name":"wp","href":"https:\/\/api.w.org\/{rel}","templated":true}]}}