{"id":3927,"date":"2023-06-19T06:41:02","date_gmt":"2023-06-19T06:41:02","guid":{"rendered":"https:\/\/organiberia.com\/producto\/organ-radiculaire\/"},"modified":"2023-06-19T06:41:02","modified_gmt":"2023-06-19T06:41:02","slug":"organ-radiculaire","status":"publish","type":"product","link":"https:\/\/organiberia.com\/fr\/producto\/organ-radiculaire\/","title":{"rendered":"ORGAN\u00ae RADICULAIRE"},"content":{"rendered":"<p><strong>LA RICHESSE GARANTIE :<\/strong><\/p>\n<table id=\"tablepress-71\" class=\"tablepress tablepress-id-71\">\n<tbody class=\"row-hover\">\n<tr class=\"row-1 odd\">\n<td class=\"column-1\">Acides amin\u00e9s libres<\/td>\n<td class=\"column-2\">6,00 % p\/p<\/td>\n<\/tr>\n<tr class=\"row-2 even\">\n<td class=\"column-1\">Mati\u00e8re organique<\/td>\n<td class=\"column-2\">50,00 % p\/p<\/td>\n<\/tr>\n<tr class=\"row-3 odd\">\n<td class=\"column-1\">Azote total (N)<\/td>\n<td class=\"column-2\">6,00 % p\/p<\/td>\n<\/tr>\n<tr class=\"row-4 even\">\n<td class=\"column-1\">Azote prot\u00e9ique<\/td>\n<td class=\"column-2\">1,00 % p\/p<\/td>\n<\/tr>\n<tr class=\"row-5 odd\">\n<td class=\"column-1\">Potassium <sub>(K2O<\/sub>)<\/td>\n<td class=\"column-2\">4,00 % p\/p<\/td>\n<\/tr>\n<tr class=\"row-6 even\">\n<td class=\"column-1\">Densit\u00e9<\/td>\n<td class=\"column-2\">1,3 g\/cc<\/td>\n<\/tr>\n<tr class=\"row-7 odd\">\n<td class=\"column-1\">pH<\/td>\n<td class=\"column-2\">7<\/td>\n<\/tr>\n<\/tbody>\n<\/table>\n<p><strong>POSOLOGIE :<\/strong><\/p>\n<table id=\"tablepress-72\" class=\"tablepress tablepress-id-72\">\n<tbody class=\"row-hover\">\n<tr class=\"row-1 odd\">\n<td class=\"column-1\">Fertigation<\/td>\n<td class=\"column-2\">2-5 L\/Ha<\/td>\n<\/tr>\n<tr class=\"row-2 even\">\n<td class=\"column-1\">Applications foliaires<\/td>\n<td class=\"column-2\">300-500 cc\/HL<\/td>\n<\/tr>\n<\/tbody>\n<\/table>\n<p>&nbsp;<\/p>\n","protected":false},"excerpt":{"rendered":"<p><strong>RADICULAR<\/strong> est un bioactivateur \u00e0 base d&rsquo;acides amin\u00e9s v\u00e9g\u00e9taux hydrolys\u00e9s de faible poids mol\u00e9culaire, facilement absorb\u00e9s par les tissus v\u00e9g\u00e9taux ; c&rsquo;est un produit qui am\u00e9liore l&rsquo;activit\u00e9 photosynth\u00e9tique et la synth\u00e8se des prot\u00e9ines.<\/p>\n<p><strong>RADICULAR<\/strong> aide la plante \u00e0 faire face aux situations de stress (s\u00e9cheresse, temp\u00e9ratures extr\u00eames, maladies&#8230;) et favorise la nouaison et le d\u00e9veloppement des fruits.<\/p>\n<table id=\"tablepress-73\" class=\"tablepress tablepress-id-73\">\n<thead>\n<tr class=\"row-1 odd\">\n<th class=\"column-1\"><b>Format<\/b><\/th>\n<th class=\"column-2\"><b>Unit\u00e9s<br \/>\nEmballage<\/b><\/th>\n<th class=\"column-3\"><b>Palette(L)<\/b><\/th>\n<\/tr>\n<\/thead>\n<tbody class=\"row-hover\">\n<tr class=\"row-2 even\">\n<td class=\"column-1\">20 L<\/td>\n<td class=\"column-2\">48<\/td>\n<td class=\"column-3\">960 L<\/td>\n<\/tr>\n<tr class=\"row-3 odd\">\n<td class=\"column-1\">220 L<\/td>\n<td class=\"column-2\">4<\/td>\n<td class=\"column-3\">880 L<\/td>\n<\/tr>\n<tr class=\"row-4 even\">\n<td class=\"column-1\">1000 L<\/td>\n<td class=\"column-2\">1<\/td>\n<td class=\"column-3\">1000 L<\/td>\n<\/tr>\n<\/tbody>\n<\/table>\n","protected":false},"featured_media":2521,"comment_status":"open","ping_status":"closed","template":"","meta":{"site-sidebar-layout":"default","site-content-layout":"default","ast-global-header-display":"","ast-banner-title-visibility":"","ast-main-header-display":"","ast-hfb-above-header-display":"","ast-hfb-below-header-display":"","ast-hfb-mobile-header-display":"","site-post-title":"","ast-breadcrumbs-content":"","ast-featured-img":"","footer-sml-layout":"","theme-transparent-header-meta":"default","adv-header-id-meta":"","stick-header-meta":"","header-above-stick-meta":"","header-main-stick-meta":"","header-below-stick-meta":"","_joinchat":[]},"product_brand":[],"product_cat":[115,96],"product_tag":[],"class_list":{"0":"post-3927","1":"product","2":"type-product","3":"status-publish","4":"has-post-thumbnail","6":"product_cat-biostimulants","7":"product_cat-organe","8":"desktop-align-center","9":"tablet-align-left","10":"mobile-align-left","12":"first","13":"instock","14":"shipping-taxable","15":"product-type-simple"},"yoast_head":"<!-- This site is optimized with the Yoast SEO Premium plugin v20.9 (Yoast SEO v20.9) - https:\/\/yoast.com\/wordpress\/plugins\/seo\/ -->\n<title>ORGAN\u00ae RADICULAIRE - Organiberia<\/title>\n<meta name=\"robots\" content=\"index, follow, max-snippet:-1, max-image-preview:large, max-video-preview:-1\" \/>\n<link rel=\"canonical\" href=\"https:\/\/organiberia.com\/fr\/producto\/organ-radiculaire\/\" \/>\n<meta property=\"og:locale\" content=\"fr_FR\" \/>\n<meta property=\"og:type\" content=\"article\" \/>\n<meta property=\"og:title\" content=\"ORGAN\u00ae RADICULAIRE\" \/>\n<meta property=\"og:description\" content=\"RADICULAR est un bioactivateur \u00e0 base d&#039;acides amin\u00e9s v\u00e9g\u00e9taux hydrolys\u00e9s de faible poids mol\u00e9culaire, facilement absorb\u00e9s par les tissus v\u00e9g\u00e9taux ; c&#039;est un produit qui am\u00e9liore l&#039;activit\u00e9 photosynth\u00e9tique et la synth\u00e8se des prot\u00e9ines. RADICULAR aide la plante \u00e0 faire face aux situations de stress (s\u00e9cheresse, temp\u00e9ratures extr\u00eames, maladies...) et favorise la nouaison et le d\u00e9veloppement des fruits.  Format Unit\u00e9s Emballage Palette(L)   20 L 48 960 L  220 L 4 880 L  1000 L 1 1000 L\" \/>\n<meta property=\"og:url\" content=\"https:\/\/organiberia.com\/fr\/producto\/organ-radiculaire\/\" \/>\n<meta property=\"og:site_name\" content=\"Organiberia\" \/>\n<meta property=\"og:image\" content=\"https:\/\/organiberia.com\/wp-content\/uploads\/2023\/06\/Radicular-Organiberia.webp\" \/>\n\t<meta property=\"og:image:width\" content=\"1270\" \/>\n\t<meta property=\"og:image:height\" content=\"1000\" \/>\n\t<meta property=\"og:image:type\" content=\"image\/webp\" \/>\n<meta name=\"twitter:card\" content=\"summary_large_image\" \/>\n<script type=\"application\/ld+json\" class=\"yoast-schema-graph\">{\"@context\":\"https:\/\/schema.org\",\"@graph\":[{\"@type\":\"WebPage\",\"@id\":\"https:\/\/organiberia.com\/fr\/producto\/organ-radiculaire\/\",\"url\":\"https:\/\/organiberia.com\/fr\/producto\/organ-radiculaire\/\",\"name\":\"ORGAN\u00ae RADICULAIRE - Organiberia\",\"isPartOf\":{\"@id\":\"https:\/\/organiberia.com\/fr\/#website\"},\"datePublished\":\"2023-06-19T06:41:02+00:00\",\"dateModified\":\"2023-06-19T06:41:02+00:00\",\"breadcrumb\":{\"@id\":\"https:\/\/organiberia.com\/fr\/producto\/organ-radiculaire\/#breadcrumb\"},\"inLanguage\":\"fr-FR\",\"potentialAction\":[{\"@type\":\"ReadAction\",\"target\":[\"https:\/\/organiberia.com\/fr\/producto\/organ-radiculaire\/\"]}]},{\"@type\":\"BreadcrumbList\",\"@id\":\"https:\/\/organiberia.com\/fr\/producto\/organ-radiculaire\/#breadcrumb\",\"itemListElement\":[{\"@type\":\"ListItem\",\"position\":1,\"name\":\"Portada\",\"item\":\"https:\/\/organiberia.com\/fr\/\"},{\"@type\":\"ListItem\",\"position\":2,\"name\":\"Boutique\",\"item\":\"https:\/\/organiberia.com\/fr\/boutique\/\"},{\"@type\":\"ListItem\",\"position\":3,\"name\":\"ORGAN\u00ae RADICULAIRE\"}]},{\"@type\":\"WebSite\",\"@id\":\"https:\/\/organiberia.com\/fr\/#website\",\"url\":\"https:\/\/organiberia.com\/fr\/\",\"name\":\"Organiberia\",\"description\":\"Fabricantes fertilizantes organicos\",\"publisher\":{\"@id\":\"https:\/\/organiberia.com\/fr\/#organization\"},\"potentialAction\":[{\"@type\":\"SearchAction\",\"target\":{\"@type\":\"EntryPoint\",\"urlTemplate\":\"https:\/\/organiberia.com\/fr\/?s={search_term_string}\"},\"query-input\":\"required name=search_term_string\"}],\"inLanguage\":\"fr-FR\"},{\"@type\":\"Organization\",\"@id\":\"https:\/\/organiberia.com\/fr\/#organization\",\"name\":\"Organiberia\",\"url\":\"https:\/\/organiberia.com\/fr\/\",\"logo\":{\"@type\":\"ImageObject\",\"inLanguage\":\"fr-FR\",\"@id\":\"https:\/\/organiberia.com\/fr\/#\/schema\/logo\/image\/\",\"url\":\"https:\/\/organiberia.com\/wp-content\/uploads\/2023\/09\/Diseno-sin-titulo-5.svg\",\"contentUrl\":\"https:\/\/organiberia.com\/wp-content\/uploads\/2023\/09\/Diseno-sin-titulo-5.svg\",\"width\":1080,\"height\":1080,\"caption\":\"Organiberia\"},\"image\":{\"@id\":\"https:\/\/organiberia.com\/fr\/#\/schema\/logo\/image\/\"}}]}<\/script>\n<!-- \/ Yoast SEO Premium plugin. -->","yoast_head_json":{"title":"ORGAN\u00ae RADICULAIRE - Organiberia","robots":{"index":"index","follow":"follow","max-snippet":"max-snippet:-1","max-image-preview":"max-image-preview:large","max-video-preview":"max-video-preview:-1"},"canonical":"https:\/\/organiberia.com\/fr\/producto\/organ-radiculaire\/","og_locale":"fr_FR","og_type":"article","og_title":"ORGAN\u00ae RADICULAIRE","og_description":"RADICULAR est un bioactivateur \u00e0 base d'acides amin\u00e9s v\u00e9g\u00e9taux hydrolys\u00e9s de faible poids mol\u00e9culaire, facilement absorb\u00e9s par les tissus v\u00e9g\u00e9taux ; c'est un produit qui am\u00e9liore l'activit\u00e9 photosynth\u00e9tique et la synth\u00e8se des prot\u00e9ines. RADICULAR aide la plante \u00e0 faire face aux situations de stress (s\u00e9cheresse, temp\u00e9ratures extr\u00eames, maladies...) et favorise la nouaison et le d\u00e9veloppement des fruits.  Format Unit\u00e9s Emballage Palette(L)   20 L 48 960 L  220 L 4 880 L  1000 L 1 1000 L","og_url":"https:\/\/organiberia.com\/fr\/producto\/organ-radiculaire\/","og_site_name":"Organiberia","og_image":[{"width":1270,"height":1000,"url":"https:\/\/organiberia.com\/wp-content\/uploads\/2023\/06\/Radicular-Organiberia.webp","type":"image\/webp"}],"twitter_card":"summary_large_image","schema":{"@context":"https:\/\/schema.org","@graph":[{"@type":"WebPage","@id":"https:\/\/organiberia.com\/fr\/producto\/organ-radiculaire\/","url":"https:\/\/organiberia.com\/fr\/producto\/organ-radiculaire\/","name":"ORGAN\u00ae RADICULAIRE - Organiberia","isPartOf":{"@id":"https:\/\/organiberia.com\/fr\/#website"},"datePublished":"2023-06-19T06:41:02+00:00","dateModified":"2023-06-19T06:41:02+00:00","breadcrumb":{"@id":"https:\/\/organiberia.com\/fr\/producto\/organ-radiculaire\/#breadcrumb"},"inLanguage":"fr-FR","potentialAction":[{"@type":"ReadAction","target":["https:\/\/organiberia.com\/fr\/producto\/organ-radiculaire\/"]}]},{"@type":"BreadcrumbList","@id":"https:\/\/organiberia.com\/fr\/producto\/organ-radiculaire\/#breadcrumb","itemListElement":[{"@type":"ListItem","position":1,"name":"Portada","item":"https:\/\/organiberia.com\/fr\/"},{"@type":"ListItem","position":2,"name":"Boutique","item":"https:\/\/organiberia.com\/fr\/boutique\/"},{"@type":"ListItem","position":3,"name":"ORGAN\u00ae RADICULAIRE"}]},{"@type":"WebSite","@id":"https:\/\/organiberia.com\/fr\/#website","url":"https:\/\/organiberia.com\/fr\/","name":"Organiberia","description":"Fabricantes fertilizantes organicos","publisher":{"@id":"https:\/\/organiberia.com\/fr\/#organization"},"potentialAction":[{"@type":"SearchAction","target":{"@type":"EntryPoint","urlTemplate":"https:\/\/organiberia.com\/fr\/?s={search_term_string}"},"query-input":"required name=search_term_string"}],"inLanguage":"fr-FR"},{"@type":"Organization","@id":"https:\/\/organiberia.com\/fr\/#organization","name":"Organiberia","url":"https:\/\/organiberia.com\/fr\/","logo":{"@type":"ImageObject","inLanguage":"fr-FR","@id":"https:\/\/organiberia.com\/fr\/#\/schema\/logo\/image\/","url":"https:\/\/organiberia.com\/wp-content\/uploads\/2023\/09\/Diseno-sin-titulo-5.svg","contentUrl":"https:\/\/organiberia.com\/wp-content\/uploads\/2023\/09\/Diseno-sin-titulo-5.svg","width":1080,"height":1080,"caption":"Organiberia"},"image":{"@id":"https:\/\/organiberia.com\/fr\/#\/schema\/logo\/image\/"}}]}},"_links":{"self":[{"href":"https:\/\/organiberia.com\/fr\/wp-json\/wp\/v2\/product\/3927","targetHints":{"allow":["GET"]}}],"collection":[{"href":"https:\/\/organiberia.com\/fr\/wp-json\/wp\/v2\/product"}],"about":[{"href":"https:\/\/organiberia.com\/fr\/wp-json\/wp\/v2\/types\/product"}],"replies":[{"embeddable":true,"href":"https:\/\/organiberia.com\/fr\/wp-json\/wp\/v2\/comments?post=3927"}],"version-history":[{"count":0,"href":"https:\/\/organiberia.com\/fr\/wp-json\/wp\/v2\/product\/3927\/revisions"}],"wp:featuredmedia":[{"embeddable":true,"href":"https:\/\/organiberia.com\/fr\/wp-json\/wp\/v2\/media\/2521"}],"wp:attachment":[{"href":"https:\/\/organiberia.com\/fr\/wp-json\/wp\/v2\/media?parent=3927"}],"wp:term":[{"taxonomy":"product_brand","embeddable":true,"href":"https:\/\/organiberia.com\/fr\/wp-json\/wp\/v2\/product_brand?post=3927"},{"taxonomy":"product_cat","embeddable":true,"href":"https:\/\/organiberia.com\/fr\/wp-json\/wp\/v2\/product_cat?post=3927"},{"taxonomy":"product_tag","embeddable":true,"href":"https:\/\/organiberia.com\/fr\/wp-json\/wp\/v2\/product_tag?post=3927"}],"curies":[{"name":"wp","href":"https:\/\/api.w.org\/{rel}","templated":true}]}}