{"id":3915,"date":"2023-06-19T07:15:46","date_gmt":"2023-06-19T07:15:46","guid":{"rendered":"https:\/\/organiberia.com\/producto\/organ-activ\/"},"modified":"2023-06-19T07:15:46","modified_gmt":"2023-06-19T07:15:46","slug":"organ-activ","status":"publish","type":"product","link":"https:\/\/organiberia.com\/fr\/producto\/organ-activ\/","title":{"rendered":"ORGAN\u00ae ACTIV"},"content":{"rendered":"<p><strong>LA RICHESSE GARANTIE :<\/strong><\/p>\n<table id=\"tablepress-86\" class=\"tablepress tablepress-id-86\">\n<tbody class=\"row-hover\">\n<tr class=\"row-1 odd\">\n<td class=\"column-1\">Mati\u00e8re organique<\/td>\n<td class=\"column-2\">75,00 % p\/p<\/td>\n<\/tr>\n<tr class=\"row-2 even\">\n<td class=\"column-1\">Acides amin\u00e9s libres<\/td>\n<td class=\"column-2\">65,00 % p\/p<\/td>\n<\/tr>\n<tr class=\"row-3 odd\">\n<td class=\"column-1\">Azote total<\/td>\n<td class=\"column-2\">13,00 % p\/p<\/td>\n<\/tr>\n<tr class=\"row-4 even\">\n<td class=\"column-1\">Azote organique<\/td>\n<td class=\"column-2\">13,00 % p\/p<\/td>\n<\/tr>\n<\/tbody>\n<\/table>\n<p><strong>POSOLOGIE :<\/strong><\/p>\n<table id=\"tablepress-87\" class=\"tablepress tablepress-id-87\">\n<thead>\n<tr class=\"row-1 odd\">\n<th class=\"column-1\"><strong>CULTIVATION<\/strong><\/th>\n<th class=\"column-2\"><strong>POSOLOGIE<\/strong><\/th>\n<\/tr>\n<\/thead>\n<tbody class=\"row-hover\">\n<tr class=\"row-2 even\">\n<td class=\"column-1\">Poivre et concombre<\/td>\n<td class=\"column-2\">200-300 g\/ha avec le premier bouton floral et r\u00e9p\u00e9ter tous les 15\/30 jours.<\/td>\n<\/tr>\n<tr class=\"row-3 odd\">\n<td class=\"column-1\">Haricot<\/td>\n<td class=\"column-2\">400-600 g\/ha<\/td>\n<\/tr>\n<tr class=\"row-4 even\">\n<td class=\"column-1\">Tomate<\/td>\n<td class=\"column-2\">300-500 g\/ha lors de la premi\u00e8re r\u00e9colte et r\u00e9p\u00e9ter apr\u00e8s 15 jours<\/td>\n<\/tr>\n<tr class=\"row-5 odd\">\n<td class=\"column-1\">Melon, past\u00e8que, courgette<\/td>\n<td class=\"column-2\">300 g\/ha et r\u00e9p\u00e9ter apr\u00e8s 15\/20 jours<\/td>\n<\/tr>\n<tr class=\"row-6 even\">\n<td class=\"column-1\">Arbres fruitiers \u00e0 noyaux<\/td>\n<td class=\"column-2\">300-500 g\/ha et r\u00e9p\u00e9ter apr\u00e8s 15\/20 jours.<\/td>\n<\/tr>\n<tr class=\"row-7 odd\">\n<td class=\"column-1\">Agrumes<\/td>\n<td class=\"column-2\">400-500 g\/ha en pleine floraison<\/td>\n<\/tr>\n<\/tbody>\n<\/table>\n","protected":false},"excerpt":{"rendered":"<h3>Inducteur de croissance et de production<\/h3>\n<p><strong><br \/>\n<\/strong>Produit \u00e0 base d&rsquo;acides amin\u00e9s de haute qualit\u00e9 nutritionnelle, facilement assimilables par la plante. Il active la croissance v\u00e9g\u00e9tative et d\u00e9bloque la plante dans des situations de stress telles que : <\/p>\n<ul>\n<li>Premiers stades de la culture, am\u00e9lioration de l&rsquo;enracinement.<\/li>\n<li>Les carences thermiques et hydriques qui affaiblissent ou paralysent la plante.<\/li>\n<li>Favorise les processus m\u00e9taboliques de la nouaison et de l&rsquo;engraissement.<\/li>\n<li>Cultures en pleine production, o\u00f9 les besoins nutritionnels sont \u00e9lev\u00e9s, ce qui permet d&rsquo;am\u00e9liorer les rendements et la qualit\u00e9 des fruits (homog\u00e8nes et de plus gros calibre).<\/li>\n<li>Avance de la r\u00e9colte<\/li>\n<li>Am\u00e9liore la coloration et le degr\u00e9 Brix.<\/li>\n<\/ul>\n<p>En bref, <strong>ACTIV <\/strong> aide les cultures \u00e0 atteindre leur potentiel g\u00e9n\u00e9tique en termes de r\u00e9colte et de qualit\u00e9.<\/p>\n<table id=\"tablepress-88\" class=\"tablepress tablepress-id-88\">\n<thead>\n<tr class=\"row-1 odd\">\n<th class=\"column-1\"><b>Format<\/b><\/th>\n<th class=\"column-2\"><b>Unit\u00e9s \/ Bo\u00eete<\/b><\/th>\n<\/tr>\n<\/thead>\n<tbody class=\"row-hover\">\n<tr class=\"row-2 even\">\n<td class=\"column-1\">100 g<\/td>\n<td class=\"column-2\">80<\/td>\n<\/tr>\n<tr class=\"row-3 odd\">\n<td class=\"column-1\">300 g<\/td>\n<td class=\"column-2\">18<\/td>\n<\/tr>\n<\/tbody>\n<\/table>\n","protected":false},"featured_media":2510,"comment_status":"open","ping_status":"closed","template":"","meta":{"site-sidebar-layout":"default","site-content-layout":"default","ast-global-header-display":"","ast-banner-title-visibility":"","ast-main-header-display":"","ast-hfb-above-header-display":"","ast-hfb-below-header-display":"","ast-hfb-mobile-header-display":"","site-post-title":"","ast-breadcrumbs-content":"","ast-featured-img":"","footer-sml-layout":"","theme-transparent-header-meta":"default","adv-header-id-meta":"","stick-header-meta":"","header-above-stick-meta":"","header-main-stick-meta":"","header-below-stick-meta":"","_joinchat":[]},"product_brand":[],"product_cat":[115,96],"product_tag":[],"class_list":{"0":"post-3915","1":"product","2":"type-product","3":"status-publish","4":"has-post-thumbnail","6":"product_cat-biostimulants","7":"product_cat-organe","8":"desktop-align-center","9":"tablet-align-left","10":"mobile-align-left","12":"first","13":"instock","14":"shipping-taxable","15":"product-type-simple"},"yoast_head":"<!-- This site is optimized with the Yoast SEO Premium plugin v20.9 (Yoast SEO v20.9) - https:\/\/yoast.com\/wordpress\/plugins\/seo\/ -->\n<title>ORGAN\u00ae ACTIV - Organiberia<\/title>\n<meta name=\"robots\" content=\"index, follow, max-snippet:-1, max-image-preview:large, max-video-preview:-1\" \/>\n<link rel=\"canonical\" href=\"https:\/\/organiberia.com\/fr\/producto\/organ-activ\/\" \/>\n<meta property=\"og:locale\" content=\"fr_FR\" \/>\n<meta property=\"og:type\" content=\"article\" \/>\n<meta property=\"og:title\" content=\"ORGAN\u00ae ACTIV\" \/>\n<meta property=\"og:description\" content=\"Inducteur de croissance et de production Produit \u00e0 base d&#039;acides amin\u00e9s de haute qualit\u00e9 nutritionnelle, facilement assimilables par la plante. Il active la croissance v\u00e9g\u00e9tative et d\u00e9bloque la plante dans des situations de stress telles que :   Premiers stades de la culture, am\u00e9lioration de l&#039;enracinement.  Les carences thermiques et hydriques qui affaiblissent ou paralysent la plante.  Favorise les processus m\u00e9taboliques de la nouaison et de l&#039;engraissement.  Cultures en pleine production, o\u00f9 les besoins nutritionnels sont \u00e9lev\u00e9s, ce qui permet d&#039;am\u00e9liorer les rendements et la qualit\u00e9 des fruits (homog\u00e8nes et de plus gros calibre).  Avance de la r\u00e9colte  Am\u00e9liore la coloration et le degr\u00e9 Brix. En bref, ACTIV aide les cultures \u00e0 atteindre leur potentiel g\u00e9n\u00e9tique en termes de r\u00e9colte et de qualit\u00e9.  Format Unit\u00e9s \/ Bo\u00eete   100 g 80  300 g 18\" \/>\n<meta property=\"og:url\" content=\"https:\/\/organiberia.com\/fr\/producto\/organ-activ\/\" \/>\n<meta property=\"og:site_name\" content=\"Organiberia\" \/>\n<meta property=\"og:image\" content=\"https:\/\/organiberia.com\/wp-content\/uploads\/2023\/06\/Activ-Organiberia.webp\" \/>\n\t<meta property=\"og:image:width\" content=\"1000\" \/>\n\t<meta property=\"og:image:height\" content=\"1000\" \/>\n\t<meta property=\"og:image:type\" content=\"image\/webp\" \/>\n<meta name=\"twitter:card\" content=\"summary_large_image\" \/>\n<script type=\"application\/ld+json\" class=\"yoast-schema-graph\">{\"@context\":\"https:\/\/schema.org\",\"@graph\":[{\"@type\":\"WebPage\",\"@id\":\"https:\/\/organiberia.com\/fr\/producto\/organ-activ\/\",\"url\":\"https:\/\/organiberia.com\/fr\/producto\/organ-activ\/\",\"name\":\"ORGAN\u00ae ACTIV - Organiberia\",\"isPartOf\":{\"@id\":\"https:\/\/organiberia.com\/fr\/#website\"},\"datePublished\":\"2023-06-19T07:15:46+00:00\",\"dateModified\":\"2023-06-19T07:15:46+00:00\",\"breadcrumb\":{\"@id\":\"https:\/\/organiberia.com\/fr\/producto\/organ-activ\/#breadcrumb\"},\"inLanguage\":\"fr-FR\",\"potentialAction\":[{\"@type\":\"ReadAction\",\"target\":[\"https:\/\/organiberia.com\/fr\/producto\/organ-activ\/\"]}]},{\"@type\":\"BreadcrumbList\",\"@id\":\"https:\/\/organiberia.com\/fr\/producto\/organ-activ\/#breadcrumb\",\"itemListElement\":[{\"@type\":\"ListItem\",\"position\":1,\"name\":\"Portada\",\"item\":\"https:\/\/organiberia.com\/fr\/\"},{\"@type\":\"ListItem\",\"position\":2,\"name\":\"Boutique\",\"item\":\"https:\/\/organiberia.com\/fr\/boutique\/\"},{\"@type\":\"ListItem\",\"position\":3,\"name\":\"ORGAN\u00ae ACTIV\"}]},{\"@type\":\"WebSite\",\"@id\":\"https:\/\/organiberia.com\/fr\/#website\",\"url\":\"https:\/\/organiberia.com\/fr\/\",\"name\":\"Organiberia\",\"description\":\"Fabricantes fertilizantes organicos\",\"publisher\":{\"@id\":\"https:\/\/organiberia.com\/fr\/#organization\"},\"potentialAction\":[{\"@type\":\"SearchAction\",\"target\":{\"@type\":\"EntryPoint\",\"urlTemplate\":\"https:\/\/organiberia.com\/fr\/?s={search_term_string}\"},\"query-input\":\"required name=search_term_string\"}],\"inLanguage\":\"fr-FR\"},{\"@type\":\"Organization\",\"@id\":\"https:\/\/organiberia.com\/fr\/#organization\",\"name\":\"Organiberia\",\"url\":\"https:\/\/organiberia.com\/fr\/\",\"logo\":{\"@type\":\"ImageObject\",\"inLanguage\":\"fr-FR\",\"@id\":\"https:\/\/organiberia.com\/fr\/#\/schema\/logo\/image\/\",\"url\":\"https:\/\/organiberia.com\/wp-content\/uploads\/2023\/09\/Diseno-sin-titulo-5.svg\",\"contentUrl\":\"https:\/\/organiberia.com\/wp-content\/uploads\/2023\/09\/Diseno-sin-titulo-5.svg\",\"width\":1080,\"height\":1080,\"caption\":\"Organiberia\"},\"image\":{\"@id\":\"https:\/\/organiberia.com\/fr\/#\/schema\/logo\/image\/\"}}]}<\/script>\n<!-- \/ Yoast SEO Premium plugin. -->","yoast_head_json":{"title":"ORGAN\u00ae ACTIV - Organiberia","robots":{"index":"index","follow":"follow","max-snippet":"max-snippet:-1","max-image-preview":"max-image-preview:large","max-video-preview":"max-video-preview:-1"},"canonical":"https:\/\/organiberia.com\/fr\/producto\/organ-activ\/","og_locale":"fr_FR","og_type":"article","og_title":"ORGAN\u00ae ACTIV","og_description":"Inducteur de croissance et de production Produit \u00e0 base d'acides amin\u00e9s de haute qualit\u00e9 nutritionnelle, facilement assimilables par la plante. Il active la croissance v\u00e9g\u00e9tative et d\u00e9bloque la plante dans des situations de stress telles que :   Premiers stades de la culture, am\u00e9lioration de l'enracinement.  Les carences thermiques et hydriques qui affaiblissent ou paralysent la plante.  Favorise les processus m\u00e9taboliques de la nouaison et de l'engraissement.  Cultures en pleine production, o\u00f9 les besoins nutritionnels sont \u00e9lev\u00e9s, ce qui permet d'am\u00e9liorer les rendements et la qualit\u00e9 des fruits (homog\u00e8nes et de plus gros calibre).  Avance de la r\u00e9colte  Am\u00e9liore la coloration et le degr\u00e9 Brix. En bref, ACTIV aide les cultures \u00e0 atteindre leur potentiel g\u00e9n\u00e9tique en termes de r\u00e9colte et de qualit\u00e9.  Format Unit\u00e9s \/ Bo\u00eete   100 g 80  300 g 18","og_url":"https:\/\/organiberia.com\/fr\/producto\/organ-activ\/","og_site_name":"Organiberia","og_image":[{"width":1000,"height":1000,"url":"https:\/\/organiberia.com\/wp-content\/uploads\/2023\/06\/Activ-Organiberia.webp","type":"image\/webp"}],"twitter_card":"summary_large_image","schema":{"@context":"https:\/\/schema.org","@graph":[{"@type":"WebPage","@id":"https:\/\/organiberia.com\/fr\/producto\/organ-activ\/","url":"https:\/\/organiberia.com\/fr\/producto\/organ-activ\/","name":"ORGAN\u00ae ACTIV - Organiberia","isPartOf":{"@id":"https:\/\/organiberia.com\/fr\/#website"},"datePublished":"2023-06-19T07:15:46+00:00","dateModified":"2023-06-19T07:15:46+00:00","breadcrumb":{"@id":"https:\/\/organiberia.com\/fr\/producto\/organ-activ\/#breadcrumb"},"inLanguage":"fr-FR","potentialAction":[{"@type":"ReadAction","target":["https:\/\/organiberia.com\/fr\/producto\/organ-activ\/"]}]},{"@type":"BreadcrumbList","@id":"https:\/\/organiberia.com\/fr\/producto\/organ-activ\/#breadcrumb","itemListElement":[{"@type":"ListItem","position":1,"name":"Portada","item":"https:\/\/organiberia.com\/fr\/"},{"@type":"ListItem","position":2,"name":"Boutique","item":"https:\/\/organiberia.com\/fr\/boutique\/"},{"@type":"ListItem","position":3,"name":"ORGAN\u00ae ACTIV"}]},{"@type":"WebSite","@id":"https:\/\/organiberia.com\/fr\/#website","url":"https:\/\/organiberia.com\/fr\/","name":"Organiberia","description":"Fabricantes fertilizantes organicos","publisher":{"@id":"https:\/\/organiberia.com\/fr\/#organization"},"potentialAction":[{"@type":"SearchAction","target":{"@type":"EntryPoint","urlTemplate":"https:\/\/organiberia.com\/fr\/?s={search_term_string}"},"query-input":"required name=search_term_string"}],"inLanguage":"fr-FR"},{"@type":"Organization","@id":"https:\/\/organiberia.com\/fr\/#organization","name":"Organiberia","url":"https:\/\/organiberia.com\/fr\/","logo":{"@type":"ImageObject","inLanguage":"fr-FR","@id":"https:\/\/organiberia.com\/fr\/#\/schema\/logo\/image\/","url":"https:\/\/organiberia.com\/wp-content\/uploads\/2023\/09\/Diseno-sin-titulo-5.svg","contentUrl":"https:\/\/organiberia.com\/wp-content\/uploads\/2023\/09\/Diseno-sin-titulo-5.svg","width":1080,"height":1080,"caption":"Organiberia"},"image":{"@id":"https:\/\/organiberia.com\/fr\/#\/schema\/logo\/image\/"}}]}},"_links":{"self":[{"href":"https:\/\/organiberia.com\/fr\/wp-json\/wp\/v2\/product\/3915","targetHints":{"allow":["GET"]}}],"collection":[{"href":"https:\/\/organiberia.com\/fr\/wp-json\/wp\/v2\/product"}],"about":[{"href":"https:\/\/organiberia.com\/fr\/wp-json\/wp\/v2\/types\/product"}],"replies":[{"embeddable":true,"href":"https:\/\/organiberia.com\/fr\/wp-json\/wp\/v2\/comments?post=3915"}],"version-history":[{"count":0,"href":"https:\/\/organiberia.com\/fr\/wp-json\/wp\/v2\/product\/3915\/revisions"}],"wp:featuredmedia":[{"embeddable":true,"href":"https:\/\/organiberia.com\/fr\/wp-json\/wp\/v2\/media\/2510"}],"wp:attachment":[{"href":"https:\/\/organiberia.com\/fr\/wp-json\/wp\/v2\/media?parent=3915"}],"wp:term":[{"taxonomy":"product_brand","embeddable":true,"href":"https:\/\/organiberia.com\/fr\/wp-json\/wp\/v2\/product_brand?post=3915"},{"taxonomy":"product_cat","embeddable":true,"href":"https:\/\/organiberia.com\/fr\/wp-json\/wp\/v2\/product_cat?post=3915"},{"taxonomy":"product_tag","embeddable":true,"href":"https:\/\/organiberia.com\/fr\/wp-json\/wp\/v2\/product_tag?post=3915"}],"curies":[{"name":"wp","href":"https:\/\/api.w.org\/{rel}","templated":true}]}}