{"id":3900,"date":"2023-06-19T07:25:13","date_gmt":"2023-06-19T07:25:13","guid":{"rendered":"https:\/\/organiberia.com\/producto\/organ-stim\/"},"modified":"2023-06-19T07:25:13","modified_gmt":"2023-06-19T07:25:13","slug":"organ-stim","status":"publish","type":"product","link":"https:\/\/organiberia.com\/fr\/producto\/organ-stim\/","title":{"rendered":"ORGAN\u00ae STIM"},"content":{"rendered":"<p><strong>LA RICHESSE GARANTIE :<\/strong><\/p>\n<table id=\"tablepress-89\" class=\"tablepress tablepress-id-89\">\n<caption><a href=\"https:\/\/www.quelagrow.com\/wp-admin\/admin.php?page=tablepress&amp;action=edit&amp;table_id=89\">\u00c9diter<\/a><\/caption>\n<tbody class=\"row-hover\">\n<tr class=\"row-1 odd\">\n<td class=\"column-1\">AATC<\/td>\n<td class=\"column-2\">5,00% w\/v<\/td>\n<\/tr>\n<tr class=\"row-2 even\">\n<td class=\"column-1\">Acide folique<\/td>\n<td class=\"column-2\">0,10 % p\/v<\/td>\n<\/tr>\n<tr class=\"row-3 odd\">\n<td class=\"column-1\">Densit\u00e9<\/td>\n<td class=\"column-2\">1,17 g\/cc<\/td>\n<\/tr>\n<tr class=\"row-4 even\">\n<td class=\"column-1\">pH (1\/10)<\/td>\n<td class=\"column-2\">6<\/td>\n<\/tr>\n<\/tbody>\n<\/table>\n<p><strong>POSOLOGIE :<\/strong><\/p>\n<p>&nbsp;<\/p>\n<table id=\"tablepress-90\" class=\"tablepress tablepress-id-90\">\n<thead>\n<tr class=\"row-1 odd\">\n<th class=\"column-1\"><strong>CULTURE<\/strong><\/th>\n<th class=\"column-2\"><strong>DOSAGE<\/strong><\/p>\n<p>cc \/ Hl<\/th>\n<th class=\"column-3\"><strong>APPLICATIONS<\/strong><\/th>\n<\/tr>\n<\/thead>\n<tbody class=\"row-hover\">\n<tr class=\"row-2 even\">\n<td class=\"column-1\">Avocat<\/td>\n<td class=\"column-2\">100-200<\/td>\n<td class=\"column-3\">3 \u00e0 partir de la floraison et tous les 30 jours<\/td>\n<\/tr>\n<tr class=\"row-3 odd\">\n<td class=\"column-1\">Ail<\/td>\n<td class=\"column-2\">125-150<\/td>\n<td class=\"column-3\">3 de la plante \u00e0 5 cm et tous les 30 jours<\/td>\n<\/tr>\n<tr class=\"row-4 even\">\n<td class=\"column-1\">Coton<\/td>\n<td class=\"column-2\">250<br \/>\n250-500<\/td>\n<td class=\"column-3\">Au d\u00e9but de la floraison<br \/>\n30 jours apr\u00e8s la floraison<\/td>\n<\/tr>\n<tr class=\"row-5 odd\">\n<td class=\"column-1\">Riz<\/td>\n<td class=\"column-2\">400-500<\/td>\n<td class=\"column-3\">Un traitement dans le filleul<\/td>\n<\/tr>\n<tr class=\"row-6 even\">\n<td class=\"column-1\">Oignon<\/td>\n<td class=\"column-2\">125-150<\/td>\n<td class=\"column-3\">3 de la plante \u00e0 10 cm et tous les 30 jours<\/td>\n<\/tr>\n<tr class=\"row-7 odd\">\n<td class=\"column-1\">Fraise<\/td>\n<td class=\"column-2\">150<\/td>\n<td class=\"column-3\">3 tous les 10\/15 jours en floraison<\/td>\n<\/tr>\n<tr class=\"row-8 even\">\n<td class=\"column-1\">Ma\u00efs<\/td>\n<td class=\"column-2\">200-300<\/td>\n<td class=\"column-3\">1 lorsque la plante atteint 25\/30 cm<\/td>\n<\/tr>\n<tr class=\"row-9 odd\">\n<td class=\"column-1\">Pomme et poire<\/td>\n<td class=\"column-2\">150<\/td>\n<td class=\"column-3\">3 \u00e0 partir de la floraison et tous les 30 jours<\/td>\n<\/tr>\n<tr class=\"row-10 even\">\n<td class=\"column-1\">Melon, past\u00e8que, concombre<\/td>\n<td class=\"column-2\">200<\/td>\n<td class=\"column-3\">2 entre la floraison et la formation des fruits<\/td>\n<\/tr>\n<tr class=\"row-11 odd\">\n<td class=\"column-1\">Pommes de terre<\/td>\n<td class=\"column-2\">150<\/td>\n<td class=\"column-3\">Diff\u00e9rents intervalles de 15 jours \u00e0 partir de 5 feuilles<\/td>\n<\/tr>\n<tr class=\"row-12 even\">\n<td class=\"column-1\">Papaye<\/td>\n<td class=\"column-2\">150<\/td>\n<td class=\"column-3\">3 \u00e0 partir de 5 cm de fruits et tous les 30 jours<\/td>\n<\/tr>\n<tr class=\"row-13 odd\">\n<td class=\"column-1\">Banane<\/td>\n<td class=\"column-2\">50-100<\/td>\n<td class=\"column-3\">2 au d\u00e9but de la floraison et 15 apr\u00e8s<\/td>\n<\/tr>\n<tr class=\"row-14 even\">\n<td class=\"column-1\">Tomates et poivrons<\/td>\n<td class=\"column-2\">200-250<\/td>\n<td class=\"column-3\">2, une au d\u00e9but et une \u00e0 la fin de la floraison.<\/td>\n<\/tr>\n<tr class=\"row-15 odd\">\n<td class=\"column-1\">Olivier<\/td>\n<td class=\"column-2\">15-30<\/td>\n<td class=\"column-3\">2-3 applications pour augmenter la r\u00e9colte<\/td>\n<\/tr>\n<tr class=\"row-16 even\">\n<td class=\"column-1\">Vigne<\/td>\n<td class=\"column-2\">125-150<\/td>\n<td class=\"column-3\">2 au d\u00e9but et un \u00e0 la fin de la floraison.<\/td>\n<\/tr>\n<\/tbody>\n<\/table>\n<p>&nbsp;<\/p>\n<p>Ce produit n&rsquo;est pas mis sur le march\u00e9 avec ces substances actives dans l&rsquo;Union europ\u00e9enne.<\/p>\n","protected":false},"excerpt":{"rendered":"<h3>Stimulant de production<\/h3>\n<p><strong><br \/>\nDESCRIPTION :<\/strong><br \/>\n<strong>ORGAN STIM<\/strong> est un concentr\u00e9 d&rsquo;acides amin\u00e9s, d&rsquo;acide folique et d&rsquo;AATC (dans son pr\u00e9curseur, la L-cyt\u00e9ine) formul\u00e9 pour stimuler la germination et la croissance des plantes et de leurs fruits.<\/p>\n","protected":false},"featured_media":2558,"comment_status":"open","ping_status":"closed","template":"","meta":{"site-sidebar-layout":"default","site-content-layout":"default","ast-global-header-display":"","ast-banner-title-visibility":"","ast-main-header-display":"","ast-hfb-above-header-display":"","ast-hfb-below-header-display":"","ast-hfb-mobile-header-display":"","site-post-title":"","ast-breadcrumbs-content":"","ast-featured-img":"","footer-sml-layout":"","theme-transparent-header-meta":"default","adv-header-id-meta":"","stick-header-meta":"","header-above-stick-meta":"","header-main-stick-meta":"","header-below-stick-meta":"","_joinchat":[]},"product_brand":[],"product_cat":[115,96],"product_tag":[],"class_list":{"0":"post-3900","1":"product","2":"type-product","3":"status-publish","4":"has-post-thumbnail","6":"product_cat-biostimulants","7":"product_cat-organe","8":"desktop-align-center","9":"tablet-align-left","10":"mobile-align-left","12":"first","13":"instock","14":"featured","15":"shipping-taxable","16":"product-type-simple"},"yoast_head":"<!-- This site is optimized with the Yoast SEO Premium plugin v20.9 (Yoast SEO v20.9) - https:\/\/yoast.com\/wordpress\/plugins\/seo\/ -->\n<title>ORGAN\u00ae STIM - Organiberia<\/title>\n<meta name=\"robots\" content=\"index, follow, max-snippet:-1, max-image-preview:large, max-video-preview:-1\" \/>\n<link rel=\"canonical\" href=\"https:\/\/organiberia.com\/fr\/producto\/organ-stim\/\" \/>\n<meta property=\"og:locale\" content=\"fr_FR\" \/>\n<meta property=\"og:type\" content=\"article\" \/>\n<meta property=\"og:title\" content=\"ORGAN\u00ae STIM\" \/>\n<meta property=\"og:description\" content=\"Stimulant de production DESCRIPTION : ORGAN STIM est un concentr\u00e9 d&#039;acides amin\u00e9s, d&#039;acide folique et d&#039;AATC (dans son pr\u00e9curseur, la L-cyt\u00e9ine) formul\u00e9 pour stimuler la germination et la croissance des plantes et de leurs fruits.\" \/>\n<meta property=\"og:url\" content=\"https:\/\/organiberia.com\/fr\/producto\/organ-stim\/\" \/>\n<meta property=\"og:site_name\" content=\"Organiberia\" \/>\n<meta property=\"og:image\" content=\"https:\/\/organiberia.com\/wp-content\/uploads\/2023\/06\/Stim-Organiberia.webp\" \/>\n\t<meta property=\"og:image:width\" content=\"1270\" \/>\n\t<meta property=\"og:image:height\" content=\"1000\" \/>\n\t<meta property=\"og:image:type\" content=\"image\/webp\" \/>\n<meta name=\"twitter:card\" content=\"summary_large_image\" \/>\n<meta name=\"twitter:label1\" content=\"Dur\u00e9e de lecture estim\u00e9e\" \/>\n\t<meta name=\"twitter:data1\" content=\"1 minute\" \/>\n<script type=\"application\/ld+json\" class=\"yoast-schema-graph\">{\"@context\":\"https:\/\/schema.org\",\"@graph\":[{\"@type\":\"WebPage\",\"@id\":\"https:\/\/organiberia.com\/fr\/producto\/organ-stim\/\",\"url\":\"https:\/\/organiberia.com\/fr\/producto\/organ-stim\/\",\"name\":\"ORGAN\u00ae STIM - Organiberia\",\"isPartOf\":{\"@id\":\"https:\/\/organiberia.com\/fr\/#website\"},\"datePublished\":\"2023-06-19T07:25:13+00:00\",\"dateModified\":\"2023-06-19T07:25:13+00:00\",\"breadcrumb\":{\"@id\":\"https:\/\/organiberia.com\/fr\/producto\/organ-stim\/#breadcrumb\"},\"inLanguage\":\"fr-FR\",\"potentialAction\":[{\"@type\":\"ReadAction\",\"target\":[\"https:\/\/organiberia.com\/fr\/producto\/organ-stim\/\"]}]},{\"@type\":\"BreadcrumbList\",\"@id\":\"https:\/\/organiberia.com\/fr\/producto\/organ-stim\/#breadcrumb\",\"itemListElement\":[{\"@type\":\"ListItem\",\"position\":1,\"name\":\"Portada\",\"item\":\"https:\/\/organiberia.com\/fr\/\"},{\"@type\":\"ListItem\",\"position\":2,\"name\":\"Boutique\",\"item\":\"https:\/\/organiberia.com\/fr\/boutique\/\"},{\"@type\":\"ListItem\",\"position\":3,\"name\":\"ORGAN\u00ae STIM\"}]},{\"@type\":\"WebSite\",\"@id\":\"https:\/\/organiberia.com\/fr\/#website\",\"url\":\"https:\/\/organiberia.com\/fr\/\",\"name\":\"Organiberia\",\"description\":\"Fabricantes fertilizantes organicos\",\"publisher\":{\"@id\":\"https:\/\/organiberia.com\/fr\/#organization\"},\"potentialAction\":[{\"@type\":\"SearchAction\",\"target\":{\"@type\":\"EntryPoint\",\"urlTemplate\":\"https:\/\/organiberia.com\/fr\/?s={search_term_string}\"},\"query-input\":\"required name=search_term_string\"}],\"inLanguage\":\"fr-FR\"},{\"@type\":\"Organization\",\"@id\":\"https:\/\/organiberia.com\/fr\/#organization\",\"name\":\"Organiberia\",\"url\":\"https:\/\/organiberia.com\/fr\/\",\"logo\":{\"@type\":\"ImageObject\",\"inLanguage\":\"fr-FR\",\"@id\":\"https:\/\/organiberia.com\/fr\/#\/schema\/logo\/image\/\",\"url\":\"https:\/\/organiberia.com\/wp-content\/uploads\/2023\/09\/Diseno-sin-titulo-5.svg\",\"contentUrl\":\"https:\/\/organiberia.com\/wp-content\/uploads\/2023\/09\/Diseno-sin-titulo-5.svg\",\"width\":1080,\"height\":1080,\"caption\":\"Organiberia\"},\"image\":{\"@id\":\"https:\/\/organiberia.com\/fr\/#\/schema\/logo\/image\/\"}}]}<\/script>\n<!-- \/ Yoast SEO Premium plugin. -->","yoast_head_json":{"title":"ORGAN\u00ae STIM - Organiberia","robots":{"index":"index","follow":"follow","max-snippet":"max-snippet:-1","max-image-preview":"max-image-preview:large","max-video-preview":"max-video-preview:-1"},"canonical":"https:\/\/organiberia.com\/fr\/producto\/organ-stim\/","og_locale":"fr_FR","og_type":"article","og_title":"ORGAN\u00ae STIM","og_description":"Stimulant de production DESCRIPTION : ORGAN STIM est un concentr\u00e9 d'acides amin\u00e9s, d'acide folique et d'AATC (dans son pr\u00e9curseur, la L-cyt\u00e9ine) formul\u00e9 pour stimuler la germination et la croissance des plantes et de leurs fruits.","og_url":"https:\/\/organiberia.com\/fr\/producto\/organ-stim\/","og_site_name":"Organiberia","og_image":[{"width":1270,"height":1000,"url":"https:\/\/organiberia.com\/wp-content\/uploads\/2023\/06\/Stim-Organiberia.webp","type":"image\/webp"}],"twitter_card":"summary_large_image","twitter_misc":{"Dur\u00e9e de lecture estim\u00e9e":"1 minute"},"schema":{"@context":"https:\/\/schema.org","@graph":[{"@type":"WebPage","@id":"https:\/\/organiberia.com\/fr\/producto\/organ-stim\/","url":"https:\/\/organiberia.com\/fr\/producto\/organ-stim\/","name":"ORGAN\u00ae STIM - Organiberia","isPartOf":{"@id":"https:\/\/organiberia.com\/fr\/#website"},"datePublished":"2023-06-19T07:25:13+00:00","dateModified":"2023-06-19T07:25:13+00:00","breadcrumb":{"@id":"https:\/\/organiberia.com\/fr\/producto\/organ-stim\/#breadcrumb"},"inLanguage":"fr-FR","potentialAction":[{"@type":"ReadAction","target":["https:\/\/organiberia.com\/fr\/producto\/organ-stim\/"]}]},{"@type":"BreadcrumbList","@id":"https:\/\/organiberia.com\/fr\/producto\/organ-stim\/#breadcrumb","itemListElement":[{"@type":"ListItem","position":1,"name":"Portada","item":"https:\/\/organiberia.com\/fr\/"},{"@type":"ListItem","position":2,"name":"Boutique","item":"https:\/\/organiberia.com\/fr\/boutique\/"},{"@type":"ListItem","position":3,"name":"ORGAN\u00ae STIM"}]},{"@type":"WebSite","@id":"https:\/\/organiberia.com\/fr\/#website","url":"https:\/\/organiberia.com\/fr\/","name":"Organiberia","description":"Fabricantes fertilizantes organicos","publisher":{"@id":"https:\/\/organiberia.com\/fr\/#organization"},"potentialAction":[{"@type":"SearchAction","target":{"@type":"EntryPoint","urlTemplate":"https:\/\/organiberia.com\/fr\/?s={search_term_string}"},"query-input":"required name=search_term_string"}],"inLanguage":"fr-FR"},{"@type":"Organization","@id":"https:\/\/organiberia.com\/fr\/#organization","name":"Organiberia","url":"https:\/\/organiberia.com\/fr\/","logo":{"@type":"ImageObject","inLanguage":"fr-FR","@id":"https:\/\/organiberia.com\/fr\/#\/schema\/logo\/image\/","url":"https:\/\/organiberia.com\/wp-content\/uploads\/2023\/09\/Diseno-sin-titulo-5.svg","contentUrl":"https:\/\/organiberia.com\/wp-content\/uploads\/2023\/09\/Diseno-sin-titulo-5.svg","width":1080,"height":1080,"caption":"Organiberia"},"image":{"@id":"https:\/\/organiberia.com\/fr\/#\/schema\/logo\/image\/"}}]}},"_links":{"self":[{"href":"https:\/\/organiberia.com\/fr\/wp-json\/wp\/v2\/product\/3900","targetHints":{"allow":["GET"]}}],"collection":[{"href":"https:\/\/organiberia.com\/fr\/wp-json\/wp\/v2\/product"}],"about":[{"href":"https:\/\/organiberia.com\/fr\/wp-json\/wp\/v2\/types\/product"}],"replies":[{"embeddable":true,"href":"https:\/\/organiberia.com\/fr\/wp-json\/wp\/v2\/comments?post=3900"}],"version-history":[{"count":0,"href":"https:\/\/organiberia.com\/fr\/wp-json\/wp\/v2\/product\/3900\/revisions"}],"wp:featuredmedia":[{"embeddable":true,"href":"https:\/\/organiberia.com\/fr\/wp-json\/wp\/v2\/media\/2558"}],"wp:attachment":[{"href":"https:\/\/organiberia.com\/fr\/wp-json\/wp\/v2\/media?parent=3900"}],"wp:term":[{"taxonomy":"product_brand","embeddable":true,"href":"https:\/\/organiberia.com\/fr\/wp-json\/wp\/v2\/product_brand?post=3900"},{"taxonomy":"product_cat","embeddable":true,"href":"https:\/\/organiberia.com\/fr\/wp-json\/wp\/v2\/product_cat?post=3900"},{"taxonomy":"product_tag","embeddable":true,"href":"https:\/\/organiberia.com\/fr\/wp-json\/wp\/v2\/product_tag?post=3900"}],"curies":[{"name":"wp","href":"https:\/\/api.w.org\/{rel}","templated":true}]}}