{"id":3899,"date":"2023-06-19T07:21:55","date_gmt":"2023-06-19T07:21:55","guid":{"rendered":"https:\/\/organiberia.com\/producto\/organ-vita\/"},"modified":"2023-06-19T07:21:55","modified_gmt":"2023-06-19T07:21:55","slug":"organ-vita","status":"publish","type":"product","link":"https:\/\/organiberia.com\/fr\/producto\/organ-vita\/","title":{"rendered":"ORGAN\u00ae VITA"},"content":{"rendered":"<p><strong>LA RICHESSE GARANTIE :<\/strong><\/p>\n<table id=\"tablepress-95\" class=\"tablepress tablepress-id-95\">\n<caption><a href=\"https:\/\/www.quelagrow.com\/wp-admin\/admin.php?page=tablepress&amp;action=edit&amp;table_id=95\">\u00c9diter<\/a><\/caption>\n<tbody class=\"row-hover\">\n<tr class=\"row-1 odd\">\n<td class=\"column-1\">Acides amin\u00e9s libres<\/td>\n<td class=\"column-2\">13,00 % p\/p<\/td>\n<\/tr>\n<tr class=\"row-2 even\">\n<td class=\"column-1\">Mati\u00e8re organique<\/td>\n<td class=\"column-2\">54,00 % p\/p<\/td>\n<\/tr>\n<tr class=\"row-3 odd\">\n<td class=\"column-1\">Azote total (N)<\/td>\n<td class=\"column-2\">1,15 % p\/p<\/td>\n<\/tr>\n<tr class=\"row-4 even\">\n<td class=\"column-1\">Azote organique<\/td>\n<td class=\"column-2\">1,00 % p\/p<\/td>\n<\/tr>\n<tr class=\"row-5 odd\">\n<td class=\"column-1\">Phosphore <sub>(P2O5<\/sub>)<\/td>\n<td class=\"column-2\">0,05 % p\/p<\/td>\n<\/tr>\n<tr class=\"row-6 even\">\n<td class=\"column-1\">Potassium <sub>(K2O<\/sub>)<\/td>\n<td class=\"column-2\">2,10 % p\/p<\/td>\n<\/tr>\n<tr class=\"row-7 odd\">\n<td class=\"column-1\">Extrait Humique Total (E.H.T.)<\/td>\n<td class=\"column-2\">25,00% w\/w<\/td>\n<\/tr>\n<tr class=\"row-8 even\">\n<td class=\"column-1\">Acides fulviques<\/td>\n<td class=\"column-2\">53,00 % p\/p<\/td>\n<\/tr>\n<tr class=\"row-9 odd\">\n<td class=\"column-1\">ph<\/td>\n<td class=\"column-2\">6<\/td>\n<\/tr>\n<tr class=\"row-10 even\">\n<td class=\"column-1\">Densit\u00e9<\/td>\n<td class=\"column-2\">1,3 g\/cc<\/td>\n<\/tr>\n<\/tbody>\n<\/table>\n<p>&nbsp;<\/p>\n<p><strong>POSOLOGIE :<\/strong><\/p>\n<table id=\"tablepress-96\" class=\"tablepress tablepress-id-96\">\n<caption><a href=\"https:\/\/www.quelagrow.com\/wp-admin\/admin.php?page=tablepress&amp;action=edit&amp;table_id=96\">\u00c9diter<\/a><\/caption>\n<tbody class=\"row-hover\">\n<tr class=\"row-1 odd\">\n<td class=\"column-1\">L\u00e9gumes<\/td>\n<td class=\"column-2\">5-10 L\/ha Foliaire : 500 cc\/Hl<\/td>\n<\/tr>\n<tr class=\"row-2 even\">\n<td class=\"column-1\">Arbres fruitiers<\/td>\n<td class=\"column-2\">5 L\/ha Foliaire : 300-500 cc\/Hl<\/td>\n<\/tr>\n<\/tbody>\n<\/table>\n<p>Ces dosages sont indicatifs et peuvent varier en fonction de la culture, laissant au technicien le soin de les ajuster et de les faire varier.<\/p>\n","protected":false},"excerpt":{"rendered":"<p><b>ORGAN VITA <\/b>est un biostimulant organique \u00e0 base d&rsquo;acides amin\u00e9s hydrolys\u00e9s de faible poids mol\u00e9culaire, de polysaccharides et de micro-\u00e9l\u00e9ments. Sa teneur \u00e9lev\u00e9e en extraits humiques et en mati\u00e8re organique stimule la culture aux moments critiques de la croissance (enracinement, germination, floraison (horticulture) ou grossissement des fruits), ou en cas de situations de stress dues aux conditions agronomiques ou environnementales.<\/p>\n<table id=\"tablepress-146\" class=\"tablepress tablepress-id-146\">\n<thead>\n<tr class=\"row-1 odd\">\n<th class=\"column-1\"><b>Format<\/b><\/th>\n<th class=\"column-2\"><b>Unit\u00e9s<br \/>\nEmballage<\/b><\/th>\n<th class=\"column-3\"><b>Palette (L)<\/b><\/th>\n<\/tr>\n<\/thead>\n<tbody class=\"row-hover\">\n<tr class=\"row-2 even\">\n<td class=\"column-1\">10 L<\/td>\n<td class=\"column-2\">75<\/td>\n<td class=\"column-3\">750 L<\/td>\n<\/tr>\n<tr class=\"row-3 odd\">\n<td class=\"column-1\">20 L<\/td>\n<td class=\"column-2\">48<\/td>\n<td class=\"column-3\">960 L<\/td>\n<\/tr>\n<\/tbody>\n<\/table>\n","protected":false},"featured_media":2520,"comment_status":"open","ping_status":"closed","template":"","meta":{"site-sidebar-layout":"default","site-content-layout":"default","ast-global-header-display":"","ast-banner-title-visibility":"","ast-main-header-display":"","ast-hfb-above-header-display":"","ast-hfb-below-header-display":"","ast-hfb-mobile-header-display":"","site-post-title":"","ast-breadcrumbs-content":"","ast-featured-img":"","footer-sml-layout":"","theme-transparent-header-meta":"default","adv-header-id-meta":"","stick-header-meta":"","header-above-stick-meta":"","header-main-stick-meta":"","header-below-stick-meta":"","_joinchat":[]},"product_brand":[],"product_cat":[115,96],"product_tag":[],"class_list":{"0":"post-3899","1":"product","2":"type-product","3":"status-publish","4":"has-post-thumbnail","6":"product_cat-biostimulants","7":"product_cat-organe","8":"desktop-align-center","9":"tablet-align-left","10":"mobile-align-left","12":"first","13":"instock","14":"shipping-taxable","15":"product-type-simple"},"yoast_head":"<!-- This site is optimized with the Yoast SEO Premium plugin v20.9 (Yoast SEO v20.9) - https:\/\/yoast.com\/wordpress\/plugins\/seo\/ -->\n<title>ORGAN\u00ae VITA - Organiberia<\/title>\n<meta name=\"robots\" content=\"index, follow, max-snippet:-1, max-image-preview:large, max-video-preview:-1\" \/>\n<link rel=\"canonical\" href=\"https:\/\/organiberia.com\/fr\/producto\/organ-vita\/\" \/>\n<meta property=\"og:locale\" content=\"fr_FR\" \/>\n<meta property=\"og:type\" content=\"article\" \/>\n<meta property=\"og:title\" content=\"ORGAN\u00ae VITA\" \/>\n<meta property=\"og:description\" content=\"ORGAN VITA est un biostimulant organique \u00e0 base d&#039;acides amin\u00e9s hydrolys\u00e9s de faible poids mol\u00e9culaire, de polysaccharides et de micro-\u00e9l\u00e9ments. Sa teneur \u00e9lev\u00e9e en extraits humiques et en mati\u00e8re organique stimule la culture aux moments critiques de la croissance (enracinement, germination, floraison (horticulture) ou grossissement des fruits), ou en cas de situations de stress dues aux conditions agronomiques ou environnementales.  Format Unit\u00e9s Emballage Palette (L)   10 L 75 750 L  20 L 48 960 L\" \/>\n<meta property=\"og:url\" content=\"https:\/\/organiberia.com\/fr\/producto\/organ-vita\/\" \/>\n<meta property=\"og:site_name\" content=\"Organiberia\" \/>\n<meta property=\"og:image\" content=\"https:\/\/organiberia.com\/wp-content\/uploads\/2023\/06\/Vita-Organiberia.webp\" \/>\n\t<meta property=\"og:image:width\" content=\"1270\" \/>\n\t<meta property=\"og:image:height\" content=\"1000\" \/>\n\t<meta property=\"og:image:type\" content=\"image\/webp\" \/>\n<meta name=\"twitter:card\" content=\"summary_large_image\" \/>\n<script type=\"application\/ld+json\" class=\"yoast-schema-graph\">{\"@context\":\"https:\/\/schema.org\",\"@graph\":[{\"@type\":\"WebPage\",\"@id\":\"https:\/\/organiberia.com\/fr\/producto\/organ-vita\/\",\"url\":\"https:\/\/organiberia.com\/fr\/producto\/organ-vita\/\",\"name\":\"ORGAN\u00ae VITA - Organiberia\",\"isPartOf\":{\"@id\":\"https:\/\/organiberia.com\/fr\/#website\"},\"datePublished\":\"2023-06-19T07:21:55+00:00\",\"dateModified\":\"2023-06-19T07:21:55+00:00\",\"breadcrumb\":{\"@id\":\"https:\/\/organiberia.com\/fr\/producto\/organ-vita\/#breadcrumb\"},\"inLanguage\":\"fr-FR\",\"potentialAction\":[{\"@type\":\"ReadAction\",\"target\":[\"https:\/\/organiberia.com\/fr\/producto\/organ-vita\/\"]}]},{\"@type\":\"BreadcrumbList\",\"@id\":\"https:\/\/organiberia.com\/fr\/producto\/organ-vita\/#breadcrumb\",\"itemListElement\":[{\"@type\":\"ListItem\",\"position\":1,\"name\":\"Portada\",\"item\":\"https:\/\/organiberia.com\/fr\/\"},{\"@type\":\"ListItem\",\"position\":2,\"name\":\"Boutique\",\"item\":\"https:\/\/organiberia.com\/fr\/boutique\/\"},{\"@type\":\"ListItem\",\"position\":3,\"name\":\"ORGAN\u00ae VITA\"}]},{\"@type\":\"WebSite\",\"@id\":\"https:\/\/organiberia.com\/fr\/#website\",\"url\":\"https:\/\/organiberia.com\/fr\/\",\"name\":\"Organiberia\",\"description\":\"Fabricantes fertilizantes organicos\",\"publisher\":{\"@id\":\"https:\/\/organiberia.com\/fr\/#organization\"},\"potentialAction\":[{\"@type\":\"SearchAction\",\"target\":{\"@type\":\"EntryPoint\",\"urlTemplate\":\"https:\/\/organiberia.com\/fr\/?s={search_term_string}\"},\"query-input\":\"required name=search_term_string\"}],\"inLanguage\":\"fr-FR\"},{\"@type\":\"Organization\",\"@id\":\"https:\/\/organiberia.com\/fr\/#organization\",\"name\":\"Organiberia\",\"url\":\"https:\/\/organiberia.com\/fr\/\",\"logo\":{\"@type\":\"ImageObject\",\"inLanguage\":\"fr-FR\",\"@id\":\"https:\/\/organiberia.com\/fr\/#\/schema\/logo\/image\/\",\"url\":\"https:\/\/organiberia.com\/wp-content\/uploads\/2023\/09\/Diseno-sin-titulo-5.svg\",\"contentUrl\":\"https:\/\/organiberia.com\/wp-content\/uploads\/2023\/09\/Diseno-sin-titulo-5.svg\",\"width\":1080,\"height\":1080,\"caption\":\"Organiberia\"},\"image\":{\"@id\":\"https:\/\/organiberia.com\/fr\/#\/schema\/logo\/image\/\"}}]}<\/script>\n<!-- \/ Yoast SEO Premium plugin. -->","yoast_head_json":{"title":"ORGAN\u00ae VITA - Organiberia","robots":{"index":"index","follow":"follow","max-snippet":"max-snippet:-1","max-image-preview":"max-image-preview:large","max-video-preview":"max-video-preview:-1"},"canonical":"https:\/\/organiberia.com\/fr\/producto\/organ-vita\/","og_locale":"fr_FR","og_type":"article","og_title":"ORGAN\u00ae VITA","og_description":"ORGAN VITA est un biostimulant organique \u00e0 base d'acides amin\u00e9s hydrolys\u00e9s de faible poids mol\u00e9culaire, de polysaccharides et de micro-\u00e9l\u00e9ments. Sa teneur \u00e9lev\u00e9e en extraits humiques et en mati\u00e8re organique stimule la culture aux moments critiques de la croissance (enracinement, germination, floraison (horticulture) ou grossissement des fruits), ou en cas de situations de stress dues aux conditions agronomiques ou environnementales.  Format Unit\u00e9s Emballage Palette (L)   10 L 75 750 L  20 L 48 960 L","og_url":"https:\/\/organiberia.com\/fr\/producto\/organ-vita\/","og_site_name":"Organiberia","og_image":[{"width":1270,"height":1000,"url":"https:\/\/organiberia.com\/wp-content\/uploads\/2023\/06\/Vita-Organiberia.webp","type":"image\/webp"}],"twitter_card":"summary_large_image","schema":{"@context":"https:\/\/schema.org","@graph":[{"@type":"WebPage","@id":"https:\/\/organiberia.com\/fr\/producto\/organ-vita\/","url":"https:\/\/organiberia.com\/fr\/producto\/organ-vita\/","name":"ORGAN\u00ae VITA - Organiberia","isPartOf":{"@id":"https:\/\/organiberia.com\/fr\/#website"},"datePublished":"2023-06-19T07:21:55+00:00","dateModified":"2023-06-19T07:21:55+00:00","breadcrumb":{"@id":"https:\/\/organiberia.com\/fr\/producto\/organ-vita\/#breadcrumb"},"inLanguage":"fr-FR","potentialAction":[{"@type":"ReadAction","target":["https:\/\/organiberia.com\/fr\/producto\/organ-vita\/"]}]},{"@type":"BreadcrumbList","@id":"https:\/\/organiberia.com\/fr\/producto\/organ-vita\/#breadcrumb","itemListElement":[{"@type":"ListItem","position":1,"name":"Portada","item":"https:\/\/organiberia.com\/fr\/"},{"@type":"ListItem","position":2,"name":"Boutique","item":"https:\/\/organiberia.com\/fr\/boutique\/"},{"@type":"ListItem","position":3,"name":"ORGAN\u00ae VITA"}]},{"@type":"WebSite","@id":"https:\/\/organiberia.com\/fr\/#website","url":"https:\/\/organiberia.com\/fr\/","name":"Organiberia","description":"Fabricantes fertilizantes organicos","publisher":{"@id":"https:\/\/organiberia.com\/fr\/#organization"},"potentialAction":[{"@type":"SearchAction","target":{"@type":"EntryPoint","urlTemplate":"https:\/\/organiberia.com\/fr\/?s={search_term_string}"},"query-input":"required name=search_term_string"}],"inLanguage":"fr-FR"},{"@type":"Organization","@id":"https:\/\/organiberia.com\/fr\/#organization","name":"Organiberia","url":"https:\/\/organiberia.com\/fr\/","logo":{"@type":"ImageObject","inLanguage":"fr-FR","@id":"https:\/\/organiberia.com\/fr\/#\/schema\/logo\/image\/","url":"https:\/\/organiberia.com\/wp-content\/uploads\/2023\/09\/Diseno-sin-titulo-5.svg","contentUrl":"https:\/\/organiberia.com\/wp-content\/uploads\/2023\/09\/Diseno-sin-titulo-5.svg","width":1080,"height":1080,"caption":"Organiberia"},"image":{"@id":"https:\/\/organiberia.com\/fr\/#\/schema\/logo\/image\/"}}]}},"_links":{"self":[{"href":"https:\/\/organiberia.com\/fr\/wp-json\/wp\/v2\/product\/3899","targetHints":{"allow":["GET"]}}],"collection":[{"href":"https:\/\/organiberia.com\/fr\/wp-json\/wp\/v2\/product"}],"about":[{"href":"https:\/\/organiberia.com\/fr\/wp-json\/wp\/v2\/types\/product"}],"replies":[{"embeddable":true,"href":"https:\/\/organiberia.com\/fr\/wp-json\/wp\/v2\/comments?post=3899"}],"version-history":[{"count":0,"href":"https:\/\/organiberia.com\/fr\/wp-json\/wp\/v2\/product\/3899\/revisions"}],"wp:featuredmedia":[{"embeddable":true,"href":"https:\/\/organiberia.com\/fr\/wp-json\/wp\/v2\/media\/2520"}],"wp:attachment":[{"href":"https:\/\/organiberia.com\/fr\/wp-json\/wp\/v2\/media?parent=3899"}],"wp:term":[{"taxonomy":"product_brand","embeddable":true,"href":"https:\/\/organiberia.com\/fr\/wp-json\/wp\/v2\/product_brand?post=3899"},{"taxonomy":"product_cat","embeddable":true,"href":"https:\/\/organiberia.com\/fr\/wp-json\/wp\/v2\/product_cat?post=3899"},{"taxonomy":"product_tag","embeddable":true,"href":"https:\/\/organiberia.com\/fr\/wp-json\/wp\/v2\/product_tag?post=3899"}],"curies":[{"name":"wp","href":"https:\/\/api.w.org\/{rel}","templated":true}]}}