{"id":3880,"date":"2023-06-19T08:14:00","date_gmt":"2023-06-19T08:14:00","guid":{"rendered":"https:\/\/organiberia.com\/producto\/organ-mixte\/"},"modified":"2023-06-19T08:14:00","modified_gmt":"2023-06-19T08:14:00","slug":"organ-mixte","status":"publish","type":"product","link":"https:\/\/organiberia.com\/fr\/producto\/organ-mixte\/","title":{"rendered":"ORGAN\u00ae MIXTE"},"content":{"rendered":"<p><strong>LA RICHESSE GARANTIE :<\/strong><\/p>\n<table id=\"tablepress-12\" class=\"tablepress tablepress-id-12\">\n<tbody class=\"row-hover\">\n<tr class=\"row-1 odd\">\n<td class=\"column-1\">Bore (Bo) soluble dans l&rsquo;eau<\/td>\n<td class=\"column-2\">0,52 % p\/v<\/td>\n<td class=\"column-3\">0,40 % p\/v<\/td>\n<\/tr>\n<tr class=\"row-2 even\">\n<td class=\"column-1\">Zinc (Zn) soluble dans l&rsquo;eau<\/td>\n<td class=\"column-2\">0,65 % p\/v<\/td>\n<td class=\"column-3\">0,50 % p\/v<\/td>\n<\/tr>\n<tr class=\"row-3 odd\">\n<td class=\"column-1\">Zinc (Zn) ch\u00e9lat\u00e9 par EDTA<\/td>\n<td class=\"column-2\">0,65 % p\/v<\/td>\n<td class=\"column-3\">0,50 % p\/v<\/td>\n<\/tr>\n<tr class=\"row-4 even\">\n<td class=\"column-1\">Cuivre (Cu) soluble dans l&rsquo;eau<\/td>\n<td class=\"column-2\">0,39 % p\/v<\/td>\n<td class=\"column-3\">0,30 % p\/v<\/td>\n<\/tr>\n<tr class=\"row-5 odd\">\n<td class=\"column-1\">Cuivre (Cu) ch\u00e9lat\u00e9 par EDTA<\/td>\n<td class=\"column-2\">0,39 % p\/v<\/td>\n<td class=\"column-3\">0,30 % w\/w<\/td>\n<\/tr>\n<tr class=\"row-6 even\">\n<td class=\"column-1\">Fer soluble dans l&rsquo;eau (Fe)<\/td>\n<td class=\"column-2\">5,20% p\/v<\/td>\n<td class=\"column-3\">4,0 % p\/v<\/td>\n<\/tr>\n<tr class=\"row-7 odd\">\n<td class=\"column-1\">Fer (Fe) ch\u00e9lat\u00e9 par EDTA<\/td>\n<td class=\"column-2\">5,20% p\/v<\/td>\n<td class=\"column-3\">4,0% w\/w<\/td>\n<\/tr>\n<tr class=\"row-8 even\">\n<td class=\"column-1\">Mangan\u00e8se (Mn) soluble dans l&rsquo;eau<\/td>\n<td class=\"column-2\">2,48 % p\/v<\/td>\n<td class=\"column-3\">1,9 % p\/v<\/td>\n<\/tr>\n<tr class=\"row-9 odd\">\n<td class=\"column-1\">Mangan\u00e8se (Mn) ch\u00e9lat\u00e9 par EDTA<\/td>\n<td class=\"column-2\">2,48 % p\/v<\/td>\n<td class=\"column-3\">1,9 % p\/v<\/td>\n<\/tr>\n<tr class=\"row-10 even\">\n<td class=\"column-1\">Molybd\u00e8ne (Mo)<\/td>\n<td class=\"column-2\">0,13 % p\/v<\/td>\n<td class=\"column-3\">0,10 % p\/p<\/td>\n<\/tr>\n<tr class=\"row-11 odd\">\n<td class=\"column-1\">Densit\u00e9<\/td>\n<td class=\"column-2\">1,3g\/cc<\/td>\n<td class=\"column-3\"><\/td>\n<\/tr>\n<tr class=\"row-12 even\">\n<td class=\"column-1\">pH (solution \u00e0 1 %)<\/td>\n<td class=\"column-2\">2<\/td>\n<td class=\"column-3\"><\/td>\n<\/tr>\n<\/tbody>\n<\/table>\n<p><strong>POSOLOGIE :<\/strong><\/p>\n<table id=\"tablepress-13\" class=\"tablepress tablepress-id-13\">\n<tbody class=\"row-hover\">\n<tr class=\"row-1 odd\">\n<td class=\"column-1\">Une fois que les feuilles ont atteint leur plein d\u00e9veloppement.<\/td>\n<td class=\"column-2\">Pulv\u00e9risation foliaire :<br \/>\n\u00e0 0,1%.<\/td>\n<\/tr>\n<tr class=\"row-2 even\">\n<td class=\"column-1\">D\u00e8s le d\u00e9but de la culture, tous les 7-15 jours selon la culture.<\/td>\n<td class=\"column-2\">Application racinaire.<br \/>\n100ml\/1000m2<br \/>\n(1L\/Ha)<\/td>\n<\/tr>\n<tr class=\"row-3 odd\">\n<td class=\"column-1\">En permanence dans la solution nutritive, d\u00e8s le d\u00e9but.<\/td>\n<td class=\"column-2\">Fertigation :<br \/>\n0,025ml\/L<\/td>\n<\/tr>\n<\/tbody>\n<\/table>\n<p>Il peut \u00eatre appliqu\u00e9 \u00e0 tous les types de cultures : cultures horticoles, arbres fruitiers, vignes, oliviers, fraises, plantes ornementales, etc.<\/p>\n","protected":false},"excerpt":{"rendered":"<h3>M\u00e9lange de micro-\u00e9l\u00e9ments ch\u00e9lat\u00e9s<\/h3>\n<p><strong><br \/>\n<\/strong>Concentr\u00e9 soluble \u00e0 haute teneur en micronutriments. Les \u00e9l\u00e9ments m\u00e9talliques sont ch\u00e9lat\u00e9s par l&rsquo;EDTA et les \u00e9l\u00e9ments non m\u00e9talliques sont solubles dans l&rsquo;eau.<br \/>\nEn tant que formulation liquide, il pr\u00e9sente de grands avantages par rapport aux formulations solides : il est plus facile \u00e0 doser, il ne produit pas de s\u00e9dimentation ou d&rsquo;agglutination, il est compl\u00e8tement soluble et ne bouche pas les syst\u00e8mes de filtration des syst\u00e8mes d&rsquo;irrigation modernes.<br \/>\nIl a une teneur \u00e9lev\u00e9e en fer (Fe) (5,2 %), ce qui en fait une formulation tr\u00e8s appropri\u00e9e pour les traitements correctifs urgents (traitements de sauvetage) de la chlorose ferreuse, car la r\u00e9ponse de la plante trait\u00e9e est imm\u00e9diate.<br \/>\nPlage de pH dans laquelle une bonne stabilit\u00e9 de la fraction ch\u00e9lat\u00e9e est assur\u00e9e : pH compris entre 2 et 10.<\/p>\n<table id=\"tablepress-14\" class=\"tablepress tablepress-id-14\">\n<thead>\n<tr class=\"row-1 odd\">\n<th class=\"column-1\"><b>Format<\/b><\/th>\n<th class=\"column-2\"><b>Unit\u00e9s<br \/>\nEmballage<\/b><\/th>\n<th class=\"column-3\"><b>Palette(L)<\/b><\/th>\n<\/tr>\n<\/thead>\n<tbody class=\"row-hover\">\n<tr class=\"row-2 even\">\n<td class=\"column-1\">5 L<\/td>\n<td class=\"column-2\">4<\/td>\n<td class=\"column-3\">1000 L<\/td>\n<\/tr>\n<tr class=\"row-3 odd\">\n<td class=\"column-1\">20 L<\/td>\n<td class=\"column-2\">48<\/td>\n<td class=\"column-3\">960 L<\/td>\n<\/tr>\n<tr class=\"row-4 even\">\n<td class=\"column-1\">220 L<\/td>\n<td class=\"column-2\">4<\/td>\n<td class=\"column-3\">880 L<\/td>\n<\/tr>\n<tr class=\"row-5 odd\">\n<td class=\"column-1\">1000 L<\/td>\n<td class=\"column-2\">1<\/td>\n<td class=\"column-3\">1000 L<\/td>\n<\/tr>\n<\/tbody>\n<\/table>\n","protected":false},"featured_media":2551,"comment_status":"open","ping_status":"closed","template":"","meta":{"site-sidebar-layout":"default","site-content-layout":"default","ast-global-header-display":"","ast-banner-title-visibility":"","ast-main-header-display":"","ast-hfb-above-header-display":"","ast-hfb-below-header-display":"","ast-hfb-mobile-header-display":"","site-post-title":"","ast-breadcrumbs-content":"","ast-featured-img":"","footer-sml-layout":"","theme-transparent-header-meta":"default","adv-header-id-meta":"","stick-header-meta":"","header-above-stick-meta":"","header-main-stick-meta":"","header-below-stick-meta":"","_joinchat":[]},"product_brand":[],"product_cat":[106,96],"product_tag":[],"class_list":{"0":"post-3880","1":"product","2":"type-product","3":"status-publish","4":"has-post-thumbnail","6":"product_cat-bionutritionnels","7":"product_cat-organe","8":"desktop-align-center","9":"tablet-align-left","10":"mobile-align-left","12":"first","13":"instock","14":"shipping-taxable","15":"product-type-simple"},"yoast_head":"<!-- This site is optimized with the Yoast SEO Premium plugin v20.9 (Yoast SEO v20.9) - https:\/\/yoast.com\/wordpress\/plugins\/seo\/ -->\n<title>ORGAN\u00ae MIXTE - Organiberia<\/title>\n<meta name=\"robots\" content=\"index, follow, max-snippet:-1, max-image-preview:large, max-video-preview:-1\" \/>\n<link rel=\"canonical\" href=\"https:\/\/organiberia.com\/fr\/producto\/organ-mixte\/\" \/>\n<meta property=\"og:locale\" content=\"fr_FR\" \/>\n<meta property=\"og:type\" content=\"article\" \/>\n<meta property=\"og:title\" content=\"ORGAN\u00ae MIXTE\" \/>\n<meta property=\"og:description\" content=\"M\u00e9lange de micro-\u00e9l\u00e9ments ch\u00e9lat\u00e9s Concentr\u00e9 soluble \u00e0 haute teneur en micronutriments. Les \u00e9l\u00e9ments m\u00e9talliques sont ch\u00e9lat\u00e9s par l&#039;EDTA et les \u00e9l\u00e9ments non m\u00e9talliques sont solubles dans l&#039;eau. En tant que formulation liquide, il pr\u00e9sente de grands avantages par rapport aux formulations solides : il est plus facile \u00e0 doser, il ne produit pas de s\u00e9dimentation ou d&#039;agglutination, il est compl\u00e8tement soluble et ne bouche pas les syst\u00e8mes de filtration des syst\u00e8mes d&#039;irrigation modernes. Il a une teneur \u00e9lev\u00e9e en fer (Fe) (5,2 %), ce qui en fait une formulation tr\u00e8s appropri\u00e9e pour les traitements correctifs urgents (traitements de sauvetage) de la chlorose ferreuse, car la r\u00e9ponse de la plante trait\u00e9e est imm\u00e9diate. Plage de pH dans laquelle une bonne stabilit\u00e9 de la fraction ch\u00e9lat\u00e9e est assur\u00e9e : pH compris entre 2 et 10.  Format Unit\u00e9s Emballage Palette(L)   5 L 4 1000 L  20 L 48 960 L  220 L 4 880 L  1000 L 1 1000 L\" \/>\n<meta property=\"og:url\" content=\"https:\/\/organiberia.com\/fr\/producto\/organ-mixte\/\" \/>\n<meta property=\"og:site_name\" content=\"Organiberia\" \/>\n<meta property=\"og:image\" content=\"https:\/\/organiberia.com\/wp-content\/uploads\/2023\/06\/Mixte-Organiberia.webp\" \/>\n\t<meta property=\"og:image:width\" content=\"1270\" \/>\n\t<meta property=\"og:image:height\" content=\"1000\" \/>\n\t<meta property=\"og:image:type\" content=\"image\/webp\" \/>\n<meta name=\"twitter:card\" content=\"summary_large_image\" \/>\n<meta name=\"twitter:label1\" content=\"Dur\u00e9e de lecture estim\u00e9e\" \/>\n\t<meta name=\"twitter:data1\" content=\"1 minute\" \/>\n<script type=\"application\/ld+json\" class=\"yoast-schema-graph\">{\"@context\":\"https:\/\/schema.org\",\"@graph\":[{\"@type\":\"WebPage\",\"@id\":\"https:\/\/organiberia.com\/fr\/producto\/organ-mixte\/\",\"url\":\"https:\/\/organiberia.com\/fr\/producto\/organ-mixte\/\",\"name\":\"ORGAN\u00ae MIXTE - Organiberia\",\"isPartOf\":{\"@id\":\"https:\/\/organiberia.com\/fr\/#website\"},\"datePublished\":\"2023-06-19T08:14:00+00:00\",\"dateModified\":\"2023-06-19T08:14:00+00:00\",\"breadcrumb\":{\"@id\":\"https:\/\/organiberia.com\/fr\/producto\/organ-mixte\/#breadcrumb\"},\"inLanguage\":\"fr-FR\",\"potentialAction\":[{\"@type\":\"ReadAction\",\"target\":[\"https:\/\/organiberia.com\/fr\/producto\/organ-mixte\/\"]}]},{\"@type\":\"BreadcrumbList\",\"@id\":\"https:\/\/organiberia.com\/fr\/producto\/organ-mixte\/#breadcrumb\",\"itemListElement\":[{\"@type\":\"ListItem\",\"position\":1,\"name\":\"Portada\",\"item\":\"https:\/\/organiberia.com\/fr\/\"},{\"@type\":\"ListItem\",\"position\":2,\"name\":\"Boutique\",\"item\":\"https:\/\/organiberia.com\/fr\/boutique\/\"},{\"@type\":\"ListItem\",\"position\":3,\"name\":\"ORGAN\u00ae MIXTE\"}]},{\"@type\":\"WebSite\",\"@id\":\"https:\/\/organiberia.com\/fr\/#website\",\"url\":\"https:\/\/organiberia.com\/fr\/\",\"name\":\"Organiberia\",\"description\":\"Fabricantes fertilizantes organicos\",\"publisher\":{\"@id\":\"https:\/\/organiberia.com\/fr\/#organization\"},\"potentialAction\":[{\"@type\":\"SearchAction\",\"target\":{\"@type\":\"EntryPoint\",\"urlTemplate\":\"https:\/\/organiberia.com\/fr\/?s={search_term_string}\"},\"query-input\":\"required name=search_term_string\"}],\"inLanguage\":\"fr-FR\"},{\"@type\":\"Organization\",\"@id\":\"https:\/\/organiberia.com\/fr\/#organization\",\"name\":\"Organiberia\",\"url\":\"https:\/\/organiberia.com\/fr\/\",\"logo\":{\"@type\":\"ImageObject\",\"inLanguage\":\"fr-FR\",\"@id\":\"https:\/\/organiberia.com\/fr\/#\/schema\/logo\/image\/\",\"url\":\"https:\/\/organiberia.com\/wp-content\/uploads\/2023\/09\/Diseno-sin-titulo-5.svg\",\"contentUrl\":\"https:\/\/organiberia.com\/wp-content\/uploads\/2023\/09\/Diseno-sin-titulo-5.svg\",\"width\":1080,\"height\":1080,\"caption\":\"Organiberia\"},\"image\":{\"@id\":\"https:\/\/organiberia.com\/fr\/#\/schema\/logo\/image\/\"}}]}<\/script>\n<!-- \/ Yoast SEO Premium plugin. -->","yoast_head_json":{"title":"ORGAN\u00ae MIXTE - Organiberia","robots":{"index":"index","follow":"follow","max-snippet":"max-snippet:-1","max-image-preview":"max-image-preview:large","max-video-preview":"max-video-preview:-1"},"canonical":"https:\/\/organiberia.com\/fr\/producto\/organ-mixte\/","og_locale":"fr_FR","og_type":"article","og_title":"ORGAN\u00ae MIXTE","og_description":"M\u00e9lange de micro-\u00e9l\u00e9ments ch\u00e9lat\u00e9s Concentr\u00e9 soluble \u00e0 haute teneur en micronutriments. Les \u00e9l\u00e9ments m\u00e9talliques sont ch\u00e9lat\u00e9s par l'EDTA et les \u00e9l\u00e9ments non m\u00e9talliques sont solubles dans l'eau. En tant que formulation liquide, il pr\u00e9sente de grands avantages par rapport aux formulations solides : il est plus facile \u00e0 doser, il ne produit pas de s\u00e9dimentation ou d'agglutination, il est compl\u00e8tement soluble et ne bouche pas les syst\u00e8mes de filtration des syst\u00e8mes d'irrigation modernes. Il a une teneur \u00e9lev\u00e9e en fer (Fe) (5,2 %), ce qui en fait une formulation tr\u00e8s appropri\u00e9e pour les traitements correctifs urgents (traitements de sauvetage) de la chlorose ferreuse, car la r\u00e9ponse de la plante trait\u00e9e est imm\u00e9diate. Plage de pH dans laquelle une bonne stabilit\u00e9 de la fraction ch\u00e9lat\u00e9e est assur\u00e9e : pH compris entre 2 et 10.  Format Unit\u00e9s Emballage Palette(L)   5 L 4 1000 L  20 L 48 960 L  220 L 4 880 L  1000 L 1 1000 L","og_url":"https:\/\/organiberia.com\/fr\/producto\/organ-mixte\/","og_site_name":"Organiberia","og_image":[{"width":1270,"height":1000,"url":"https:\/\/organiberia.com\/wp-content\/uploads\/2023\/06\/Mixte-Organiberia.webp","type":"image\/webp"}],"twitter_card":"summary_large_image","twitter_misc":{"Dur\u00e9e de lecture estim\u00e9e":"1 minute"},"schema":{"@context":"https:\/\/schema.org","@graph":[{"@type":"WebPage","@id":"https:\/\/organiberia.com\/fr\/producto\/organ-mixte\/","url":"https:\/\/organiberia.com\/fr\/producto\/organ-mixte\/","name":"ORGAN\u00ae MIXTE - Organiberia","isPartOf":{"@id":"https:\/\/organiberia.com\/fr\/#website"},"datePublished":"2023-06-19T08:14:00+00:00","dateModified":"2023-06-19T08:14:00+00:00","breadcrumb":{"@id":"https:\/\/organiberia.com\/fr\/producto\/organ-mixte\/#breadcrumb"},"inLanguage":"fr-FR","potentialAction":[{"@type":"ReadAction","target":["https:\/\/organiberia.com\/fr\/producto\/organ-mixte\/"]}]},{"@type":"BreadcrumbList","@id":"https:\/\/organiberia.com\/fr\/producto\/organ-mixte\/#breadcrumb","itemListElement":[{"@type":"ListItem","position":1,"name":"Portada","item":"https:\/\/organiberia.com\/fr\/"},{"@type":"ListItem","position":2,"name":"Boutique","item":"https:\/\/organiberia.com\/fr\/boutique\/"},{"@type":"ListItem","position":3,"name":"ORGAN\u00ae MIXTE"}]},{"@type":"WebSite","@id":"https:\/\/organiberia.com\/fr\/#website","url":"https:\/\/organiberia.com\/fr\/","name":"Organiberia","description":"Fabricantes fertilizantes organicos","publisher":{"@id":"https:\/\/organiberia.com\/fr\/#organization"},"potentialAction":[{"@type":"SearchAction","target":{"@type":"EntryPoint","urlTemplate":"https:\/\/organiberia.com\/fr\/?s={search_term_string}"},"query-input":"required name=search_term_string"}],"inLanguage":"fr-FR"},{"@type":"Organization","@id":"https:\/\/organiberia.com\/fr\/#organization","name":"Organiberia","url":"https:\/\/organiberia.com\/fr\/","logo":{"@type":"ImageObject","inLanguage":"fr-FR","@id":"https:\/\/organiberia.com\/fr\/#\/schema\/logo\/image\/","url":"https:\/\/organiberia.com\/wp-content\/uploads\/2023\/09\/Diseno-sin-titulo-5.svg","contentUrl":"https:\/\/organiberia.com\/wp-content\/uploads\/2023\/09\/Diseno-sin-titulo-5.svg","width":1080,"height":1080,"caption":"Organiberia"},"image":{"@id":"https:\/\/organiberia.com\/fr\/#\/schema\/logo\/image\/"}}]}},"_links":{"self":[{"href":"https:\/\/organiberia.com\/fr\/wp-json\/wp\/v2\/product\/3880","targetHints":{"allow":["GET"]}}],"collection":[{"href":"https:\/\/organiberia.com\/fr\/wp-json\/wp\/v2\/product"}],"about":[{"href":"https:\/\/organiberia.com\/fr\/wp-json\/wp\/v2\/types\/product"}],"replies":[{"embeddable":true,"href":"https:\/\/organiberia.com\/fr\/wp-json\/wp\/v2\/comments?post=3880"}],"version-history":[{"count":0,"href":"https:\/\/organiberia.com\/fr\/wp-json\/wp\/v2\/product\/3880\/revisions"}],"wp:featuredmedia":[{"embeddable":true,"href":"https:\/\/organiberia.com\/fr\/wp-json\/wp\/v2\/media\/2551"}],"wp:attachment":[{"href":"https:\/\/organiberia.com\/fr\/wp-json\/wp\/v2\/media?parent=3880"}],"wp:term":[{"taxonomy":"product_brand","embeddable":true,"href":"https:\/\/organiberia.com\/fr\/wp-json\/wp\/v2\/product_brand?post=3880"},{"taxonomy":"product_cat","embeddable":true,"href":"https:\/\/organiberia.com\/fr\/wp-json\/wp\/v2\/product_cat?post=3880"},{"taxonomy":"product_tag","embeddable":true,"href":"https:\/\/organiberia.com\/fr\/wp-json\/wp\/v2\/product_tag?post=3880"}],"curies":[{"name":"wp","href":"https:\/\/api.w.org\/{rel}","templated":true}]}}