{"id":3879,"date":"2023-06-19T08:04:45","date_gmt":"2023-06-19T08:04:45","guid":{"rendered":"https:\/\/organiberia.com\/producto\/organ-gel\/"},"modified":"2023-06-19T08:04:45","modified_gmt":"2023-06-19T08:04:45","slug":"organ-gel","status":"publish","type":"product","link":"https:\/\/organiberia.com\/fr\/producto\/organ-gel\/","title":{"rendered":"ORGAN\u00ae GEL"},"content":{"rendered":"<p><strong>RICHES GARANTIES (w\/v) :<\/strong><\/p>\n<p>&nbsp;<\/p>\n<table id=\"tablepress-165\" class=\"tablepress tablepress-id-165\">\n<thead>\n<tr class=\"row-1 odd\">\n<th class=\"column-1\"><strong>FORMULATION<\/strong><\/th>\n<th class=\"column-2\"><strong>B<\/strong><\/th>\n<th class=\"column-3\"><strong>Mg<\/strong><\/th>\n<th class=\"column-4\"><strong>Foi<\/strong><\/th>\n<th class=\"column-5\"><strong>Cu<\/strong><\/th>\n<th class=\"column-6\"><strong>Mn<\/strong><\/th>\n<th class=\"column-7\"><strong>Mo<\/strong><\/th>\n<th class=\"column-8\"><strong>Zn<\/strong><\/th>\n<\/tr>\n<\/thead>\n<tbody class=\"row-hover\">\n<tr class=\"row-2 even\">\n<td class=\"column-1\">13 &#8211; 13- 47<\/td>\n<td class=\"column-2\">0.001<\/td>\n<td class=\"column-3\">0.001<\/td>\n<td class=\"column-4\">0.05<\/td>\n<td class=\"column-5\">0.005<\/td>\n<td class=\"column-6\">0.025<\/td>\n<td class=\"column-7\">0.0001<\/td>\n<td class=\"column-8\">0.005<\/td>\n<\/tr>\n<tr class=\"row-3 odd\">\n<td class=\"column-1\">23 &#8211; 23 &#8211; 23<\/td>\n<td class=\"column-2\">0.001<\/td>\n<td class=\"column-3\">0.001<\/td>\n<td class=\"column-4\">0.05<\/td>\n<td class=\"column-5\">0.005<\/td>\n<td class=\"column-6\">0.025<\/td>\n<td class=\"column-7\">0.0001<\/td>\n<td class=\"column-8\">0.005<\/td>\n<\/tr>\n<tr class=\"row-4 even\">\n<td class=\"column-1\">10 &#8211; 40 &#8211; 10<\/td>\n<td class=\"column-2\">0.001<\/td>\n<td class=\"column-3\">0.001<\/td>\n<td class=\"column-4\">0.05<\/td>\n<td class=\"column-5\">0.005<\/td>\n<td class=\"column-6\">0.025<\/td>\n<td class=\"column-7\">0.0001<\/td>\n<td class=\"column-8\">0.005<\/td>\n<\/tr>\n<tr class=\"row-5 odd\">\n<td class=\"column-1\">40 &#8211; 10 &#8211; 10<\/td>\n<td class=\"column-2\">0.001<\/td>\n<td class=\"column-3\">0.001<\/td>\n<td class=\"column-4\">005<\/td>\n<td class=\"column-5\">0.005<\/td>\n<td class=\"column-6\">0.025<\/td>\n<td class=\"column-7\">0.0001<\/td>\n<td class=\"column-8\">0.005<\/td>\n<\/tr>\n<tr class=\"row-6 odd\">\n<td class=\"column-1\">24- 6 &#8211; 12<\/td>\n<td class=\"column-2\">0.001<\/td>\n<td class=\"column-3\">0.001<\/td>\n<td class=\"column-4\">005<\/td>\n<td class=\"column-5\">0.005<\/td>\n<td class=\"column-6\">0.025<\/td>\n<td class=\"column-7\">0.0001<\/td>\n<td class=\"column-8\">0.005<\/td>\n<\/tr>\n<\/tbody>\n<\/table>\n<p><strong>D&rsquo;autres formulations peuvent \u00eatre r\u00e9alis\u00e9es en fonction des besoins du client.<\/strong><\/p>\n<p>ORGAN\u00ae GEL sont des produits d\u00e9velopp\u00e9s pour compl\u00e9ter ou remplacer une partie des engrais de base.<\/p>\n<p><strong>POSOLOGIE :<\/strong><\/p>\n<table id=\"tablepress-45\" class=\"tablepress tablepress-id-45\">\n<tbody class=\"row-hover\">\n<tr class=\"row-1 odd\">\n<td class=\"column-1\"><strong>Foliaire<\/strong><\/td>\n<td class=\"column-2\">Selon la formulation<\/td>\n<\/tr>\n<\/tbody>\n<\/table>\n<p>&nbsp;<\/p>\n","protected":false},"excerpt":{"rendered":"<h3>Engrais foliaires en gel<\/h3>\n<p>Les engrais foliaires en gel FERTyGEL combinent les avantages des produits solides et liquides en un seul produit :<br \/>\n&#8211; Engrais solides : forte concentration de nutriments<br \/>\n&#8211; Engrais liquides : faciles \u00e0 dissoudre et \u00e0 appliquer<br \/>\nAvec l&rsquo;application de nos engrais en gel, nous offrons \u00e0 l&rsquo;agriculteur un moyen efficace de compl\u00e9ter les engrais de base.<\/p>\n<p>Ces formulations ont \u00e9t\u00e9 d\u00e9velopp\u00e9es pour \u00eatre appliqu\u00e9es \u00e0 diff\u00e9rents stades de d\u00e9veloppement des cultures fruiti\u00e8res et l\u00e9gumi\u00e8res.<\/p>\n<table id=\"tablepress-46\" class=\"tablepress tablepress-id-46\">\n<thead>\n<tr class=\"row-1 odd\">\n<th class=\"column-1\"><b>Format<\/b><\/th>\n<th class=\"column-2\"><b>Unit\u00e9s<br \/>\nEmballage<\/b><\/th>\n<th class=\"column-3\"><b>Palette(L)<\/b><\/th>\n<\/tr>\n<\/thead>\n<tbody class=\"row-hover\">\n<tr class=\"row-2 even\">\n<td class=\"column-1\">5 L<\/td>\n<td class=\"column-2\">4<\/td>\n<td class=\"column-3\">1000 L<\/td>\n<\/tr>\n<tr class=\"row-3 odd\">\n<td class=\"column-1\">20 L<\/td>\n<td class=\"column-2\">48<\/td>\n<td class=\"column-3\">960 L<\/td>\n<\/tr>\n<tr class=\"row-4 even\">\n<td class=\"column-1\">220 L<\/td>\n<td class=\"column-2\">4<\/td>\n<td class=\"column-3\">880 L<\/td>\n<\/tr>\n<tr class=\"row-5 odd\">\n<td class=\"column-1\">1000 L<\/td>\n<td class=\"column-2\">1<\/td>\n<td class=\"column-3\">1000 L<\/td>\n<\/tr>\n<\/tbody>\n<\/table>\n","protected":false},"featured_media":2553,"comment_status":"open","ping_status":"closed","template":"","meta":{"site-sidebar-layout":"default","site-content-layout":"default","ast-global-header-display":"","ast-banner-title-visibility":"","ast-main-header-display":"","ast-hfb-above-header-display":"","ast-hfb-below-header-display":"","ast-hfb-mobile-header-display":"","site-post-title":"","ast-breadcrumbs-content":"","ast-featured-img":"","footer-sml-layout":"","theme-transparent-header-meta":"default","adv-header-id-meta":"","stick-header-meta":"","header-above-stick-meta":"","header-main-stick-meta":"","header-below-stick-meta":"","_joinchat":[]},"product_brand":[],"product_cat":[111,96],"product_tag":[],"class_list":{"0":"post-3879","1":"product","2":"type-product","3":"status-publish","4":"has-post-thumbnail","6":"product_cat-biofoliares-fr","7":"product_cat-organe","8":"desktop-align-center","9":"tablet-align-left","10":"mobile-align-left","12":"first","13":"instock","14":"shipping-taxable","15":"product-type-variable"},"yoast_head":"<!-- This site is optimized with the Yoast SEO Premium plugin v20.9 (Yoast SEO v20.9) - https:\/\/yoast.com\/wordpress\/plugins\/seo\/ -->\n<title>ORGAN\u00ae GEL - Organiberia<\/title>\n<meta name=\"robots\" content=\"index, follow, max-snippet:-1, max-image-preview:large, max-video-preview:-1\" \/>\n<link rel=\"canonical\" href=\"https:\/\/organiberia.com\/fr\/producto\/organ-gel\/\" \/>\n<meta property=\"og:locale\" content=\"fr_FR\" \/>\n<meta property=\"og:type\" content=\"article\" \/>\n<meta property=\"og:title\" content=\"ORGAN\u00ae GEL\" \/>\n<meta property=\"og:description\" content=\"Engrais foliaires en gel Les engrais foliaires en gel FERTyGEL combinent les avantages des produits solides et liquides en un seul produit : - Engrais solides : forte concentration de nutriments - Engrais liquides : faciles \u00e0 dissoudre et \u00e0 appliquer Avec l&#039;application de nos engrais en gel, nous offrons \u00e0 l&#039;agriculteur un moyen efficace de compl\u00e9ter les engrais de base. Ces formulations ont \u00e9t\u00e9 d\u00e9velopp\u00e9es pour \u00eatre appliqu\u00e9es \u00e0 diff\u00e9rents stades de d\u00e9veloppement des cultures fruiti\u00e8res et l\u00e9gumi\u00e8res.  Format Unit\u00e9s Emballage Palette(L)   5 L 4 1000 L  20 L 48 960 L  220 L 4 880 L  1000 L 1 1000 L\" \/>\n<meta property=\"og:url\" content=\"https:\/\/organiberia.com\/fr\/producto\/organ-gel\/\" \/>\n<meta property=\"og:site_name\" content=\"Organiberia\" \/>\n<meta property=\"og:image\" content=\"https:\/\/organiberia.com\/wp-content\/uploads\/2023\/06\/Gel-40.10.10-Organiberia.webp\" \/>\n\t<meta property=\"og:image:width\" content=\"1270\" \/>\n\t<meta property=\"og:image:height\" content=\"1000\" \/>\n\t<meta property=\"og:image:type\" content=\"image\/webp\" \/>\n<meta name=\"twitter:card\" content=\"summary_large_image\" \/>\n<script type=\"application\/ld+json\" class=\"yoast-schema-graph\">{\"@context\":\"https:\/\/schema.org\",\"@graph\":[{\"@type\":\"WebPage\",\"@id\":\"https:\/\/organiberia.com\/fr\/producto\/organ-gel\/\",\"url\":\"https:\/\/organiberia.com\/fr\/producto\/organ-gel\/\",\"name\":\"ORGAN\u00ae GEL - Organiberia\",\"isPartOf\":{\"@id\":\"https:\/\/organiberia.com\/fr\/#website\"},\"datePublished\":\"2023-06-19T08:04:45+00:00\",\"dateModified\":\"2023-06-19T08:04:45+00:00\",\"breadcrumb\":{\"@id\":\"https:\/\/organiberia.com\/fr\/producto\/organ-gel\/#breadcrumb\"},\"inLanguage\":\"fr-FR\",\"potentialAction\":[{\"@type\":\"ReadAction\",\"target\":[\"https:\/\/organiberia.com\/fr\/producto\/organ-gel\/\"]}]},{\"@type\":\"BreadcrumbList\",\"@id\":\"https:\/\/organiberia.com\/fr\/producto\/organ-gel\/#breadcrumb\",\"itemListElement\":[{\"@type\":\"ListItem\",\"position\":1,\"name\":\"Portada\",\"item\":\"https:\/\/organiberia.com\/fr\/\"},{\"@type\":\"ListItem\",\"position\":2,\"name\":\"Boutique\",\"item\":\"https:\/\/organiberia.com\/fr\/boutique\/\"},{\"@type\":\"ListItem\",\"position\":3,\"name\":\"ORGAN\u00ae GEL\"}]},{\"@type\":\"WebSite\",\"@id\":\"https:\/\/organiberia.com\/fr\/#website\",\"url\":\"https:\/\/organiberia.com\/fr\/\",\"name\":\"Organiberia\",\"description\":\"Fabricantes fertilizantes organicos\",\"publisher\":{\"@id\":\"https:\/\/organiberia.com\/fr\/#organization\"},\"potentialAction\":[{\"@type\":\"SearchAction\",\"target\":{\"@type\":\"EntryPoint\",\"urlTemplate\":\"https:\/\/organiberia.com\/fr\/?s={search_term_string}\"},\"query-input\":\"required name=search_term_string\"}],\"inLanguage\":\"fr-FR\"},{\"@type\":\"Organization\",\"@id\":\"https:\/\/organiberia.com\/fr\/#organization\",\"name\":\"Organiberia\",\"url\":\"https:\/\/organiberia.com\/fr\/\",\"logo\":{\"@type\":\"ImageObject\",\"inLanguage\":\"fr-FR\",\"@id\":\"https:\/\/organiberia.com\/fr\/#\/schema\/logo\/image\/\",\"url\":\"https:\/\/organiberia.com\/wp-content\/uploads\/2023\/09\/Diseno-sin-titulo-5.svg\",\"contentUrl\":\"https:\/\/organiberia.com\/wp-content\/uploads\/2023\/09\/Diseno-sin-titulo-5.svg\",\"width\":1080,\"height\":1080,\"caption\":\"Organiberia\"},\"image\":{\"@id\":\"https:\/\/organiberia.com\/fr\/#\/schema\/logo\/image\/\"}}]}<\/script>\n<!-- \/ Yoast SEO Premium plugin. -->","yoast_head_json":{"title":"ORGAN\u00ae GEL - Organiberia","robots":{"index":"index","follow":"follow","max-snippet":"max-snippet:-1","max-image-preview":"max-image-preview:large","max-video-preview":"max-video-preview:-1"},"canonical":"https:\/\/organiberia.com\/fr\/producto\/organ-gel\/","og_locale":"fr_FR","og_type":"article","og_title":"ORGAN\u00ae GEL","og_description":"Engrais foliaires en gel Les engrais foliaires en gel FERTyGEL combinent les avantages des produits solides et liquides en un seul produit : - Engrais solides : forte concentration de nutriments - Engrais liquides : faciles \u00e0 dissoudre et \u00e0 appliquer Avec l'application de nos engrais en gel, nous offrons \u00e0 l'agriculteur un moyen efficace de compl\u00e9ter les engrais de base. Ces formulations ont \u00e9t\u00e9 d\u00e9velopp\u00e9es pour \u00eatre appliqu\u00e9es \u00e0 diff\u00e9rents stades de d\u00e9veloppement des cultures fruiti\u00e8res et l\u00e9gumi\u00e8res.  Format Unit\u00e9s Emballage Palette(L)   5 L 4 1000 L  20 L 48 960 L  220 L 4 880 L  1000 L 1 1000 L","og_url":"https:\/\/organiberia.com\/fr\/producto\/organ-gel\/","og_site_name":"Organiberia","og_image":[{"width":1270,"height":1000,"url":"https:\/\/organiberia.com\/wp-content\/uploads\/2023\/06\/Gel-40.10.10-Organiberia.webp","type":"image\/webp"}],"twitter_card":"summary_large_image","schema":{"@context":"https:\/\/schema.org","@graph":[{"@type":"WebPage","@id":"https:\/\/organiberia.com\/fr\/producto\/organ-gel\/","url":"https:\/\/organiberia.com\/fr\/producto\/organ-gel\/","name":"ORGAN\u00ae GEL - Organiberia","isPartOf":{"@id":"https:\/\/organiberia.com\/fr\/#website"},"datePublished":"2023-06-19T08:04:45+00:00","dateModified":"2023-06-19T08:04:45+00:00","breadcrumb":{"@id":"https:\/\/organiberia.com\/fr\/producto\/organ-gel\/#breadcrumb"},"inLanguage":"fr-FR","potentialAction":[{"@type":"ReadAction","target":["https:\/\/organiberia.com\/fr\/producto\/organ-gel\/"]}]},{"@type":"BreadcrumbList","@id":"https:\/\/organiberia.com\/fr\/producto\/organ-gel\/#breadcrumb","itemListElement":[{"@type":"ListItem","position":1,"name":"Portada","item":"https:\/\/organiberia.com\/fr\/"},{"@type":"ListItem","position":2,"name":"Boutique","item":"https:\/\/organiberia.com\/fr\/boutique\/"},{"@type":"ListItem","position":3,"name":"ORGAN\u00ae GEL"}]},{"@type":"WebSite","@id":"https:\/\/organiberia.com\/fr\/#website","url":"https:\/\/organiberia.com\/fr\/","name":"Organiberia","description":"Fabricantes fertilizantes organicos","publisher":{"@id":"https:\/\/organiberia.com\/fr\/#organization"},"potentialAction":[{"@type":"SearchAction","target":{"@type":"EntryPoint","urlTemplate":"https:\/\/organiberia.com\/fr\/?s={search_term_string}"},"query-input":"required name=search_term_string"}],"inLanguage":"fr-FR"},{"@type":"Organization","@id":"https:\/\/organiberia.com\/fr\/#organization","name":"Organiberia","url":"https:\/\/organiberia.com\/fr\/","logo":{"@type":"ImageObject","inLanguage":"fr-FR","@id":"https:\/\/organiberia.com\/fr\/#\/schema\/logo\/image\/","url":"https:\/\/organiberia.com\/wp-content\/uploads\/2023\/09\/Diseno-sin-titulo-5.svg","contentUrl":"https:\/\/organiberia.com\/wp-content\/uploads\/2023\/09\/Diseno-sin-titulo-5.svg","width":1080,"height":1080,"caption":"Organiberia"},"image":{"@id":"https:\/\/organiberia.com\/fr\/#\/schema\/logo\/image\/"}}]}},"_links":{"self":[{"href":"https:\/\/organiberia.com\/fr\/wp-json\/wp\/v2\/product\/3879","targetHints":{"allow":["GET"]}}],"collection":[{"href":"https:\/\/organiberia.com\/fr\/wp-json\/wp\/v2\/product"}],"about":[{"href":"https:\/\/organiberia.com\/fr\/wp-json\/wp\/v2\/types\/product"}],"replies":[{"embeddable":true,"href":"https:\/\/organiberia.com\/fr\/wp-json\/wp\/v2\/comments?post=3879"}],"version-history":[{"count":0,"href":"https:\/\/organiberia.com\/fr\/wp-json\/wp\/v2\/product\/3879\/revisions"}],"wp:featuredmedia":[{"embeddable":true,"href":"https:\/\/organiberia.com\/fr\/wp-json\/wp\/v2\/media\/2553"}],"wp:attachment":[{"href":"https:\/\/organiberia.com\/fr\/wp-json\/wp\/v2\/media?parent=3879"}],"wp:term":[{"taxonomy":"product_brand","embeddable":true,"href":"https:\/\/organiberia.com\/fr\/wp-json\/wp\/v2\/product_brand?post=3879"},{"taxonomy":"product_cat","embeddable":true,"href":"https:\/\/organiberia.com\/fr\/wp-json\/wp\/v2\/product_cat?post=3879"},{"taxonomy":"product_tag","embeddable":true,"href":"https:\/\/organiberia.com\/fr\/wp-json\/wp\/v2\/product_tag?post=3879"}],"curies":[{"name":"wp","href":"https:\/\/api.w.org\/{rel}","templated":true}]}}