{"id":3867,"date":"2023-06-19T08:25:24","date_gmt":"2023-06-19T08:25:24","guid":{"rendered":"https:\/\/organiberia.com\/producto\/organ-calmag\/"},"modified":"2023-06-19T08:25:24","modified_gmt":"2023-06-19T08:25:24","slug":"organ-calmag","status":"publish","type":"product","link":"https:\/\/organiberia.com\/fr\/producto\/organ-calmag\/","title":{"rendered":"ORGAN\u00ae CALMAG"},"content":{"rendered":"<p><strong>COMPOSITION :<\/strong><\/p>\n<table id=\"tablepress-166\" class=\"tablepress tablepress-id-166\">\n<tbody class=\"row-hover\">\n<tr class=\"row-1 odd\">\n<td class=\"column-1\">Oxyde de calcium soluble dans l&rsquo;eau (CaO)<\/td>\n<td class=\"column-2\">10,00 % p\/p<\/td>\n<\/tr>\n<tr class=\"row-2 even\">\n<td class=\"column-1\">Oxyde de magn\u00e9sium (MgO) soluble dans l&rsquo;eau<\/td>\n<td class=\"column-2\">1,70 % p\/p<\/td>\n<\/tr>\n<\/tbody>\n<\/table>\n<p><strong>POSOLOGIE :<\/strong><\/p>\n<p>Son application est recommand\u00e9e pour pr\u00e9venir et rem\u00e9dier aux carences en calcium des l\u00e9gumes \u00e0 feuilles et \u00e0 fruits, des tubercules, des arbres fruitiers, des oliviers et d&rsquo;autres cultures telles que le tabac, la vigne, le tournesol, le coton et le ma\u00efs.<\/p>\n<table id=\"tablepress-144\" class=\"tablepress tablepress-id-144\">\n<tbody class=\"row-hover\">\n<tr class=\"row-1 odd\">\n<td class=\"column-1\">Fertigation<\/td>\n<td class=\"column-2\">5-15 L\/Ha<\/td>\n<\/tr>\n<tr class=\"row-2 even\">\n<td class=\"column-1\">Foliaire<\/td>\n<td class=\"column-2\">300-500 cc\/Hl<\/td>\n<\/tr>\n<\/tbody>\n<\/table>\n","protected":false},"excerpt":{"rendered":"<h3>Correcteur de carence en calcium et magn\u00e9sium avec micro-\u00e9l\u00e9ments<\/h3>\n<p>C&rsquo;est une source naturelle de calcium et de magn\u00e9sium gr\u00e2ce \u00e0 sa composition riche en acides polycarboxyliques et en enzymes qui facilitent l&rsquo;absorption du calcium par la plante tout en la stimulant. Il est \u00e9galement compl\u00e9t\u00e9 par une s\u00e9rie de micro-\u00e9l\u00e9ments ch\u00e9lat\u00e9s qui r\u00e9duisent la possibilit\u00e9 de physiopathologies dans la plante dues au manque d&rsquo;un micro-\u00e9l\u00e9ment. <\/p>\n<p>Avec <strong>CALMAG<\/strong>, nous pr\u00e9venons diverses maladies des cultures telles que le bitter-pit (pommier), le blosson-en-rot (l\u00e9gumes-fruits), le tip-burn (l\u00e9gumes-feuilles et fraises), le cracking (cerises et prunes) d\u00fb \u00e0 des carences en calcium.<\/p>\n<table id=\"tablepress-143\" class=\"tablepress tablepress-id-143\">\n<thead>\n<tr class=\"row-1 odd\">\n<th class=\"column-1\"><b>Format<\/b><\/th>\n<th class=\"column-2\"><b>Unit\u00e9s<br \/>\nEmballage<\/b><\/th>\n<th class=\"column-3\"><b>Palette(L)<\/b><\/th>\n<\/tr>\n<\/thead>\n<tbody class=\"row-hover\">\n<tr class=\"row-2 even\">\n<td class=\"column-1\">5 L<\/td>\n<td class=\"column-2\">4<\/td>\n<td class=\"column-3\">1000 L<\/td>\n<\/tr>\n<tr class=\"row-3 odd\">\n<td class=\"column-1\">10 L<\/td>\n<td class=\"column-2\">75<\/td>\n<td class=\"column-3\">750 L<\/td>\n<\/tr>\n<tr class=\"row-4 even\">\n<td class=\"column-1\">20 L<\/td>\n<td class=\"column-2\">48<\/td>\n<td class=\"column-3\">960 L<\/td>\n<\/tr>\n<tr class=\"row-5 odd\">\n<td class=\"column-1\">220 L<\/td>\n<td class=\"column-2\">4<\/td>\n<td class=\"column-3\">880 L<\/td>\n<\/tr>\n<tr class=\"row-6 even\">\n<td class=\"column-1\">1000 L<\/td>\n<td class=\"column-2\">1<\/td>\n<td class=\"column-3\">1000 L<\/td>\n<\/tr>\n<\/tbody>\n<\/table>\n","protected":false},"featured_media":2548,"comment_status":"open","ping_status":"closed","template":"","meta":{"site-sidebar-layout":"default","site-content-layout":"default","ast-global-header-display":"","ast-banner-title-visibility":"","ast-main-header-display":"","ast-hfb-above-header-display":"","ast-hfb-below-header-display":"","ast-hfb-mobile-header-display":"","site-post-title":"","ast-breadcrumbs-content":"","ast-featured-img":"","footer-sml-layout":"","theme-transparent-header-meta":"default","adv-header-id-meta":"","stick-header-meta":"","header-above-stick-meta":"","header-main-stick-meta":"","header-below-stick-meta":"","_joinchat":[]},"product_brand":[],"product_cat":[106,96],"product_tag":[],"class_list":{"0":"post-3867","1":"product","2":"type-product","3":"status-publish","4":"has-post-thumbnail","6":"product_cat-bionutritionnels","7":"product_cat-organe","8":"desktop-align-center","9":"tablet-align-left","10":"mobile-align-left","12":"first","13":"instock","14":"shipping-taxable","15":"product-type-simple"},"yoast_head":"<!-- This site is optimized with the Yoast SEO Premium plugin v20.9 (Yoast SEO v20.9) - https:\/\/yoast.com\/wordpress\/plugins\/seo\/ -->\n<title>ORGAN\u00ae CALMAG - Organiberia<\/title>\n<meta name=\"robots\" content=\"index, follow, max-snippet:-1, max-image-preview:large, max-video-preview:-1\" \/>\n<link rel=\"canonical\" href=\"https:\/\/organiberia.com\/fr\/producto\/organ-calmag\/\" \/>\n<meta property=\"og:locale\" content=\"fr_FR\" \/>\n<meta property=\"og:type\" content=\"article\" \/>\n<meta property=\"og:title\" content=\"ORGAN\u00ae CALMAG\" \/>\n<meta property=\"og:description\" content=\"Correcteur de carence en calcium et magn\u00e9sium avec micro-\u00e9l\u00e9ments C&#039;est une source naturelle de calcium et de magn\u00e9sium gr\u00e2ce \u00e0 sa composition riche en acides polycarboxyliques et en enzymes qui facilitent l&#039;absorption du calcium par la plante tout en la stimulant. Il est \u00e9galement compl\u00e9t\u00e9 par une s\u00e9rie de micro-\u00e9l\u00e9ments ch\u00e9lat\u00e9s qui r\u00e9duisent la possibilit\u00e9 de physiopathologies dans la plante dues au manque d&#039;un micro-\u00e9l\u00e9ment.  Avec CALMAG, nous pr\u00e9venons diverses maladies des cultures telles que le bitter-pit (pommier), le blosson-en-rot (l\u00e9gumes-fruits), le tip-burn (l\u00e9gumes-feuilles et fraises), le cracking (cerises et prunes) d\u00fb \u00e0 des carences en calcium.  Format Unit\u00e9s Emballage Palette(L)   5 L 4 1000 L  10 L 75 750 L  20 L 48 960 L  220 L 4 880 L  1000 L 1 1000 L\" \/>\n<meta property=\"og:url\" content=\"https:\/\/organiberia.com\/fr\/producto\/organ-calmag\/\" \/>\n<meta property=\"og:site_name\" content=\"Organiberia\" \/>\n<meta property=\"og:image\" content=\"https:\/\/organiberia.com\/wp-content\/uploads\/2023\/06\/Calmag-Organiberia.webp\" \/>\n\t<meta property=\"og:image:width\" content=\"1270\" \/>\n\t<meta property=\"og:image:height\" content=\"1000\" \/>\n\t<meta property=\"og:image:type\" content=\"image\/webp\" \/>\n<meta name=\"twitter:card\" content=\"summary_large_image\" \/>\n<script type=\"application\/ld+json\" class=\"yoast-schema-graph\">{\"@context\":\"https:\/\/schema.org\",\"@graph\":[{\"@type\":\"WebPage\",\"@id\":\"https:\/\/organiberia.com\/fr\/producto\/organ-calmag\/\",\"url\":\"https:\/\/organiberia.com\/fr\/producto\/organ-calmag\/\",\"name\":\"ORGAN\u00ae CALMAG - Organiberia\",\"isPartOf\":{\"@id\":\"https:\/\/organiberia.com\/fr\/#website\"},\"datePublished\":\"2023-06-19T08:25:24+00:00\",\"dateModified\":\"2023-06-19T08:25:24+00:00\",\"breadcrumb\":{\"@id\":\"https:\/\/organiberia.com\/fr\/producto\/organ-calmag\/#breadcrumb\"},\"inLanguage\":\"fr-FR\",\"potentialAction\":[{\"@type\":\"ReadAction\",\"target\":[\"https:\/\/organiberia.com\/fr\/producto\/organ-calmag\/\"]}]},{\"@type\":\"BreadcrumbList\",\"@id\":\"https:\/\/organiberia.com\/fr\/producto\/organ-calmag\/#breadcrumb\",\"itemListElement\":[{\"@type\":\"ListItem\",\"position\":1,\"name\":\"Portada\",\"item\":\"https:\/\/organiberia.com\/fr\/\"},{\"@type\":\"ListItem\",\"position\":2,\"name\":\"Boutique\",\"item\":\"https:\/\/organiberia.com\/fr\/boutique\/\"},{\"@type\":\"ListItem\",\"position\":3,\"name\":\"ORGAN\u00ae CALMAG\"}]},{\"@type\":\"WebSite\",\"@id\":\"https:\/\/organiberia.com\/fr\/#website\",\"url\":\"https:\/\/organiberia.com\/fr\/\",\"name\":\"Organiberia\",\"description\":\"Fabricantes fertilizantes organicos\",\"publisher\":{\"@id\":\"https:\/\/organiberia.com\/fr\/#organization\"},\"potentialAction\":[{\"@type\":\"SearchAction\",\"target\":{\"@type\":\"EntryPoint\",\"urlTemplate\":\"https:\/\/organiberia.com\/fr\/?s={search_term_string}\"},\"query-input\":\"required name=search_term_string\"}],\"inLanguage\":\"fr-FR\"},{\"@type\":\"Organization\",\"@id\":\"https:\/\/organiberia.com\/fr\/#organization\",\"name\":\"Organiberia\",\"url\":\"https:\/\/organiberia.com\/fr\/\",\"logo\":{\"@type\":\"ImageObject\",\"inLanguage\":\"fr-FR\",\"@id\":\"https:\/\/organiberia.com\/fr\/#\/schema\/logo\/image\/\",\"url\":\"https:\/\/organiberia.com\/wp-content\/uploads\/2023\/09\/Diseno-sin-titulo-5.svg\",\"contentUrl\":\"https:\/\/organiberia.com\/wp-content\/uploads\/2023\/09\/Diseno-sin-titulo-5.svg\",\"width\":1080,\"height\":1080,\"caption\":\"Organiberia\"},\"image\":{\"@id\":\"https:\/\/organiberia.com\/fr\/#\/schema\/logo\/image\/\"}}]}<\/script>\n<!-- \/ Yoast SEO Premium plugin. -->","yoast_head_json":{"title":"ORGAN\u00ae CALMAG - Organiberia","robots":{"index":"index","follow":"follow","max-snippet":"max-snippet:-1","max-image-preview":"max-image-preview:large","max-video-preview":"max-video-preview:-1"},"canonical":"https:\/\/organiberia.com\/fr\/producto\/organ-calmag\/","og_locale":"fr_FR","og_type":"article","og_title":"ORGAN\u00ae CALMAG","og_description":"Correcteur de carence en calcium et magn\u00e9sium avec micro-\u00e9l\u00e9ments C'est une source naturelle de calcium et de magn\u00e9sium gr\u00e2ce \u00e0 sa composition riche en acides polycarboxyliques et en enzymes qui facilitent l'absorption du calcium par la plante tout en la stimulant. Il est \u00e9galement compl\u00e9t\u00e9 par une s\u00e9rie de micro-\u00e9l\u00e9ments ch\u00e9lat\u00e9s qui r\u00e9duisent la possibilit\u00e9 de physiopathologies dans la plante dues au manque d'un micro-\u00e9l\u00e9ment.  Avec CALMAG, nous pr\u00e9venons diverses maladies des cultures telles que le bitter-pit (pommier), le blosson-en-rot (l\u00e9gumes-fruits), le tip-burn (l\u00e9gumes-feuilles et fraises), le cracking (cerises et prunes) d\u00fb \u00e0 des carences en calcium.  Format Unit\u00e9s Emballage Palette(L)   5 L 4 1000 L  10 L 75 750 L  20 L 48 960 L  220 L 4 880 L  1000 L 1 1000 L","og_url":"https:\/\/organiberia.com\/fr\/producto\/organ-calmag\/","og_site_name":"Organiberia","og_image":[{"width":1270,"height":1000,"url":"https:\/\/organiberia.com\/wp-content\/uploads\/2023\/06\/Calmag-Organiberia.webp","type":"image\/webp"}],"twitter_card":"summary_large_image","schema":{"@context":"https:\/\/schema.org","@graph":[{"@type":"WebPage","@id":"https:\/\/organiberia.com\/fr\/producto\/organ-calmag\/","url":"https:\/\/organiberia.com\/fr\/producto\/organ-calmag\/","name":"ORGAN\u00ae CALMAG - Organiberia","isPartOf":{"@id":"https:\/\/organiberia.com\/fr\/#website"},"datePublished":"2023-06-19T08:25:24+00:00","dateModified":"2023-06-19T08:25:24+00:00","breadcrumb":{"@id":"https:\/\/organiberia.com\/fr\/producto\/organ-calmag\/#breadcrumb"},"inLanguage":"fr-FR","potentialAction":[{"@type":"ReadAction","target":["https:\/\/organiberia.com\/fr\/producto\/organ-calmag\/"]}]},{"@type":"BreadcrumbList","@id":"https:\/\/organiberia.com\/fr\/producto\/organ-calmag\/#breadcrumb","itemListElement":[{"@type":"ListItem","position":1,"name":"Portada","item":"https:\/\/organiberia.com\/fr\/"},{"@type":"ListItem","position":2,"name":"Boutique","item":"https:\/\/organiberia.com\/fr\/boutique\/"},{"@type":"ListItem","position":3,"name":"ORGAN\u00ae CALMAG"}]},{"@type":"WebSite","@id":"https:\/\/organiberia.com\/fr\/#website","url":"https:\/\/organiberia.com\/fr\/","name":"Organiberia","description":"Fabricantes fertilizantes organicos","publisher":{"@id":"https:\/\/organiberia.com\/fr\/#organization"},"potentialAction":[{"@type":"SearchAction","target":{"@type":"EntryPoint","urlTemplate":"https:\/\/organiberia.com\/fr\/?s={search_term_string}"},"query-input":"required name=search_term_string"}],"inLanguage":"fr-FR"},{"@type":"Organization","@id":"https:\/\/organiberia.com\/fr\/#organization","name":"Organiberia","url":"https:\/\/organiberia.com\/fr\/","logo":{"@type":"ImageObject","inLanguage":"fr-FR","@id":"https:\/\/organiberia.com\/fr\/#\/schema\/logo\/image\/","url":"https:\/\/organiberia.com\/wp-content\/uploads\/2023\/09\/Diseno-sin-titulo-5.svg","contentUrl":"https:\/\/organiberia.com\/wp-content\/uploads\/2023\/09\/Diseno-sin-titulo-5.svg","width":1080,"height":1080,"caption":"Organiberia"},"image":{"@id":"https:\/\/organiberia.com\/fr\/#\/schema\/logo\/image\/"}}]}},"_links":{"self":[{"href":"https:\/\/organiberia.com\/fr\/wp-json\/wp\/v2\/product\/3867","targetHints":{"allow":["GET"]}}],"collection":[{"href":"https:\/\/organiberia.com\/fr\/wp-json\/wp\/v2\/product"}],"about":[{"href":"https:\/\/organiberia.com\/fr\/wp-json\/wp\/v2\/types\/product"}],"replies":[{"embeddable":true,"href":"https:\/\/organiberia.com\/fr\/wp-json\/wp\/v2\/comments?post=3867"}],"version-history":[{"count":0,"href":"https:\/\/organiberia.com\/fr\/wp-json\/wp\/v2\/product\/3867\/revisions"}],"wp:featuredmedia":[{"embeddable":true,"href":"https:\/\/organiberia.com\/fr\/wp-json\/wp\/v2\/media\/2548"}],"wp:attachment":[{"href":"https:\/\/organiberia.com\/fr\/wp-json\/wp\/v2\/media?parent=3867"}],"wp:term":[{"taxonomy":"product_brand","embeddable":true,"href":"https:\/\/organiberia.com\/fr\/wp-json\/wp\/v2\/product_brand?post=3867"},{"taxonomy":"product_cat","embeddable":true,"href":"https:\/\/organiberia.com\/fr\/wp-json\/wp\/v2\/product_cat?post=3867"},{"taxonomy":"product_tag","embeddable":true,"href":"https:\/\/organiberia.com\/fr\/wp-json\/wp\/v2\/product_tag?post=3867"}],"curies":[{"name":"wp","href":"https:\/\/api.w.org\/{rel}","templated":true}]}}