{"id":3860,"date":"2023-06-19T08:30:30","date_gmt":"2023-06-19T08:30:30","guid":{"rendered":"https:\/\/organiberia.com\/producto\/organ-fierro\/"},"modified":"2023-06-19T08:30:30","modified_gmt":"2023-06-19T08:30:30","slug":"organ-fierro","status":"publish","type":"product","link":"https:\/\/organiberia.com\/fr\/producto\/organ-fierro\/","title":{"rendered":"ORGAN\u00ae FIERRO"},"content":{"rendered":"<p><strong>LA RICHESSE GARANTIE :<\/strong><\/p>\n<table id=\"tablepress-15\" class=\"tablepress tablepress-id-15\">\n<tbody class=\"row-hover\">\n<tr class=\"row-1 odd\">\n<td class=\"column-1\">Fer (Fe)<\/td>\n<td class=\"column-2\">6,00%<\/td>\n<\/tr>\n<tr class=\"row-2 even\">\n<td class=\"column-1\">Agent ch\u00e9lateur<\/td>\n<td class=\"column-2\">EDDHA<\/td>\n<\/tr>\n<tr class=\"row-3 odd\">\n<td class=\"column-1\">Rapport Ortho-Ortho<\/td>\n<td class=\"column-2\">2 \/ 3,2 \/ 4,2 \/ 4,80%<\/td>\n<\/tr>\n<\/tbody>\n<\/table>\n<p><strong>POSOLOGIE :<\/strong><\/p>\n<table id=\"tablepress-16\" class=\"tablepress tablepress-id-16\">\n<thead>\n<tr class=\"row-1 odd\">\n<th class=\"column-1\"><strong>CULTURES<\/strong><\/th>\n<th class=\"column-2\"><strong>JEUNES<\/strong><\/th>\n<th class=\"column-3\"><strong>ADULTES<\/strong><\/th>\n<\/tr>\n<\/thead>\n<tbody class=\"row-hover\">\n<tr class=\"row-2 even\">\n<td class=\"column-1\">Arbres fruitiers \u00e0 p\u00e9pins<\/td>\n<td class=\"column-2\">10-20 g\/pied<\/td>\n<td class=\"column-3\">30-75 g\/pied<\/td>\n<\/tr>\n<tr class=\"row-3 odd\">\n<td class=\"column-1\">Arbres fruitiers \u00e0 noyaux<\/td>\n<td class=\"column-2\">15-30 g\/pied<\/td>\n<td class=\"column-3\">50-100 g\/pied<\/td>\n<\/tr>\n<tr class=\"row-4 even\">\n<td class=\"column-1\">Agrumes<\/td>\n<td class=\"column-2\">20-40 g\/pied<\/td>\n<td class=\"column-3\">75-150 g\/pied<\/td>\n<\/tr>\n<tr class=\"row-5 odd\">\n<td class=\"column-1\">Bananier<\/td>\n<td class=\"column-2\">3-7 g\/plant<\/td>\n<td class=\"column-3\">7-15 g\/plant<\/td>\n<\/tr>\n<tr class=\"row-6 even\">\n<td class=\"column-1\">Avocat et vigne<\/td>\n<td class=\"column-2\">3-6 g\/plante<\/td>\n<td class=\"column-3\">10 g\/plante<\/td>\n<\/tr>\n<tr class=\"row-7 odd\">\n<td class=\"column-1\">Horticulture et plantes ornementales<\/td>\n<td class=\"column-2\">5-10 Kg\/Ha<br \/>\n<span class=\"contenidopeq\">en cycle court<\/span><\/td>\n<td class=\"column-3\">10-20 Kg\/Ha<br \/>\n<span class=\"contenidopeq\">en cycle long<\/span><\/td>\n<\/tr>\n<\/tbody>\n<\/table>\n<p>&nbsp;<\/p>\n","protected":false},"excerpt":{"rendered":"<h3>6% EDDHA<\/h3>\n<p><strong><br \/>\n<\/strong>Correcteur de carence en fer tr\u00e8s efficace gr\u00e2ce \u00e0 l&rsquo;agent ch\u00e9lateur et au ratio Ortho-Ortho qui assure une plage de stabilit\u00e9 de la fraction ch\u00e9lat\u00e9e pour un pH de 3 \u00e0 11.<\/p>\n<p>Pr\u00e9vient les carences en fer des plantes fruiti\u00e8res, potag\u00e8res et ornementales par l&rsquo;effet du pH, qui peut \u00eatre accentu\u00e9 par un exc\u00e8s d&rsquo;eau, un manque d&rsquo;a\u00e9ration du sol ou par l&rsquo;action antagoniste d&rsquo;autres oligo-\u00e9l\u00e9ments.<\/p>\n<table id=\"tablepress-17\" class=\"tablepress tablepress-id-17\">\n<thead>\n<tr class=\"row-1 odd\">\n<th class=\"column-1\"><b>Format<\/b><\/th>\n<th class=\"column-2\"><b>Unit\u00e9s<br \/>\nEmballage<\/b><\/th>\n<th class=\"column-3\"><b>Palette(Kg)<\/b><\/th>\n<\/tr>\n<\/thead>\n<tbody class=\"row-hover\">\n<tr class=\"row-2 even\">\n<td class=\"column-1\">5 Kg<\/td>\n<td class=\"column-2\">4 pi\u00e8ces\/bo\u00eete<\/td>\n<td class=\"column-3\">600 Kg<\/td>\n<\/tr>\n<\/tbody>\n<\/table>\n","protected":false},"featured_media":2507,"comment_status":"open","ping_status":"closed","template":"","meta":{"site-sidebar-layout":"default","site-content-layout":"default","ast-global-header-display":"","ast-banner-title-visibility":"","ast-main-header-display":"","ast-hfb-above-header-display":"","ast-hfb-below-header-display":"","ast-hfb-mobile-header-display":"","site-post-title":"","ast-breadcrumbs-content":"","ast-featured-img":"","footer-sml-layout":"","theme-transparent-header-meta":"default","adv-header-id-meta":"","stick-header-meta":"","header-above-stick-meta":"","header-main-stick-meta":"","header-below-stick-meta":"","_joinchat":[]},"product_brand":[],"product_cat":[106,96],"product_tag":[],"class_list":{"0":"post-3860","1":"product","2":"type-product","3":"status-publish","4":"has-post-thumbnail","6":"product_cat-bionutritionnels","7":"product_cat-organe","8":"desktop-align-center","9":"tablet-align-left","10":"mobile-align-left","12":"first","13":"instock","14":"shipping-taxable","15":"product-type-simple"},"yoast_head":"<!-- This site is optimized with the Yoast SEO Premium plugin v20.9 (Yoast SEO v20.9) - https:\/\/yoast.com\/wordpress\/plugins\/seo\/ -->\n<title>ORGAN\u00ae FIERRO - Organiberia<\/title>\n<meta name=\"robots\" content=\"index, follow, max-snippet:-1, max-image-preview:large, max-video-preview:-1\" \/>\n<link rel=\"canonical\" href=\"https:\/\/organiberia.com\/fr\/producto\/organ-fierro\/\" \/>\n<meta property=\"og:locale\" content=\"fr_FR\" \/>\n<meta property=\"og:type\" content=\"article\" \/>\n<meta property=\"og:title\" content=\"ORGAN\u00ae FIERRO\" \/>\n<meta property=\"og:description\" content=\"6% EDDHA Correcteur de carence en fer tr\u00e8s efficace gr\u00e2ce \u00e0 l&#039;agent ch\u00e9lateur et au ratio Ortho-Ortho qui assure une plage de stabilit\u00e9 de la fraction ch\u00e9lat\u00e9e pour un pH de 3 \u00e0 11. Pr\u00e9vient les carences en fer des plantes fruiti\u00e8res, potag\u00e8res et ornementales par l&#039;effet du pH, qui peut \u00eatre accentu\u00e9 par un exc\u00e8s d&#039;eau, un manque d&#039;a\u00e9ration du sol ou par l&#039;action antagoniste d&#039;autres oligo-\u00e9l\u00e9ments.  Format Unit\u00e9s Emballage Palette(Kg)   5 Kg 4 pi\u00e8ces\/bo\u00eete 600 Kg\" \/>\n<meta property=\"og:url\" content=\"https:\/\/organiberia.com\/fr\/producto\/organ-fierro\/\" \/>\n<meta property=\"og:site_name\" content=\"Organiberia\" \/>\n<meta property=\"og:image\" content=\"https:\/\/organiberia.com\/wp-content\/uploads\/2023\/06\/Fierro-Organiberia.webp\" \/>\n\t<meta property=\"og:image:width\" content=\"1000\" \/>\n\t<meta property=\"og:image:height\" content=\"1000\" \/>\n\t<meta property=\"og:image:type\" content=\"image\/webp\" \/>\n<meta name=\"twitter:card\" content=\"summary_large_image\" \/>\n<script type=\"application\/ld+json\" class=\"yoast-schema-graph\">{\"@context\":\"https:\/\/schema.org\",\"@graph\":[{\"@type\":\"WebPage\",\"@id\":\"https:\/\/organiberia.com\/fr\/producto\/organ-fierro\/\",\"url\":\"https:\/\/organiberia.com\/fr\/producto\/organ-fierro\/\",\"name\":\"ORGAN\u00ae FIERRO - Organiberia\",\"isPartOf\":{\"@id\":\"https:\/\/organiberia.com\/fr\/#website\"},\"datePublished\":\"2023-06-19T08:30:30+00:00\",\"dateModified\":\"2023-06-19T08:30:30+00:00\",\"breadcrumb\":{\"@id\":\"https:\/\/organiberia.com\/fr\/producto\/organ-fierro\/#breadcrumb\"},\"inLanguage\":\"fr-FR\",\"potentialAction\":[{\"@type\":\"ReadAction\",\"target\":[\"https:\/\/organiberia.com\/fr\/producto\/organ-fierro\/\"]}]},{\"@type\":\"BreadcrumbList\",\"@id\":\"https:\/\/organiberia.com\/fr\/producto\/organ-fierro\/#breadcrumb\",\"itemListElement\":[{\"@type\":\"ListItem\",\"position\":1,\"name\":\"Portada\",\"item\":\"https:\/\/organiberia.com\/fr\/\"},{\"@type\":\"ListItem\",\"position\":2,\"name\":\"Boutique\",\"item\":\"https:\/\/organiberia.com\/fr\/boutique\/\"},{\"@type\":\"ListItem\",\"position\":3,\"name\":\"ORGAN\u00ae FIERRO\"}]},{\"@type\":\"WebSite\",\"@id\":\"https:\/\/organiberia.com\/fr\/#website\",\"url\":\"https:\/\/organiberia.com\/fr\/\",\"name\":\"Organiberia\",\"description\":\"Fabricantes fertilizantes organicos\",\"publisher\":{\"@id\":\"https:\/\/organiberia.com\/fr\/#organization\"},\"potentialAction\":[{\"@type\":\"SearchAction\",\"target\":{\"@type\":\"EntryPoint\",\"urlTemplate\":\"https:\/\/organiberia.com\/fr\/?s={search_term_string}\"},\"query-input\":\"required name=search_term_string\"}],\"inLanguage\":\"fr-FR\"},{\"@type\":\"Organization\",\"@id\":\"https:\/\/organiberia.com\/fr\/#organization\",\"name\":\"Organiberia\",\"url\":\"https:\/\/organiberia.com\/fr\/\",\"logo\":{\"@type\":\"ImageObject\",\"inLanguage\":\"fr-FR\",\"@id\":\"https:\/\/organiberia.com\/fr\/#\/schema\/logo\/image\/\",\"url\":\"https:\/\/organiberia.com\/wp-content\/uploads\/2023\/09\/Diseno-sin-titulo-5.svg\",\"contentUrl\":\"https:\/\/organiberia.com\/wp-content\/uploads\/2023\/09\/Diseno-sin-titulo-5.svg\",\"width\":1080,\"height\":1080,\"caption\":\"Organiberia\"},\"image\":{\"@id\":\"https:\/\/organiberia.com\/fr\/#\/schema\/logo\/image\/\"}}]}<\/script>\n<!-- \/ Yoast SEO Premium plugin. -->","yoast_head_json":{"title":"ORGAN\u00ae FIERRO - Organiberia","robots":{"index":"index","follow":"follow","max-snippet":"max-snippet:-1","max-image-preview":"max-image-preview:large","max-video-preview":"max-video-preview:-1"},"canonical":"https:\/\/organiberia.com\/fr\/producto\/organ-fierro\/","og_locale":"fr_FR","og_type":"article","og_title":"ORGAN\u00ae FIERRO","og_description":"6% EDDHA Correcteur de carence en fer tr\u00e8s efficace gr\u00e2ce \u00e0 l'agent ch\u00e9lateur et au ratio Ortho-Ortho qui assure une plage de stabilit\u00e9 de la fraction ch\u00e9lat\u00e9e pour un pH de 3 \u00e0 11. Pr\u00e9vient les carences en fer des plantes fruiti\u00e8res, potag\u00e8res et ornementales par l'effet du pH, qui peut \u00eatre accentu\u00e9 par un exc\u00e8s d'eau, un manque d'a\u00e9ration du sol ou par l'action antagoniste d'autres oligo-\u00e9l\u00e9ments.  Format Unit\u00e9s Emballage Palette(Kg)   5 Kg 4 pi\u00e8ces\/bo\u00eete 600 Kg","og_url":"https:\/\/organiberia.com\/fr\/producto\/organ-fierro\/","og_site_name":"Organiberia","og_image":[{"width":1000,"height":1000,"url":"https:\/\/organiberia.com\/wp-content\/uploads\/2023\/06\/Fierro-Organiberia.webp","type":"image\/webp"}],"twitter_card":"summary_large_image","schema":{"@context":"https:\/\/schema.org","@graph":[{"@type":"WebPage","@id":"https:\/\/organiberia.com\/fr\/producto\/organ-fierro\/","url":"https:\/\/organiberia.com\/fr\/producto\/organ-fierro\/","name":"ORGAN\u00ae FIERRO - Organiberia","isPartOf":{"@id":"https:\/\/organiberia.com\/fr\/#website"},"datePublished":"2023-06-19T08:30:30+00:00","dateModified":"2023-06-19T08:30:30+00:00","breadcrumb":{"@id":"https:\/\/organiberia.com\/fr\/producto\/organ-fierro\/#breadcrumb"},"inLanguage":"fr-FR","potentialAction":[{"@type":"ReadAction","target":["https:\/\/organiberia.com\/fr\/producto\/organ-fierro\/"]}]},{"@type":"BreadcrumbList","@id":"https:\/\/organiberia.com\/fr\/producto\/organ-fierro\/#breadcrumb","itemListElement":[{"@type":"ListItem","position":1,"name":"Portada","item":"https:\/\/organiberia.com\/fr\/"},{"@type":"ListItem","position":2,"name":"Boutique","item":"https:\/\/organiberia.com\/fr\/boutique\/"},{"@type":"ListItem","position":3,"name":"ORGAN\u00ae FIERRO"}]},{"@type":"WebSite","@id":"https:\/\/organiberia.com\/fr\/#website","url":"https:\/\/organiberia.com\/fr\/","name":"Organiberia","description":"Fabricantes fertilizantes organicos","publisher":{"@id":"https:\/\/organiberia.com\/fr\/#organization"},"potentialAction":[{"@type":"SearchAction","target":{"@type":"EntryPoint","urlTemplate":"https:\/\/organiberia.com\/fr\/?s={search_term_string}"},"query-input":"required name=search_term_string"}],"inLanguage":"fr-FR"},{"@type":"Organization","@id":"https:\/\/organiberia.com\/fr\/#organization","name":"Organiberia","url":"https:\/\/organiberia.com\/fr\/","logo":{"@type":"ImageObject","inLanguage":"fr-FR","@id":"https:\/\/organiberia.com\/fr\/#\/schema\/logo\/image\/","url":"https:\/\/organiberia.com\/wp-content\/uploads\/2023\/09\/Diseno-sin-titulo-5.svg","contentUrl":"https:\/\/organiberia.com\/wp-content\/uploads\/2023\/09\/Diseno-sin-titulo-5.svg","width":1080,"height":1080,"caption":"Organiberia"},"image":{"@id":"https:\/\/organiberia.com\/fr\/#\/schema\/logo\/image\/"}}]}},"_links":{"self":[{"href":"https:\/\/organiberia.com\/fr\/wp-json\/wp\/v2\/product\/3860","targetHints":{"allow":["GET"]}}],"collection":[{"href":"https:\/\/organiberia.com\/fr\/wp-json\/wp\/v2\/product"}],"about":[{"href":"https:\/\/organiberia.com\/fr\/wp-json\/wp\/v2\/types\/product"}],"replies":[{"embeddable":true,"href":"https:\/\/organiberia.com\/fr\/wp-json\/wp\/v2\/comments?post=3860"}],"version-history":[{"count":0,"href":"https:\/\/organiberia.com\/fr\/wp-json\/wp\/v2\/product\/3860\/revisions"}],"wp:featuredmedia":[{"embeddable":true,"href":"https:\/\/organiberia.com\/fr\/wp-json\/wp\/v2\/media\/2507"}],"wp:attachment":[{"href":"https:\/\/organiberia.com\/fr\/wp-json\/wp\/v2\/media?parent=3860"}],"wp:term":[{"taxonomy":"product_brand","embeddable":true,"href":"https:\/\/organiberia.com\/fr\/wp-json\/wp\/v2\/product_brand?post=3860"},{"taxonomy":"product_cat","embeddable":true,"href":"https:\/\/organiberia.com\/fr\/wp-json\/wp\/v2\/product_cat?post=3860"},{"taxonomy":"product_tag","embeddable":true,"href":"https:\/\/organiberia.com\/fr\/wp-json\/wp\/v2\/product_tag?post=3860"}],"curies":[{"name":"wp","href":"https:\/\/api.w.org\/{rel}","templated":true}]}}