{"id":3853,"date":"2023-06-19T08:41:25","date_gmt":"2023-06-19T08:41:25","guid":{"rendered":"https:\/\/organiberia.com\/producto\/organ-calbor\/"},"modified":"2023-06-19T08:41:25","modified_gmt":"2023-06-19T08:41:25","slug":"organ-calbor","status":"publish","type":"product","link":"https:\/\/organiberia.com\/fr\/producto\/organ-calbor\/","title":{"rendered":"ORGAN\u00ae CALBOR"},"content":{"rendered":"<p><strong>LA RICHESSE GARANTIE :<\/strong><\/p>\n<table id=\"tablepress-151\" class=\"tablepress tablepress-id-151\">\n<tbody class=\"row-hover\">\n<tr class=\"row-1 odd\">\n<td class=\"column-1\">Oxyde de calcium (CaO)<\/td>\n<td class=\"column-2\">9,00 % p\/p<\/td>\n<\/tr>\n<tr class=\"row-2 even\">\n<td class=\"column-1\">Bore (B)<\/td>\n<td class=\"column-2\">0,80 % p\/p<\/td>\n<\/tr>\n<tr class=\"row-3 odd\">\n<td class=\"column-1\">Densit\u00e9<\/td>\n<td class=\"column-2\">1,2 g\/cc<\/td>\n<\/tr>\n<tr class=\"row-4 even\">\n<td class=\"column-1\">pH (1\/10)<\/td>\n<td class=\"column-2\">5<\/td>\n<\/tr>\n<\/tbody>\n<\/table>\n<p><strong>POSOLOGIE :<\/strong><\/p>\n<table id=\"tablepress-22\" class=\"tablepress tablepress-id-22\">\n<tbody class=\"row-hover\">\n<tr class=\"row-1 odd\">\n<td class=\"column-1\">Fertigation<\/td>\n<td class=\"column-2\">10-20 L\/Ha<\/td>\n<\/tr>\n<tr class=\"row-2 even\">\n<td class=\"column-1\">Foliaire<\/td>\n<td class=\"column-2\">250-500 cc\/Hl<\/td>\n<\/tr>\n<\/tbody>\n<\/table>\n<p>Son application est recommand\u00e9e pour pr\u00e9venir et rem\u00e9dier aux carences en calcium des l\u00e9gumes \u00e0 feuilles et \u00e0 fruits, des tubercules, des arbres fruitiers \u00e0 p\u00e9pins et d&rsquo;autres cultures telles que le tabac, la vigne, le tournesol, le coton et le ma\u00efs.<\/p>\n<p>Il peut \u00eatre introduit en continu dans le r\u00e9servoir contenant la solution de nitrate de calcium, selon le ratio suivant :<\/p>\n<table id=\"tablepress-23\" class=\"tablepress tablepress-id-23\">\n<tbody class=\"row-hover\">\n<tr class=\"row-1 odd\">\n<td class=\"column-1\">Si nous voulons remplacer 200kg de nitrate de calcium, nous devrons appliquer 50L de CALBOR<\/td>\n<\/tr>\n<\/tbody>\n<\/table>\n<p>Peut \u00eatre utilis\u00e9 en combinaison avec des micro-\u00e9l\u00e9ments, des mati\u00e8res organiques et des acides amin\u00e9s. Ne pas m\u00e9langer avec des acides humiques et des produits \u00e0 pH alcalin.<\/p>\n","protected":false},"excerpt":{"rendered":"<h3>Calcium sans nitrate<\/h3>\n<p>Produit liquide contenant 12 % d&rsquo;oxyde de calcium, exempt de nitrates et de chlorures, ce qui en fait une excellente source de calcium, en particulier lorsque l&rsquo;incorporation de nitrates doit \u00eatre \u00e9vit\u00e9e.<\/p>\n<p>L&rsquo;ajout de calcium sans azote permet d&rsquo;\u00e9viter diverses physiopathologies dont souffrent les cultures, telles que le bitter-pit (pommier), le blosson-en-rot (l\u00e9gumes-fruits), le tip-burn (l\u00e9gumes-feuilles et fraise), le cracking (cerise et prune). La pr\u00e9sence suppl\u00e9mentaire de bore assure une meilleure assimilation du calcium par la plante. <\/p>\n<table id=\"tablepress-24\" class=\"tablepress tablepress-id-24\">\n<thead>\n<tr class=\"row-1 odd\">\n<th class=\"column-1\"><b>Format<\/b><\/th>\n<th class=\"column-2\"><b>Unit\u00e9s<br \/>\nEmballage<\/b><\/th>\n<th class=\"column-3\"><b>Palette(L)<\/b><\/th>\n<\/tr>\n<\/thead>\n<tbody class=\"row-hover\">\n<tr class=\"row-2 even\">\n<td class=\"column-1\">5 L<\/td>\n<td class=\"column-2\">4<\/td>\n<td class=\"column-3\">1000 L<\/td>\n<\/tr>\n<tr class=\"row-3 odd\">\n<td class=\"column-1\">20 L<\/td>\n<td class=\"column-2\">48<\/td>\n<td class=\"column-3\">960 L<\/td>\n<\/tr>\n<tr class=\"row-4 even\">\n<td class=\"column-1\">220 L<\/td>\n<td class=\"column-2\">4<\/td>\n<td class=\"column-3\">880 L<\/td>\n<\/tr>\n<tr class=\"row-5 odd\">\n<td class=\"column-1\">1000 L<\/td>\n<td class=\"column-2\">1<\/td>\n<td class=\"column-3\">1000 L<\/td>\n<\/tr>\n<\/tbody>\n<\/table>\n","protected":false},"featured_media":2546,"comment_status":"open","ping_status":"closed","template":"","meta":{"site-sidebar-layout":"default","site-content-layout":"default","ast-global-header-display":"","ast-banner-title-visibility":"","ast-main-header-display":"","ast-hfb-above-header-display":"","ast-hfb-below-header-display":"","ast-hfb-mobile-header-display":"","site-post-title":"","ast-breadcrumbs-content":"","ast-featured-img":"","footer-sml-layout":"","theme-transparent-header-meta":"default","adv-header-id-meta":"","stick-header-meta":"","header-above-stick-meta":"","header-main-stick-meta":"","header-below-stick-meta":"","_joinchat":[]},"product_brand":[],"product_cat":[106,96],"product_tag":[],"class_list":{"0":"post-3853","1":"product","2":"type-product","3":"status-publish","4":"has-post-thumbnail","6":"product_cat-bionutritionnels","7":"product_cat-organe","8":"desktop-align-center","9":"tablet-align-left","10":"mobile-align-left","12":"first","13":"onbackorder","14":"shipping-taxable","15":"product-type-simple"},"yoast_head":"<!-- This site is optimized with the Yoast SEO Premium plugin v20.9 (Yoast SEO v20.9) - https:\/\/yoast.com\/wordpress\/plugins\/seo\/ -->\n<title>ORGAN\u00ae CALBOR - Organiberia<\/title>\n<meta name=\"robots\" content=\"index, follow, max-snippet:-1, max-image-preview:large, max-video-preview:-1\" \/>\n<link rel=\"canonical\" href=\"https:\/\/organiberia.com\/fr\/producto\/organ-calbor\/\" \/>\n<meta property=\"og:locale\" content=\"fr_FR\" \/>\n<meta property=\"og:type\" content=\"article\" \/>\n<meta property=\"og:title\" content=\"ORGAN\u00ae CALBOR\" \/>\n<meta property=\"og:description\" content=\"Calcium sans nitrate Produit liquide contenant 12 % d&#039;oxyde de calcium, exempt de nitrates et de chlorures, ce qui en fait une excellente source de calcium, en particulier lorsque l&#039;incorporation de nitrates doit \u00eatre \u00e9vit\u00e9e. L&#039;ajout de calcium sans azote permet d&#039;\u00e9viter diverses physiopathologies dont souffrent les cultures, telles que le bitter-pit (pommier), le blosson-en-rot (l\u00e9gumes-fruits), le tip-burn (l\u00e9gumes-feuilles et fraise), le cracking (cerise et prune). La pr\u00e9sence suppl\u00e9mentaire de bore assure une meilleure assimilation du calcium par la plante.   Format Unit\u00e9s Emballage Palette(L)   5 L 4 1000 L  20 L 48 960 L  220 L 4 880 L  1000 L 1 1000 L\" \/>\n<meta property=\"og:url\" content=\"https:\/\/organiberia.com\/fr\/producto\/organ-calbor\/\" \/>\n<meta property=\"og:site_name\" content=\"Organiberia\" \/>\n<meta property=\"og:image\" content=\"https:\/\/organiberia.com\/wp-content\/uploads\/2023\/06\/Calbor-Organiberia.webp\" \/>\n\t<meta property=\"og:image:width\" content=\"1270\" \/>\n\t<meta property=\"og:image:height\" content=\"1000\" \/>\n\t<meta property=\"og:image:type\" content=\"image\/webp\" \/>\n<meta name=\"twitter:card\" content=\"summary_large_image\" \/>\n<meta name=\"twitter:label1\" content=\"Dur\u00e9e de lecture estim\u00e9e\" \/>\n\t<meta name=\"twitter:data1\" content=\"1 minute\" \/>\n<script type=\"application\/ld+json\" class=\"yoast-schema-graph\">{\"@context\":\"https:\/\/schema.org\",\"@graph\":[{\"@type\":\"WebPage\",\"@id\":\"https:\/\/organiberia.com\/fr\/producto\/organ-calbor\/\",\"url\":\"https:\/\/organiberia.com\/fr\/producto\/organ-calbor\/\",\"name\":\"ORGAN\u00ae CALBOR - Organiberia\",\"isPartOf\":{\"@id\":\"https:\/\/organiberia.com\/fr\/#website\"},\"datePublished\":\"2023-06-19T08:41:25+00:00\",\"dateModified\":\"2023-06-19T08:41:25+00:00\",\"breadcrumb\":{\"@id\":\"https:\/\/organiberia.com\/fr\/producto\/organ-calbor\/#breadcrumb\"},\"inLanguage\":\"fr-FR\",\"potentialAction\":[{\"@type\":\"ReadAction\",\"target\":[\"https:\/\/organiberia.com\/fr\/producto\/organ-calbor\/\"]}]},{\"@type\":\"BreadcrumbList\",\"@id\":\"https:\/\/organiberia.com\/fr\/producto\/organ-calbor\/#breadcrumb\",\"itemListElement\":[{\"@type\":\"ListItem\",\"position\":1,\"name\":\"Portada\",\"item\":\"https:\/\/organiberia.com\/fr\/\"},{\"@type\":\"ListItem\",\"position\":2,\"name\":\"Boutique\",\"item\":\"https:\/\/organiberia.com\/fr\/boutique\/\"},{\"@type\":\"ListItem\",\"position\":3,\"name\":\"ORGAN\u00ae CALBOR\"}]},{\"@type\":\"WebSite\",\"@id\":\"https:\/\/organiberia.com\/fr\/#website\",\"url\":\"https:\/\/organiberia.com\/fr\/\",\"name\":\"Organiberia\",\"description\":\"Fabricantes fertilizantes organicos\",\"publisher\":{\"@id\":\"https:\/\/organiberia.com\/fr\/#organization\"},\"potentialAction\":[{\"@type\":\"SearchAction\",\"target\":{\"@type\":\"EntryPoint\",\"urlTemplate\":\"https:\/\/organiberia.com\/fr\/?s={search_term_string}\"},\"query-input\":\"required name=search_term_string\"}],\"inLanguage\":\"fr-FR\"},{\"@type\":\"Organization\",\"@id\":\"https:\/\/organiberia.com\/fr\/#organization\",\"name\":\"Organiberia\",\"url\":\"https:\/\/organiberia.com\/fr\/\",\"logo\":{\"@type\":\"ImageObject\",\"inLanguage\":\"fr-FR\",\"@id\":\"https:\/\/organiberia.com\/fr\/#\/schema\/logo\/image\/\",\"url\":\"https:\/\/organiberia.com\/wp-content\/uploads\/2023\/09\/Diseno-sin-titulo-5.svg\",\"contentUrl\":\"https:\/\/organiberia.com\/wp-content\/uploads\/2023\/09\/Diseno-sin-titulo-5.svg\",\"width\":1080,\"height\":1080,\"caption\":\"Organiberia\"},\"image\":{\"@id\":\"https:\/\/organiberia.com\/fr\/#\/schema\/logo\/image\/\"}}]}<\/script>\n<!-- \/ Yoast SEO Premium plugin. -->","yoast_head_json":{"title":"ORGAN\u00ae CALBOR - Organiberia","robots":{"index":"index","follow":"follow","max-snippet":"max-snippet:-1","max-image-preview":"max-image-preview:large","max-video-preview":"max-video-preview:-1"},"canonical":"https:\/\/organiberia.com\/fr\/producto\/organ-calbor\/","og_locale":"fr_FR","og_type":"article","og_title":"ORGAN\u00ae CALBOR","og_description":"Calcium sans nitrate Produit liquide contenant 12 % d'oxyde de calcium, exempt de nitrates et de chlorures, ce qui en fait une excellente source de calcium, en particulier lorsque l'incorporation de nitrates doit \u00eatre \u00e9vit\u00e9e. L'ajout de calcium sans azote permet d'\u00e9viter diverses physiopathologies dont souffrent les cultures, telles que le bitter-pit (pommier), le blosson-en-rot (l\u00e9gumes-fruits), le tip-burn (l\u00e9gumes-feuilles et fraise), le cracking (cerise et prune). La pr\u00e9sence suppl\u00e9mentaire de bore assure une meilleure assimilation du calcium par la plante.   Format Unit\u00e9s Emballage Palette(L)   5 L 4 1000 L  20 L 48 960 L  220 L 4 880 L  1000 L 1 1000 L","og_url":"https:\/\/organiberia.com\/fr\/producto\/organ-calbor\/","og_site_name":"Organiberia","og_image":[{"width":1270,"height":1000,"url":"https:\/\/organiberia.com\/wp-content\/uploads\/2023\/06\/Calbor-Organiberia.webp","type":"image\/webp"}],"twitter_card":"summary_large_image","twitter_misc":{"Dur\u00e9e de lecture estim\u00e9e":"1 minute"},"schema":{"@context":"https:\/\/schema.org","@graph":[{"@type":"WebPage","@id":"https:\/\/organiberia.com\/fr\/producto\/organ-calbor\/","url":"https:\/\/organiberia.com\/fr\/producto\/organ-calbor\/","name":"ORGAN\u00ae CALBOR - Organiberia","isPartOf":{"@id":"https:\/\/organiberia.com\/fr\/#website"},"datePublished":"2023-06-19T08:41:25+00:00","dateModified":"2023-06-19T08:41:25+00:00","breadcrumb":{"@id":"https:\/\/organiberia.com\/fr\/producto\/organ-calbor\/#breadcrumb"},"inLanguage":"fr-FR","potentialAction":[{"@type":"ReadAction","target":["https:\/\/organiberia.com\/fr\/producto\/organ-calbor\/"]}]},{"@type":"BreadcrumbList","@id":"https:\/\/organiberia.com\/fr\/producto\/organ-calbor\/#breadcrumb","itemListElement":[{"@type":"ListItem","position":1,"name":"Portada","item":"https:\/\/organiberia.com\/fr\/"},{"@type":"ListItem","position":2,"name":"Boutique","item":"https:\/\/organiberia.com\/fr\/boutique\/"},{"@type":"ListItem","position":3,"name":"ORGAN\u00ae CALBOR"}]},{"@type":"WebSite","@id":"https:\/\/organiberia.com\/fr\/#website","url":"https:\/\/organiberia.com\/fr\/","name":"Organiberia","description":"Fabricantes fertilizantes organicos","publisher":{"@id":"https:\/\/organiberia.com\/fr\/#organization"},"potentialAction":[{"@type":"SearchAction","target":{"@type":"EntryPoint","urlTemplate":"https:\/\/organiberia.com\/fr\/?s={search_term_string}"},"query-input":"required name=search_term_string"}],"inLanguage":"fr-FR"},{"@type":"Organization","@id":"https:\/\/organiberia.com\/fr\/#organization","name":"Organiberia","url":"https:\/\/organiberia.com\/fr\/","logo":{"@type":"ImageObject","inLanguage":"fr-FR","@id":"https:\/\/organiberia.com\/fr\/#\/schema\/logo\/image\/","url":"https:\/\/organiberia.com\/wp-content\/uploads\/2023\/09\/Diseno-sin-titulo-5.svg","contentUrl":"https:\/\/organiberia.com\/wp-content\/uploads\/2023\/09\/Diseno-sin-titulo-5.svg","width":1080,"height":1080,"caption":"Organiberia"},"image":{"@id":"https:\/\/organiberia.com\/fr\/#\/schema\/logo\/image\/"}}]}},"_links":{"self":[{"href":"https:\/\/organiberia.com\/fr\/wp-json\/wp\/v2\/product\/3853","targetHints":{"allow":["GET"]}}],"collection":[{"href":"https:\/\/organiberia.com\/fr\/wp-json\/wp\/v2\/product"}],"about":[{"href":"https:\/\/organiberia.com\/fr\/wp-json\/wp\/v2\/types\/product"}],"replies":[{"embeddable":true,"href":"https:\/\/organiberia.com\/fr\/wp-json\/wp\/v2\/comments?post=3853"}],"version-history":[{"count":0,"href":"https:\/\/organiberia.com\/fr\/wp-json\/wp\/v2\/product\/3853\/revisions"}],"wp:featuredmedia":[{"embeddable":true,"href":"https:\/\/organiberia.com\/fr\/wp-json\/wp\/v2\/media\/2546"}],"wp:attachment":[{"href":"https:\/\/organiberia.com\/fr\/wp-json\/wp\/v2\/media?parent=3853"}],"wp:term":[{"taxonomy":"product_brand","embeddable":true,"href":"https:\/\/organiberia.com\/fr\/wp-json\/wp\/v2\/product_brand?post=3853"},{"taxonomy":"product_cat","embeddable":true,"href":"https:\/\/organiberia.com\/fr\/wp-json\/wp\/v2\/product_cat?post=3853"},{"taxonomy":"product_tag","embeddable":true,"href":"https:\/\/organiberia.com\/fr\/wp-json\/wp\/v2\/product_tag?post=3853"}],"curies":[{"name":"wp","href":"https:\/\/api.w.org\/{rel}","templated":true}]}}