{"id":3840,"date":"2023-06-19T08:53:32","date_gmt":"2023-06-19T08:53:32","guid":{"rendered":"https:\/\/organiberia.com\/producto\/organ-duo-plus-zn-mn\/"},"modified":"2023-06-19T08:53:32","modified_gmt":"2023-06-19T08:53:32","slug":"organ-duo-plus-zn-mn","status":"publish","type":"product","link":"https:\/\/organiberia.com\/fr\/producto\/organ-duo-plus-zn-mn\/","title":{"rendered":"ORGAN\u00ae DUO PLUS zN-Mn"},"content":{"rendered":"<p><strong>LA RICHESSE GARANTIE :<\/strong><\/p>\n<table id=\"tablepress-31\" class=\"tablepress tablepress-id-31\">\n<tbody class=\"row-hover\">\n<tr class=\"row-1 odd\">\n<td class=\"column-1\">Mangan\u00e8se (Mn)<\/td>\n<td class=\"column-2\">16,00 % p\/p<\/td>\n<\/tr>\n<tr class=\"row-2 even\">\n<td class=\"column-1\">Zinc (Zn)<\/td>\n<td class=\"column-2\">16,50 % p\/p<\/td>\n<\/tr>\n<\/tbody>\n<\/table>\n<p><strong>POSOLOGIE :<\/strong><\/p>\n<table id=\"tablepress-32\" class=\"tablepress tablepress-id-32\">\n<tbody class=\"row-hover\">\n<tr class=\"row-1 odd\">\n<td class=\"column-1\">Hydroponique<\/td>\n<td class=\"column-2\">1,5-2,5 Kg\/Ha<\/td>\n<\/tr>\n<tr class=\"row-2 even\">\n<td class=\"column-1\">Fertilisation<\/td>\n<td class=\"column-2\">3-5 Kg\/Ha<\/td>\n<\/tr>\n<tr class=\"row-3 odd\">\n<td class=\"column-1\">Foliaire<\/td>\n<td class=\"column-2\">300-550 g\/Hl<\/td>\n<\/tr>\n<\/tbody>\n<\/table>\n<p>ORGAN\u00ae DUO PLUS zN-Mn est compatible avec la plupart des produits phytosanitaires, \u00e0 l&rsquo;exception des produits r\u00e9agissant aux alcalins et des huiles. Il est conseill\u00e9 de faire un essai avant de m\u00e9langer ou de demander un avis technique.<\/p>\n","protected":false},"excerpt":{"rendered":"<p>Correcteur de carences en zinc et mangan\u00e8se S constitu\u00e9 d&rsquo;un m\u00e9lange solide de ces micro-\u00e9l\u00e9ments.<br \/>\nORGAN\u00ae DUO PLUS zN-Mn pr\u00e9vient et contr\u00f4le les carences caus\u00e9es par des d\u00e9s\u00e9quilibres ou des d\u00e9ficiences dans l&rsquo;assimilation de ces \u00e9l\u00e9ments par la plante.<br \/>\nLa formulation sp\u00e9ciale de ORGAN\u00ae DUO PLUS zN-Mn offre les avantages suivants :<\/p>\n<ul>\n<li>Am\u00e9lioration de la floraison et de la qualit\u00e9 des fruits.<\/li>\n<li>Augmente le poids et la taille des fruits en phase d&rsquo;\u00e9paississement.<\/li>\n<li>Anticipez la r\u00e9colte.<\/li>\n<li>Augmentation des performances.<\/li>\n<\/ul>\n<p>L&rsquo;application peut se faire tout au long de l&rsquo;ann\u00e9e, mais surtout au moment de la floraison et de l&rsquo;engraissement de la culture.<\/p>\n<table id=\"tablepress-33\" class=\"tablepress tablepress-id-33\">\n<thead>\n<tr class=\"row-1 odd\">\n<th class=\"column-1\"><b>Format<\/b><\/th>\n<th class=\"column-2\"><b>Unit\u00e9s<br \/>\nEmballage<\/b><\/th>\n<th class=\"column-3\"><b>Palette(Kg)<\/b><\/th>\n<\/tr>\n<\/thead>\n<tbody class=\"row-hover\">\n<tr class=\"row-2 even\">\n<td class=\"column-1\">1 Kg<\/td>\n<td class=\"column-2\">10 pi\u00e8ces\/bo\u00eete<\/td>\n<td class=\"column-3\">600 Kg<\/td>\n<\/tr>\n<tr class=\"row-3 odd\">\n<td class=\"column-1\">5 Kg<\/td>\n<td class=\"column-2\">2 pi\u00e8ces\/bo\u00eete<\/td>\n<td class=\"column-3\">600 Kg<\/td>\n<\/tr>\n<\/tbody>\n<\/table>\n","protected":false},"featured_media":2503,"comment_status":"open","ping_status":"closed","template":"","meta":{"site-sidebar-layout":"default","site-content-layout":"default","ast-global-header-display":"","ast-banner-title-visibility":"","ast-main-header-display":"","ast-hfb-above-header-display":"","ast-hfb-below-header-display":"","ast-hfb-mobile-header-display":"","site-post-title":"","ast-breadcrumbs-content":"","ast-featured-img":"","footer-sml-layout":"","theme-transparent-header-meta":"default","adv-header-id-meta":"","stick-header-meta":"","header-above-stick-meta":"","header-main-stick-meta":"","header-below-stick-meta":"","_joinchat":[]},"product_brand":[],"product_cat":[106,96],"product_tag":[],"class_list":{"0":"post-3840","1":"product","2":"type-product","3":"status-publish","4":"has-post-thumbnail","6":"product_cat-bionutritionnels","7":"product_cat-organe","8":"desktop-align-center","9":"tablet-align-left","10":"mobile-align-left","12":"first","13":"instock","14":"shipping-taxable","15":"product-type-simple"},"yoast_head":"<!-- This site is optimized with the Yoast SEO Premium plugin v20.9 (Yoast SEO v20.9) - https:\/\/yoast.com\/wordpress\/plugins\/seo\/ -->\n<title>ORGAN\u00ae DUO PLUS zN-Mn - Organiberia<\/title>\n<meta name=\"robots\" content=\"index, follow, max-snippet:-1, max-image-preview:large, max-video-preview:-1\" \/>\n<link rel=\"canonical\" href=\"https:\/\/organiberia.com\/fr\/producto\/organ-duo-plus-zn-mn\/\" \/>\n<meta property=\"og:locale\" content=\"fr_FR\" \/>\n<meta property=\"og:type\" content=\"article\" \/>\n<meta property=\"og:title\" content=\"ORGAN\u00ae DUO PLUS zN-Mn\" \/>\n<meta property=\"og:description\" content=\"Correcteur de carences en zinc et mangan\u00e8se S constitu\u00e9 d&#039;un m\u00e9lange solide de ces micro-\u00e9l\u00e9ments. ORGAN\u00ae DUO PLUS zN-Mn pr\u00e9vient et contr\u00f4le les carences caus\u00e9es par des d\u00e9s\u00e9quilibres ou des d\u00e9ficiences dans l&#039;assimilation de ces \u00e9l\u00e9ments par la plante. La formulation sp\u00e9ciale de ORGAN\u00ae DUO PLUS zN-Mn offre les avantages suivants :  Am\u00e9lioration de la floraison et de la qualit\u00e9 des fruits.  Augmente le poids et la taille des fruits en phase d&#039;\u00e9paississement.  Anticipez la r\u00e9colte.  Augmentation des performances. L&#039;application peut se faire tout au long de l&#039;ann\u00e9e, mais surtout au moment de la floraison et de l&#039;engraissement de la culture.  Format Unit\u00e9s Emballage Palette(Kg)   1 Kg 10 pi\u00e8ces\/bo\u00eete 600 Kg  5 Kg 2 pi\u00e8ces\/bo\u00eete 600 Kg\" \/>\n<meta property=\"og:url\" content=\"https:\/\/organiberia.com\/fr\/producto\/organ-duo-plus-zn-mn\/\" \/>\n<meta property=\"og:site_name\" content=\"Organiberia\" \/>\n<meta property=\"og:image\" content=\"https:\/\/organiberia.com\/wp-content\/uploads\/2023\/06\/DUO-PLUS-ZN-MN-ORGANIBERIA.webp\" \/>\n\t<meta property=\"og:image:width\" content=\"1000\" \/>\n\t<meta property=\"og:image:height\" content=\"1000\" \/>\n\t<meta property=\"og:image:type\" content=\"image\/webp\" \/>\n<meta name=\"twitter:card\" content=\"summary_large_image\" \/>\n<script type=\"application\/ld+json\" class=\"yoast-schema-graph\">{\"@context\":\"https:\/\/schema.org\",\"@graph\":[{\"@type\":\"WebPage\",\"@id\":\"https:\/\/organiberia.com\/fr\/producto\/organ-duo-plus-zn-mn\/\",\"url\":\"https:\/\/organiberia.com\/fr\/producto\/organ-duo-plus-zn-mn\/\",\"name\":\"ORGAN\u00ae DUO PLUS zN-Mn - Organiberia\",\"isPartOf\":{\"@id\":\"https:\/\/organiberia.com\/fr\/#website\"},\"datePublished\":\"2023-06-19T08:53:32+00:00\",\"dateModified\":\"2023-06-19T08:53:32+00:00\",\"breadcrumb\":{\"@id\":\"https:\/\/organiberia.com\/fr\/producto\/organ-duo-plus-zn-mn\/#breadcrumb\"},\"inLanguage\":\"fr-FR\",\"potentialAction\":[{\"@type\":\"ReadAction\",\"target\":[\"https:\/\/organiberia.com\/fr\/producto\/organ-duo-plus-zn-mn\/\"]}]},{\"@type\":\"BreadcrumbList\",\"@id\":\"https:\/\/organiberia.com\/fr\/producto\/organ-duo-plus-zn-mn\/#breadcrumb\",\"itemListElement\":[{\"@type\":\"ListItem\",\"position\":1,\"name\":\"Portada\",\"item\":\"https:\/\/organiberia.com\/fr\/\"},{\"@type\":\"ListItem\",\"position\":2,\"name\":\"Boutique\",\"item\":\"https:\/\/organiberia.com\/fr\/boutique\/\"},{\"@type\":\"ListItem\",\"position\":3,\"name\":\"ORGAN\u00ae DUO PLUS zN-Mn\"}]},{\"@type\":\"WebSite\",\"@id\":\"https:\/\/organiberia.com\/fr\/#website\",\"url\":\"https:\/\/organiberia.com\/fr\/\",\"name\":\"Organiberia\",\"description\":\"Fabricantes fertilizantes organicos\",\"publisher\":{\"@id\":\"https:\/\/organiberia.com\/fr\/#organization\"},\"potentialAction\":[{\"@type\":\"SearchAction\",\"target\":{\"@type\":\"EntryPoint\",\"urlTemplate\":\"https:\/\/organiberia.com\/fr\/?s={search_term_string}\"},\"query-input\":\"required name=search_term_string\"}],\"inLanguage\":\"fr-FR\"},{\"@type\":\"Organization\",\"@id\":\"https:\/\/organiberia.com\/fr\/#organization\",\"name\":\"Organiberia\",\"url\":\"https:\/\/organiberia.com\/fr\/\",\"logo\":{\"@type\":\"ImageObject\",\"inLanguage\":\"fr-FR\",\"@id\":\"https:\/\/organiberia.com\/fr\/#\/schema\/logo\/image\/\",\"url\":\"https:\/\/organiberia.com\/wp-content\/uploads\/2023\/09\/Diseno-sin-titulo-5.svg\",\"contentUrl\":\"https:\/\/organiberia.com\/wp-content\/uploads\/2023\/09\/Diseno-sin-titulo-5.svg\",\"width\":1080,\"height\":1080,\"caption\":\"Organiberia\"},\"image\":{\"@id\":\"https:\/\/organiberia.com\/fr\/#\/schema\/logo\/image\/\"}}]}<\/script>\n<!-- \/ Yoast SEO Premium plugin. -->","yoast_head_json":{"title":"ORGAN\u00ae DUO PLUS zN-Mn - Organiberia","robots":{"index":"index","follow":"follow","max-snippet":"max-snippet:-1","max-image-preview":"max-image-preview:large","max-video-preview":"max-video-preview:-1"},"canonical":"https:\/\/organiberia.com\/fr\/producto\/organ-duo-plus-zn-mn\/","og_locale":"fr_FR","og_type":"article","og_title":"ORGAN\u00ae DUO PLUS zN-Mn","og_description":"Correcteur de carences en zinc et mangan\u00e8se S constitu\u00e9 d'un m\u00e9lange solide de ces micro-\u00e9l\u00e9ments. ORGAN\u00ae DUO PLUS zN-Mn pr\u00e9vient et contr\u00f4le les carences caus\u00e9es par des d\u00e9s\u00e9quilibres ou des d\u00e9ficiences dans l'assimilation de ces \u00e9l\u00e9ments par la plante. La formulation sp\u00e9ciale de ORGAN\u00ae DUO PLUS zN-Mn offre les avantages suivants :  Am\u00e9lioration de la floraison et de la qualit\u00e9 des fruits.  Augmente le poids et la taille des fruits en phase d'\u00e9paississement.  Anticipez la r\u00e9colte.  Augmentation des performances. L'application peut se faire tout au long de l'ann\u00e9e, mais surtout au moment de la floraison et de l'engraissement de la culture.  Format Unit\u00e9s Emballage Palette(Kg)   1 Kg 10 pi\u00e8ces\/bo\u00eete 600 Kg  5 Kg 2 pi\u00e8ces\/bo\u00eete 600 Kg","og_url":"https:\/\/organiberia.com\/fr\/producto\/organ-duo-plus-zn-mn\/","og_site_name":"Organiberia","og_image":[{"width":1000,"height":1000,"url":"https:\/\/organiberia.com\/wp-content\/uploads\/2023\/06\/DUO-PLUS-ZN-MN-ORGANIBERIA.webp","type":"image\/webp"}],"twitter_card":"summary_large_image","schema":{"@context":"https:\/\/schema.org","@graph":[{"@type":"WebPage","@id":"https:\/\/organiberia.com\/fr\/producto\/organ-duo-plus-zn-mn\/","url":"https:\/\/organiberia.com\/fr\/producto\/organ-duo-plus-zn-mn\/","name":"ORGAN\u00ae DUO PLUS zN-Mn - Organiberia","isPartOf":{"@id":"https:\/\/organiberia.com\/fr\/#website"},"datePublished":"2023-06-19T08:53:32+00:00","dateModified":"2023-06-19T08:53:32+00:00","breadcrumb":{"@id":"https:\/\/organiberia.com\/fr\/producto\/organ-duo-plus-zn-mn\/#breadcrumb"},"inLanguage":"fr-FR","potentialAction":[{"@type":"ReadAction","target":["https:\/\/organiberia.com\/fr\/producto\/organ-duo-plus-zn-mn\/"]}]},{"@type":"BreadcrumbList","@id":"https:\/\/organiberia.com\/fr\/producto\/organ-duo-plus-zn-mn\/#breadcrumb","itemListElement":[{"@type":"ListItem","position":1,"name":"Portada","item":"https:\/\/organiberia.com\/fr\/"},{"@type":"ListItem","position":2,"name":"Boutique","item":"https:\/\/organiberia.com\/fr\/boutique\/"},{"@type":"ListItem","position":3,"name":"ORGAN\u00ae DUO PLUS zN-Mn"}]},{"@type":"WebSite","@id":"https:\/\/organiberia.com\/fr\/#website","url":"https:\/\/organiberia.com\/fr\/","name":"Organiberia","description":"Fabricantes fertilizantes organicos","publisher":{"@id":"https:\/\/organiberia.com\/fr\/#organization"},"potentialAction":[{"@type":"SearchAction","target":{"@type":"EntryPoint","urlTemplate":"https:\/\/organiberia.com\/fr\/?s={search_term_string}"},"query-input":"required name=search_term_string"}],"inLanguage":"fr-FR"},{"@type":"Organization","@id":"https:\/\/organiberia.com\/fr\/#organization","name":"Organiberia","url":"https:\/\/organiberia.com\/fr\/","logo":{"@type":"ImageObject","inLanguage":"fr-FR","@id":"https:\/\/organiberia.com\/fr\/#\/schema\/logo\/image\/","url":"https:\/\/organiberia.com\/wp-content\/uploads\/2023\/09\/Diseno-sin-titulo-5.svg","contentUrl":"https:\/\/organiberia.com\/wp-content\/uploads\/2023\/09\/Diseno-sin-titulo-5.svg","width":1080,"height":1080,"caption":"Organiberia"},"image":{"@id":"https:\/\/organiberia.com\/fr\/#\/schema\/logo\/image\/"}}]}},"_links":{"self":[{"href":"https:\/\/organiberia.com\/fr\/wp-json\/wp\/v2\/product\/3840","targetHints":{"allow":["GET"]}}],"collection":[{"href":"https:\/\/organiberia.com\/fr\/wp-json\/wp\/v2\/product"}],"about":[{"href":"https:\/\/organiberia.com\/fr\/wp-json\/wp\/v2\/types\/product"}],"replies":[{"embeddable":true,"href":"https:\/\/organiberia.com\/fr\/wp-json\/wp\/v2\/comments?post=3840"}],"version-history":[{"count":0,"href":"https:\/\/organiberia.com\/fr\/wp-json\/wp\/v2\/product\/3840\/revisions"}],"wp:featuredmedia":[{"embeddable":true,"href":"https:\/\/organiberia.com\/fr\/wp-json\/wp\/v2\/media\/2503"}],"wp:attachment":[{"href":"https:\/\/organiberia.com\/fr\/wp-json\/wp\/v2\/media?parent=3840"}],"wp:term":[{"taxonomy":"product_brand","embeddable":true,"href":"https:\/\/organiberia.com\/fr\/wp-json\/wp\/v2\/product_brand?post=3840"},{"taxonomy":"product_cat","embeddable":true,"href":"https:\/\/organiberia.com\/fr\/wp-json\/wp\/v2\/product_cat?post=3840"},{"taxonomy":"product_tag","embeddable":true,"href":"https:\/\/organiberia.com\/fr\/wp-json\/wp\/v2\/product_tag?post=3840"}],"curies":[{"name":"wp","href":"https:\/\/api.w.org\/{rel}","templated":true}]}}