{"id":3839,"date":"2023-06-19T08:49:40","date_gmt":"2023-06-19T08:49:40","guid":{"rendered":"https:\/\/organiberia.com\/producto\/organ-bor\/"},"modified":"2023-06-19T08:49:40","modified_gmt":"2023-06-19T08:49:40","slug":"organ-bor","status":"publish","type":"product","link":"https:\/\/organiberia.com\/fr\/producto\/organ-bor\/","title":{"rendered":"ORGAN\u00ae BOR"},"content":{"rendered":"<p><strong>LA RICHESSE GARANTIE :<\/strong><\/p>\n<table id=\"tablepress-38\" class=\"tablepress tablepress-id-38\">\n<tbody class=\"row-hover\">\n<tr class=\"row-1 odd\">\n<td class=\"column-1\">Bore (B) soluble dans l&rsquo;eau<\/td>\n<td class=\"column-2\">15,00 % p\/v<\/td>\n<\/tr>\n<tr class=\"row-2 even\">\n<td class=\"column-1\">Agent complexant<\/td>\n<td class=\"column-2\">\u00c9thanolamine<\/td>\n<\/tr>\n<tr class=\"row-3 odd\">\n<td class=\"column-1\">Densit\u00e9<\/td>\n<td class=\"column-2\">1,25 g\/cc<\/td>\n<\/tr>\n<tr class=\"row-4 even\">\n<td class=\"column-1\">pH<\/td>\n<td class=\"column-2\">9<\/td>\n<\/tr>\n<\/tbody>\n<\/table>\n<p><strong>POSOLOGIE :<\/strong><\/p>\n<table id=\"tablepress-39\" class=\"tablepress tablepress-id-39\">\n<thead>\n<tr class=\"row-1 odd\">\n<th class=\"column-1\"><strong>CULTIVATION<\/strong><\/th>\n<th class=\"column-2\"><strong>FOLIAR<\/strong><\/th>\n<th class=\"column-3\"><strong>IRRIGATION<\/strong><\/th>\n<th class=\"column-4\"><strong>APPLICATIONS<\/strong><\/th>\n<\/tr>\n<\/thead>\n<tbody class=\"row-hover\">\n<tr class=\"row-2 even\">\n<td class=\"column-1\">Olivier<\/td>\n<td class=\"column-2\">250-500 cc\/Hl<\/td>\n<td class=\"column-3\">5-8 L\/Ha<\/td>\n<td class=\"column-4\">1-2<\/td>\n<\/tr>\n<tr class=\"row-3 odd\">\n<td class=\"column-1\">Arbres fruitiers<\/td>\n<td class=\"column-2\">100-300 cc\/Hl<\/td>\n<td class=\"column-3\">4-6 L\/Ha<\/td>\n<td class=\"column-4\">2-3<\/td>\n<\/tr>\n<tr class=\"row-4 even\">\n<td class=\"column-1\">L\u00e9gumes<\/td>\n<td class=\"column-2\">100-250 cc\/Hl<\/td>\n<td class=\"column-3\">4-4 L\/Ha<\/td>\n<td class=\"column-4\">1-2<\/td>\n<\/tr>\n<\/tbody>\n<\/table>\n<p><strong>ORGAN\u00ae BOR<\/strong> corrige les carences en bore des arbres fruitiers, betteraves, vignes, oliviers et l\u00e9gumes. Son application est recommand\u00e9e \u00e0 titre pr\u00e9ventif, avant l&rsquo;apparition des sympt\u00f4mes de carence.<\/p>\n","protected":false},"excerpt":{"rendered":"<h3>Liquide complex\u00e9<\/h3>\n<p>Correcteur de bore liquide, pr\u00e9par\u00e9 pour maintenir les niveaux de ce micro-\u00e9l\u00e9ment dans les cultures exigeantes en bore. <strong>ORGAN\u00ae BOR<\/strong> peut \u00eatre appliqu\u00e9 aussi bien par pulv\u00e9risation foliaire que par fertigation. <\/p>\n<p>La pr\u00e9sence de l&rsquo;agent complexant \u00e9thanolamine augmente le coefficient d&rsquo;assimilation du bore, facilitant la p\u00e9n\u00e9tration et l&rsquo;action rapide de cet oligo-\u00e9l\u00e9ment dans la plante.<\/p>\n<table id=\"tablepress-40\" class=\"tablepress tablepress-id-40\">\n<thead>\n<tr class=\"row-1 odd\">\n<th class=\"column-1\"><b>Format<\/b><\/th>\n<th class=\"column-2\"><b>Unit\u00e9s<br \/>\nEmballage<\/b><\/th>\n<th class=\"column-3\"><b>Palette(L)<\/b><\/th>\n<\/tr>\n<\/thead>\n<tbody class=\"row-hover\">\n<tr class=\"row-2 even\">\n<td class=\"column-1\">1 L<\/td>\n<td class=\"column-2\">12<\/td>\n<td class=\"column-3\">840 L<\/td>\n<\/tr>\n<tr class=\"row-3 odd\">\n<td class=\"column-1\">5 L<\/td>\n<td class=\"column-2\">4<\/td>\n<td class=\"column-3\">1000 L<\/td>\n<\/tr>\n<\/tbody>\n<\/table>\n","protected":false},"featured_media":2568,"comment_status":"open","ping_status":"closed","template":"","meta":{"site-sidebar-layout":"default","site-content-layout":"default","ast-global-header-display":"","ast-banner-title-visibility":"","ast-main-header-display":"","ast-hfb-above-header-display":"","ast-hfb-below-header-display":"","ast-hfb-mobile-header-display":"","site-post-title":"","ast-breadcrumbs-content":"","ast-featured-img":"","footer-sml-layout":"","theme-transparent-header-meta":"default","adv-header-id-meta":"","stick-header-meta":"","header-above-stick-meta":"","header-main-stick-meta":"","header-below-stick-meta":"","_joinchat":[]},"product_brand":[],"product_cat":[106,96],"product_tag":[],"class_list":{"0":"post-3839","1":"product","2":"type-product","3":"status-publish","4":"has-post-thumbnail","6":"product_cat-bionutritionnels","7":"product_cat-organe","8":"desktop-align-center","9":"tablet-align-left","10":"mobile-align-left","12":"first","13":"instock","14":"shipping-taxable","15":"product-type-simple"},"yoast_head":"<!-- This site is optimized with the Yoast SEO Premium plugin v20.9 (Yoast SEO v20.9) - https:\/\/yoast.com\/wordpress\/plugins\/seo\/ -->\n<title>ORGAN\u00ae BOR - Organiberia<\/title>\n<meta name=\"robots\" content=\"index, follow, max-snippet:-1, max-image-preview:large, max-video-preview:-1\" \/>\n<link rel=\"canonical\" href=\"https:\/\/organiberia.com\/fr\/producto\/organ-bor\/\" \/>\n<meta property=\"og:locale\" content=\"fr_FR\" \/>\n<meta property=\"og:type\" content=\"article\" \/>\n<meta property=\"og:title\" content=\"ORGAN\u00ae BOR\" \/>\n<meta property=\"og:description\" content=\"Liquide complex\u00e9 Correcteur de bore liquide, pr\u00e9par\u00e9 pour maintenir les niveaux de ce micro-\u00e9l\u00e9ment dans les cultures exigeantes en bore. ORGAN\u00ae BOR peut \u00eatre appliqu\u00e9 aussi bien par pulv\u00e9risation foliaire que par fertigation.  La pr\u00e9sence de l&#039;agent complexant \u00e9thanolamine augmente le coefficient d&#039;assimilation du bore, facilitant la p\u00e9n\u00e9tration et l&#039;action rapide de cet oligo-\u00e9l\u00e9ment dans la plante.  Format Unit\u00e9s Emballage Palette(L)   1 L 12 840 L  5 L 4 1000 L\" \/>\n<meta property=\"og:url\" content=\"https:\/\/organiberia.com\/fr\/producto\/organ-bor\/\" \/>\n<meta property=\"og:site_name\" content=\"Organiberia\" \/>\n<meta property=\"og:image\" content=\"https:\/\/organiberia.com\/wp-content\/uploads\/2023\/06\/Bor-Organiberia.webp\" \/>\n\t<meta property=\"og:image:width\" content=\"1270\" \/>\n\t<meta property=\"og:image:height\" content=\"1000\" \/>\n\t<meta property=\"og:image:type\" content=\"image\/webp\" \/>\n<meta name=\"twitter:card\" content=\"summary_large_image\" \/>\n<script type=\"application\/ld+json\" class=\"yoast-schema-graph\">{\"@context\":\"https:\/\/schema.org\",\"@graph\":[{\"@type\":\"WebPage\",\"@id\":\"https:\/\/organiberia.com\/fr\/producto\/organ-bor\/\",\"url\":\"https:\/\/organiberia.com\/fr\/producto\/organ-bor\/\",\"name\":\"ORGAN\u00ae BOR - Organiberia\",\"isPartOf\":{\"@id\":\"https:\/\/organiberia.com\/fr\/#website\"},\"datePublished\":\"2023-06-19T08:49:40+00:00\",\"dateModified\":\"2023-06-19T08:49:40+00:00\",\"breadcrumb\":{\"@id\":\"https:\/\/organiberia.com\/fr\/producto\/organ-bor\/#breadcrumb\"},\"inLanguage\":\"fr-FR\",\"potentialAction\":[{\"@type\":\"ReadAction\",\"target\":[\"https:\/\/organiberia.com\/fr\/producto\/organ-bor\/\"]}]},{\"@type\":\"BreadcrumbList\",\"@id\":\"https:\/\/organiberia.com\/fr\/producto\/organ-bor\/#breadcrumb\",\"itemListElement\":[{\"@type\":\"ListItem\",\"position\":1,\"name\":\"Portada\",\"item\":\"https:\/\/organiberia.com\/fr\/\"},{\"@type\":\"ListItem\",\"position\":2,\"name\":\"Boutique\",\"item\":\"https:\/\/organiberia.com\/fr\/boutique\/\"},{\"@type\":\"ListItem\",\"position\":3,\"name\":\"ORGAN\u00ae BOR\"}]},{\"@type\":\"WebSite\",\"@id\":\"https:\/\/organiberia.com\/fr\/#website\",\"url\":\"https:\/\/organiberia.com\/fr\/\",\"name\":\"Organiberia\",\"description\":\"Fabricantes fertilizantes organicos\",\"publisher\":{\"@id\":\"https:\/\/organiberia.com\/fr\/#organization\"},\"potentialAction\":[{\"@type\":\"SearchAction\",\"target\":{\"@type\":\"EntryPoint\",\"urlTemplate\":\"https:\/\/organiberia.com\/fr\/?s={search_term_string}\"},\"query-input\":\"required name=search_term_string\"}],\"inLanguage\":\"fr-FR\"},{\"@type\":\"Organization\",\"@id\":\"https:\/\/organiberia.com\/fr\/#organization\",\"name\":\"Organiberia\",\"url\":\"https:\/\/organiberia.com\/fr\/\",\"logo\":{\"@type\":\"ImageObject\",\"inLanguage\":\"fr-FR\",\"@id\":\"https:\/\/organiberia.com\/fr\/#\/schema\/logo\/image\/\",\"url\":\"https:\/\/organiberia.com\/wp-content\/uploads\/2023\/09\/Diseno-sin-titulo-5.svg\",\"contentUrl\":\"https:\/\/organiberia.com\/wp-content\/uploads\/2023\/09\/Diseno-sin-titulo-5.svg\",\"width\":1080,\"height\":1080,\"caption\":\"Organiberia\"},\"image\":{\"@id\":\"https:\/\/organiberia.com\/fr\/#\/schema\/logo\/image\/\"}}]}<\/script>\n<!-- \/ Yoast SEO Premium plugin. -->","yoast_head_json":{"title":"ORGAN\u00ae BOR - Organiberia","robots":{"index":"index","follow":"follow","max-snippet":"max-snippet:-1","max-image-preview":"max-image-preview:large","max-video-preview":"max-video-preview:-1"},"canonical":"https:\/\/organiberia.com\/fr\/producto\/organ-bor\/","og_locale":"fr_FR","og_type":"article","og_title":"ORGAN\u00ae BOR","og_description":"Liquide complex\u00e9 Correcteur de bore liquide, pr\u00e9par\u00e9 pour maintenir les niveaux de ce micro-\u00e9l\u00e9ment dans les cultures exigeantes en bore. ORGAN\u00ae BOR peut \u00eatre appliqu\u00e9 aussi bien par pulv\u00e9risation foliaire que par fertigation.  La pr\u00e9sence de l'agent complexant \u00e9thanolamine augmente le coefficient d'assimilation du bore, facilitant la p\u00e9n\u00e9tration et l'action rapide de cet oligo-\u00e9l\u00e9ment dans la plante.  Format Unit\u00e9s Emballage Palette(L)   1 L 12 840 L  5 L 4 1000 L","og_url":"https:\/\/organiberia.com\/fr\/producto\/organ-bor\/","og_site_name":"Organiberia","og_image":[{"width":1270,"height":1000,"url":"https:\/\/organiberia.com\/wp-content\/uploads\/2023\/06\/Bor-Organiberia.webp","type":"image\/webp"}],"twitter_card":"summary_large_image","schema":{"@context":"https:\/\/schema.org","@graph":[{"@type":"WebPage","@id":"https:\/\/organiberia.com\/fr\/producto\/organ-bor\/","url":"https:\/\/organiberia.com\/fr\/producto\/organ-bor\/","name":"ORGAN\u00ae BOR - Organiberia","isPartOf":{"@id":"https:\/\/organiberia.com\/fr\/#website"},"datePublished":"2023-06-19T08:49:40+00:00","dateModified":"2023-06-19T08:49:40+00:00","breadcrumb":{"@id":"https:\/\/organiberia.com\/fr\/producto\/organ-bor\/#breadcrumb"},"inLanguage":"fr-FR","potentialAction":[{"@type":"ReadAction","target":["https:\/\/organiberia.com\/fr\/producto\/organ-bor\/"]}]},{"@type":"BreadcrumbList","@id":"https:\/\/organiberia.com\/fr\/producto\/organ-bor\/#breadcrumb","itemListElement":[{"@type":"ListItem","position":1,"name":"Portada","item":"https:\/\/organiberia.com\/fr\/"},{"@type":"ListItem","position":2,"name":"Boutique","item":"https:\/\/organiberia.com\/fr\/boutique\/"},{"@type":"ListItem","position":3,"name":"ORGAN\u00ae BOR"}]},{"@type":"WebSite","@id":"https:\/\/organiberia.com\/fr\/#website","url":"https:\/\/organiberia.com\/fr\/","name":"Organiberia","description":"Fabricantes fertilizantes organicos","publisher":{"@id":"https:\/\/organiberia.com\/fr\/#organization"},"potentialAction":[{"@type":"SearchAction","target":{"@type":"EntryPoint","urlTemplate":"https:\/\/organiberia.com\/fr\/?s={search_term_string}"},"query-input":"required name=search_term_string"}],"inLanguage":"fr-FR"},{"@type":"Organization","@id":"https:\/\/organiberia.com\/fr\/#organization","name":"Organiberia","url":"https:\/\/organiberia.com\/fr\/","logo":{"@type":"ImageObject","inLanguage":"fr-FR","@id":"https:\/\/organiberia.com\/fr\/#\/schema\/logo\/image\/","url":"https:\/\/organiberia.com\/wp-content\/uploads\/2023\/09\/Diseno-sin-titulo-5.svg","contentUrl":"https:\/\/organiberia.com\/wp-content\/uploads\/2023\/09\/Diseno-sin-titulo-5.svg","width":1080,"height":1080,"caption":"Organiberia"},"image":{"@id":"https:\/\/organiberia.com\/fr\/#\/schema\/logo\/image\/"}}]}},"_links":{"self":[{"href":"https:\/\/organiberia.com\/fr\/wp-json\/wp\/v2\/product\/3839","targetHints":{"allow":["GET"]}}],"collection":[{"href":"https:\/\/organiberia.com\/fr\/wp-json\/wp\/v2\/product"}],"about":[{"href":"https:\/\/organiberia.com\/fr\/wp-json\/wp\/v2\/types\/product"}],"replies":[{"embeddable":true,"href":"https:\/\/organiberia.com\/fr\/wp-json\/wp\/v2\/comments?post=3839"}],"version-history":[{"count":0,"href":"https:\/\/organiberia.com\/fr\/wp-json\/wp\/v2\/product\/3839\/revisions"}],"wp:featuredmedia":[{"embeddable":true,"href":"https:\/\/organiberia.com\/fr\/wp-json\/wp\/v2\/media\/2568"}],"wp:attachment":[{"href":"https:\/\/organiberia.com\/fr\/wp-json\/wp\/v2\/media?parent=3839"}],"wp:term":[{"taxonomy":"product_brand","embeddable":true,"href":"https:\/\/organiberia.com\/fr\/wp-json\/wp\/v2\/product_brand?post=3839"},{"taxonomy":"product_cat","embeddable":true,"href":"https:\/\/organiberia.com\/fr\/wp-json\/wp\/v2\/product_cat?post=3839"},{"taxonomy":"product_tag","embeddable":true,"href":"https:\/\/organiberia.com\/fr\/wp-json\/wp\/v2\/product_tag?post=3839"}],"curies":[{"name":"wp","href":"https:\/\/api.w.org\/{rel}","templated":true}]}}