{"id":3834,"date":"2023-06-19T09:00:07","date_gmt":"2023-06-19T09:00:07","guid":{"rendered":"https:\/\/organiberia.com\/producto\/organ-gluconcu\/"},"modified":"2023-06-19T09:00:07","modified_gmt":"2023-06-19T09:00:07","slug":"organ-gluconcu","status":"publish","type":"product","link":"https:\/\/organiberia.com\/fr\/producto\/organ-gluconcu\/","title":{"rendered":"ORGAN\u00ae GLUCONCU"},"content":{"rendered":"<p><strong>COMPOSITION :<\/strong><\/p>\n<table id=\"tablepress-115\" class=\"tablepress tablepress-id-115\">\n<tbody class=\"row-hover\">\n<tr class=\"row-1 odd\">\n<td class=\"column-1\">Cuivre complex\u00e9 total (Cu)<\/td>\n<td class=\"column-2\">7,00 % p\/p<\/td>\n<\/tr>\n<tr class=\"row-2 even\">\n<td class=\"column-1\">Cuivre (Cu) soluble dans l&rsquo;eau<\/td>\n<td class=\"column-2\">7,00 % p\/p<\/td>\n<\/tr>\n<tr class=\"row-3 odd\">\n<td class=\"column-1\">Densit\u00e9<\/td>\n<td class=\"column-2\">1,3 g\/cc<\/td>\n<\/tr>\n<tr class=\"row-4 even\">\n<td class=\"column-1\">pH (1\/10)<\/td>\n<td class=\"column-2\">6<\/td>\n<\/tr>\n<\/tbody>\n<\/table>\n<p><strong>POSOLOGIE :<\/strong><\/p>\n<table id=\"tablepress-116\" class=\"tablepress tablepress-id-116\">\n<tbody class=\"row-hover\">\n<tr class=\"row-1 odd\">\n<td class=\"column-1\">Fertigation<\/td>\n<td class=\"column-2\">2-3 L\/ha<\/td>\n<\/tr>\n<tr class=\"row-2 even\">\n<td class=\"column-1\">Foliaire<\/td>\n<td class=\"column-2\">150-300 cc\/Hl avec un taux de pulv\u00e9risation total de 1,5-3 L\/ha<\/td>\n<\/tr>\n<\/tbody>\n<\/table>\n<p>Il est recommand\u00e9 de l&rsquo;utiliser \u00e0 titre pr\u00e9ventif, avant l&rsquo;apparition des premiers sympt\u00f4mes.<\/p>\n","protected":false},"excerpt":{"rendered":"<h3>Solution de cuivre<\/h3>\n<p>Solution de cuivre \u00e0 base d&rsquo;acides gluconiques, de sucres r\u00e9ducteurs et d&rsquo;acides polyhydroxycarboxyliques, bien absorb\u00e9e par voie foliaire et racinaire.<\/p>\n<p>Il est utilis\u00e9 comme source de cuivre dans la pr\u00e9vention et la correction des carences dues \u00e0 des d\u00e9ficiences ou \u00e0 des d\u00e9s\u00e9quilibres dans l&rsquo;assimilation de cet \u00e9l\u00e9ment. En appliquant ORGAN\u00ae GLUCONCUCU, vous obtiendrez les avantages suivants :<\/p>\n<ul>\n<li>Pr\u00e9vention des maladies fongiques avec une faible dose d&rsquo;application limitant les r\u00e9sidus.<\/li>\n<li>L&rsquo;application foliaire ou racinaire est possible, ce qui r\u00e9duit l&rsquo;apparition de la r\u00e9sistance.<\/li>\n<li>Des cultures plus vigoureuses, plus r\u00e9sistantes au stress et plus productives.<\/li>\n<\/ul>\n<table id=\"tablepress-117\" class=\"tablepress tablepress-id-117\">\n<thead>\n<tr class=\"row-1 odd\">\n<th class=\"column-1\"><b>Format<\/b><\/th>\n<th class=\"column-2\"><b>Unit\u00e9s<br \/>\nEmballage<\/b><\/th>\n<th class=\"column-3\"><b>Palette(L)<\/b><\/th>\n<\/tr>\n<\/thead>\n<tbody class=\"row-hover\">\n<tr class=\"row-2 even\">\n<td class=\"column-1\">5 L<\/td>\n<td class=\"column-2\">4<\/td>\n<td class=\"column-3\">1000 L<\/td>\n<\/tr>\n<tr class=\"row-3 odd\">\n<td class=\"column-1\">20 L<\/td>\n<td class=\"column-2\">48<\/td>\n<td class=\"column-3\">960 L<\/td>\n<\/tr>\n<tr class=\"row-4 even\">\n<td class=\"column-1\">220 L<\/td>\n<td class=\"column-2\">4<\/td>\n<td class=\"column-3\">880 L<\/td>\n<\/tr>\n<tr class=\"row-5 odd\">\n<td class=\"column-1\">1000 L<\/td>\n<td class=\"column-2\">1<\/td>\n<td class=\"column-3\">1000 L<\/td>\n<\/tr>\n<\/tbody>\n<\/table>\n<p>&nbsp;<\/p>\n","protected":false},"featured_media":2514,"comment_status":"open","ping_status":"closed","template":"","meta":{"site-sidebar-layout":"default","site-content-layout":"default","ast-global-header-display":"","ast-banner-title-visibility":"","ast-main-header-display":"","ast-hfb-above-header-display":"","ast-hfb-below-header-display":"","ast-hfb-mobile-header-display":"","site-post-title":"","ast-breadcrumbs-content":"","ast-featured-img":"","footer-sml-layout":"","theme-transparent-header-meta":"default","adv-header-id-meta":"","stick-header-meta":"","header-above-stick-meta":"","header-main-stick-meta":"","header-below-stick-meta":"","_joinchat":[]},"product_brand":[],"product_cat":[95,96],"product_tag":[],"class_list":{"0":"post-3834","1":"product","2":"type-product","3":"status-publish","4":"has-post-thumbnail","6":"product_cat-bioinducteurs-de-defense","7":"product_cat-organe","8":"desktop-align-center","9":"tablet-align-left","10":"mobile-align-left","12":"first","13":"instock","14":"shipping-taxable","15":"product-type-simple"},"yoast_head":"<!-- This site is optimized with the Yoast SEO Premium plugin v20.9 (Yoast SEO v20.9) - https:\/\/yoast.com\/wordpress\/plugins\/seo\/ -->\n<title>ORGAN\u00ae GLUCONCU - Organiberia<\/title>\n<meta name=\"robots\" content=\"index, follow, max-snippet:-1, max-image-preview:large, max-video-preview:-1\" \/>\n<link rel=\"canonical\" href=\"https:\/\/organiberia.com\/fr\/producto\/organ-gluconcu\/\" \/>\n<meta property=\"og:locale\" content=\"fr_FR\" \/>\n<meta property=\"og:type\" content=\"article\" \/>\n<meta property=\"og:title\" content=\"ORGAN\u00ae GLUCONCU\" \/>\n<meta property=\"og:description\" content=\"Solution de cuivre Solution de cuivre \u00e0 base d&#039;acides gluconiques, de sucres r\u00e9ducteurs et d&#039;acides polyhydroxycarboxyliques, bien absorb\u00e9e par voie foliaire et racinaire. Il est utilis\u00e9 comme source de cuivre dans la pr\u00e9vention et la correction des carences dues \u00e0 des d\u00e9ficiences ou \u00e0 des d\u00e9s\u00e9quilibres dans l&#039;assimilation de cet \u00e9l\u00e9ment. En appliquant ORGAN\u00ae GLUCONCUCU, vous obtiendrez les avantages suivants :  Pr\u00e9vention des maladies fongiques avec une faible dose d&#039;application limitant les r\u00e9sidus.  L&#039;application foliaire ou racinaire est possible, ce qui r\u00e9duit l&#039;apparition de la r\u00e9sistance.  Des cultures plus vigoureuses, plus r\u00e9sistantes au stress et plus productives.   Format Unit\u00e9s Emballage Palette(L)   5 L 4 1000 L  20 L 48 960 L  220 L 4 880 L  1000 L 1 1000 L  &nbsp;\" \/>\n<meta property=\"og:url\" content=\"https:\/\/organiberia.com\/fr\/producto\/organ-gluconcu\/\" \/>\n<meta property=\"og:site_name\" content=\"Organiberia\" \/>\n<meta property=\"og:image\" content=\"https:\/\/organiberia.com\/wp-content\/uploads\/2023\/06\/Gluconcu-Organiberia.webp\" \/>\n\t<meta property=\"og:image:width\" content=\"1270\" \/>\n\t<meta property=\"og:image:height\" content=\"1000\" \/>\n\t<meta property=\"og:image:type\" content=\"image\/webp\" \/>\n<meta name=\"twitter:card\" content=\"summary_large_image\" \/>\n<script type=\"application\/ld+json\" class=\"yoast-schema-graph\">{\"@context\":\"https:\/\/schema.org\",\"@graph\":[{\"@type\":\"WebPage\",\"@id\":\"https:\/\/organiberia.com\/fr\/producto\/organ-gluconcu\/\",\"url\":\"https:\/\/organiberia.com\/fr\/producto\/organ-gluconcu\/\",\"name\":\"ORGAN\u00ae GLUCONCU - Organiberia\",\"isPartOf\":{\"@id\":\"https:\/\/organiberia.com\/fr\/#website\"},\"datePublished\":\"2023-06-19T09:00:07+00:00\",\"dateModified\":\"2023-06-19T09:00:07+00:00\",\"breadcrumb\":{\"@id\":\"https:\/\/organiberia.com\/fr\/producto\/organ-gluconcu\/#breadcrumb\"},\"inLanguage\":\"fr-FR\",\"potentialAction\":[{\"@type\":\"ReadAction\",\"target\":[\"https:\/\/organiberia.com\/fr\/producto\/organ-gluconcu\/\"]}]},{\"@type\":\"BreadcrumbList\",\"@id\":\"https:\/\/organiberia.com\/fr\/producto\/organ-gluconcu\/#breadcrumb\",\"itemListElement\":[{\"@type\":\"ListItem\",\"position\":1,\"name\":\"Portada\",\"item\":\"https:\/\/organiberia.com\/fr\/\"},{\"@type\":\"ListItem\",\"position\":2,\"name\":\"Boutique\",\"item\":\"https:\/\/organiberia.com\/fr\/boutique\/\"},{\"@type\":\"ListItem\",\"position\":3,\"name\":\"ORGAN\u00ae GLUCONCU\"}]},{\"@type\":\"WebSite\",\"@id\":\"https:\/\/organiberia.com\/fr\/#website\",\"url\":\"https:\/\/organiberia.com\/fr\/\",\"name\":\"Organiberia\",\"description\":\"Fabricantes fertilizantes organicos\",\"publisher\":{\"@id\":\"https:\/\/organiberia.com\/fr\/#organization\"},\"potentialAction\":[{\"@type\":\"SearchAction\",\"target\":{\"@type\":\"EntryPoint\",\"urlTemplate\":\"https:\/\/organiberia.com\/fr\/?s={search_term_string}\"},\"query-input\":\"required name=search_term_string\"}],\"inLanguage\":\"fr-FR\"},{\"@type\":\"Organization\",\"@id\":\"https:\/\/organiberia.com\/fr\/#organization\",\"name\":\"Organiberia\",\"url\":\"https:\/\/organiberia.com\/fr\/\",\"logo\":{\"@type\":\"ImageObject\",\"inLanguage\":\"fr-FR\",\"@id\":\"https:\/\/organiberia.com\/fr\/#\/schema\/logo\/image\/\",\"url\":\"https:\/\/organiberia.com\/wp-content\/uploads\/2023\/09\/Diseno-sin-titulo-5.svg\",\"contentUrl\":\"https:\/\/organiberia.com\/wp-content\/uploads\/2023\/09\/Diseno-sin-titulo-5.svg\",\"width\":1080,\"height\":1080,\"caption\":\"Organiberia\"},\"image\":{\"@id\":\"https:\/\/organiberia.com\/fr\/#\/schema\/logo\/image\/\"}}]}<\/script>\n<!-- \/ Yoast SEO Premium plugin. -->","yoast_head_json":{"title":"ORGAN\u00ae GLUCONCU - Organiberia","robots":{"index":"index","follow":"follow","max-snippet":"max-snippet:-1","max-image-preview":"max-image-preview:large","max-video-preview":"max-video-preview:-1"},"canonical":"https:\/\/organiberia.com\/fr\/producto\/organ-gluconcu\/","og_locale":"fr_FR","og_type":"article","og_title":"ORGAN\u00ae GLUCONCU","og_description":"Solution de cuivre Solution de cuivre \u00e0 base d'acides gluconiques, de sucres r\u00e9ducteurs et d'acides polyhydroxycarboxyliques, bien absorb\u00e9e par voie foliaire et racinaire. Il est utilis\u00e9 comme source de cuivre dans la pr\u00e9vention et la correction des carences dues \u00e0 des d\u00e9ficiences ou \u00e0 des d\u00e9s\u00e9quilibres dans l'assimilation de cet \u00e9l\u00e9ment. En appliquant ORGAN\u00ae GLUCONCUCU, vous obtiendrez les avantages suivants :  Pr\u00e9vention des maladies fongiques avec une faible dose d'application limitant les r\u00e9sidus.  L'application foliaire ou racinaire est possible, ce qui r\u00e9duit l'apparition de la r\u00e9sistance.  Des cultures plus vigoureuses, plus r\u00e9sistantes au stress et plus productives.   Format Unit\u00e9s Emballage Palette(L)   5 L 4 1000 L  20 L 48 960 L  220 L 4 880 L  1000 L 1 1000 L  &nbsp;","og_url":"https:\/\/organiberia.com\/fr\/producto\/organ-gluconcu\/","og_site_name":"Organiberia","og_image":[{"width":1270,"height":1000,"url":"https:\/\/organiberia.com\/wp-content\/uploads\/2023\/06\/Gluconcu-Organiberia.webp","type":"image\/webp"}],"twitter_card":"summary_large_image","schema":{"@context":"https:\/\/schema.org","@graph":[{"@type":"WebPage","@id":"https:\/\/organiberia.com\/fr\/producto\/organ-gluconcu\/","url":"https:\/\/organiberia.com\/fr\/producto\/organ-gluconcu\/","name":"ORGAN\u00ae GLUCONCU - Organiberia","isPartOf":{"@id":"https:\/\/organiberia.com\/fr\/#website"},"datePublished":"2023-06-19T09:00:07+00:00","dateModified":"2023-06-19T09:00:07+00:00","breadcrumb":{"@id":"https:\/\/organiberia.com\/fr\/producto\/organ-gluconcu\/#breadcrumb"},"inLanguage":"fr-FR","potentialAction":[{"@type":"ReadAction","target":["https:\/\/organiberia.com\/fr\/producto\/organ-gluconcu\/"]}]},{"@type":"BreadcrumbList","@id":"https:\/\/organiberia.com\/fr\/producto\/organ-gluconcu\/#breadcrumb","itemListElement":[{"@type":"ListItem","position":1,"name":"Portada","item":"https:\/\/organiberia.com\/fr\/"},{"@type":"ListItem","position":2,"name":"Boutique","item":"https:\/\/organiberia.com\/fr\/boutique\/"},{"@type":"ListItem","position":3,"name":"ORGAN\u00ae GLUCONCU"}]},{"@type":"WebSite","@id":"https:\/\/organiberia.com\/fr\/#website","url":"https:\/\/organiberia.com\/fr\/","name":"Organiberia","description":"Fabricantes fertilizantes organicos","publisher":{"@id":"https:\/\/organiberia.com\/fr\/#organization"},"potentialAction":[{"@type":"SearchAction","target":{"@type":"EntryPoint","urlTemplate":"https:\/\/organiberia.com\/fr\/?s={search_term_string}"},"query-input":"required name=search_term_string"}],"inLanguage":"fr-FR"},{"@type":"Organization","@id":"https:\/\/organiberia.com\/fr\/#organization","name":"Organiberia","url":"https:\/\/organiberia.com\/fr\/","logo":{"@type":"ImageObject","inLanguage":"fr-FR","@id":"https:\/\/organiberia.com\/fr\/#\/schema\/logo\/image\/","url":"https:\/\/organiberia.com\/wp-content\/uploads\/2023\/09\/Diseno-sin-titulo-5.svg","contentUrl":"https:\/\/organiberia.com\/wp-content\/uploads\/2023\/09\/Diseno-sin-titulo-5.svg","width":1080,"height":1080,"caption":"Organiberia"},"image":{"@id":"https:\/\/organiberia.com\/fr\/#\/schema\/logo\/image\/"}}]}},"_links":{"self":[{"href":"https:\/\/organiberia.com\/fr\/wp-json\/wp\/v2\/product\/3834","targetHints":{"allow":["GET"]}}],"collection":[{"href":"https:\/\/organiberia.com\/fr\/wp-json\/wp\/v2\/product"}],"about":[{"href":"https:\/\/organiberia.com\/fr\/wp-json\/wp\/v2\/types\/product"}],"replies":[{"embeddable":true,"href":"https:\/\/organiberia.com\/fr\/wp-json\/wp\/v2\/comments?post=3834"}],"version-history":[{"count":0,"href":"https:\/\/organiberia.com\/fr\/wp-json\/wp\/v2\/product\/3834\/revisions"}],"wp:featuredmedia":[{"embeddable":true,"href":"https:\/\/organiberia.com\/fr\/wp-json\/wp\/v2\/media\/2514"}],"wp:attachment":[{"href":"https:\/\/organiberia.com\/fr\/wp-json\/wp\/v2\/media?parent=3834"}],"wp:term":[{"taxonomy":"product_brand","embeddable":true,"href":"https:\/\/organiberia.com\/fr\/wp-json\/wp\/v2\/product_brand?post=3834"},{"taxonomy":"product_cat","embeddable":true,"href":"https:\/\/organiberia.com\/fr\/wp-json\/wp\/v2\/product_cat?post=3834"},{"taxonomy":"product_tag","embeddable":true,"href":"https:\/\/organiberia.com\/fr\/wp-json\/wp\/v2\/product_tag?post=3834"}],"curies":[{"name":"wp","href":"https:\/\/api.w.org\/{rel}","templated":true}]}}