{"id":3794,"date":"2023-06-19T09:07:13","date_gmt":"2023-06-19T09:07:13","guid":{"rendered":"https:\/\/organiberia.com\/producto\/organ-oleo-k\/"},"modified":"2023-06-19T09:07:13","modified_gmt":"2023-06-19T09:07:13","slug":"organ-oleo-k","status":"publish","type":"product","link":"https:\/\/organiberia.com\/fr\/producto\/organ-oleo-k\/","title":{"rendered":"ORGAN\u00ae OLEO K"},"content":{"rendered":"<p><strong>LA RICHESSE GARANTIE :<\/strong><\/p>\n<table id=\"tablepress-97\" class=\"tablepress tablepress-id-97\">\n<tbody class=\"row-hover\">\n<tr class=\"row-1 odd\">\n<td class=\"column-1\">Savon de potassium<\/td>\n<td class=\"column-2\">60,00 % p\/p<\/td>\n<\/tr>\n<tr class=\"row-2 even\">\n<td class=\"column-1\">pH<\/td>\n<td class=\"column-2\">8<\/td>\n<\/tr>\n<\/tbody>\n<\/table>\n<p><strong>POSOLOGIE :<\/strong><\/p>\n<table id=\"tablepress-98\" class=\"tablepress tablepress-id-98\">\n<tbody class=\"row-hover\">\n<tr class=\"row-1 odd\">\n<td class=\"column-1\">Agent mouillant<\/td>\n<td class=\"column-2\">2-3 cc\/L<\/td>\n<\/tr>\n<tr class=\"row-2 even\">\n<td class=\"column-1\">Booster<\/td>\n<td class=\"column-2\">5-8 cc\/L<\/td>\n<\/tr>\n<\/tbody>\n<\/table>\n<p>Pour une utilisation en tant que bioinsecticide, appliquez une dose de 10 cc\/L.<\/p>\n","protected":false},"excerpt":{"rendered":"<p><strong>Savon de potassium<\/strong><\/p>\n<p>Savon potassique d&rsquo;origine naturelle, indiqu\u00e9 comme insecticide et comme nettoyant des parties a\u00e9riennes des cultures de m\u00e9lasse et des taches produites par les insectes et les acariens tels que les aleurodes, les pucerons et les cochenilles.<\/p>\n<p>Le produit est un insecticide non r\u00e9sistant qui agit par contact en d\u00e9truisant la membrane cellulaire des insectes, des acariens et des nymphes, et en dissolvant la chitine de l&rsquo;exosquelette de l&rsquo;insecte.<\/p>\n<p>En raison de sa capacit\u00e9 \u00e0 dissoudre la m\u00e9lasse, il augmente la sensibilit\u00e9 des insectes \u00e0 tout autre produit agrochimique et peut m\u00eame les d\u00e9shydrater, entra\u00eenant leur mort. Il est donc recommand\u00e9 de l&rsquo;utiliser comme agent mouillant, car il agit comme un renfor\u00e7ateur d&rsquo;insecticide lorsqu&rsquo;il est m\u00e9lang\u00e9 \u00e0 d&rsquo;autres produits.<\/p>\n<table id=\"tablepress-99\" class=\"tablepress tablepress-id-99\">\n<thead>\n<tr class=\"row-1 odd\">\n<th class=\"column-1\"><b>Format<\/b><\/th>\n<th class=\"column-2\"><b>Unit\u00e9s<br \/>\nEmballage<\/b><\/th>\n<th class=\"column-3\"><b>Palette(L)<\/b><\/th>\n<\/tr>\n<\/thead>\n<tbody class=\"row-hover\">\n<tr class=\"row-2 even\">\n<td class=\"column-1\">1 L<\/td>\n<td class=\"column-2\">12<\/td>\n<td class=\"column-3\">720 L<\/td>\n<\/tr>\n<tr class=\"row-3 odd\">\n<td class=\"column-1\">5 L<\/td>\n<td class=\"column-2\">4<\/td>\n<td class=\"column-3\">800 L<\/td>\n<\/tr>\n<\/tbody>\n<\/table>\n","protected":false},"featured_media":2541,"comment_status":"open","ping_status":"closed","template":"","meta":{"site-sidebar-layout":"default","site-content-layout":"default","ast-global-header-display":"","ast-banner-title-visibility":"","ast-main-header-display":"","ast-hfb-above-header-display":"","ast-hfb-below-header-display":"","ast-hfb-mobile-header-display":"","site-post-title":"","ast-breadcrumbs-content":"","ast-featured-img":"","footer-sml-layout":"","theme-transparent-header-meta":"default","adv-header-id-meta":"","stick-header-meta":"","header-above-stick-meta":"","header-main-stick-meta":"","header-below-stick-meta":"","_joinchat":[]},"product_brand":[],"product_cat":[95,96],"product_tag":[],"class_list":{"0":"post-3794","1":"product","2":"type-product","3":"status-publish","4":"has-post-thumbnail","6":"product_cat-bioinducteurs-de-defense","7":"product_cat-organe","8":"desktop-align-center","9":"tablet-align-left","10":"mobile-align-left","12":"first","13":"instock","14":"shipping-taxable","15":"product-type-simple"},"yoast_head":"<!-- This site is optimized with the Yoast SEO Premium plugin v20.9 (Yoast SEO v20.9) - https:\/\/yoast.com\/wordpress\/plugins\/seo\/ -->\n<title>ORGAN\u00ae OLEO K - Organiberia<\/title>\n<meta name=\"robots\" content=\"index, follow, max-snippet:-1, max-image-preview:large, max-video-preview:-1\" \/>\n<link rel=\"canonical\" href=\"https:\/\/organiberia.com\/fr\/producto\/organ-oleo-k\/\" \/>\n<meta property=\"og:locale\" content=\"fr_FR\" \/>\n<meta property=\"og:type\" content=\"article\" \/>\n<meta property=\"og:title\" content=\"ORGAN\u00ae OLEO K\" \/>\n<meta property=\"og:description\" content=\"Savon de potassium Savon potassique d&#039;origine naturelle, indiqu\u00e9 comme insecticide et comme nettoyant des parties a\u00e9riennes des cultures de m\u00e9lasse et des taches produites par les insectes et les acariens tels que les aleurodes, les pucerons et les cochenilles. Le produit est un insecticide non r\u00e9sistant qui agit par contact en d\u00e9truisant la membrane cellulaire des insectes, des acariens et des nymphes, et en dissolvant la chitine de l&#039;exosquelette de l&#039;insecte. En raison de sa capacit\u00e9 \u00e0 dissoudre la m\u00e9lasse, il augmente la sensibilit\u00e9 des insectes \u00e0 tout autre produit agrochimique et peut m\u00eame les d\u00e9shydrater, entra\u00eenant leur mort. Il est donc recommand\u00e9 de l&#039;utiliser comme agent mouillant, car il agit comme un renfor\u00e7ateur d&#039;insecticide lorsqu&#039;il est m\u00e9lang\u00e9 \u00e0 d&#039;autres produits.  Format Unit\u00e9s Emballage Palette(L)   1 L 12 720 L  5 L 4 800 L\" \/>\n<meta property=\"og:url\" content=\"https:\/\/organiberia.com\/fr\/producto\/organ-oleo-k\/\" \/>\n<meta property=\"og:site_name\" content=\"Organiberia\" \/>\n<meta property=\"og:image\" content=\"https:\/\/organiberia.com\/wp-content\/uploads\/2023\/06\/Oleo-K-Organiberia.webp\" \/>\n\t<meta property=\"og:image:width\" content=\"1270\" \/>\n\t<meta property=\"og:image:height\" content=\"1000\" \/>\n\t<meta property=\"og:image:type\" content=\"image\/webp\" \/>\n<meta name=\"twitter:card\" content=\"summary_large_image\" \/>\n<script type=\"application\/ld+json\" class=\"yoast-schema-graph\">{\"@context\":\"https:\/\/schema.org\",\"@graph\":[{\"@type\":\"WebPage\",\"@id\":\"https:\/\/organiberia.com\/fr\/producto\/organ-oleo-k\/\",\"url\":\"https:\/\/organiberia.com\/fr\/producto\/organ-oleo-k\/\",\"name\":\"ORGAN\u00ae OLEO K - Organiberia\",\"isPartOf\":{\"@id\":\"https:\/\/organiberia.com\/fr\/#website\"},\"datePublished\":\"2023-06-19T09:07:13+00:00\",\"dateModified\":\"2023-06-19T09:07:13+00:00\",\"breadcrumb\":{\"@id\":\"https:\/\/organiberia.com\/fr\/producto\/organ-oleo-k\/#breadcrumb\"},\"inLanguage\":\"fr-FR\",\"potentialAction\":[{\"@type\":\"ReadAction\",\"target\":[\"https:\/\/organiberia.com\/fr\/producto\/organ-oleo-k\/\"]}]},{\"@type\":\"BreadcrumbList\",\"@id\":\"https:\/\/organiberia.com\/fr\/producto\/organ-oleo-k\/#breadcrumb\",\"itemListElement\":[{\"@type\":\"ListItem\",\"position\":1,\"name\":\"Portada\",\"item\":\"https:\/\/organiberia.com\/fr\/\"},{\"@type\":\"ListItem\",\"position\":2,\"name\":\"Boutique\",\"item\":\"https:\/\/organiberia.com\/fr\/boutique\/\"},{\"@type\":\"ListItem\",\"position\":3,\"name\":\"ORGAN\u00ae OLEO K\"}]},{\"@type\":\"WebSite\",\"@id\":\"https:\/\/organiberia.com\/fr\/#website\",\"url\":\"https:\/\/organiberia.com\/fr\/\",\"name\":\"Organiberia\",\"description\":\"Fabricantes fertilizantes organicos\",\"publisher\":{\"@id\":\"https:\/\/organiberia.com\/fr\/#organization\"},\"potentialAction\":[{\"@type\":\"SearchAction\",\"target\":{\"@type\":\"EntryPoint\",\"urlTemplate\":\"https:\/\/organiberia.com\/fr\/?s={search_term_string}\"},\"query-input\":\"required name=search_term_string\"}],\"inLanguage\":\"fr-FR\"},{\"@type\":\"Organization\",\"@id\":\"https:\/\/organiberia.com\/fr\/#organization\",\"name\":\"Organiberia\",\"url\":\"https:\/\/organiberia.com\/fr\/\",\"logo\":{\"@type\":\"ImageObject\",\"inLanguage\":\"fr-FR\",\"@id\":\"https:\/\/organiberia.com\/fr\/#\/schema\/logo\/image\/\",\"url\":\"https:\/\/organiberia.com\/wp-content\/uploads\/2023\/09\/Diseno-sin-titulo-5.svg\",\"contentUrl\":\"https:\/\/organiberia.com\/wp-content\/uploads\/2023\/09\/Diseno-sin-titulo-5.svg\",\"width\":1080,\"height\":1080,\"caption\":\"Organiberia\"},\"image\":{\"@id\":\"https:\/\/organiberia.com\/fr\/#\/schema\/logo\/image\/\"}}]}<\/script>\n<!-- \/ Yoast SEO Premium plugin. -->","yoast_head_json":{"title":"ORGAN\u00ae OLEO K - Organiberia","robots":{"index":"index","follow":"follow","max-snippet":"max-snippet:-1","max-image-preview":"max-image-preview:large","max-video-preview":"max-video-preview:-1"},"canonical":"https:\/\/organiberia.com\/fr\/producto\/organ-oleo-k\/","og_locale":"fr_FR","og_type":"article","og_title":"ORGAN\u00ae OLEO K","og_description":"Savon de potassium Savon potassique d'origine naturelle, indiqu\u00e9 comme insecticide et comme nettoyant des parties a\u00e9riennes des cultures de m\u00e9lasse et des taches produites par les insectes et les acariens tels que les aleurodes, les pucerons et les cochenilles. Le produit est un insecticide non r\u00e9sistant qui agit par contact en d\u00e9truisant la membrane cellulaire des insectes, des acariens et des nymphes, et en dissolvant la chitine de l'exosquelette de l'insecte. En raison de sa capacit\u00e9 \u00e0 dissoudre la m\u00e9lasse, il augmente la sensibilit\u00e9 des insectes \u00e0 tout autre produit agrochimique et peut m\u00eame les d\u00e9shydrater, entra\u00eenant leur mort. Il est donc recommand\u00e9 de l'utiliser comme agent mouillant, car il agit comme un renfor\u00e7ateur d'insecticide lorsqu'il est m\u00e9lang\u00e9 \u00e0 d'autres produits.  Format Unit\u00e9s Emballage Palette(L)   1 L 12 720 L  5 L 4 800 L","og_url":"https:\/\/organiberia.com\/fr\/producto\/organ-oleo-k\/","og_site_name":"Organiberia","og_image":[{"width":1270,"height":1000,"url":"https:\/\/organiberia.com\/wp-content\/uploads\/2023\/06\/Oleo-K-Organiberia.webp","type":"image\/webp"}],"twitter_card":"summary_large_image","schema":{"@context":"https:\/\/schema.org","@graph":[{"@type":"WebPage","@id":"https:\/\/organiberia.com\/fr\/producto\/organ-oleo-k\/","url":"https:\/\/organiberia.com\/fr\/producto\/organ-oleo-k\/","name":"ORGAN\u00ae OLEO K - Organiberia","isPartOf":{"@id":"https:\/\/organiberia.com\/fr\/#website"},"datePublished":"2023-06-19T09:07:13+00:00","dateModified":"2023-06-19T09:07:13+00:00","breadcrumb":{"@id":"https:\/\/organiberia.com\/fr\/producto\/organ-oleo-k\/#breadcrumb"},"inLanguage":"fr-FR","potentialAction":[{"@type":"ReadAction","target":["https:\/\/organiberia.com\/fr\/producto\/organ-oleo-k\/"]}]},{"@type":"BreadcrumbList","@id":"https:\/\/organiberia.com\/fr\/producto\/organ-oleo-k\/#breadcrumb","itemListElement":[{"@type":"ListItem","position":1,"name":"Portada","item":"https:\/\/organiberia.com\/fr\/"},{"@type":"ListItem","position":2,"name":"Boutique","item":"https:\/\/organiberia.com\/fr\/boutique\/"},{"@type":"ListItem","position":3,"name":"ORGAN\u00ae OLEO K"}]},{"@type":"WebSite","@id":"https:\/\/organiberia.com\/fr\/#website","url":"https:\/\/organiberia.com\/fr\/","name":"Organiberia","description":"Fabricantes fertilizantes organicos","publisher":{"@id":"https:\/\/organiberia.com\/fr\/#organization"},"potentialAction":[{"@type":"SearchAction","target":{"@type":"EntryPoint","urlTemplate":"https:\/\/organiberia.com\/fr\/?s={search_term_string}"},"query-input":"required name=search_term_string"}],"inLanguage":"fr-FR"},{"@type":"Organization","@id":"https:\/\/organiberia.com\/fr\/#organization","name":"Organiberia","url":"https:\/\/organiberia.com\/fr\/","logo":{"@type":"ImageObject","inLanguage":"fr-FR","@id":"https:\/\/organiberia.com\/fr\/#\/schema\/logo\/image\/","url":"https:\/\/organiberia.com\/wp-content\/uploads\/2023\/09\/Diseno-sin-titulo-5.svg","contentUrl":"https:\/\/organiberia.com\/wp-content\/uploads\/2023\/09\/Diseno-sin-titulo-5.svg","width":1080,"height":1080,"caption":"Organiberia"},"image":{"@id":"https:\/\/organiberia.com\/fr\/#\/schema\/logo\/image\/"}}]}},"_links":{"self":[{"href":"https:\/\/organiberia.com\/fr\/wp-json\/wp\/v2\/product\/3794","targetHints":{"allow":["GET"]}}],"collection":[{"href":"https:\/\/organiberia.com\/fr\/wp-json\/wp\/v2\/product"}],"about":[{"href":"https:\/\/organiberia.com\/fr\/wp-json\/wp\/v2\/types\/product"}],"replies":[{"embeddable":true,"href":"https:\/\/organiberia.com\/fr\/wp-json\/wp\/v2\/comments?post=3794"}],"version-history":[{"count":0,"href":"https:\/\/organiberia.com\/fr\/wp-json\/wp\/v2\/product\/3794\/revisions"}],"wp:featuredmedia":[{"embeddable":true,"href":"https:\/\/organiberia.com\/fr\/wp-json\/wp\/v2\/media\/2541"}],"wp:attachment":[{"href":"https:\/\/organiberia.com\/fr\/wp-json\/wp\/v2\/media?parent=3794"}],"wp:term":[{"taxonomy":"product_brand","embeddable":true,"href":"https:\/\/organiberia.com\/fr\/wp-json\/wp\/v2\/product_brand?post=3794"},{"taxonomy":"product_cat","embeddable":true,"href":"https:\/\/organiberia.com\/fr\/wp-json\/wp\/v2\/product_cat?post=3794"},{"taxonomy":"product_tag","embeddable":true,"href":"https:\/\/organiberia.com\/fr\/wp-json\/wp\/v2\/product_tag?post=3794"}],"curies":[{"name":"wp","href":"https:\/\/api.w.org\/{rel}","templated":true}]}}