{"id":3775,"date":"2023-06-19T10:01:36","date_gmt":"2023-06-19T10:01:36","guid":{"rendered":"https:\/\/organiberia.com\/producto\/organ-humic-20\/"},"modified":"2023-06-19T10:01:36","modified_gmt":"2023-06-19T10:01:36","slug":"organ-humic-20","status":"publish","type":"product","link":"https:\/\/organiberia.com\/fr\/producto\/organ-humic-20\/","title":{"rendered":"ORGAN\u00ae HUMIC 20"},"content":{"rendered":"<p><strong>  p p\/Prix garantis :<\/strong><\/p>\n<table id=\"tablepress-2\" class=\"tablepress tablepress-id-2\">\n<caption> <\/caption>\n<tbody class=\"row-hover\">\n<tr class=\"row-1 odd\">\n<td class=\"column-1\">Extrait Humique Total (E.H.T.)<\/td>\n<td class=\"column-2\">20 % p\/v<\/td>\n<td class=\"column-3\">18% p\/p<\/td>\n<\/tr>\n<tr class=\"row-2 even\">\n<td class=\"column-1\">Acides humiques<\/td>\n<td class=\"column-2\">10 % p\/v<\/td>\n<td class=\"column-3\">9 % p\/p<\/td>\n<\/tr>\n<tr class=\"row-3 odd\">\n<td class=\"column-1\">Acides fulviques<\/td>\n<td class=\"column-2\">10 % p\/v<\/td>\n<td class=\"column-3\">9 % p\/p<\/td>\n<\/tr>\n<tr class=\"row-4 even\">\n<td class=\"column-1\">Oxyde de potassium <sub>(K2O<\/sub>)<\/td>\n<td class=\"column-2\">7% p\/v<\/td>\n<td class=\"column-3\">6 % p\/p<\/td>\n<\/tr>\n<tr class=\"row-5 odd\">\n<td class=\"column-1\">Densit\u00e9<\/td>\n<td class=\"column-2\">1,15 g\/cc<\/td>\n<td class=\"column-3\"><\/td>\n<\/tr>\n<tr class=\"row-6 even\">\n<td class=\"column-1\">pH<\/td>\n<td class=\"column-2\">12<\/td>\n<td class=\"column-3\"><\/td>\n<\/tr>\n<\/tbody>\n<\/table>\n<p>Nous avons \u00e9galement d&rsquo;autres formulations d&rsquo;acides humiques, fabriqu\u00e9es \u00e0 partir des m\u00eames mati\u00e8res premi\u00e8res :<\/p>\n<table id=\"tablepress-3\" class=\"tablepress tablepress-id-3\">\n<tbody class=\"row-hover\">\n<tr class=\"row-1 odd\">\n<td class=\"column-1\">Extrait Humique Total (E.H.T.)<\/td>\n<td class=\"column-2\">16% p\/v<\/td>\n<td class=\"column-3\">26% p\/p\/p<\/td>\n<td class=\"column-4\">26% p\/v<\/td>\n<\/tr>\n<tr class=\"row-2 even\">\n<td class=\"column-1\">Acides humiques<\/td>\n<td class=\"column-2\">10 % p\/v<\/td>\n<td class=\"column-3\">10 % p\/p<\/td>\n<td class=\"column-4\">16% p\/p<\/td>\n<\/tr>\n<tr class=\"row-3 odd\">\n<td class=\"column-1\">Acides fulviques<\/td>\n<td class=\"column-2\">6 % p\/v<\/td>\n<td class=\"column-3\">16% p\/p<\/td>\n<td class=\"column-4\">10 % p\/p<\/td>\n<\/tr>\n<\/tbody>\n<\/table>\n<p><strong>POSOLOGIE :<\/strong><\/p>\n<table id=\"tablepress-4\" class=\"tablepress tablepress-id-4\">\n<caption> <\/caption>\n<tbody class=\"row-hover\">\n<tr class=\"row-1 odd\">\n<td class=\"column-1\">Irrigation en nappe (horticulture et arbres fruitiers)<\/td>\n<td class=\"column-2\">40-60 L\/Ha\/Irrigation<\/td>\n<\/tr>\n<tr class=\"row-2 even\">\n<td class=\"column-1\">Fertigation<\/td>\n<td class=\"column-2\">15-20 L\/Ha (plusieurs applications)<\/td>\n<\/tr>\n<tr class=\"row-3 odd\">\n<td class=\"column-1\">Bananiers et herbac\u00e9es<\/td>\n<td class=\"column-2\">20-25L\/Ha (plusieurs applications)<\/td>\n<\/tr>\n<\/tbody>\n<\/table>\n<p>Appliquer pendant tout le cycle de culture des l\u00e9gumes et des arbres fruitiers, de la transplantation ou du d\u00e9but de la croissance v\u00e9g\u00e9tative jusqu&rsquo;\u00e0 la nouaison et l&rsquo;engraissement des fruits, \u00e0 des doses qui d\u00e9pendent de l&rsquo;\u00e9tat de d\u00e9gradation du sol, du stress de la culture et des conditions environnementales.<\/p>\n","protected":false},"excerpt":{"rendered":"<p><strong>Acides humiques. Engrais soluble dans l&rsquo;eau<\/strong><\/p>\n<p>A partir de l\u00e9onardite am\u00e9ricaine purifi\u00e9e<\/p>\n<p>ORGAN\u00ae HUMIC 20 est un produit \u00e0 base d&rsquo;extraits d&rsquo;acides humiques et fulviques. Il est indiqu\u00e9 pour am\u00e9liorer les propri\u00e9t\u00e9s physiques, chimiques et biologiques du sol.<\/p>\n<p>ORGAN\u00ae HUMIC 20 sont des acides humiques provenant de l\u00e9onardite am\u00e9ricaine purifi\u00e9e. L&rsquo;application de ce produit am\u00e9liore la flore et la faune microbiennes du sol, le syst\u00e8me racinaire des plantes, l&rsquo;absorption des nutriments NPK et des micro-\u00e9l\u00e9ments, le calibre et la couleur des fruits, ainsi que la qualit\u00e9 de la r\u00e9colte.<\/p>\n<table id=\"tablepress-1\" class=\"tablepress tablepress-id-1\">\n<thead>\n<tr class=\"row-1 odd\">\n<th class=\"column-1\"><b>ormato<\/b><\/th>\n<th class=\"column-2\"><b>Unit\u00e9s<br \/>\nEmballage<\/b><\/th>\n<th class=\"column-3\"><b>Palette(L)<\/b><\/th>\n<\/tr>\n<\/thead>\n<tbody class=\"row-hover\">\n<tr class=\"row-2 even\">\n<td class=\"column-1\">20 L<\/td>\n<td class=\"column-2\">48<\/td>\n<td class=\"column-3\">960 L<\/td>\n<\/tr>\n<tr class=\"row-3 odd\">\n<td class=\"column-1\">220 L<\/td>\n<td class=\"column-2\">4<\/td>\n<td class=\"column-3\">880 L<\/td>\n<\/tr>\n<tr class=\"row-4 even\">\n<td class=\"column-1\">1000 L<\/td>\n<td class=\"column-2\">1<\/td>\n<td class=\"column-3\">1000 L<\/td>\n<\/tr>\n<\/tbody>\n<\/table>\n","protected":false},"featured_media":2522,"comment_status":"open","ping_status":"closed","template":"","meta":{"site-sidebar-layout":"default","site-content-layout":"default","ast-global-header-display":"","ast-banner-title-visibility":"","ast-main-header-display":"","ast-hfb-above-header-display":"","ast-hfb-below-header-display":"","ast-hfb-mobile-header-display":"","site-post-title":"","ast-breadcrumbs-content":"","ast-featured-img":"","footer-sml-layout":"","theme-transparent-header-meta":"default","adv-header-id-meta":"","stick-header-meta":"","header-above-stick-meta":"","header-main-stick-meta":"","header-below-stick-meta":"","_joinchat":[]},"product_brand":[],"product_cat":[99,96],"product_tag":[],"class_list":{"0":"post-3775","1":"product","2":"type-product","3":"status-publish","4":"has-post-thumbnail","6":"product_cat-bioconditionneurs-de-sol","7":"product_cat-organe","8":"desktop-align-center","9":"tablet-align-left","10":"mobile-align-left","12":"first","13":"instock","14":"shipping-taxable","15":"product-type-simple"},"yoast_head":"<!-- This site is optimized with the Yoast SEO Premium plugin v20.9 (Yoast SEO v20.9) - https:\/\/yoast.com\/wordpress\/plugins\/seo\/ -->\n<title>ORGAN\u00ae HUMIC 20 - Organiberia<\/title>\n<meta name=\"robots\" content=\"index, follow, max-snippet:-1, max-image-preview:large, max-video-preview:-1\" \/>\n<link rel=\"canonical\" href=\"https:\/\/organiberia.com\/fr\/producto\/organ-humic-20\/\" \/>\n<meta property=\"og:locale\" content=\"fr_FR\" \/>\n<meta property=\"og:type\" content=\"article\" \/>\n<meta property=\"og:title\" content=\"ORGAN\u00ae HUMIC 20\" \/>\n<meta property=\"og:description\" content=\"Acides humiques. Engrais soluble dans l&#039;eau A partir de l\u00e9onardite am\u00e9ricaine purifi\u00e9e ORGAN\u00ae HUMIC 20 est un produit \u00e0 base d&#039;extraits d&#039;acides humiques et fulviques. Il est indiqu\u00e9 pour am\u00e9liorer les propri\u00e9t\u00e9s physiques, chimiques et biologiques du sol. ORGAN\u00ae HUMIC 20 sont des acides humiques provenant de l\u00e9onardite am\u00e9ricaine purifi\u00e9e. L&#039;application de ce produit am\u00e9liore la flore et la faune microbiennes du sol, le syst\u00e8me racinaire des plantes, l&#039;absorption des nutriments NPK et des micro-\u00e9l\u00e9ments, le calibre et la couleur des fruits, ainsi que la qualit\u00e9 de la r\u00e9colte.  ormato Unit\u00e9s Emballage Palette(L)   20 L 48 960 L  220 L 4 880 L  1000 L 1 1000 L\" \/>\n<meta property=\"og:url\" content=\"https:\/\/organiberia.com\/fr\/producto\/organ-humic-20\/\" \/>\n<meta property=\"og:site_name\" content=\"Organiberia\" \/>\n<meta property=\"og:image\" content=\"https:\/\/organiberia.com\/wp-content\/uploads\/2023\/06\/Humic-20-Organiberia.webp\" \/>\n\t<meta property=\"og:image:width\" content=\"1270\" \/>\n\t<meta property=\"og:image:height\" content=\"1000\" \/>\n\t<meta property=\"og:image:type\" content=\"image\/webp\" \/>\n<meta name=\"twitter:card\" content=\"summary_large_image\" \/>\n<meta name=\"twitter:label1\" content=\"Dur\u00e9e de lecture estim\u00e9e\" \/>\n\t<meta name=\"twitter:data1\" content=\"1 minute\" \/>\n<script type=\"application\/ld+json\" class=\"yoast-schema-graph\">{\"@context\":\"https:\/\/schema.org\",\"@graph\":[{\"@type\":\"WebPage\",\"@id\":\"https:\/\/organiberia.com\/fr\/producto\/organ-humic-20\/\",\"url\":\"https:\/\/organiberia.com\/fr\/producto\/organ-humic-20\/\",\"name\":\"ORGAN\u00ae HUMIC 20 - Organiberia\",\"isPartOf\":{\"@id\":\"https:\/\/organiberia.com\/fr\/#website\"},\"datePublished\":\"2023-06-19T10:01:36+00:00\",\"dateModified\":\"2023-06-19T10:01:36+00:00\",\"breadcrumb\":{\"@id\":\"https:\/\/organiberia.com\/fr\/producto\/organ-humic-20\/#breadcrumb\"},\"inLanguage\":\"fr-FR\",\"potentialAction\":[{\"@type\":\"ReadAction\",\"target\":[\"https:\/\/organiberia.com\/fr\/producto\/organ-humic-20\/\"]}]},{\"@type\":\"BreadcrumbList\",\"@id\":\"https:\/\/organiberia.com\/fr\/producto\/organ-humic-20\/#breadcrumb\",\"itemListElement\":[{\"@type\":\"ListItem\",\"position\":1,\"name\":\"Portada\",\"item\":\"https:\/\/organiberia.com\/fr\/\"},{\"@type\":\"ListItem\",\"position\":2,\"name\":\"Boutique\",\"item\":\"https:\/\/organiberia.com\/fr\/boutique\/\"},{\"@type\":\"ListItem\",\"position\":3,\"name\":\"ORGAN\u00ae HUMIC 20\"}]},{\"@type\":\"WebSite\",\"@id\":\"https:\/\/organiberia.com\/fr\/#website\",\"url\":\"https:\/\/organiberia.com\/fr\/\",\"name\":\"Organiberia\",\"description\":\"Fabricantes fertilizantes organicos\",\"publisher\":{\"@id\":\"https:\/\/organiberia.com\/fr\/#organization\"},\"potentialAction\":[{\"@type\":\"SearchAction\",\"target\":{\"@type\":\"EntryPoint\",\"urlTemplate\":\"https:\/\/organiberia.com\/fr\/?s={search_term_string}\"},\"query-input\":\"required name=search_term_string\"}],\"inLanguage\":\"fr-FR\"},{\"@type\":\"Organization\",\"@id\":\"https:\/\/organiberia.com\/fr\/#organization\",\"name\":\"Organiberia\",\"url\":\"https:\/\/organiberia.com\/fr\/\",\"logo\":{\"@type\":\"ImageObject\",\"inLanguage\":\"fr-FR\",\"@id\":\"https:\/\/organiberia.com\/fr\/#\/schema\/logo\/image\/\",\"url\":\"https:\/\/organiberia.com\/wp-content\/uploads\/2023\/09\/Diseno-sin-titulo-5.svg\",\"contentUrl\":\"https:\/\/organiberia.com\/wp-content\/uploads\/2023\/09\/Diseno-sin-titulo-5.svg\",\"width\":1080,\"height\":1080,\"caption\":\"Organiberia\"},\"image\":{\"@id\":\"https:\/\/organiberia.com\/fr\/#\/schema\/logo\/image\/\"}}]}<\/script>\n<!-- \/ Yoast SEO Premium plugin. -->","yoast_head_json":{"title":"ORGAN\u00ae HUMIC 20 - Organiberia","robots":{"index":"index","follow":"follow","max-snippet":"max-snippet:-1","max-image-preview":"max-image-preview:large","max-video-preview":"max-video-preview:-1"},"canonical":"https:\/\/organiberia.com\/fr\/producto\/organ-humic-20\/","og_locale":"fr_FR","og_type":"article","og_title":"ORGAN\u00ae HUMIC 20","og_description":"Acides humiques. Engrais soluble dans l'eau A partir de l\u00e9onardite am\u00e9ricaine purifi\u00e9e ORGAN\u00ae HUMIC 20 est un produit \u00e0 base d'extraits d'acides humiques et fulviques. Il est indiqu\u00e9 pour am\u00e9liorer les propri\u00e9t\u00e9s physiques, chimiques et biologiques du sol. ORGAN\u00ae HUMIC 20 sont des acides humiques provenant de l\u00e9onardite am\u00e9ricaine purifi\u00e9e. L'application de ce produit am\u00e9liore la flore et la faune microbiennes du sol, le syst\u00e8me racinaire des plantes, l'absorption des nutriments NPK et des micro-\u00e9l\u00e9ments, le calibre et la couleur des fruits, ainsi que la qualit\u00e9 de la r\u00e9colte.  ormato Unit\u00e9s Emballage Palette(L)   20 L 48 960 L  220 L 4 880 L  1000 L 1 1000 L","og_url":"https:\/\/organiberia.com\/fr\/producto\/organ-humic-20\/","og_site_name":"Organiberia","og_image":[{"width":1270,"height":1000,"url":"https:\/\/organiberia.com\/wp-content\/uploads\/2023\/06\/Humic-20-Organiberia.webp","type":"image\/webp"}],"twitter_card":"summary_large_image","twitter_misc":{"Dur\u00e9e de lecture estim\u00e9e":"1 minute"},"schema":{"@context":"https:\/\/schema.org","@graph":[{"@type":"WebPage","@id":"https:\/\/organiberia.com\/fr\/producto\/organ-humic-20\/","url":"https:\/\/organiberia.com\/fr\/producto\/organ-humic-20\/","name":"ORGAN\u00ae HUMIC 20 - Organiberia","isPartOf":{"@id":"https:\/\/organiberia.com\/fr\/#website"},"datePublished":"2023-06-19T10:01:36+00:00","dateModified":"2023-06-19T10:01:36+00:00","breadcrumb":{"@id":"https:\/\/organiberia.com\/fr\/producto\/organ-humic-20\/#breadcrumb"},"inLanguage":"fr-FR","potentialAction":[{"@type":"ReadAction","target":["https:\/\/organiberia.com\/fr\/producto\/organ-humic-20\/"]}]},{"@type":"BreadcrumbList","@id":"https:\/\/organiberia.com\/fr\/producto\/organ-humic-20\/#breadcrumb","itemListElement":[{"@type":"ListItem","position":1,"name":"Portada","item":"https:\/\/organiberia.com\/fr\/"},{"@type":"ListItem","position":2,"name":"Boutique","item":"https:\/\/organiberia.com\/fr\/boutique\/"},{"@type":"ListItem","position":3,"name":"ORGAN\u00ae HUMIC 20"}]},{"@type":"WebSite","@id":"https:\/\/organiberia.com\/fr\/#website","url":"https:\/\/organiberia.com\/fr\/","name":"Organiberia","description":"Fabricantes fertilizantes organicos","publisher":{"@id":"https:\/\/organiberia.com\/fr\/#organization"},"potentialAction":[{"@type":"SearchAction","target":{"@type":"EntryPoint","urlTemplate":"https:\/\/organiberia.com\/fr\/?s={search_term_string}"},"query-input":"required name=search_term_string"}],"inLanguage":"fr-FR"},{"@type":"Organization","@id":"https:\/\/organiberia.com\/fr\/#organization","name":"Organiberia","url":"https:\/\/organiberia.com\/fr\/","logo":{"@type":"ImageObject","inLanguage":"fr-FR","@id":"https:\/\/organiberia.com\/fr\/#\/schema\/logo\/image\/","url":"https:\/\/organiberia.com\/wp-content\/uploads\/2023\/09\/Diseno-sin-titulo-5.svg","contentUrl":"https:\/\/organiberia.com\/wp-content\/uploads\/2023\/09\/Diseno-sin-titulo-5.svg","width":1080,"height":1080,"caption":"Organiberia"},"image":{"@id":"https:\/\/organiberia.com\/fr\/#\/schema\/logo\/image\/"}}]}},"_links":{"self":[{"href":"https:\/\/organiberia.com\/fr\/wp-json\/wp\/v2\/product\/3775","targetHints":{"allow":["GET"]}}],"collection":[{"href":"https:\/\/organiberia.com\/fr\/wp-json\/wp\/v2\/product"}],"about":[{"href":"https:\/\/organiberia.com\/fr\/wp-json\/wp\/v2\/types\/product"}],"replies":[{"embeddable":true,"href":"https:\/\/organiberia.com\/fr\/wp-json\/wp\/v2\/comments?post=3775"}],"version-history":[{"count":0,"href":"https:\/\/organiberia.com\/fr\/wp-json\/wp\/v2\/product\/3775\/revisions"}],"wp:featuredmedia":[{"embeddable":true,"href":"https:\/\/organiberia.com\/fr\/wp-json\/wp\/v2\/media\/2522"}],"wp:attachment":[{"href":"https:\/\/organiberia.com\/fr\/wp-json\/wp\/v2\/media?parent=3775"}],"wp:term":[{"taxonomy":"product_brand","embeddable":true,"href":"https:\/\/organiberia.com\/fr\/wp-json\/wp\/v2\/product_brand?post=3775"},{"taxonomy":"product_cat","embeddable":true,"href":"https:\/\/organiberia.com\/fr\/wp-json\/wp\/v2\/product_cat?post=3775"},{"taxonomy":"product_tag","embeddable":true,"href":"https:\/\/organiberia.com\/fr\/wp-json\/wp\/v2\/product_tag?post=3775"}],"curies":[{"name":"wp","href":"https:\/\/api.w.org\/{rel}","templated":true}]}}