{"id":3772,"date":"2023-06-19T18:07:00","date_gmt":"2023-06-19T18:07:00","guid":{"rendered":"https:\/\/organiberia.com\/producto\/organ-az3000\/"},"modified":"2023-06-19T18:07:00","modified_gmt":"2023-06-19T18:07:00","slug":"organ-az3000","status":"publish","type":"product","link":"https:\/\/organiberia.com\/fr\/producto\/organ-az3000\/","title":{"rendered":"ORGAN\u00ae AZ3000"},"content":{"rendered":"<p><strong>COMPOSITION :<\/strong><\/p>\n<table id=\"tablepress-103\" class=\"tablepress tablepress-id-103\">\n<tbody class=\"row-hover\">\n<tr class=\"row-1 odd\">\n<td class=\"column-1\">Extraits de plantes<\/td>\n<td class=\"column-2\">90,00%<\/td>\n<\/tr>\n<tr class=\"row-2 even\">\n<td class=\"column-1\">Densit\u00e9<\/td>\n<td class=\"column-2\">1,1 g\/cc<\/td>\n<\/tr>\n<tr class=\"row-3 odd\">\n<td class=\"column-1\">pH<\/td>\n<td class=\"column-2\">7-8<\/td>\n<\/tr>\n<\/tbody>\n<\/table>\n<p><strong>POSOLOGIE :<\/strong><\/p>\n<table id=\"tablepress-104\" class=\"tablepress tablepress-id-104\">\n<tbody class=\"row-hover\">\n<tr class=\"row-1 odd\">\n<td class=\"column-1\">Foliaire<\/td>\n<td class=\"column-2\">100-200 cc\/Hl<\/td>\n<\/tr>\n<\/tbody>\n<\/table>\n<p>En raison de la photosensibilit\u00e9 du produit, il est recommand\u00e9 de l&rsquo;appliquer au cr\u00e9puscule, pendant les heures d&rsquo;ensoleillement minimal.<\/p>\n<p>Produit disponible dans les pays o\u00f9 ses composants sont autoris\u00e9s. Produit non autoris\u00e9 en Espagne.<\/p>\n","protected":false},"excerpt":{"rendered":"<p>Il s&rsquo;agit d&rsquo;un produit \u00e0 base d&rsquo;extraits v\u00e9g\u00e9taux et de potassium qui aide la plante \u00e0 lutter contre les situations de stress agronomique provoqu\u00e9es par certains ravageurs. Gr\u00e2ce aux extraits v\u00e9g\u00e9taux d&rsquo;ol\u00e9agineux contenus dans AZ3000, riches en torp\u00e9no\u00efdes, on obtient une augmentation des phytoalexines qui sont naturellement s\u00e9cr\u00e9t\u00e9es par les plantes et qui les prot\u00e8gent contre certains organismes parasites. <\/p>\n<p>Les torp\u00e9no\u00efdes se sont r\u00e9v\u00e9l\u00e9s efficaces dans la lutte biologique contre certains ravageurs des cultures ; ils n&rsquo;\u00e9liminent pas les insectes, mais repoussent et r\u00e9duisent leur croissance et leur reproduction, diminuant ainsi les g\u00e9n\u00e9rations suivantes d&rsquo;insectes.<\/p>\n<table id=\"tablepress-105\" class=\"tablepress tablepress-id-105\">\n<thead>\n<tr class=\"row-1 odd\">\n<th class=\"column-1\"><b>Format<\/b><\/th>\n<th class=\"column-2\"><b>Unit\u00e9s<br \/>\nEmballage<\/b><\/th>\n<th class=\"column-3\"><b>Palette(L)<\/b><\/th>\n<\/tr>\n<\/thead>\n<tbody class=\"row-hover\">\n<tr class=\"row-2 even\">\n<td class=\"column-1\">1 L<\/td>\n<td class=\"column-2\">12<\/td>\n<td class=\"column-3\">600 L<\/td>\n<\/tr>\n<tr class=\"row-3 odd\">\n<td class=\"column-1\">5 L<\/td>\n<td class=\"column-2\">4<\/td>\n<td class=\"column-3\">1000 L<\/td>\n<\/tr>\n<\/tbody>\n<\/table>\n","protected":false},"featured_media":2535,"comment_status":"open","ping_status":"closed","template":"","meta":{"site-sidebar-layout":"default","site-content-layout":"default","ast-global-header-display":"","ast-banner-title-visibility":"","ast-main-header-display":"","ast-hfb-above-header-display":"","ast-hfb-below-header-display":"","ast-hfb-mobile-header-display":"","site-post-title":"","ast-breadcrumbs-content":"","ast-featured-img":"","footer-sml-layout":"","theme-transparent-header-meta":"default","adv-header-id-meta":"","stick-header-meta":"","header-above-stick-meta":"","header-main-stick-meta":"","header-below-stick-meta":"","_joinchat":[]},"product_brand":[],"product_cat":[95,96],"product_tag":[],"class_list":{"0":"post-3772","1":"product","2":"type-product","3":"status-publish","4":"has-post-thumbnail","6":"product_cat-bioinducteurs-de-defense","7":"product_cat-organe","8":"desktop-align-center","9":"tablet-align-left","10":"mobile-align-left","12":"first","13":"instock","14":"shipping-taxable","15":"product-type-simple"},"yoast_head":"<!-- This site is optimized with the Yoast SEO Premium plugin v20.9 (Yoast SEO v20.9) - https:\/\/yoast.com\/wordpress\/plugins\/seo\/ -->\n<title>ORGAN\u00ae AZ3000 - Organiberia<\/title>\n<meta name=\"robots\" content=\"index, follow, max-snippet:-1, max-image-preview:large, max-video-preview:-1\" \/>\n<link rel=\"canonical\" href=\"https:\/\/organiberia.com\/fr\/producto\/organ-az3000\/\" \/>\n<meta property=\"og:locale\" content=\"fr_FR\" \/>\n<meta property=\"og:type\" content=\"article\" \/>\n<meta property=\"og:title\" content=\"ORGAN\u00ae AZ3000\" \/>\n<meta property=\"og:description\" content=\"Il s&#039;agit d&#039;un produit \u00e0 base d&#039;extraits v\u00e9g\u00e9taux et de potassium qui aide la plante \u00e0 lutter contre les situations de stress agronomique provoqu\u00e9es par certains ravageurs. Gr\u00e2ce aux extraits v\u00e9g\u00e9taux d&#039;ol\u00e9agineux contenus dans AZ3000, riches en torp\u00e9no\u00efdes, on obtient une augmentation des phytoalexines qui sont naturellement s\u00e9cr\u00e9t\u00e9es par les plantes et qui les prot\u00e8gent contre certains organismes parasites.  Les torp\u00e9no\u00efdes se sont r\u00e9v\u00e9l\u00e9s efficaces dans la lutte biologique contre certains ravageurs des cultures ; ils n&#039;\u00e9liminent pas les insectes, mais repoussent et r\u00e9duisent leur croissance et leur reproduction, diminuant ainsi les g\u00e9n\u00e9rations suivantes d&#039;insectes.  Format Unit\u00e9s Emballage Palette(L)   1 L 12 600 L  5 L 4 1000 L\" \/>\n<meta property=\"og:url\" content=\"https:\/\/organiberia.com\/fr\/producto\/organ-az3000\/\" \/>\n<meta property=\"og:site_name\" content=\"Organiberia\" \/>\n<meta property=\"og:image\" content=\"https:\/\/organiberia.com\/wp-content\/uploads\/2023\/06\/AZ3000-Organiberia.webp\" \/>\n\t<meta property=\"og:image:width\" content=\"1270\" \/>\n\t<meta property=\"og:image:height\" content=\"1000\" \/>\n\t<meta property=\"og:image:type\" content=\"image\/webp\" \/>\n<meta name=\"twitter:card\" content=\"summary_large_image\" \/>\n<script type=\"application\/ld+json\" class=\"yoast-schema-graph\">{\"@context\":\"https:\/\/schema.org\",\"@graph\":[{\"@type\":\"WebPage\",\"@id\":\"https:\/\/organiberia.com\/fr\/producto\/organ-az3000\/\",\"url\":\"https:\/\/organiberia.com\/fr\/producto\/organ-az3000\/\",\"name\":\"ORGAN\u00ae AZ3000 - Organiberia\",\"isPartOf\":{\"@id\":\"https:\/\/organiberia.com\/fr\/#website\"},\"datePublished\":\"2023-06-19T18:07:00+00:00\",\"dateModified\":\"2023-06-19T18:07:00+00:00\",\"breadcrumb\":{\"@id\":\"https:\/\/organiberia.com\/fr\/producto\/organ-az3000\/#breadcrumb\"},\"inLanguage\":\"fr-FR\",\"potentialAction\":[{\"@type\":\"ReadAction\",\"target\":[\"https:\/\/organiberia.com\/fr\/producto\/organ-az3000\/\"]}]},{\"@type\":\"BreadcrumbList\",\"@id\":\"https:\/\/organiberia.com\/fr\/producto\/organ-az3000\/#breadcrumb\",\"itemListElement\":[{\"@type\":\"ListItem\",\"position\":1,\"name\":\"Portada\",\"item\":\"https:\/\/organiberia.com\/fr\/\"},{\"@type\":\"ListItem\",\"position\":2,\"name\":\"Boutique\",\"item\":\"https:\/\/organiberia.com\/fr\/boutique\/\"},{\"@type\":\"ListItem\",\"position\":3,\"name\":\"ORGAN\u00ae AZ3000\"}]},{\"@type\":\"WebSite\",\"@id\":\"https:\/\/organiberia.com\/fr\/#website\",\"url\":\"https:\/\/organiberia.com\/fr\/\",\"name\":\"Organiberia\",\"description\":\"Fabricantes fertilizantes organicos\",\"publisher\":{\"@id\":\"https:\/\/organiberia.com\/fr\/#organization\"},\"potentialAction\":[{\"@type\":\"SearchAction\",\"target\":{\"@type\":\"EntryPoint\",\"urlTemplate\":\"https:\/\/organiberia.com\/fr\/?s={search_term_string}\"},\"query-input\":\"required name=search_term_string\"}],\"inLanguage\":\"fr-FR\"},{\"@type\":\"Organization\",\"@id\":\"https:\/\/organiberia.com\/fr\/#organization\",\"name\":\"Organiberia\",\"url\":\"https:\/\/organiberia.com\/fr\/\",\"logo\":{\"@type\":\"ImageObject\",\"inLanguage\":\"fr-FR\",\"@id\":\"https:\/\/organiberia.com\/fr\/#\/schema\/logo\/image\/\",\"url\":\"https:\/\/organiberia.com\/wp-content\/uploads\/2023\/09\/Diseno-sin-titulo-5.svg\",\"contentUrl\":\"https:\/\/organiberia.com\/wp-content\/uploads\/2023\/09\/Diseno-sin-titulo-5.svg\",\"width\":1080,\"height\":1080,\"caption\":\"Organiberia\"},\"image\":{\"@id\":\"https:\/\/organiberia.com\/fr\/#\/schema\/logo\/image\/\"}}]}<\/script>\n<!-- \/ Yoast SEO Premium plugin. -->","yoast_head_json":{"title":"ORGAN\u00ae AZ3000 - Organiberia","robots":{"index":"index","follow":"follow","max-snippet":"max-snippet:-1","max-image-preview":"max-image-preview:large","max-video-preview":"max-video-preview:-1"},"canonical":"https:\/\/organiberia.com\/fr\/producto\/organ-az3000\/","og_locale":"fr_FR","og_type":"article","og_title":"ORGAN\u00ae AZ3000","og_description":"Il s'agit d'un produit \u00e0 base d'extraits v\u00e9g\u00e9taux et de potassium qui aide la plante \u00e0 lutter contre les situations de stress agronomique provoqu\u00e9es par certains ravageurs. Gr\u00e2ce aux extraits v\u00e9g\u00e9taux d'ol\u00e9agineux contenus dans AZ3000, riches en torp\u00e9no\u00efdes, on obtient une augmentation des phytoalexines qui sont naturellement s\u00e9cr\u00e9t\u00e9es par les plantes et qui les prot\u00e8gent contre certains organismes parasites.  Les torp\u00e9no\u00efdes se sont r\u00e9v\u00e9l\u00e9s efficaces dans la lutte biologique contre certains ravageurs des cultures ; ils n'\u00e9liminent pas les insectes, mais repoussent et r\u00e9duisent leur croissance et leur reproduction, diminuant ainsi les g\u00e9n\u00e9rations suivantes d'insectes.  Format Unit\u00e9s Emballage Palette(L)   1 L 12 600 L  5 L 4 1000 L","og_url":"https:\/\/organiberia.com\/fr\/producto\/organ-az3000\/","og_site_name":"Organiberia","og_image":[{"width":1270,"height":1000,"url":"https:\/\/organiberia.com\/wp-content\/uploads\/2023\/06\/AZ3000-Organiberia.webp","type":"image\/webp"}],"twitter_card":"summary_large_image","schema":{"@context":"https:\/\/schema.org","@graph":[{"@type":"WebPage","@id":"https:\/\/organiberia.com\/fr\/producto\/organ-az3000\/","url":"https:\/\/organiberia.com\/fr\/producto\/organ-az3000\/","name":"ORGAN\u00ae AZ3000 - Organiberia","isPartOf":{"@id":"https:\/\/organiberia.com\/fr\/#website"},"datePublished":"2023-06-19T18:07:00+00:00","dateModified":"2023-06-19T18:07:00+00:00","breadcrumb":{"@id":"https:\/\/organiberia.com\/fr\/producto\/organ-az3000\/#breadcrumb"},"inLanguage":"fr-FR","potentialAction":[{"@type":"ReadAction","target":["https:\/\/organiberia.com\/fr\/producto\/organ-az3000\/"]}]},{"@type":"BreadcrumbList","@id":"https:\/\/organiberia.com\/fr\/producto\/organ-az3000\/#breadcrumb","itemListElement":[{"@type":"ListItem","position":1,"name":"Portada","item":"https:\/\/organiberia.com\/fr\/"},{"@type":"ListItem","position":2,"name":"Boutique","item":"https:\/\/organiberia.com\/fr\/boutique\/"},{"@type":"ListItem","position":3,"name":"ORGAN\u00ae AZ3000"}]},{"@type":"WebSite","@id":"https:\/\/organiberia.com\/fr\/#website","url":"https:\/\/organiberia.com\/fr\/","name":"Organiberia","description":"Fabricantes fertilizantes organicos","publisher":{"@id":"https:\/\/organiberia.com\/fr\/#organization"},"potentialAction":[{"@type":"SearchAction","target":{"@type":"EntryPoint","urlTemplate":"https:\/\/organiberia.com\/fr\/?s={search_term_string}"},"query-input":"required name=search_term_string"}],"inLanguage":"fr-FR"},{"@type":"Organization","@id":"https:\/\/organiberia.com\/fr\/#organization","name":"Organiberia","url":"https:\/\/organiberia.com\/fr\/","logo":{"@type":"ImageObject","inLanguage":"fr-FR","@id":"https:\/\/organiberia.com\/fr\/#\/schema\/logo\/image\/","url":"https:\/\/organiberia.com\/wp-content\/uploads\/2023\/09\/Diseno-sin-titulo-5.svg","contentUrl":"https:\/\/organiberia.com\/wp-content\/uploads\/2023\/09\/Diseno-sin-titulo-5.svg","width":1080,"height":1080,"caption":"Organiberia"},"image":{"@id":"https:\/\/organiberia.com\/fr\/#\/schema\/logo\/image\/"}}]}},"_links":{"self":[{"href":"https:\/\/organiberia.com\/fr\/wp-json\/wp\/v2\/product\/3772","targetHints":{"allow":["GET"]}}],"collection":[{"href":"https:\/\/organiberia.com\/fr\/wp-json\/wp\/v2\/product"}],"about":[{"href":"https:\/\/organiberia.com\/fr\/wp-json\/wp\/v2\/types\/product"}],"replies":[{"embeddable":true,"href":"https:\/\/organiberia.com\/fr\/wp-json\/wp\/v2\/comments?post=3772"}],"version-history":[{"count":0,"href":"https:\/\/organiberia.com\/fr\/wp-json\/wp\/v2\/product\/3772\/revisions"}],"wp:featuredmedia":[{"embeddable":true,"href":"https:\/\/organiberia.com\/fr\/wp-json\/wp\/v2\/media\/2535"}],"wp:attachment":[{"href":"https:\/\/organiberia.com\/fr\/wp-json\/wp\/v2\/media?parent=3772"}],"wp:term":[{"taxonomy":"product_brand","embeddable":true,"href":"https:\/\/organiberia.com\/fr\/wp-json\/wp\/v2\/product_brand?post=3772"},{"taxonomy":"product_cat","embeddable":true,"href":"https:\/\/organiberia.com\/fr\/wp-json\/wp\/v2\/product_cat?post=3772"},{"taxonomy":"product_tag","embeddable":true,"href":"https:\/\/organiberia.com\/fr\/wp-json\/wp\/v2\/product_tag?post=3772"}],"curies":[{"name":"wp","href":"https:\/\/api.w.org\/{rel}","templated":true}]}}