{"id":3750,"date":"2023-06-19T18:32:34","date_gmt":"2023-06-19T18:32:34","guid":{"rendered":"https:\/\/organiberia.com\/producto\/organ-rhizobium\/"},"modified":"2023-06-19T18:32:34","modified_gmt":"2023-06-19T18:32:34","slug":"organ-rhizobium","status":"publish","type":"product","link":"https:\/\/organiberia.com\/fr\/producto\/organ-rhizobium\/","title":{"rendered":"ORGAN\u00ae RHIZOBIUM"},"content":{"rendered":"<p><strong>LA RICHESSE GARANTIE :<\/strong><\/p>\n<table id=\"tablepress-112\" class=\"tablepress tablepress-id-112\">\n<tbody class=\"row-hover\">\n<tr class=\"row-1 odd\">\n<td class=\"column-1\">Polysaccharides<\/td>\n<td class=\"column-2\">95,00 % p\/p<\/td>\n<\/tr>\n<tr class=\"row-2 even\">\n<td class=\"column-1\">Concentration de conidies<\/td>\n<td class=\"column-2\"><sup>5-106<\/sup> U.F.C.<\/td>\n<\/tr>\n<\/tbody>\n<\/table>\n<p><strong>POSOLOGIE :<\/strong><\/p>\n<table id=\"tablepress-113\" class=\"tablepress tablepress-id-113\">\n<tbody class=\"row-hover\">\n<tr class=\"row-1 odd\">\n<td class=\"column-1\">Fertilisation<\/td>\n<td class=\"column-2\">1-2 Kg\/Ha<\/td>\n<\/tr>\n<\/tbody>\n<\/table>\n<p>Des doses plus \u00e9lev\u00e9es doivent \u00eatre appliqu\u00e9es sur les sols pauvres en mati\u00e8re organique ou pr\u00e9sentant des probl\u00e8mes fongiques plus importants.<\/p>\n<p><strong>Produit disponible dans les pays o\u00f9 ses composants sont autoris\u00e9s. Produit non autoris\u00e9 en Espagne.<\/strong><\/p>\n","protected":false},"excerpt":{"rendered":"<p><strong>Complexe microbien<\/strong><\/p>\n<p><strong>ORGAN\u00ae RIZOBIUM<\/strong> est un complexe microbien compos\u00e9 de trichodermes, d&rsquo;acidobact\u00e9ries, de levures et de champignons sycotiques s\u00e9lectionn\u00e9s pour favoriser le d\u00e9veloppement des plantes :<\/p>\n<p>Comp\u00e9tition avec les champignons parasites pour les nutriments et l&rsquo;espace (jaunisse, botrytis, colletotrichum, fusarium, macrophomina, phytophthora, pythium, rhizoctonia), ce qui r\u00e9duit leur capacit\u00e9 d&rsquo;infestation.<\/p>\n<p>Meilleur conditionnement du sol afin que la plante puisse mieux utiliser les nutriments fournis, produisant ainsi des r\u00e9coltes plus abondantes et de meilleure qualit\u00e9.<\/p>\n<p>En d\u00e9composant la mati\u00e8re organique du sol, vous produisez des nutriments assimilables par les plantes et r\u00e9duisez la quantit\u00e9 d&rsquo;engrais n\u00e9cessaire.<\/p>\n<table id=\"tablepress-114\" class=\"tablepress tablepress-id-114\">\n<thead>\n<tr class=\"row-1 odd\">\n<th class=\"column-1\"><b>Format<\/b><\/th>\n<th class=\"column-2\"><b>Unit\u00e9s<br \/>\nEmballage<\/b><\/th>\n<th class=\"column-3\"><b>Palette(Kg)<\/b><\/th>\n<\/tr>\n<\/thead>\n<tbody class=\"row-hover\">\n<tr class=\"row-2 even\">\n<td class=\"column-1\">1 Kg<\/td>\n<td class=\"column-2\">6 pi\u00e8ces\/bo\u00eete<\/td>\n<td class=\"column-3\">600 Kg<\/td>\n<\/tr>\n<\/tbody>\n<\/table>\n","protected":false},"featured_media":2513,"comment_status":"open","ping_status":"closed","template":"","meta":{"site-sidebar-layout":"default","site-content-layout":"default","ast-global-header-display":"","ast-banner-title-visibility":"","ast-main-header-display":"","ast-hfb-above-header-display":"","ast-hfb-below-header-display":"","ast-hfb-mobile-header-display":"","site-post-title":"","ast-breadcrumbs-content":"","ast-featured-img":"","footer-sml-layout":"","theme-transparent-header-meta":"default","adv-header-id-meta":"","stick-header-meta":"","header-above-stick-meta":"","header-main-stick-meta":"","header-below-stick-meta":"","_joinchat":[]},"product_brand":[],"product_cat":[95,96],"product_tag":[],"class_list":{"0":"post-3750","1":"product","2":"type-product","3":"status-publish","4":"has-post-thumbnail","6":"product_cat-bioinducteurs-de-defense","7":"product_cat-organe","8":"desktop-align-center","9":"tablet-align-left","10":"mobile-align-left","12":"first","13":"instock","14":"shipping-taxable","15":"product-type-simple"},"yoast_head":"<!-- This site is optimized with the Yoast SEO Premium plugin v20.9 (Yoast SEO v20.9) - https:\/\/yoast.com\/wordpress\/plugins\/seo\/ -->\n<title>ORGAN\u00ae RHIZOBIUM - Organiberia<\/title>\n<meta name=\"robots\" content=\"index, follow, max-snippet:-1, max-image-preview:large, max-video-preview:-1\" \/>\n<link rel=\"canonical\" href=\"https:\/\/organiberia.com\/fr\/producto\/organ-rhizobium\/\" \/>\n<meta property=\"og:locale\" content=\"fr_FR\" \/>\n<meta property=\"og:type\" content=\"article\" \/>\n<meta property=\"og:title\" content=\"ORGAN\u00ae RHIZOBIUM\" \/>\n<meta property=\"og:description\" content=\"Complexe microbien ORGAN\u00ae RIZOBIUM est un complexe microbien compos\u00e9 de trichodermes, d&#039;acidobact\u00e9ries, de levures et de champignons sycotiques s\u00e9lectionn\u00e9s pour favoriser le d\u00e9veloppement des plantes : Comp\u00e9tition avec les champignons parasites pour les nutriments et l&#039;espace (jaunisse, botrytis, colletotrichum, fusarium, macrophomina, phytophthora, pythium, rhizoctonia), ce qui r\u00e9duit leur capacit\u00e9 d&#039;infestation. Meilleur conditionnement du sol afin que la plante puisse mieux utiliser les nutriments fournis, produisant ainsi des r\u00e9coltes plus abondantes et de meilleure qualit\u00e9. En d\u00e9composant la mati\u00e8re organique du sol, vous produisez des nutriments assimilables par les plantes et r\u00e9duisez la quantit\u00e9 d&#039;engrais n\u00e9cessaire.  Format Unit\u00e9s Emballage Palette(Kg)   1 Kg 6 pi\u00e8ces\/bo\u00eete 600 Kg\" \/>\n<meta property=\"og:url\" content=\"https:\/\/organiberia.com\/fr\/producto\/organ-rhizobium\/\" \/>\n<meta property=\"og:site_name\" content=\"Organiberia\" \/>\n<meta property=\"og:image\" content=\"https:\/\/organiberia.com\/wp-content\/uploads\/2023\/06\/Rizobium-Organiberia.webp\" \/>\n\t<meta property=\"og:image:width\" content=\"1000\" \/>\n\t<meta property=\"og:image:height\" content=\"1000\" \/>\n\t<meta property=\"og:image:type\" content=\"image\/webp\" \/>\n<meta name=\"twitter:card\" content=\"summary_large_image\" \/>\n<script type=\"application\/ld+json\" class=\"yoast-schema-graph\">{\"@context\":\"https:\/\/schema.org\",\"@graph\":[{\"@type\":\"WebPage\",\"@id\":\"https:\/\/organiberia.com\/fr\/producto\/organ-rhizobium\/\",\"url\":\"https:\/\/organiberia.com\/fr\/producto\/organ-rhizobium\/\",\"name\":\"ORGAN\u00ae RHIZOBIUM - Organiberia\",\"isPartOf\":{\"@id\":\"https:\/\/organiberia.com\/fr\/#website\"},\"datePublished\":\"2023-06-19T18:32:34+00:00\",\"dateModified\":\"2023-06-19T18:32:34+00:00\",\"breadcrumb\":{\"@id\":\"https:\/\/organiberia.com\/fr\/producto\/organ-rhizobium\/#breadcrumb\"},\"inLanguage\":\"fr-FR\",\"potentialAction\":[{\"@type\":\"ReadAction\",\"target\":[\"https:\/\/organiberia.com\/fr\/producto\/organ-rhizobium\/\"]}]},{\"@type\":\"BreadcrumbList\",\"@id\":\"https:\/\/organiberia.com\/fr\/producto\/organ-rhizobium\/#breadcrumb\",\"itemListElement\":[{\"@type\":\"ListItem\",\"position\":1,\"name\":\"Portada\",\"item\":\"https:\/\/organiberia.com\/fr\/\"},{\"@type\":\"ListItem\",\"position\":2,\"name\":\"Boutique\",\"item\":\"https:\/\/organiberia.com\/fr\/boutique\/\"},{\"@type\":\"ListItem\",\"position\":3,\"name\":\"ORGAN\u00ae RHIZOBIUM\"}]},{\"@type\":\"WebSite\",\"@id\":\"https:\/\/organiberia.com\/fr\/#website\",\"url\":\"https:\/\/organiberia.com\/fr\/\",\"name\":\"Organiberia\",\"description\":\"Fabricantes fertilizantes organicos\",\"publisher\":{\"@id\":\"https:\/\/organiberia.com\/fr\/#organization\"},\"potentialAction\":[{\"@type\":\"SearchAction\",\"target\":{\"@type\":\"EntryPoint\",\"urlTemplate\":\"https:\/\/organiberia.com\/fr\/?s={search_term_string}\"},\"query-input\":\"required name=search_term_string\"}],\"inLanguage\":\"fr-FR\"},{\"@type\":\"Organization\",\"@id\":\"https:\/\/organiberia.com\/fr\/#organization\",\"name\":\"Organiberia\",\"url\":\"https:\/\/organiberia.com\/fr\/\",\"logo\":{\"@type\":\"ImageObject\",\"inLanguage\":\"fr-FR\",\"@id\":\"https:\/\/organiberia.com\/fr\/#\/schema\/logo\/image\/\",\"url\":\"https:\/\/organiberia.com\/wp-content\/uploads\/2023\/09\/Diseno-sin-titulo-5.svg\",\"contentUrl\":\"https:\/\/organiberia.com\/wp-content\/uploads\/2023\/09\/Diseno-sin-titulo-5.svg\",\"width\":1080,\"height\":1080,\"caption\":\"Organiberia\"},\"image\":{\"@id\":\"https:\/\/organiberia.com\/fr\/#\/schema\/logo\/image\/\"}}]}<\/script>\n<!-- \/ Yoast SEO Premium plugin. -->","yoast_head_json":{"title":"ORGAN\u00ae RHIZOBIUM - Organiberia","robots":{"index":"index","follow":"follow","max-snippet":"max-snippet:-1","max-image-preview":"max-image-preview:large","max-video-preview":"max-video-preview:-1"},"canonical":"https:\/\/organiberia.com\/fr\/producto\/organ-rhizobium\/","og_locale":"fr_FR","og_type":"article","og_title":"ORGAN\u00ae RHIZOBIUM","og_description":"Complexe microbien ORGAN\u00ae RIZOBIUM est un complexe microbien compos\u00e9 de trichodermes, d'acidobact\u00e9ries, de levures et de champignons sycotiques s\u00e9lectionn\u00e9s pour favoriser le d\u00e9veloppement des plantes : Comp\u00e9tition avec les champignons parasites pour les nutriments et l'espace (jaunisse, botrytis, colletotrichum, fusarium, macrophomina, phytophthora, pythium, rhizoctonia), ce qui r\u00e9duit leur capacit\u00e9 d'infestation. Meilleur conditionnement du sol afin que la plante puisse mieux utiliser les nutriments fournis, produisant ainsi des r\u00e9coltes plus abondantes et de meilleure qualit\u00e9. En d\u00e9composant la mati\u00e8re organique du sol, vous produisez des nutriments assimilables par les plantes et r\u00e9duisez la quantit\u00e9 d'engrais n\u00e9cessaire.  Format Unit\u00e9s Emballage Palette(Kg)   1 Kg 6 pi\u00e8ces\/bo\u00eete 600 Kg","og_url":"https:\/\/organiberia.com\/fr\/producto\/organ-rhizobium\/","og_site_name":"Organiberia","og_image":[{"width":1000,"height":1000,"url":"https:\/\/organiberia.com\/wp-content\/uploads\/2023\/06\/Rizobium-Organiberia.webp","type":"image\/webp"}],"twitter_card":"summary_large_image","schema":{"@context":"https:\/\/schema.org","@graph":[{"@type":"WebPage","@id":"https:\/\/organiberia.com\/fr\/producto\/organ-rhizobium\/","url":"https:\/\/organiberia.com\/fr\/producto\/organ-rhizobium\/","name":"ORGAN\u00ae RHIZOBIUM - Organiberia","isPartOf":{"@id":"https:\/\/organiberia.com\/fr\/#website"},"datePublished":"2023-06-19T18:32:34+00:00","dateModified":"2023-06-19T18:32:34+00:00","breadcrumb":{"@id":"https:\/\/organiberia.com\/fr\/producto\/organ-rhizobium\/#breadcrumb"},"inLanguage":"fr-FR","potentialAction":[{"@type":"ReadAction","target":["https:\/\/organiberia.com\/fr\/producto\/organ-rhizobium\/"]}]},{"@type":"BreadcrumbList","@id":"https:\/\/organiberia.com\/fr\/producto\/organ-rhizobium\/#breadcrumb","itemListElement":[{"@type":"ListItem","position":1,"name":"Portada","item":"https:\/\/organiberia.com\/fr\/"},{"@type":"ListItem","position":2,"name":"Boutique","item":"https:\/\/organiberia.com\/fr\/boutique\/"},{"@type":"ListItem","position":3,"name":"ORGAN\u00ae RHIZOBIUM"}]},{"@type":"WebSite","@id":"https:\/\/organiberia.com\/fr\/#website","url":"https:\/\/organiberia.com\/fr\/","name":"Organiberia","description":"Fabricantes fertilizantes organicos","publisher":{"@id":"https:\/\/organiberia.com\/fr\/#organization"},"potentialAction":[{"@type":"SearchAction","target":{"@type":"EntryPoint","urlTemplate":"https:\/\/organiberia.com\/fr\/?s={search_term_string}"},"query-input":"required name=search_term_string"}],"inLanguage":"fr-FR"},{"@type":"Organization","@id":"https:\/\/organiberia.com\/fr\/#organization","name":"Organiberia","url":"https:\/\/organiberia.com\/fr\/","logo":{"@type":"ImageObject","inLanguage":"fr-FR","@id":"https:\/\/organiberia.com\/fr\/#\/schema\/logo\/image\/","url":"https:\/\/organiberia.com\/wp-content\/uploads\/2023\/09\/Diseno-sin-titulo-5.svg","contentUrl":"https:\/\/organiberia.com\/wp-content\/uploads\/2023\/09\/Diseno-sin-titulo-5.svg","width":1080,"height":1080,"caption":"Organiberia"},"image":{"@id":"https:\/\/organiberia.com\/fr\/#\/schema\/logo\/image\/"}}]}},"_links":{"self":[{"href":"https:\/\/organiberia.com\/fr\/wp-json\/wp\/v2\/product\/3750","targetHints":{"allow":["GET"]}}],"collection":[{"href":"https:\/\/organiberia.com\/fr\/wp-json\/wp\/v2\/product"}],"about":[{"href":"https:\/\/organiberia.com\/fr\/wp-json\/wp\/v2\/types\/product"}],"replies":[{"embeddable":true,"href":"https:\/\/organiberia.com\/fr\/wp-json\/wp\/v2\/comments?post=3750"}],"version-history":[{"count":0,"href":"https:\/\/organiberia.com\/fr\/wp-json\/wp\/v2\/product\/3750\/revisions"}],"wp:featuredmedia":[{"embeddable":true,"href":"https:\/\/organiberia.com\/fr\/wp-json\/wp\/v2\/media\/2513"}],"wp:attachment":[{"href":"https:\/\/organiberia.com\/fr\/wp-json\/wp\/v2\/media?parent=3750"}],"wp:term":[{"taxonomy":"product_brand","embeddable":true,"href":"https:\/\/organiberia.com\/fr\/wp-json\/wp\/v2\/product_brand?post=3750"},{"taxonomy":"product_cat","embeddable":true,"href":"https:\/\/organiberia.com\/fr\/wp-json\/wp\/v2\/product_cat?post=3750"},{"taxonomy":"product_tag","embeddable":true,"href":"https:\/\/organiberia.com\/fr\/wp-json\/wp\/v2\/product_tag?post=3750"}],"curies":[{"name":"wp","href":"https:\/\/api.w.org\/{rel}","templated":true}]}}