{"id":3749,"date":"2023-06-19T18:41:55","date_gmt":"2023-06-19T18:41:55","guid":{"rendered":"https:\/\/organiberia.com\/producto\/organ-oregon\/"},"modified":"2023-06-19T18:41:55","modified_gmt":"2023-06-19T18:41:55","slug":"organ-oregon","status":"publish","type":"product","link":"https:\/\/organiberia.com\/fr\/producto\/organ-oregon\/","title":{"rendered":"ORGAN\u00ae OREGON"},"content":{"rendered":"<p><strong>COMPOSITION :<\/strong><\/p>\n<table id=\"tablepress-159\" class=\"tablepress tablepress-id-159\">\n<tbody class=\"row-hover\">\n<tr class=\"row-1 odd\">\n<td class=\"column-1\">Potassium (K2O) soluble dans l&rsquo;eau<\/td>\n<td class=\"column-2\">12,00 % p\/p<\/td>\n<\/tr>\n<tr class=\"row-2 even\">\n<td class=\"column-1\">Excipients<\/td>\n<td class=\"column-2\">0,10 % w\/w<\/td>\n<\/tr>\n<\/tbody>\n<\/table>\n<p><strong>POSOLOGIE :<\/strong><\/p>\n<table id=\"tablepress-158\" class=\"tablepress tablepress-id-158\">\n<tbody class=\"row-hover\">\n<tr class=\"row-1 odd\">\n<td class=\"column-1\">Foliaire<\/td>\n<td class=\"column-2\">0,5 &#8211; 2 cc\/Hl<\/td>\n<\/tr>\n<\/tbody>\n<\/table>\n<p>Les meilleurs r\u00e9sultats sont obtenus avec des applications pr\u00e9ventives, lorsque les conditions environnementales sont propices au d\u00e9veloppement du botrytis. Lorsque le degr\u00e9 d&rsquo;infestation est \u00e9lev\u00e9, il convient d&rsquo;appliquer des doses plus importantes. <\/p>\n<p>Ne pas m\u00e9langer avec des produits ayant une forte r\u00e9action acide ou alcaline. N&rsquo;appliquez pas le produit pendant les p\u00e9riodes de forte radiation, car cela entra\u00eenerait une d\u00e9gradation plus rapide du produit. <\/p>\n<p><strong>AVERTISSEMENTS<\/strong><\/p>\n<p>Ces dosages sont indicatifs et peuvent varier en fonction de la culture, laissant au technicien le soin de les ajuster et de les faire varier.<\/p>\n","protected":false},"excerpt":{"rendered":"<p><strong>Fongicide naturel<\/strong><\/p>\n<p>Formul\u00e9 \u00e0 partir d&rsquo;extraits de potassium ayant un effet pr\u00e9ventif et curatif naturel contre le botrytis. Son application attaque le myc\u00e9lium du champignon et le dess\u00e8che. Produit sans produits chimiques, sans r\u00e9sidus.  <\/p>\n<p>Le facteur le plus important dans le d\u00e9veloppement du botrytis est l&rsquo;humidit\u00e9<strong>,<\/strong> qui est essentielle \u00e0 son d\u00e9veloppement<strong>. <\/strong>Plus le degr\u00e9 d&rsquo;humidit\u00e9 de l&rsquo;environnement est \u00e9lev\u00e9, plus les plantes sont susceptibles d&rsquo;\u00eatre infect\u00e9es par le champignon.<strong><br \/>\n<\/strong><\/p>\n<p>La temp\u00e9rature id\u00e9ale pour l&rsquo;apparition du <em>botrytis<\/em> est de 17\u00b0 \u00e0 25\u00b0C, mais il peut aussi appara\u00eetre \u00e0 des temp\u00e9ratures plus \u00e9lev\u00e9es. <em>Botrytis cinerea<\/em> est un champignon qui s&rsquo;attaque aux tissus v\u00e9g\u00e9taux sains (parasitisme), aux tissus v\u00e9g\u00e9taux d\u00e9j\u00e0 infect\u00e9s (opportunisme) et aux tissus v\u00e9g\u00e9taux morts (saprophytisme). <\/p>\n<p>Les spores de ce champignon, diss\u00e9min\u00e9es par le vent, sont capables de rester dormantes pendant plusieurs ann\u00e9es dans le sol ou l&rsquo;environnement jusqu&rsquo;\u00e0 ce que les conditions soient favorables \u00e0 leur d\u00e9veloppement.<\/p>\n<p>Toutes les parties de la plante peuvent \u00eatre attaqu\u00e9es : racines, feuilles, tiges, fleurs, fruits&#8230;<\/p>\n<table id=\"tablepress-40\" class=\"tablepress tablepress-id-40\">\n<thead>\n<tr class=\"row-1 odd\">\n<th class=\"column-1\"><b>Format<\/b><\/th>\n<th class=\"column-2\"><b>Unit\u00e9s<br \/>\nEmballage<\/b><\/th>\n<th class=\"column-3\"><b>Palette(L)<\/b><\/th>\n<\/tr>\n<\/thead>\n<tbody class=\"row-hover\">\n<tr class=\"row-2 even\">\n<td class=\"column-1\">1 L<\/td>\n<td class=\"column-2\">12<\/td>\n<td class=\"column-3\">840 L<\/td>\n<\/tr>\n<tr class=\"row-3 odd\">\n<td class=\"column-1\">5 L<\/td>\n<td class=\"column-2\">4<\/td>\n<td class=\"column-3\">1000 L<\/td>\n<\/tr>\n<\/tbody>\n<\/table>\n","protected":false},"featured_media":2525,"comment_status":"open","ping_status":"closed","template":"","meta":{"site-sidebar-layout":"default","site-content-layout":"default","ast-global-header-display":"","ast-banner-title-visibility":"","ast-main-header-display":"","ast-hfb-above-header-display":"","ast-hfb-below-header-display":"","ast-hfb-mobile-header-display":"","site-post-title":"","ast-breadcrumbs-content":"","ast-featured-img":"","footer-sml-layout":"","theme-transparent-header-meta":"default","adv-header-id-meta":"","stick-header-meta":"","header-above-stick-meta":"","header-main-stick-meta":"","header-below-stick-meta":"","_joinchat":[]},"product_brand":[],"product_cat":[95,96],"product_tag":[],"class_list":{"0":"post-3749","1":"product","2":"type-product","3":"status-publish","4":"has-post-thumbnail","6":"product_cat-bioinducteurs-de-defense","7":"product_cat-organe","8":"desktop-align-center","9":"tablet-align-left","10":"mobile-align-left","12":"first","13":"instock","14":"shipping-taxable","15":"product-type-simple"},"yoast_head":"<!-- This site is optimized with the Yoast SEO Premium plugin v20.9 (Yoast SEO v20.9) - https:\/\/yoast.com\/wordpress\/plugins\/seo\/ -->\n<title>ORGAN\u00ae OREGON - Organiberia<\/title>\n<meta name=\"robots\" content=\"index, follow, max-snippet:-1, max-image-preview:large, max-video-preview:-1\" \/>\n<link rel=\"canonical\" href=\"https:\/\/organiberia.com\/fr\/producto\/organ-oregon\/\" \/>\n<meta property=\"og:locale\" content=\"fr_FR\" \/>\n<meta property=\"og:type\" content=\"article\" \/>\n<meta property=\"og:title\" content=\"ORGAN\u00ae OREGON\" \/>\n<meta property=\"og:description\" content=\"Fongicide naturel Formul\u00e9 \u00e0 partir d&#039;extraits de potassium ayant un effet pr\u00e9ventif et curatif naturel contre le botrytis. Son application attaque le myc\u00e9lium du champignon et le dess\u00e8che. Produit sans produits chimiques, sans r\u00e9sidus.  Le facteur le plus important dans le d\u00e9veloppement du botrytis est l&#039;humidit\u00e9, qui est essentielle \u00e0 son d\u00e9veloppement. Plus le degr\u00e9 d&#039;humidit\u00e9 de l&#039;environnement est \u00e9lev\u00e9, plus les plantes sont susceptibles d&#039;\u00eatre infect\u00e9es par le champignon.  La temp\u00e9rature id\u00e9ale pour l&#039;apparition du botrytis est de 17\u00b0 \u00e0 25\u00b0C, mais il peut aussi appara\u00eetre \u00e0 des temp\u00e9ratures plus \u00e9lev\u00e9es. Botrytis cinerea est un champignon qui s&#039;attaque aux tissus v\u00e9g\u00e9taux sains (parasitisme), aux tissus v\u00e9g\u00e9taux d\u00e9j\u00e0 infect\u00e9s (opportunisme) et aux tissus v\u00e9g\u00e9taux morts (saprophytisme).  Les spores de ce champignon, diss\u00e9min\u00e9es par le vent, sont capables de rester dormantes pendant plusieurs ann\u00e9es dans le sol ou l&#039;environnement jusqu&#039;\u00e0 ce que les conditions soient favorables \u00e0 leur d\u00e9veloppement. Toutes les parties de la plante peuvent \u00eatre attaqu\u00e9es : racines, feuilles, tiges, fleurs, fruits...  Format Unit\u00e9s Emballage Palette(L)   1 L 12 840 L  5 L 4 1000 L\" \/>\n<meta property=\"og:url\" content=\"https:\/\/organiberia.com\/fr\/producto\/organ-oregon\/\" \/>\n<meta property=\"og:site_name\" content=\"Organiberia\" \/>\n<meta property=\"og:image\" content=\"https:\/\/organiberia.com\/wp-content\/uploads\/2023\/06\/Oregon-Organiberia.webp\" \/>\n\t<meta property=\"og:image:width\" content=\"1270\" \/>\n\t<meta property=\"og:image:height\" content=\"1000\" \/>\n\t<meta property=\"og:image:type\" content=\"image\/webp\" \/>\n<meta name=\"twitter:card\" content=\"summary_large_image\" \/>\n<meta name=\"twitter:label1\" content=\"Dur\u00e9e de lecture estim\u00e9e\" \/>\n\t<meta name=\"twitter:data1\" content=\"1 minute\" \/>\n<script type=\"application\/ld+json\" class=\"yoast-schema-graph\">{\"@context\":\"https:\/\/schema.org\",\"@graph\":[{\"@type\":\"WebPage\",\"@id\":\"https:\/\/organiberia.com\/fr\/producto\/organ-oregon\/\",\"url\":\"https:\/\/organiberia.com\/fr\/producto\/organ-oregon\/\",\"name\":\"ORGAN\u00ae OREGON - Organiberia\",\"isPartOf\":{\"@id\":\"https:\/\/organiberia.com\/fr\/#website\"},\"datePublished\":\"2023-06-19T18:41:55+00:00\",\"dateModified\":\"2023-06-19T18:41:55+00:00\",\"breadcrumb\":{\"@id\":\"https:\/\/organiberia.com\/fr\/producto\/organ-oregon\/#breadcrumb\"},\"inLanguage\":\"fr-FR\",\"potentialAction\":[{\"@type\":\"ReadAction\",\"target\":[\"https:\/\/organiberia.com\/fr\/producto\/organ-oregon\/\"]}]},{\"@type\":\"BreadcrumbList\",\"@id\":\"https:\/\/organiberia.com\/fr\/producto\/organ-oregon\/#breadcrumb\",\"itemListElement\":[{\"@type\":\"ListItem\",\"position\":1,\"name\":\"Portada\",\"item\":\"https:\/\/organiberia.com\/fr\/\"},{\"@type\":\"ListItem\",\"position\":2,\"name\":\"Boutique\",\"item\":\"https:\/\/organiberia.com\/fr\/boutique\/\"},{\"@type\":\"ListItem\",\"position\":3,\"name\":\"ORGAN\u00ae OREGON\"}]},{\"@type\":\"WebSite\",\"@id\":\"https:\/\/organiberia.com\/fr\/#website\",\"url\":\"https:\/\/organiberia.com\/fr\/\",\"name\":\"Organiberia\",\"description\":\"Fabricantes fertilizantes organicos\",\"publisher\":{\"@id\":\"https:\/\/organiberia.com\/fr\/#organization\"},\"potentialAction\":[{\"@type\":\"SearchAction\",\"target\":{\"@type\":\"EntryPoint\",\"urlTemplate\":\"https:\/\/organiberia.com\/fr\/?s={search_term_string}\"},\"query-input\":\"required name=search_term_string\"}],\"inLanguage\":\"fr-FR\"},{\"@type\":\"Organization\",\"@id\":\"https:\/\/organiberia.com\/fr\/#organization\",\"name\":\"Organiberia\",\"url\":\"https:\/\/organiberia.com\/fr\/\",\"logo\":{\"@type\":\"ImageObject\",\"inLanguage\":\"fr-FR\",\"@id\":\"https:\/\/organiberia.com\/fr\/#\/schema\/logo\/image\/\",\"url\":\"https:\/\/organiberia.com\/wp-content\/uploads\/2023\/09\/Diseno-sin-titulo-5.svg\",\"contentUrl\":\"https:\/\/organiberia.com\/wp-content\/uploads\/2023\/09\/Diseno-sin-titulo-5.svg\",\"width\":1080,\"height\":1080,\"caption\":\"Organiberia\"},\"image\":{\"@id\":\"https:\/\/organiberia.com\/fr\/#\/schema\/logo\/image\/\"}}]}<\/script>\n<!-- \/ Yoast SEO Premium plugin. -->","yoast_head_json":{"title":"ORGAN\u00ae OREGON - Organiberia","robots":{"index":"index","follow":"follow","max-snippet":"max-snippet:-1","max-image-preview":"max-image-preview:large","max-video-preview":"max-video-preview:-1"},"canonical":"https:\/\/organiberia.com\/fr\/producto\/organ-oregon\/","og_locale":"fr_FR","og_type":"article","og_title":"ORGAN\u00ae OREGON","og_description":"Fongicide naturel Formul\u00e9 \u00e0 partir d'extraits de potassium ayant un effet pr\u00e9ventif et curatif naturel contre le botrytis. Son application attaque le myc\u00e9lium du champignon et le dess\u00e8che. Produit sans produits chimiques, sans r\u00e9sidus.  Le facteur le plus important dans le d\u00e9veloppement du botrytis est l'humidit\u00e9, qui est essentielle \u00e0 son d\u00e9veloppement. Plus le degr\u00e9 d'humidit\u00e9 de l'environnement est \u00e9lev\u00e9, plus les plantes sont susceptibles d'\u00eatre infect\u00e9es par le champignon.  La temp\u00e9rature id\u00e9ale pour l'apparition du botrytis est de 17\u00b0 \u00e0 25\u00b0C, mais il peut aussi appara\u00eetre \u00e0 des temp\u00e9ratures plus \u00e9lev\u00e9es. Botrytis cinerea est un champignon qui s'attaque aux tissus v\u00e9g\u00e9taux sains (parasitisme), aux tissus v\u00e9g\u00e9taux d\u00e9j\u00e0 infect\u00e9s (opportunisme) et aux tissus v\u00e9g\u00e9taux morts (saprophytisme).  Les spores de ce champignon, diss\u00e9min\u00e9es par le vent, sont capables de rester dormantes pendant plusieurs ann\u00e9es dans le sol ou l'environnement jusqu'\u00e0 ce que les conditions soient favorables \u00e0 leur d\u00e9veloppement. Toutes les parties de la plante peuvent \u00eatre attaqu\u00e9es : racines, feuilles, tiges, fleurs, fruits...  Format Unit\u00e9s Emballage Palette(L)   1 L 12 840 L  5 L 4 1000 L","og_url":"https:\/\/organiberia.com\/fr\/producto\/organ-oregon\/","og_site_name":"Organiberia","og_image":[{"width":1270,"height":1000,"url":"https:\/\/organiberia.com\/wp-content\/uploads\/2023\/06\/Oregon-Organiberia.webp","type":"image\/webp"}],"twitter_card":"summary_large_image","twitter_misc":{"Dur\u00e9e de lecture estim\u00e9e":"1 minute"},"schema":{"@context":"https:\/\/schema.org","@graph":[{"@type":"WebPage","@id":"https:\/\/organiberia.com\/fr\/producto\/organ-oregon\/","url":"https:\/\/organiberia.com\/fr\/producto\/organ-oregon\/","name":"ORGAN\u00ae OREGON - Organiberia","isPartOf":{"@id":"https:\/\/organiberia.com\/fr\/#website"},"datePublished":"2023-06-19T18:41:55+00:00","dateModified":"2023-06-19T18:41:55+00:00","breadcrumb":{"@id":"https:\/\/organiberia.com\/fr\/producto\/organ-oregon\/#breadcrumb"},"inLanguage":"fr-FR","potentialAction":[{"@type":"ReadAction","target":["https:\/\/organiberia.com\/fr\/producto\/organ-oregon\/"]}]},{"@type":"BreadcrumbList","@id":"https:\/\/organiberia.com\/fr\/producto\/organ-oregon\/#breadcrumb","itemListElement":[{"@type":"ListItem","position":1,"name":"Portada","item":"https:\/\/organiberia.com\/fr\/"},{"@type":"ListItem","position":2,"name":"Boutique","item":"https:\/\/organiberia.com\/fr\/boutique\/"},{"@type":"ListItem","position":3,"name":"ORGAN\u00ae OREGON"}]},{"@type":"WebSite","@id":"https:\/\/organiberia.com\/fr\/#website","url":"https:\/\/organiberia.com\/fr\/","name":"Organiberia","description":"Fabricantes fertilizantes organicos","publisher":{"@id":"https:\/\/organiberia.com\/fr\/#organization"},"potentialAction":[{"@type":"SearchAction","target":{"@type":"EntryPoint","urlTemplate":"https:\/\/organiberia.com\/fr\/?s={search_term_string}"},"query-input":"required name=search_term_string"}],"inLanguage":"fr-FR"},{"@type":"Organization","@id":"https:\/\/organiberia.com\/fr\/#organization","name":"Organiberia","url":"https:\/\/organiberia.com\/fr\/","logo":{"@type":"ImageObject","inLanguage":"fr-FR","@id":"https:\/\/organiberia.com\/fr\/#\/schema\/logo\/image\/","url":"https:\/\/organiberia.com\/wp-content\/uploads\/2023\/09\/Diseno-sin-titulo-5.svg","contentUrl":"https:\/\/organiberia.com\/wp-content\/uploads\/2023\/09\/Diseno-sin-titulo-5.svg","width":1080,"height":1080,"caption":"Organiberia"},"image":{"@id":"https:\/\/organiberia.com\/fr\/#\/schema\/logo\/image\/"}}]}},"_links":{"self":[{"href":"https:\/\/organiberia.com\/fr\/wp-json\/wp\/v2\/product\/3749","targetHints":{"allow":["GET"]}}],"collection":[{"href":"https:\/\/organiberia.com\/fr\/wp-json\/wp\/v2\/product"}],"about":[{"href":"https:\/\/organiberia.com\/fr\/wp-json\/wp\/v2\/types\/product"}],"replies":[{"embeddable":true,"href":"https:\/\/organiberia.com\/fr\/wp-json\/wp\/v2\/comments?post=3749"}],"version-history":[{"count":0,"href":"https:\/\/organiberia.com\/fr\/wp-json\/wp\/v2\/product\/3749\/revisions"}],"wp:featuredmedia":[{"embeddable":true,"href":"https:\/\/organiberia.com\/fr\/wp-json\/wp\/v2\/media\/2525"}],"wp:attachment":[{"href":"https:\/\/organiberia.com\/fr\/wp-json\/wp\/v2\/media?parent=3749"}],"wp:term":[{"taxonomy":"product_brand","embeddable":true,"href":"https:\/\/organiberia.com\/fr\/wp-json\/wp\/v2\/product_brand?post=3749"},{"taxonomy":"product_cat","embeddable":true,"href":"https:\/\/organiberia.com\/fr\/wp-json\/wp\/v2\/product_cat?post=3749"},{"taxonomy":"product_tag","embeddable":true,"href":"https:\/\/organiberia.com\/fr\/wp-json\/wp\/v2\/product_tag?post=3749"}],"curies":[{"name":"wp","href":"https:\/\/api.w.org\/{rel}","templated":true}]}}