{"id":3743,"date":"2023-06-19T18:45:08","date_gmt":"2023-06-19T18:45:08","guid":{"rendered":"https:\/\/organiberia.com\/producto\/organ-nemax\/"},"modified":"2023-06-19T18:45:08","modified_gmt":"2023-06-19T18:45:08","slug":"organ-nemax","status":"publish","type":"product","link":"https:\/\/organiberia.com\/fr\/producto\/organ-nemax\/","title":{"rendered":"ORGAN\u00ae NEMAX"},"content":{"rendered":"<p><strong>LA RICHESSE GARANTIE :<\/strong><\/p>\n<table id=\"tablepress-127\" class=\"tablepress tablepress-id-127\">\n<tbody class=\"row-hover\">\n<tr class=\"row-1 odd\">\n<td class=\"column-1\">Polysaccharides<\/td>\n<td class=\"column-2\">95,00 % p\/p<\/td>\n<\/tr>\n<tr class=\"row-2 even\">\n<td class=\"column-1\">Concentration de conidies<\/td>\n<td class=\"column-2\"><sup>5-106<\/sup> U.F.C.<\/td>\n<\/tr>\n<\/tbody>\n<\/table>\n<p><strong>POSOLOGIE :<\/strong><\/p>\n<table id=\"tablepress-128\" class=\"tablepress tablepress-id-128\">\n<tbody class=\"row-hover\">\n<tr class=\"row-1 odd\">\n<td class=\"column-1\">Cultures horticoles fruiti\u00e8res et ornementales<\/td>\n<td class=\"column-2\">1-2 Kg\/ha<\/td>\n<\/tr>\n<\/tbody>\n<\/table>\n<p><strong>Produit disponible dans les pays o\u00f9 ses composants sont autoris\u00e9s. Produit non autoris\u00e9 en Espagne. <\/strong><\/p>\n","protected":false},"excerpt":{"rendered":"<h3>N\u00e9maticide<\/h3>\n<p><strong><br \/>\n<\/strong><strong>ORGAN\u00ae NEMAX<\/strong> est une formulation biologique de champignons mitosporiques qui agit comme <strong>n\u00e9maticide<\/strong> contre les n\u00e9matodes tels que meloidogyne sp., radopholus sp., helicotilenchus sp., pratylenchus sp. et globodera sp. qui infectent surtout les racines des cultures horticoles.<\/p>\n<p>Ces champignons agissent sur les trois stades du ravageur : ils parasitent les n\u00e9matodes \u00e0 branchies, en formant des appressoria, d\u00e9velopp\u00e9s \u00e0 partir des hyphes indiff\u00e9renci\u00e9s qui permettent la colonisation de la surface des \u0153ufs, des larves et des adultes de n\u00e9matodes.<\/p>\n<p>Avec <strong>ORGAN\u00ae<\/strong><strong> NEMAX<\/strong>, nous atteignons nos objectifs :<\/p>\n<ul>\n<li>R\u00e9duction rapide et efficace des infestations de n\u00e9matodes, car il agit sur les trois stades du parasite.<\/li>\n<li>Am\u00e9lioration du conditionnement du sol pour la croissance des racines, favorisant le d\u00e9veloppement de nouvelles racines pour remplacer celles qui ont \u00e9t\u00e9 attaqu\u00e9es par le n\u00e9matode.<\/li>\n<\/ul>\n<p><strong>ORGAN\u00ae NEMAX<\/strong> est un n\u00e9maticide biologique \u00e0 base de micro-organismes non g\u00e9n\u00e9tiquement modifi\u00e9s, il ne contient aucun produit chimique et la p\u00e9riode de s\u00e9curit\u00e9 est nulle. Il peut \u00eatre appliqu\u00e9 \u00e0 n&rsquo;importe quel stade de la culture, bien que les meilleurs r\u00e9sultats soient obtenus lorsqu&rsquo;il est appliqu\u00e9 de mani\u00e8re pr\u00e9ventive.<\/p>\n<table id=\"tablepress-129\" class=\"tablepress tablepress-id-129\">\n<thead>\n<tr class=\"row-1 odd\">\n<th class=\"column-1\"><b>Format<\/b><\/th>\n<th class=\"column-2\"><b>Unit\u00e9s<br \/>\nEmballage<\/b><\/th>\n<th class=\"column-3\"><b>Palette(Kg)<\/b><\/th>\n<\/tr>\n<\/thead>\n<tbody class=\"row-hover\">\n<tr class=\"row-2 even\">\n<td class=\"column-1\" style=\"text-align: center;\">1 Kg<\/td>\n<td class=\"column-2\" style=\"text-align: center;\">6 pi\u00e8ces\/bo\u00eete<\/td>\n<td class=\"column-3\" style=\"text-align: center;\">600 Kg<\/td>\n<\/tr>\n<\/tbody>\n<\/table>\n","protected":false},"featured_media":2524,"comment_status":"open","ping_status":"closed","template":"","meta":{"site-sidebar-layout":"default","site-content-layout":"default","ast-global-header-display":"","ast-banner-title-visibility":"","ast-main-header-display":"","ast-hfb-above-header-display":"","ast-hfb-below-header-display":"","ast-hfb-mobile-header-display":"","site-post-title":"","ast-breadcrumbs-content":"","ast-featured-img":"","footer-sml-layout":"","theme-transparent-header-meta":"default","adv-header-id-meta":"","stick-header-meta":"","header-above-stick-meta":"","header-main-stick-meta":"","header-below-stick-meta":"","_joinchat":[]},"product_brand":[],"product_cat":[95,96],"product_tag":[],"class_list":{"0":"post-3743","1":"product","2":"type-product","3":"status-publish","4":"has-post-thumbnail","6":"product_cat-bioinducteurs-de-defense","7":"product_cat-organe","8":"desktop-align-center","9":"tablet-align-left","10":"mobile-align-left","12":"first","13":"onbackorder","14":"shipping-taxable","15":"product-type-simple"},"yoast_head":"<!-- This site is optimized with the Yoast SEO Premium plugin v20.9 (Yoast SEO v20.9) - https:\/\/yoast.com\/wordpress\/plugins\/seo\/ -->\n<title>ORGAN\u00ae NEMAX - Organiberia<\/title>\n<meta name=\"robots\" content=\"index, follow, max-snippet:-1, max-image-preview:large, max-video-preview:-1\" \/>\n<link rel=\"canonical\" href=\"https:\/\/organiberia.com\/fr\/producto\/organ-nemax\/\" \/>\n<meta property=\"og:locale\" content=\"fr_FR\" \/>\n<meta property=\"og:type\" content=\"article\" \/>\n<meta property=\"og:title\" content=\"ORGAN\u00ae NEMAX\" \/>\n<meta property=\"og:description\" content=\"N\u00e9maticide ORGAN\u00ae NEMAX est une formulation biologique de champignons mitosporiques qui agit comme n\u00e9maticide contre les n\u00e9matodes tels que meloidogyne sp., radopholus sp., helicotilenchus sp., pratylenchus sp. et globodera sp. qui infectent surtout les racines des cultures horticoles. Ces champignons agissent sur les trois stades du ravageur : ils parasitent les n\u00e9matodes \u00e0 branchies, en formant des appressoria, d\u00e9velopp\u00e9s \u00e0 partir des hyphes indiff\u00e9renci\u00e9s qui permettent la colonisation de la surface des \u0153ufs, des larves et des adultes de n\u00e9matodes. Avec ORGAN\u00ae NEMAX, nous atteignons nos objectifs :  R\u00e9duction rapide et efficace des infestations de n\u00e9matodes, car il agit sur les trois stades du parasite.  Am\u00e9lioration du conditionnement du sol pour la croissance des racines, favorisant le d\u00e9veloppement de nouvelles racines pour remplacer celles qui ont \u00e9t\u00e9 attaqu\u00e9es par le n\u00e9matode. ORGAN\u00ae NEMAX est un n\u00e9maticide biologique \u00e0 base de micro-organismes non g\u00e9n\u00e9tiquement modifi\u00e9s, il ne contient aucun produit chimique et la p\u00e9riode de s\u00e9curit\u00e9 est nulle. Il peut \u00eatre appliqu\u00e9 \u00e0 n&#039;importe quel stade de la culture, bien que les meilleurs r\u00e9sultats soient obtenus lorsqu&#039;il est appliqu\u00e9 de mani\u00e8re pr\u00e9ventive.  Format Unit\u00e9s Emballage Palette(Kg)   1 Kg 6 pi\u00e8ces\/bo\u00eete 600 Kg\" \/>\n<meta property=\"og:url\" content=\"https:\/\/organiberia.com\/fr\/producto\/organ-nemax\/\" \/>\n<meta property=\"og:site_name\" content=\"Organiberia\" \/>\n<meta property=\"og:image\" content=\"https:\/\/organiberia.com\/wp-content\/uploads\/2023\/06\/Nemax-Organiberia.webp\" \/>\n\t<meta property=\"og:image:width\" content=\"1000\" \/>\n\t<meta property=\"og:image:height\" content=\"1000\" \/>\n\t<meta property=\"og:image:type\" content=\"image\/webp\" \/>\n<meta name=\"twitter:card\" content=\"summary_large_image\" \/>\n<script type=\"application\/ld+json\" class=\"yoast-schema-graph\">{\"@context\":\"https:\/\/schema.org\",\"@graph\":[{\"@type\":\"WebPage\",\"@id\":\"https:\/\/organiberia.com\/fr\/producto\/organ-nemax\/\",\"url\":\"https:\/\/organiberia.com\/fr\/producto\/organ-nemax\/\",\"name\":\"ORGAN\u00ae NEMAX - Organiberia\",\"isPartOf\":{\"@id\":\"https:\/\/organiberia.com\/fr\/#website\"},\"datePublished\":\"2023-06-19T18:45:08+00:00\",\"dateModified\":\"2023-06-19T18:45:08+00:00\",\"breadcrumb\":{\"@id\":\"https:\/\/organiberia.com\/fr\/producto\/organ-nemax\/#breadcrumb\"},\"inLanguage\":\"fr-FR\",\"potentialAction\":[{\"@type\":\"ReadAction\",\"target\":[\"https:\/\/organiberia.com\/fr\/producto\/organ-nemax\/\"]}]},{\"@type\":\"BreadcrumbList\",\"@id\":\"https:\/\/organiberia.com\/fr\/producto\/organ-nemax\/#breadcrumb\",\"itemListElement\":[{\"@type\":\"ListItem\",\"position\":1,\"name\":\"Portada\",\"item\":\"https:\/\/organiberia.com\/fr\/\"},{\"@type\":\"ListItem\",\"position\":2,\"name\":\"Boutique\",\"item\":\"https:\/\/organiberia.com\/fr\/boutique\/\"},{\"@type\":\"ListItem\",\"position\":3,\"name\":\"ORGAN\u00ae NEMAX\"}]},{\"@type\":\"WebSite\",\"@id\":\"https:\/\/organiberia.com\/fr\/#website\",\"url\":\"https:\/\/organiberia.com\/fr\/\",\"name\":\"Organiberia\",\"description\":\"Fabricantes fertilizantes organicos\",\"publisher\":{\"@id\":\"https:\/\/organiberia.com\/fr\/#organization\"},\"potentialAction\":[{\"@type\":\"SearchAction\",\"target\":{\"@type\":\"EntryPoint\",\"urlTemplate\":\"https:\/\/organiberia.com\/fr\/?s={search_term_string}\"},\"query-input\":\"required name=search_term_string\"}],\"inLanguage\":\"fr-FR\"},{\"@type\":\"Organization\",\"@id\":\"https:\/\/organiberia.com\/fr\/#organization\",\"name\":\"Organiberia\",\"url\":\"https:\/\/organiberia.com\/fr\/\",\"logo\":{\"@type\":\"ImageObject\",\"inLanguage\":\"fr-FR\",\"@id\":\"https:\/\/organiberia.com\/fr\/#\/schema\/logo\/image\/\",\"url\":\"https:\/\/organiberia.com\/wp-content\/uploads\/2023\/09\/Diseno-sin-titulo-5.svg\",\"contentUrl\":\"https:\/\/organiberia.com\/wp-content\/uploads\/2023\/09\/Diseno-sin-titulo-5.svg\",\"width\":1080,\"height\":1080,\"caption\":\"Organiberia\"},\"image\":{\"@id\":\"https:\/\/organiberia.com\/fr\/#\/schema\/logo\/image\/\"}}]}<\/script>\n<!-- \/ Yoast SEO Premium plugin. -->","yoast_head_json":{"title":"ORGAN\u00ae NEMAX - Organiberia","robots":{"index":"index","follow":"follow","max-snippet":"max-snippet:-1","max-image-preview":"max-image-preview:large","max-video-preview":"max-video-preview:-1"},"canonical":"https:\/\/organiberia.com\/fr\/producto\/organ-nemax\/","og_locale":"fr_FR","og_type":"article","og_title":"ORGAN\u00ae NEMAX","og_description":"N\u00e9maticide ORGAN\u00ae NEMAX est une formulation biologique de champignons mitosporiques qui agit comme n\u00e9maticide contre les n\u00e9matodes tels que meloidogyne sp., radopholus sp., helicotilenchus sp., pratylenchus sp. et globodera sp. qui infectent surtout les racines des cultures horticoles. Ces champignons agissent sur les trois stades du ravageur : ils parasitent les n\u00e9matodes \u00e0 branchies, en formant des appressoria, d\u00e9velopp\u00e9s \u00e0 partir des hyphes indiff\u00e9renci\u00e9s qui permettent la colonisation de la surface des \u0153ufs, des larves et des adultes de n\u00e9matodes. Avec ORGAN\u00ae NEMAX, nous atteignons nos objectifs :  R\u00e9duction rapide et efficace des infestations de n\u00e9matodes, car il agit sur les trois stades du parasite.  Am\u00e9lioration du conditionnement du sol pour la croissance des racines, favorisant le d\u00e9veloppement de nouvelles racines pour remplacer celles qui ont \u00e9t\u00e9 attaqu\u00e9es par le n\u00e9matode. ORGAN\u00ae NEMAX est un n\u00e9maticide biologique \u00e0 base de micro-organismes non g\u00e9n\u00e9tiquement modifi\u00e9s, il ne contient aucun produit chimique et la p\u00e9riode de s\u00e9curit\u00e9 est nulle. Il peut \u00eatre appliqu\u00e9 \u00e0 n'importe quel stade de la culture, bien que les meilleurs r\u00e9sultats soient obtenus lorsqu'il est appliqu\u00e9 de mani\u00e8re pr\u00e9ventive.  Format Unit\u00e9s Emballage Palette(Kg)   1 Kg 6 pi\u00e8ces\/bo\u00eete 600 Kg","og_url":"https:\/\/organiberia.com\/fr\/producto\/organ-nemax\/","og_site_name":"Organiberia","og_image":[{"width":1000,"height":1000,"url":"https:\/\/organiberia.com\/wp-content\/uploads\/2023\/06\/Nemax-Organiberia.webp","type":"image\/webp"}],"twitter_card":"summary_large_image","schema":{"@context":"https:\/\/schema.org","@graph":[{"@type":"WebPage","@id":"https:\/\/organiberia.com\/fr\/producto\/organ-nemax\/","url":"https:\/\/organiberia.com\/fr\/producto\/organ-nemax\/","name":"ORGAN\u00ae NEMAX - Organiberia","isPartOf":{"@id":"https:\/\/organiberia.com\/fr\/#website"},"datePublished":"2023-06-19T18:45:08+00:00","dateModified":"2023-06-19T18:45:08+00:00","breadcrumb":{"@id":"https:\/\/organiberia.com\/fr\/producto\/organ-nemax\/#breadcrumb"},"inLanguage":"fr-FR","potentialAction":[{"@type":"ReadAction","target":["https:\/\/organiberia.com\/fr\/producto\/organ-nemax\/"]}]},{"@type":"BreadcrumbList","@id":"https:\/\/organiberia.com\/fr\/producto\/organ-nemax\/#breadcrumb","itemListElement":[{"@type":"ListItem","position":1,"name":"Portada","item":"https:\/\/organiberia.com\/fr\/"},{"@type":"ListItem","position":2,"name":"Boutique","item":"https:\/\/organiberia.com\/fr\/boutique\/"},{"@type":"ListItem","position":3,"name":"ORGAN\u00ae NEMAX"}]},{"@type":"WebSite","@id":"https:\/\/organiberia.com\/fr\/#website","url":"https:\/\/organiberia.com\/fr\/","name":"Organiberia","description":"Fabricantes fertilizantes organicos","publisher":{"@id":"https:\/\/organiberia.com\/fr\/#organization"},"potentialAction":[{"@type":"SearchAction","target":{"@type":"EntryPoint","urlTemplate":"https:\/\/organiberia.com\/fr\/?s={search_term_string}"},"query-input":"required name=search_term_string"}],"inLanguage":"fr-FR"},{"@type":"Organization","@id":"https:\/\/organiberia.com\/fr\/#organization","name":"Organiberia","url":"https:\/\/organiberia.com\/fr\/","logo":{"@type":"ImageObject","inLanguage":"fr-FR","@id":"https:\/\/organiberia.com\/fr\/#\/schema\/logo\/image\/","url":"https:\/\/organiberia.com\/wp-content\/uploads\/2023\/09\/Diseno-sin-titulo-5.svg","contentUrl":"https:\/\/organiberia.com\/wp-content\/uploads\/2023\/09\/Diseno-sin-titulo-5.svg","width":1080,"height":1080,"caption":"Organiberia"},"image":{"@id":"https:\/\/organiberia.com\/fr\/#\/schema\/logo\/image\/"}}]}},"_links":{"self":[{"href":"https:\/\/organiberia.com\/fr\/wp-json\/wp\/v2\/product\/3743","targetHints":{"allow":["GET"]}}],"collection":[{"href":"https:\/\/organiberia.com\/fr\/wp-json\/wp\/v2\/product"}],"about":[{"href":"https:\/\/organiberia.com\/fr\/wp-json\/wp\/v2\/types\/product"}],"replies":[{"embeddable":true,"href":"https:\/\/organiberia.com\/fr\/wp-json\/wp\/v2\/comments?post=3743"}],"version-history":[{"count":0,"href":"https:\/\/organiberia.com\/fr\/wp-json\/wp\/v2\/product\/3743\/revisions"}],"wp:featuredmedia":[{"embeddable":true,"href":"https:\/\/organiberia.com\/fr\/wp-json\/wp\/v2\/media\/2524"}],"wp:attachment":[{"href":"https:\/\/organiberia.com\/fr\/wp-json\/wp\/v2\/media?parent=3743"}],"wp:term":[{"taxonomy":"product_brand","embeddable":true,"href":"https:\/\/organiberia.com\/fr\/wp-json\/wp\/v2\/product_brand?post=3743"},{"taxonomy":"product_cat","embeddable":true,"href":"https:\/\/organiberia.com\/fr\/wp-json\/wp\/v2\/product_cat?post=3743"},{"taxonomy":"product_tag","embeddable":true,"href":"https:\/\/organiberia.com\/fr\/wp-json\/wp\/v2\/product_tag?post=3743"}],"curies":[{"name":"wp","href":"https:\/\/api.w.org\/{rel}","templated":true}]}}