{"id":3739,"date":"2023-06-19T18:54:47","date_gmt":"2023-06-19T18:54:47","guid":{"rendered":"https:\/\/organiberia.com\/producto\/organ-rizobium-start\/"},"modified":"2023-06-19T18:54:47","modified_gmt":"2023-06-19T18:54:47","slug":"organ-rizobium-start","status":"publish","type":"product","link":"https:\/\/organiberia.com\/fr\/producto\/organ-rizobium-start\/","title":{"rendered":"ORGAN\u00ae RIZOBIUM START"},"content":{"rendered":"<p><strong>LA RICHESSE GARANTIE :<\/strong><\/p>\n<table id=\"tablepress-136\" class=\"tablepress tablepress-id-136\">\n<tbody class=\"row-hover\">\n<tr class=\"row-1 odd\">\n<td class=\"column-1\">Complexe microbien<\/td>\n<td class=\"column-2\"><sup>5-106<\/sup> ucf\/g<\/td>\n<\/tr>\n<tr class=\"row-2 even\">\n<td class=\"column-1\">Acides amin\u00e9s libres<\/td>\n<td class=\"column-2\">4,00 % p\/p<\/td>\n<\/tr>\n<tr class=\"row-3 odd\">\n<td class=\"column-1\">Acides amin\u00e9s libres<\/td>\n<td class=\"column-2\">5,00 % p\/p<\/td>\n<\/tr>\n<tr class=\"row-4 even\">\n<td class=\"column-1\">Enzymes induisant l&rsquo;enracinement<\/td>\n<td class=\"column-2\">1,00 % p\/p<\/td>\n<\/tr>\n<\/tbody>\n<\/table>\n<p><strong>POSOLOGIE :<\/strong><\/p>\n<table id=\"tablepress-137\" class=\"tablepress tablepress-id-137\">\n<tbody class=\"row-hover\">\n<tr class=\"row-1 odd\">\n<td class=\"column-1\">Irrigation<\/td>\n<td class=\"column-2\">Cultures horticoles : 2,5 kg\/ha Avant la transplantation<br \/>\net r\u00e9p\u00e9tez apr\u00e8s 30 jours en cycle court ou apr\u00e8s 60 jours en cycle long.<br \/>\nArbres fruitiers et vignes : 1 kg\/1000 plantes au printemps et au d\u00e9but de l&rsquo;\u00e9t\u00e9.<br \/>\nP\u00e9pini\u00e8res : 200 g\/1000 plantes dans un r\u00e9cipient de 3 litres.<br \/>\nPelouses : 1 kg\/1000 <sup>m2<\/sup>. R\u00e9p\u00e9tez l&rsquo;op\u00e9ration tous les mois. <\/td>\n<\/tr>\n<\/tbody>\n<\/table>\n<p>Appliquer le soir ou aux heures les plus fra\u00eeches de la journ\u00e9e. N&rsquo;appliquez pas de fongicides ou d&rsquo;herbicides. Ce produit ne contient pas d&rsquo;hormones et les micro-organismes ne sont pas g\u00e9n\u00e9tiquement modifi\u00e9s.  <\/p>\n<p><strong>Produit disponible dans les pays o\u00f9 ses composants sont autoris\u00e9s. Produit non autoris\u00e9 en Espagne. <\/strong><\/p>\n","protected":false},"excerpt":{"rendered":"<p><strong>D\u00e9sinfectant pour sols<\/strong><\/p>\n<p>Complexe de micro-organismes ayant diverses fonctions b\u00e9n\u00e9fiques pour les cultures :<\/p>\n<ul>\n<li>Des bact\u00e9ries qui fixent l&rsquo;azote atmosph\u00e9rique et g\u00e9n\u00e8rent \u00e9galement d&rsquo;autres substances b\u00e9n\u00e9fiques pour le d\u00e9veloppement des plantes, telles que des hormones naturelles et des vitamines. <strong>RIZOBIUM START<\/strong> est donc un excellent agent d&rsquo;enracinement. <\/li>\n<li>Les phosphobact\u00e9ries solubilisant le phosphore, augmentant la disponibilit\u00e9 de cet \u00e9l\u00e9ment nutritif pour la plante.<\/li>\n<li>Champignons mitosporiques \u00e0 action fongistatique et anti-n\u00e9matode. Ces champignons agissent par des m\u00e9canismes de mycoparasitisme sur diff\u00e9rentes esp\u00e8ces de champignons phytopathog\u00e8nes et de n\u00e9matodes du genre globodera (les esp\u00e8ces les plus nuisibles pour les cultures horticoles). <\/li>\n<\/ul>\n<p>Avec l&rsquo;application de <strong>RIZOBIUM START<\/strong>, nous parvenons \u00e0 d\u00e9velopper une sph\u00e8re de s\u00e9curit\u00e9 autour des racines de la plante, emp\u00eachant la prolif\u00e9ration de champignons et de n\u00e9matodes.<\/p>\n<table id=\"tablepress-138\" class=\"tablepress tablepress-id-138\">\n<thead>\n<tr class=\"row-1 odd\">\n<th class=\"column-1\"><b>Format<\/b><\/th>\n<th class=\"column-2\"><b>Unit\u00e9s<br \/>\nEmballage<\/b><\/th>\n<th class=\"column-3\"><b>Palette(Kg)<\/b><\/th>\n<\/tr>\n<\/thead>\n<tbody class=\"row-hover\">\n<tr class=\"row-2 even\">\n<td class=\"column-1\" style=\"text-align: center;\">5 Kg<\/td>\n<td class=\"column-2\" style=\"text-align: center;\">4<\/td>\n<td class=\"column-3\" style=\"text-align: center;\">1000 Kg<\/td>\n<\/tr>\n<\/tbody>\n<\/table>\n","protected":false},"featured_media":2505,"comment_status":"open","ping_status":"closed","template":"","meta":{"site-sidebar-layout":"default","site-content-layout":"default","ast-global-header-display":"","ast-banner-title-visibility":"","ast-main-header-display":"","ast-hfb-above-header-display":"","ast-hfb-below-header-display":"","ast-hfb-mobile-header-display":"","site-post-title":"","ast-breadcrumbs-content":"","ast-featured-img":"","footer-sml-layout":"","theme-transparent-header-meta":"default","adv-header-id-meta":"","stick-header-meta":"","header-above-stick-meta":"","header-main-stick-meta":"","header-below-stick-meta":"","_joinchat":[]},"product_brand":[],"product_cat":[95,96],"product_tag":[97],"class_list":{"0":"post-3739","1":"product","2":"type-product","3":"status-publish","4":"has-post-thumbnail","6":"product_cat-bioinducteurs-de-defense","7":"product_cat-organe","8":"product_tag-desinfectant-pour-sols","9":"desktop-align-center","10":"tablet-align-left","11":"mobile-align-left","13":"first","14":"instock","15":"shipping-taxable","16":"product-type-simple"},"yoast_head":"<!-- This site is optimized with the Yoast SEO Premium plugin v20.9 (Yoast SEO v20.9) - https:\/\/yoast.com\/wordpress\/plugins\/seo\/ -->\n<title>ORGAN\u00ae RIZOBIUM START - Organiberia<\/title>\n<meta name=\"robots\" content=\"index, follow, max-snippet:-1, max-image-preview:large, max-video-preview:-1\" \/>\n<link rel=\"canonical\" href=\"https:\/\/organiberia.com\/fr\/producto\/organ-rizobium-start\/\" \/>\n<meta property=\"og:locale\" content=\"fr_FR\" \/>\n<meta property=\"og:type\" content=\"article\" \/>\n<meta property=\"og:title\" content=\"ORGAN\u00ae RIZOBIUM START\" \/>\n<meta property=\"og:description\" content=\"D\u00e9sinfectant pour sols Complexe de micro-organismes ayant diverses fonctions b\u00e9n\u00e9fiques pour les cultures :  Des bact\u00e9ries qui fixent l&#039;azote atmosph\u00e9rique et g\u00e9n\u00e8rent \u00e9galement d&#039;autres substances b\u00e9n\u00e9fiques pour le d\u00e9veloppement des plantes, telles que des hormones naturelles et des vitamines. RIZOBIUM START est donc un excellent agent d&#039;enracinement.  Les phosphobact\u00e9ries solubilisant le phosphore, augmentant la disponibilit\u00e9 de cet \u00e9l\u00e9ment nutritif pour la plante.  Champignons mitosporiques \u00e0 action fongistatique et anti-n\u00e9matode. Ces champignons agissent par des m\u00e9canismes de mycoparasitisme sur diff\u00e9rentes esp\u00e8ces de champignons phytopathog\u00e8nes et de n\u00e9matodes du genre globodera (les esp\u00e8ces les plus nuisibles pour les cultures horticoles).  Avec l&#039;application de RIZOBIUM START, nous parvenons \u00e0 d\u00e9velopper une sph\u00e8re de s\u00e9curit\u00e9 autour des racines de la plante, emp\u00eachant la prolif\u00e9ration de champignons et de n\u00e9matodes.  Format Unit\u00e9s Emballage Palette(Kg)   5 Kg 4 1000 Kg\" \/>\n<meta property=\"og:url\" content=\"https:\/\/organiberia.com\/fr\/producto\/organ-rizobium-start\/\" \/>\n<meta property=\"og:site_name\" content=\"Organiberia\" \/>\n<meta property=\"og:image\" content=\"https:\/\/organiberia.com\/wp-content\/uploads\/2023\/06\/Rizobium-start-Organiberia.webp\" \/>\n\t<meta property=\"og:image:width\" content=\"1000\" \/>\n\t<meta property=\"og:image:height\" content=\"1000\" \/>\n\t<meta property=\"og:image:type\" content=\"image\/webp\" \/>\n<meta name=\"twitter:card\" content=\"summary_large_image\" \/>\n<meta name=\"twitter:label1\" content=\"Dur\u00e9e de lecture estim\u00e9e\" \/>\n\t<meta name=\"twitter:data1\" content=\"1 minute\" \/>\n<script type=\"application\/ld+json\" class=\"yoast-schema-graph\">{\"@context\":\"https:\/\/schema.org\",\"@graph\":[{\"@type\":\"WebPage\",\"@id\":\"https:\/\/organiberia.com\/fr\/producto\/organ-rizobium-start\/\",\"url\":\"https:\/\/organiberia.com\/fr\/producto\/organ-rizobium-start\/\",\"name\":\"ORGAN\u00ae RIZOBIUM START - Organiberia\",\"isPartOf\":{\"@id\":\"https:\/\/organiberia.com\/fr\/#website\"},\"datePublished\":\"2023-06-19T18:54:47+00:00\",\"dateModified\":\"2023-06-19T18:54:47+00:00\",\"breadcrumb\":{\"@id\":\"https:\/\/organiberia.com\/fr\/producto\/organ-rizobium-start\/#breadcrumb\"},\"inLanguage\":\"fr-FR\",\"potentialAction\":[{\"@type\":\"ReadAction\",\"target\":[\"https:\/\/organiberia.com\/fr\/producto\/organ-rizobium-start\/\"]}]},{\"@type\":\"BreadcrumbList\",\"@id\":\"https:\/\/organiberia.com\/fr\/producto\/organ-rizobium-start\/#breadcrumb\",\"itemListElement\":[{\"@type\":\"ListItem\",\"position\":1,\"name\":\"Portada\",\"item\":\"https:\/\/organiberia.com\/fr\/\"},{\"@type\":\"ListItem\",\"position\":2,\"name\":\"Boutique\",\"item\":\"https:\/\/organiberia.com\/fr\/boutique\/\"},{\"@type\":\"ListItem\",\"position\":3,\"name\":\"ORGAN\u00ae RIZOBIUM START\"}]},{\"@type\":\"WebSite\",\"@id\":\"https:\/\/organiberia.com\/fr\/#website\",\"url\":\"https:\/\/organiberia.com\/fr\/\",\"name\":\"Organiberia\",\"description\":\"Fabricantes fertilizantes organicos\",\"publisher\":{\"@id\":\"https:\/\/organiberia.com\/fr\/#organization\"},\"potentialAction\":[{\"@type\":\"SearchAction\",\"target\":{\"@type\":\"EntryPoint\",\"urlTemplate\":\"https:\/\/organiberia.com\/fr\/?s={search_term_string}\"},\"query-input\":\"required name=search_term_string\"}],\"inLanguage\":\"fr-FR\"},{\"@type\":\"Organization\",\"@id\":\"https:\/\/organiberia.com\/fr\/#organization\",\"name\":\"Organiberia\",\"url\":\"https:\/\/organiberia.com\/fr\/\",\"logo\":{\"@type\":\"ImageObject\",\"inLanguage\":\"fr-FR\",\"@id\":\"https:\/\/organiberia.com\/fr\/#\/schema\/logo\/image\/\",\"url\":\"https:\/\/organiberia.com\/wp-content\/uploads\/2023\/09\/Diseno-sin-titulo-5.svg\",\"contentUrl\":\"https:\/\/organiberia.com\/wp-content\/uploads\/2023\/09\/Diseno-sin-titulo-5.svg\",\"width\":1080,\"height\":1080,\"caption\":\"Organiberia\"},\"image\":{\"@id\":\"https:\/\/organiberia.com\/fr\/#\/schema\/logo\/image\/\"}}]}<\/script>\n<!-- \/ Yoast SEO Premium plugin. -->","yoast_head_json":{"title":"ORGAN\u00ae RIZOBIUM START - Organiberia","robots":{"index":"index","follow":"follow","max-snippet":"max-snippet:-1","max-image-preview":"max-image-preview:large","max-video-preview":"max-video-preview:-1"},"canonical":"https:\/\/organiberia.com\/fr\/producto\/organ-rizobium-start\/","og_locale":"fr_FR","og_type":"article","og_title":"ORGAN\u00ae RIZOBIUM START","og_description":"D\u00e9sinfectant pour sols Complexe de micro-organismes ayant diverses fonctions b\u00e9n\u00e9fiques pour les cultures :  Des bact\u00e9ries qui fixent l'azote atmosph\u00e9rique et g\u00e9n\u00e8rent \u00e9galement d'autres substances b\u00e9n\u00e9fiques pour le d\u00e9veloppement des plantes, telles que des hormones naturelles et des vitamines. RIZOBIUM START est donc un excellent agent d'enracinement.  Les phosphobact\u00e9ries solubilisant le phosphore, augmentant la disponibilit\u00e9 de cet \u00e9l\u00e9ment nutritif pour la plante.  Champignons mitosporiques \u00e0 action fongistatique et anti-n\u00e9matode. Ces champignons agissent par des m\u00e9canismes de mycoparasitisme sur diff\u00e9rentes esp\u00e8ces de champignons phytopathog\u00e8nes et de n\u00e9matodes du genre globodera (les esp\u00e8ces les plus nuisibles pour les cultures horticoles).  Avec l'application de RIZOBIUM START, nous parvenons \u00e0 d\u00e9velopper une sph\u00e8re de s\u00e9curit\u00e9 autour des racines de la plante, emp\u00eachant la prolif\u00e9ration de champignons et de n\u00e9matodes.  Format Unit\u00e9s Emballage Palette(Kg)   5 Kg 4 1000 Kg","og_url":"https:\/\/organiberia.com\/fr\/producto\/organ-rizobium-start\/","og_site_name":"Organiberia","og_image":[{"width":1000,"height":1000,"url":"https:\/\/organiberia.com\/wp-content\/uploads\/2023\/06\/Rizobium-start-Organiberia.webp","type":"image\/webp"}],"twitter_card":"summary_large_image","twitter_misc":{"Dur\u00e9e de lecture estim\u00e9e":"1 minute"},"schema":{"@context":"https:\/\/schema.org","@graph":[{"@type":"WebPage","@id":"https:\/\/organiberia.com\/fr\/producto\/organ-rizobium-start\/","url":"https:\/\/organiberia.com\/fr\/producto\/organ-rizobium-start\/","name":"ORGAN\u00ae RIZOBIUM START - Organiberia","isPartOf":{"@id":"https:\/\/organiberia.com\/fr\/#website"},"datePublished":"2023-06-19T18:54:47+00:00","dateModified":"2023-06-19T18:54:47+00:00","breadcrumb":{"@id":"https:\/\/organiberia.com\/fr\/producto\/organ-rizobium-start\/#breadcrumb"},"inLanguage":"fr-FR","potentialAction":[{"@type":"ReadAction","target":["https:\/\/organiberia.com\/fr\/producto\/organ-rizobium-start\/"]}]},{"@type":"BreadcrumbList","@id":"https:\/\/organiberia.com\/fr\/producto\/organ-rizobium-start\/#breadcrumb","itemListElement":[{"@type":"ListItem","position":1,"name":"Portada","item":"https:\/\/organiberia.com\/fr\/"},{"@type":"ListItem","position":2,"name":"Boutique","item":"https:\/\/organiberia.com\/fr\/boutique\/"},{"@type":"ListItem","position":3,"name":"ORGAN\u00ae RIZOBIUM START"}]},{"@type":"WebSite","@id":"https:\/\/organiberia.com\/fr\/#website","url":"https:\/\/organiberia.com\/fr\/","name":"Organiberia","description":"Fabricantes fertilizantes organicos","publisher":{"@id":"https:\/\/organiberia.com\/fr\/#organization"},"potentialAction":[{"@type":"SearchAction","target":{"@type":"EntryPoint","urlTemplate":"https:\/\/organiberia.com\/fr\/?s={search_term_string}"},"query-input":"required name=search_term_string"}],"inLanguage":"fr-FR"},{"@type":"Organization","@id":"https:\/\/organiberia.com\/fr\/#organization","name":"Organiberia","url":"https:\/\/organiberia.com\/fr\/","logo":{"@type":"ImageObject","inLanguage":"fr-FR","@id":"https:\/\/organiberia.com\/fr\/#\/schema\/logo\/image\/","url":"https:\/\/organiberia.com\/wp-content\/uploads\/2023\/09\/Diseno-sin-titulo-5.svg","contentUrl":"https:\/\/organiberia.com\/wp-content\/uploads\/2023\/09\/Diseno-sin-titulo-5.svg","width":1080,"height":1080,"caption":"Organiberia"},"image":{"@id":"https:\/\/organiberia.com\/fr\/#\/schema\/logo\/image\/"}}]}},"_links":{"self":[{"href":"https:\/\/organiberia.com\/fr\/wp-json\/wp\/v2\/product\/3739","targetHints":{"allow":["GET"]}}],"collection":[{"href":"https:\/\/organiberia.com\/fr\/wp-json\/wp\/v2\/product"}],"about":[{"href":"https:\/\/organiberia.com\/fr\/wp-json\/wp\/v2\/types\/product"}],"replies":[{"embeddable":true,"href":"https:\/\/organiberia.com\/fr\/wp-json\/wp\/v2\/comments?post=3739"}],"version-history":[{"count":0,"href":"https:\/\/organiberia.com\/fr\/wp-json\/wp\/v2\/product\/3739\/revisions"}],"wp:featuredmedia":[{"embeddable":true,"href":"https:\/\/organiberia.com\/fr\/wp-json\/wp\/v2\/media\/2505"}],"wp:attachment":[{"href":"https:\/\/organiberia.com\/fr\/wp-json\/wp\/v2\/media?parent=3739"}],"wp:term":[{"taxonomy":"product_brand","embeddable":true,"href":"https:\/\/organiberia.com\/fr\/wp-json\/wp\/v2\/product_brand?post=3739"},{"taxonomy":"product_cat","embeddable":true,"href":"https:\/\/organiberia.com\/fr\/wp-json\/wp\/v2\/product_cat?post=3739"},{"taxonomy":"product_tag","embeddable":true,"href":"https:\/\/organiberia.com\/fr\/wp-json\/wp\/v2\/product_tag?post=3739"}],"curies":[{"name":"wp","href":"https:\/\/api.w.org\/{rel}","templated":true}]}}