{"id":3975,"date":"2023-09-18T19:34:21","date_gmt":"2023-09-18T19:34:21","guid":{"rendered":"https:\/\/organiberia.com\/exportation\/"},"modified":"2025-05-18T21:45:13","modified_gmt":"2025-05-18T21:45:13","slug":"exportation","status":"publish","type":"page","link":"https:\/\/organiberia.com\/fr\/exportation\/","title":{"rendered":"Exportation"},"content":{"rendered":"<figure class=\"wp-block-video alignfull\"><video height=\"1080\" style=\"aspect-ratio: 1920 \/ 1080;\" width=\"1920\" autoplay=\"\" loop=\"\" src=\"https:\/\/organiberia.com\/wp-content\/uploads\/2023\/09\/Diseno-sin-titulo-4.mp4\"><\/video><\/figure><p class=\"has-ast-global-color-4-background-color has-background has-medium-font-size\">Chez Organiberia, notre philosophie de l&rsquo;agriculture durable et nos solutions de haute qualit\u00e9 ne connaissent pas de fronti\u00e8res. Nous \u00e9tendons notre engagement \u00e0 l&rsquo;\u00e9chelle mondiale et sommes pr\u00eats \u00e0 collaborer dans divers secteurs d&rsquo;activit\u00e9 dans le monde entier. <\/p><p class=\"has-large-font-size\">Collaboration mondiale<\/p><div class=\"wp-block-media-text is-stacked-on-mobile\"><figure class=\"wp-block-media-text__media\"><img data-dominant-color=\"909e42\" data-has-transparency=\"true\" style=\"--dominant-color: #909e42;\" loading=\"lazy\" decoding=\"async\" width=\"1024\" height=\"576\" src=\"https:\/\/organiberia.com\/wp-content\/uploads\/2023\/09\/Diseno-sin-titulo-21-1024x576.png\" alt=\"\" class=\"has-transparency wp-image-2804 size-full\" srcset=\"https:\/\/organiberia.com\/wp-content\/uploads\/2023\/09\/Diseno-sin-titulo-21-1024x576.png 1024w, https:\/\/organiberia.com\/wp-content\/uploads\/2023\/09\/Diseno-sin-titulo-21-300x169.png 300w, https:\/\/organiberia.com\/wp-content\/uploads\/2023\/09\/Diseno-sin-titulo-21-768x432.png 768w, https:\/\/organiberia.com\/wp-content\/uploads\/2023\/09\/Diseno-sin-titulo-21-1536x864.png 1536w, https:\/\/organiberia.com\/wp-content\/uploads\/2023\/09\/Diseno-sin-titulo-21-600x338.png 600w, https:\/\/organiberia.com\/wp-content\/uploads\/2023\/09\/Diseno-sin-titulo-21.png 1920w\" sizes=\"auto, (max-width: 1024px) 100vw, 1024px\" \/><\/figure><div class=\"wp-block-media-text__content\"><p class=\"has-medium-font-size\">Nous recherchons des partenaires qui partagent notre vision d&rsquo;une agriculture plus durable et plus saine. Nous proposons diff\u00e9rentes formes de collaboration, depuis les accords de distribution qui nous permettent d&rsquo;apporter nos solutions \u00e0 de nouvelles r\u00e9gions, jusqu&rsquo;aux opportunit\u00e9s de marque blanche qui permettent \u00e0 nos partenaires de proposer nos produits sous leur propre marque. Nous sommes \u00e9galement ouverts aux coentreprises et aux projets de recherche conjoints afin de stimuler l&rsquo;innovation agricole.  <\/p><\/div><\/div><p class=\"has-large-font-size\" style=\"margin-top:var(--wp--preset--spacing--60);margin-bottom:var(--wp--preset--spacing--60)\">Marque de confiance europ\u00e9enne<\/p><div class=\"wp-block-media-text alignfull has-media-on-the-right is-stacked-on-mobile\"><div class=\"wp-block-media-text__content\"><p class=\"has-medium-font-size\" style=\"margin-top:var(--wp--preset--spacing--30);margin-right:var(--wp--preset--spacing--40);margin-bottom:var(--wp--preset--spacing--30);margin-left:var(--wp--preset--spacing--40);text-decoration:underline\">Rejoignez notre r\u00e9seau mondial<\/p>\n\n<p class=\"has-medium-font-size\" style=\"margin-right:var(--wp--preset--spacing--40);margin-left:var(--wp--preset--spacing--40)\">En tant que marque europ\u00e9enne de confiance, nous nous engageons \u00e0 apporter l&rsquo;excellence de nos produits et notre vision durable aux quatre coins du monde. Nous travaillons sans rel\u00e2che pour forger des relations solides et fructueuses avec des partenaires mondiaux qui partagent notre passion pour l&rsquo;agriculture durable. <\/p><\/div><figure class=\"wp-block-media-text__media\"><img data-dominant-color=\"3f4c54\" data-has-transparency=\"true\" style=\"--dominant-color: #3f4c54;\" loading=\"lazy\" decoding=\"async\" width=\"1024\" height=\"576\" src=\"https:\/\/organiberia.com\/wp-content\/uploads\/2023\/09\/Diseno-sin-titulo-22-1024x576.png\" alt=\"\" class=\"has-transparency wp-image-2805 size-full\" srcset=\"https:\/\/organiberia.com\/wp-content\/uploads\/2023\/09\/Diseno-sin-titulo-22-1024x576.png 1024w, https:\/\/organiberia.com\/wp-content\/uploads\/2023\/09\/Diseno-sin-titulo-22-300x169.png 300w, https:\/\/organiberia.com\/wp-content\/uploads\/2023\/09\/Diseno-sin-titulo-22-768x432.png 768w, https:\/\/organiberia.com\/wp-content\/uploads\/2023\/09\/Diseno-sin-titulo-22-1536x864.png 1536w, https:\/\/organiberia.com\/wp-content\/uploads\/2023\/09\/Diseno-sin-titulo-22-600x338.png 600w, https:\/\/organiberia.com\/wp-content\/uploads\/2023\/09\/Diseno-sin-titulo-22.png 1920w\" sizes=\"auto, (max-width: 1024px) 100vw, 1024px\" \/><\/figure><\/div><p class=\"has-medium-font-size\">Si vous souhaitez faire partie de notre r\u00e9seau mondial de partenaires engag\u00e9s dans l&rsquo;agriculture durable, contactez-nous. Ensemble, nous pouvons rendre l&rsquo;agriculture plus efficace, plus respectueuse de l&rsquo;environnement et plus b\u00e9n\u00e9fique pour les agriculteurs et les consommateurs du monde entier. <\/p><div class=\"inherit-container-width wp-block-group alignwide has-text-color has-background is-layout-constrained wp-block-group-is-layout-constrained\" style=\"color:#000000;background-color:#ffffff\"><p class=\"has-text-align-center has-small-font-size\" style=\"line-height:.9\"><strong>Contactez nous<\/strong><\/p>\n\n<h2 class=\"wp-block-heading has-text-align-center\" id=\"schedule-a-visit\" style=\"font-size:59px;line-height:1.15\"><strong>Planifier une visite<\/strong><\/h2>\n\n<div class=\"wp-block-buttons is-horizontal is-content-justification-center is-layout-flex wp-container-core-buttons-is-layout-03627597 wp-block-buttons-is-layout-flex\"><div class=\"wp-block-button has-custom-width wp-block-button__width-50\"><a class=\"wp-block-button__link has-text-color has-background wp-element-button\" href=\"https:\/\/organiberia.com\/#contacto\" style=\"border-radius:50px;color:#ffffff;background-color:#000000\">Contactez-nous \u00e0 l&rsquo;adresse suivante<\/a><\/div><\/div><\/div><a name=\"contacto\"><\/a>","protected":false},"excerpt":{"rendered":"<p>Chez Organiberia, notre philosophie de l&rsquo;agriculture durable et nos solutions de haute qualit\u00e9 ne connaissent pas de fronti\u00e8res. Nous \u00e9tendons notre engagement \u00e0 l&rsquo;\u00e9chelle mondiale et sommes pr\u00eats \u00e0 collaborer dans divers secteurs d&rsquo;activit\u00e9 dans le monde entier. Collaboration mondiale Nous recherchons des partenaires qui partagent notre vision d&rsquo;une agriculture plus durable et plus saine. &hellip;<\/p>\n<p class=\"read-more\"> <a class=\"\" href=\"https:\/\/organiberia.com\/fr\/exportation\/\"> <span class=\"screen-reader-text\">Exportation<\/span> Lire la suite\u00a0\u00bb<\/a><\/p>\n","protected":false},"author":1,"featured_media":0,"parent":0,"menu_order":0,"comment_status":"closed","ping_status":"closed","template":"","meta":{"site-sidebar-layout":"default","site-content-layout":"default","ast-global-header-display":"","ast-banner-title-visibility":"","ast-main-header-display":"","ast-hfb-above-header-display":"","ast-hfb-below-header-display":"","ast-hfb-mobile-header-display":"","site-post-title":"disabled","ast-breadcrumbs-content":"","ast-featured-img":"","footer-sml-layout":"","theme-transparent-header-meta":"","adv-header-id-meta":"","stick-header-meta":"","header-above-stick-meta":"","header-main-stick-meta":"","header-below-stick-meta":"","_joinchat":[],"footnotes":""},"class_list":["post-3975","page","type-page","status-publish","hentry"],"yoast_head":"<!-- This site is optimized with the Yoast SEO Premium plugin v20.9 (Yoast SEO v20.9) - https:\/\/yoast.com\/wordpress\/plugins\/seo\/ -->\n<title>Exportation - Organiberia<\/title>\n<meta name=\"robots\" content=\"index, follow, max-snippet:-1, max-image-preview:large, max-video-preview:-1\" \/>\n<link rel=\"canonical\" href=\"https:\/\/organiberia.com\/fr\/exportation\/\" \/>\n<meta property=\"og:locale\" content=\"fr_FR\" \/>\n<meta property=\"og:type\" content=\"article\" \/>\n<meta property=\"og:title\" content=\"Exportation\" \/>\n<meta property=\"og:description\" content=\"Chez Organiberia, notre philosophie de l&rsquo;agriculture durable et nos solutions de haute qualit\u00e9 ne connaissent pas de fronti\u00e8res. Nous \u00e9tendons notre engagement \u00e0 l&rsquo;\u00e9chelle mondiale et sommes pr\u00eats \u00e0 collaborer dans divers secteurs d&rsquo;activit\u00e9 dans le monde entier. Collaboration mondiale Nous recherchons des partenaires qui partagent notre vision d&rsquo;une agriculture plus durable et plus saine. &hellip; Exportation Lire la suite\u00a0\u00bb\" \/>\n<meta property=\"og:url\" content=\"https:\/\/organiberia.com\/fr\/exportation\/\" \/>\n<meta property=\"og:site_name\" content=\"Organiberia\" \/>\n<meta property=\"article:modified_time\" content=\"2025-05-18T21:45:13+00:00\" \/>\n<meta property=\"og:image\" content=\"https:\/\/organiberia.com\/wp-content\/uploads\/2023\/09\/Diseno-sin-titulo-21-1024x576.png\" \/>\n<meta name=\"twitter:card\" content=\"summary_large_image\" \/>\n<meta name=\"twitter:label1\" content=\"Dur\u00e9e de lecture estim\u00e9e\" \/>\n\t<meta name=\"twitter:data1\" content=\"1 minute\" \/>\n<script type=\"application\/ld+json\" class=\"yoast-schema-graph\">{\"@context\":\"https:\/\/schema.org\",\"@graph\":[{\"@type\":\"WebPage\",\"@id\":\"https:\/\/organiberia.com\/fr\/exportation\/\",\"url\":\"https:\/\/organiberia.com\/fr\/exportation\/\",\"name\":\"Exportation - Organiberia\",\"isPartOf\":{\"@id\":\"https:\/\/organiberia.com\/fr\/#website\"},\"datePublished\":\"2023-09-18T19:34:21+00:00\",\"dateModified\":\"2025-05-18T21:45:13+00:00\",\"breadcrumb\":{\"@id\":\"https:\/\/organiberia.com\/fr\/exportation\/#breadcrumb\"},\"inLanguage\":\"fr-FR\",\"potentialAction\":[{\"@type\":\"ReadAction\",\"target\":[\"https:\/\/organiberia.com\/fr\/exportation\/\"]}]},{\"@type\":\"BreadcrumbList\",\"@id\":\"https:\/\/organiberia.com\/fr\/exportation\/#breadcrumb\",\"itemListElement\":[{\"@type\":\"ListItem\",\"position\":1,\"name\":\"Portada\",\"item\":\"https:\/\/organiberia.com\/fr\/\"},{\"@type\":\"ListItem\",\"position\":2,\"name\":\"Exportation\"}]},{\"@type\":\"WebSite\",\"@id\":\"https:\/\/organiberia.com\/fr\/#website\",\"url\":\"https:\/\/organiberia.com\/fr\/\",\"name\":\"Organiberia\",\"description\":\"Fabricantes fertilizantes organicos\",\"publisher\":{\"@id\":\"https:\/\/organiberia.com\/fr\/#organization\"},\"potentialAction\":[{\"@type\":\"SearchAction\",\"target\":{\"@type\":\"EntryPoint\",\"urlTemplate\":\"https:\/\/organiberia.com\/fr\/?s={search_term_string}\"},\"query-input\":\"required name=search_term_string\"}],\"inLanguage\":\"fr-FR\"},{\"@type\":\"Organization\",\"@id\":\"https:\/\/organiberia.com\/fr\/#organization\",\"name\":\"Organiberia\",\"url\":\"https:\/\/organiberia.com\/fr\/\",\"logo\":{\"@type\":\"ImageObject\",\"inLanguage\":\"fr-FR\",\"@id\":\"https:\/\/organiberia.com\/fr\/#\/schema\/logo\/image\/\",\"url\":\"https:\/\/organiberia.com\/wp-content\/uploads\/2023\/09\/Diseno-sin-titulo-5.svg\",\"contentUrl\":\"https:\/\/organiberia.com\/wp-content\/uploads\/2023\/09\/Diseno-sin-titulo-5.svg\",\"width\":1080,\"height\":1080,\"caption\":\"Organiberia\"},\"image\":{\"@id\":\"https:\/\/organiberia.com\/fr\/#\/schema\/logo\/image\/\"}}]}<\/script>\n<!-- \/ Yoast SEO Premium plugin. -->","yoast_head_json":{"title":"Exportation - Organiberia","robots":{"index":"index","follow":"follow","max-snippet":"max-snippet:-1","max-image-preview":"max-image-preview:large","max-video-preview":"max-video-preview:-1"},"canonical":"https:\/\/organiberia.com\/fr\/exportation\/","og_locale":"fr_FR","og_type":"article","og_title":"Exportation","og_description":"Chez Organiberia, notre philosophie de l&rsquo;agriculture durable et nos solutions de haute qualit\u00e9 ne connaissent pas de fronti\u00e8res. Nous \u00e9tendons notre engagement \u00e0 l&rsquo;\u00e9chelle mondiale et sommes pr\u00eats \u00e0 collaborer dans divers secteurs d&rsquo;activit\u00e9 dans le monde entier. Collaboration mondiale Nous recherchons des partenaires qui partagent notre vision d&rsquo;une agriculture plus durable et plus saine. &hellip; Exportation Lire la suite\u00a0\u00bb","og_url":"https:\/\/organiberia.com\/fr\/exportation\/","og_site_name":"Organiberia","article_modified_time":"2025-05-18T21:45:13+00:00","og_image":[{"url":"https:\/\/organiberia.com\/wp-content\/uploads\/2023\/09\/Diseno-sin-titulo-21-1024x576.png"}],"twitter_card":"summary_large_image","twitter_misc":{"Dur\u00e9e de lecture estim\u00e9e":"1 minute"},"schema":{"@context":"https:\/\/schema.org","@graph":[{"@type":"WebPage","@id":"https:\/\/organiberia.com\/fr\/exportation\/","url":"https:\/\/organiberia.com\/fr\/exportation\/","name":"Exportation - Organiberia","isPartOf":{"@id":"https:\/\/organiberia.com\/fr\/#website"},"datePublished":"2023-09-18T19:34:21+00:00","dateModified":"2025-05-18T21:45:13+00:00","breadcrumb":{"@id":"https:\/\/organiberia.com\/fr\/exportation\/#breadcrumb"},"inLanguage":"fr-FR","potentialAction":[{"@type":"ReadAction","target":["https:\/\/organiberia.com\/fr\/exportation\/"]}]},{"@type":"BreadcrumbList","@id":"https:\/\/organiberia.com\/fr\/exportation\/#breadcrumb","itemListElement":[{"@type":"ListItem","position":1,"name":"Portada","item":"https:\/\/organiberia.com\/fr\/"},{"@type":"ListItem","position":2,"name":"Exportation"}]},{"@type":"WebSite","@id":"https:\/\/organiberia.com\/fr\/#website","url":"https:\/\/organiberia.com\/fr\/","name":"Organiberia","description":"Fabricantes fertilizantes organicos","publisher":{"@id":"https:\/\/organiberia.com\/fr\/#organization"},"potentialAction":[{"@type":"SearchAction","target":{"@type":"EntryPoint","urlTemplate":"https:\/\/organiberia.com\/fr\/?s={search_term_string}"},"query-input":"required name=search_term_string"}],"inLanguage":"fr-FR"},{"@type":"Organization","@id":"https:\/\/organiberia.com\/fr\/#organization","name":"Organiberia","url":"https:\/\/organiberia.com\/fr\/","logo":{"@type":"ImageObject","inLanguage":"fr-FR","@id":"https:\/\/organiberia.com\/fr\/#\/schema\/logo\/image\/","url":"https:\/\/organiberia.com\/wp-content\/uploads\/2023\/09\/Diseno-sin-titulo-5.svg","contentUrl":"https:\/\/organiberia.com\/wp-content\/uploads\/2023\/09\/Diseno-sin-titulo-5.svg","width":1080,"height":1080,"caption":"Organiberia"},"image":{"@id":"https:\/\/organiberia.com\/fr\/#\/schema\/logo\/image\/"}}]}},"_links":{"self":[{"href":"https:\/\/organiberia.com\/fr\/wp-json\/wp\/v2\/pages\/3975","targetHints":{"allow":["GET"]}}],"collection":[{"href":"https:\/\/organiberia.com\/fr\/wp-json\/wp\/v2\/pages"}],"about":[{"href":"https:\/\/organiberia.com\/fr\/wp-json\/wp\/v2\/types\/page"}],"author":[{"embeddable":true,"href":"https:\/\/organiberia.com\/fr\/wp-json\/wp\/v2\/users\/1"}],"replies":[{"embeddable":true,"href":"https:\/\/organiberia.com\/fr\/wp-json\/wp\/v2\/comments?post=3975"}],"version-history":[{"count":1,"href":"https:\/\/organiberia.com\/fr\/wp-json\/wp\/v2\/pages\/3975\/revisions"}],"predecessor-version":[{"id":3976,"href":"https:\/\/organiberia.com\/fr\/wp-json\/wp\/v2\/pages\/3975\/revisions\/3976"}],"wp:attachment":[{"href":"https:\/\/organiberia.com\/fr\/wp-json\/wp\/v2\/media?parent=3975"}],"curies":[{"name":"wp","href":"https:\/\/api.w.org\/{rel}","templated":true}]}}