{"id":3680,"date":"2022-07-11T10:16:43","date_gmt":"2022-07-11T10:16:43","guid":{"rendered":"https:\/\/organiberia.com\/accueil\/"},"modified":"2022-07-11T10:16:43","modified_gmt":"2022-07-11T10:16:43","slug":"accueil","status":"publish","type":"page","link":"https:\/\/organiberia.com\/fr\/accueil\/","title":{"rendered":"Accueil"},"content":{"rendered":"<h1>Organiberia<\/h1>\n<h4>L&rsquo;EXP\u00c9RIENCE ET LA QUALIT\u00c9 AU SERVICE DE L&rsquo;AGRICULTURE DURABLE<\/h4>\n<div style=\"width: 640px;\" class=\"wp-video\"><video class=\"wp-video-shortcode\" id=\"video-3680-1\" width=\"640\" height=\"360\" preload=\"metadata\" controls=\"controls\"><source type=\"video\/mp4\" src=\"https:\/\/organiberia.com\/wp-content\/uploads\/2023\/09\/ORGANIBERIA-COMPANY-TITULO.mp4?_=1\" \/><a href=\"https:\/\/organiberia.com\/wp-content\/uploads\/2023\/09\/ORGANIBERIA-COMPANY-TITULO.mp4\">https:\/\/organiberia.com\/wp-content\/uploads\/2023\/09\/ORGANIBERIA-COMPANY-TITULO.mp4<\/a><\/video><\/div>\n<h6>Production, d\u00e9veloppement et exportation<\/h6>\n<h2>FABRICANT DE PRODUITS BIOLOGIQUES<\/h2>\n<p>Organiberia se consacre \u00e0 la production, au d\u00e9veloppement et \u00e0 l&rsquo;exportation d&rsquo;engrais, de biostimulants et de biopesticides 100 % certifi\u00e9s biologiques, en garantissant la plus haute qualit\u00e9 pour chacun de ses produits, ainsi que les r\u00e9sultats obtenus par le cultivateur lorsqu&rsquo;il les utilise.<\/p>\n<h6>NOTRE VISION<\/h6>\n<h2>DURABILIT\u00c9<\/h2>\n<p>Notre philosophie est tr\u00e8s simple : mettre l&rsquo;agriculture biologique \u00e0 la port\u00e9e du plus grand nombre afin de minimiser l&rsquo;impact que nous laissons sur le monde dans lequel nous vivons.<\/p>\n<p>Depuis que nous fabriquons des produits biologiques, nous nous effor\u00e7ons de cr\u00e9er une agriculture durable, d&rsquo;encourager l&rsquo;autosuffisance et de souligner l&rsquo;importance d&rsquo;utiliser des produits et des m\u00e9thodes naturels pour obtenir tout ce dont nous avons besoin.<\/p>\n<p><img loading=\"lazy\" decoding=\"async\" style=\"--dominant-color: #21320b;\" src=\"https:\/\/organiberia.com\/wp-content\/uploads\/2023\/06\/ORGANIBERIA-SOSTENIBILIDAD-1.webp\" sizes=\"auto, (max-width: 575px) 100vw, 575px\" srcset=\"https:\/\/organiberia.com\/wp-content\/uploads\/2023\/06\/ORGANIBERIA-SOSTENIBILIDAD-1.webp 575w, https:\/\/organiberia.com\/wp-content\/uploads\/2023\/06\/ORGANIBERIA-SOSTENIBILIDAD-1-300x283.webp 300w\" alt=\"\" width=\"575\" height=\"543\" data-has-transparency=\"true\" data-dominant-color=\"21320b\"><\/p>\n<h6>Nos produits<\/h6>\n<h2>D\u00e9couvrez-les<\/h2>\n<div class=\"woocommerce columns-5\"><ul class=\"products columns-5\">\n<li class=\"product-category product first\">\n\t<a aria-label=\"Acc\u00e9der \u00e0 la cat\u00e9gorie de produits Biostimulants\" href=\"https:\/\/organiberia.com\/fr\/categoria-producto\/biostimulants\/\"><img loading=\"lazy\" decoding=\"async\" src=\"https:\/\/organiberia.com\/wp-content\/uploads\/woocommerce-placeholder-300x300.png\" alt=\"Biostimulants\" width=\"300\" height=\"300\" \/>\t\t<h2 class=\"woocommerce-loop-category__title\">\n\t\t\tBiostimulants<mark class=\"count\">15 produits<\/mark>\t\t<\/h2>\n\t\t<\/a><\/li>\n<li class=\"product-category product\">\n\t<a aria-label=\"Acc\u00e9der \u00e0 la cat\u00e9gorie de produits Bionutritionnels\" href=\"https:\/\/organiberia.com\/fr\/categoria-producto\/bionutritionnels\/\"><img loading=\"lazy\" decoding=\"async\" src=\"https:\/\/organiberia.com\/wp-content\/uploads\/woocommerce-placeholder-300x300.png\" alt=\"Bionutritionnels\" width=\"300\" height=\"300\" \/>\t\t<h2 class=\"woocommerce-loop-category__title\">\n\t\t\tBionutritionnels<mark class=\"count\">11 produits<\/mark>\t\t<\/h2>\n\t\t<\/a><\/li>\n<li class=\"product-category product\">\n\t<a aria-label=\"Acc\u00e9der \u00e0 la cat\u00e9gorie de produits Bioinducteurs de d\u00e9fense\" href=\"https:\/\/organiberia.com\/fr\/categoria-producto\/bioinducteurs-de-defense\/\"><img loading=\"lazy\" decoding=\"async\" src=\"https:\/\/organiberia.com\/wp-content\/uploads\/woocommerce-placeholder-300x300.png\" alt=\"Bioinducteurs de d\u00e9fense\" width=\"300\" height=\"300\" \/>\t\t<h2 class=\"woocommerce-loop-category__title\">\n\t\t\tBioinducteurs de d\u00e9fense<mark class=\"count\">18 produits<\/mark>\t\t<\/h2>\n\t\t<\/a><\/li>\n<li class=\"product-category product\">\n\t<a aria-label=\"Acc\u00e9der \u00e0 la cat\u00e9gorie de produits Biofoliares\" href=\"https:\/\/organiberia.com\/fr\/categoria-producto\/biofoliares-fr\/\"><img loading=\"lazy\" decoding=\"async\" src=\"https:\/\/organiberia.com\/wp-content\/uploads\/woocommerce-placeholder-300x300.png\" alt=\"Biofoliares\" width=\"300\" height=\"300\" \/>\t\t<h2 class=\"woocommerce-loop-category__title\">\n\t\t\tBiofoliares<mark class=\"count\">3 produits<\/mark>\t\t<\/h2>\n\t\t<\/a><\/li>\n<li class=\"product-category product last\">\n\t<a aria-label=\"Acc\u00e9der \u00e0 la cat\u00e9gorie de produits Bioconditionneurs de sol\" href=\"https:\/\/organiberia.com\/fr\/categoria-producto\/bioconditionneurs-de-sol\/\"><img loading=\"lazy\" decoding=\"async\" src=\"https:\/\/organiberia.com\/wp-content\/uploads\/woocommerce-placeholder-300x300.png\" alt=\"Bioconditionneurs de sol\" width=\"300\" height=\"300\" \/>\t\t<h2 class=\"woocommerce-loop-category__title\">\n\t\t\tBioconditionneurs de sol<mark class=\"count\">4 produits<\/mark>\t\t<\/h2>\n\t\t<\/a><\/li>\n<\/ul>\n<\/div>\n<p>Notre philosophie est tr\u00e8s simple : mettre l&rsquo;agriculture biologique \u00e0 la port\u00e9e du plus grand nombre afin de minimiser l&rsquo;impact que nous laissons sur le monde dans lequel nous vivons.<\/p>\n<p>Depuis que nous fabriquons des produits biologiques, nous nous effor\u00e7ons de cr\u00e9er une agriculture durable, d&rsquo;encourager l&rsquo;autosuffisance et de souligner l&rsquo;importance d&rsquo;utiliser des produits et des m\u00e9thodes naturels pour obtenir tout ce dont nous avons besoin.<\/p>\n<h6>WE<\/h6>\n<h2>NOUS VIVONS L&rsquo;AGRICULTURE BIOLOGIQUE<\/h2>\n<div style=\"width: 640px;\" class=\"wp-video\"><video class=\"wp-video-shortcode\" id=\"video-3680-2\" width=\"640\" height=\"360\" preload=\"metadata\" controls=\"controls\"><source type=\"video\/mp4\" src=\"https:\/\/organiberia.com\/wp-content\/uploads\/2023\/06\/ORGANIVERIA-BANNER.mp4?_=2\" \/><a href=\"https:\/\/organiberia.com\/wp-content\/uploads\/2023\/06\/ORGANIVERIA-BANNER.mp4\">https:\/\/organiberia.com\/wp-content\/uploads\/2023\/06\/ORGANIVERIA-BANNER.mp4<\/a><\/video><\/div>\n<p>Organiberia ne se contente pas de cr\u00e9er des produits<strong> 100% biologiques pour l&rsquo;agriculture biologique.<\/strong> Nous encourageons \u00e9galement les bonnes pratiques lors de la culture de nos produits dans notre propre serre biologique.<\/p>\n<p>Pr\u00e8s de nos installations principales se trouve une serre o\u00f9 nous cultivons des l\u00e9gumes et quelques fruits, encourageant l&rsquo;auto-culture et garantissant que nos cultures sont toujours propres, <strong>100 % biologiques et respectueuses de l&rsquo;environnement.<\/strong><\/p>\n<p>Cette serre n&rsquo;est qu&rsquo;un des nombreux contr\u00f4les de qualit\u00e9 auxquels nos produits sont soumis. C&rsquo;est un moyen de mettre en pratique toutes nos connaissances et de voir comment nos produits fonctionnent dans toute leur splendeur.<\/p>\n","protected":false},"excerpt":{"rendered":"<p>Organiberia L&rsquo;EXP\u00c9RIENCE ET LA QUALIT\u00c9 AU SERVICE DE L&rsquo;AGRICULTURE DURABLE https:\/\/organiberia.com\/wp-content\/uploads\/2023\/09\/ORGANIBERIA-COMPANY-TITULO.mp4 Production, d\u00e9veloppement et exportation FABRICANT DE PRODUITS BIOLOGIQUES Organiberia se consacre \u00e0 la production, au d\u00e9veloppement et \u00e0 l&rsquo;exportation d&rsquo;engrais, de biostimulants et de biopesticides 100 % certifi\u00e9s biologiques, en garantissant la plus haute qualit\u00e9 pour chacun de ses produits, ainsi que les r\u00e9sultats &hellip;<\/p>\n<p class=\"read-more\"> <a class=\"\" href=\"https:\/\/organiberia.com\/fr\/accueil\/\"> <span class=\"screen-reader-text\">Accueil<\/span> Lire la suite\u00a0\u00bb<\/a><\/p>\n","protected":false},"author":1,"featured_media":0,"parent":0,"menu_order":0,"comment_status":"closed","ping_status":"closed","template":"","meta":{"site-sidebar-layout":"default","site-content-layout":"default","ast-global-header-display":"","ast-banner-title-visibility":"","ast-main-header-display":"","ast-hfb-above-header-display":"","ast-hfb-below-header-display":"","ast-hfb-mobile-header-display":"","site-post-title":"disabled","ast-breadcrumbs-content":"","ast-featured-img":"","footer-sml-layout":"","theme-transparent-header-meta":"","adv-header-id-meta":"","stick-header-meta":"","header-above-stick-meta":"","header-main-stick-meta":"","header-below-stick-meta":"","_joinchat":[],"footnotes":""},"class_list":["post-3680","page","type-page","status-publish","hentry"],"yoast_head":"<!-- This site is optimized with the Yoast SEO Premium plugin v20.9 (Yoast SEO v20.9) - https:\/\/yoast.com\/wordpress\/plugins\/seo\/ -->\n<title>Accueil - Organiberia<\/title>\n<meta name=\"robots\" content=\"index, follow, max-snippet:-1, max-image-preview:large, max-video-preview:-1\" \/>\n<link rel=\"canonical\" href=\"https:\/\/organiberia.com\/fr\/accueil\/\" \/>\n<meta property=\"og:locale\" content=\"fr_FR\" \/>\n<meta property=\"og:type\" content=\"article\" \/>\n<meta property=\"og:title\" content=\"Accueil\" \/>\n<meta property=\"og:description\" content=\"Organiberia L&rsquo;EXP\u00c9RIENCE ET LA QUALIT\u00c9 AU SERVICE DE L&rsquo;AGRICULTURE DURABLE https:\/\/organiberia.com\/wp-content\/uploads\/2023\/09\/ORGANIBERIA-COMPANY-TITULO.mp4 Production, d\u00e9veloppement et exportation FABRICANT DE PRODUITS BIOLOGIQUES Organiberia se consacre \u00e0 la production, au d\u00e9veloppement et \u00e0 l&rsquo;exportation d&rsquo;engrais, de biostimulants et de biopesticides 100 % certifi\u00e9s biologiques, en garantissant la plus haute qualit\u00e9 pour chacun de ses produits, ainsi que les r\u00e9sultats &hellip; Accueil Lire la suite\u00a0\u00bb\" \/>\n<meta property=\"og:url\" content=\"https:\/\/organiberia.com\/fr\/accueil\/\" \/>\n<meta property=\"og:site_name\" content=\"Organiberia\" \/>\n<meta property=\"og:image\" content=\"https:\/\/organiberia.com\/wp-content\/uploads\/2023\/06\/ORGANIBERIA-SOSTENIBILIDAD-1.webp\" \/>\n<meta name=\"twitter:card\" content=\"summary_large_image\" \/>\n<meta name=\"twitter:label1\" content=\"Dur\u00e9e de lecture estim\u00e9e\" \/>\n\t<meta name=\"twitter:data1\" content=\"2 minutes\" \/>\n<script type=\"application\/ld+json\" class=\"yoast-schema-graph\">{\"@context\":\"https:\/\/schema.org\",\"@graph\":[{\"@type\":\"WebPage\",\"@id\":\"https:\/\/organiberia.com\/fr\/accueil\/\",\"url\":\"https:\/\/organiberia.com\/fr\/accueil\/\",\"name\":\"Accueil - Organiberia\",\"isPartOf\":{\"@id\":\"https:\/\/organiberia.com\/fr\/#website\"},\"datePublished\":\"2022-07-11T10:16:43+00:00\",\"dateModified\":\"2022-07-11T10:16:43+00:00\",\"breadcrumb\":{\"@id\":\"https:\/\/organiberia.com\/fr\/accueil\/#breadcrumb\"},\"inLanguage\":\"fr-FR\",\"potentialAction\":[{\"@type\":\"ReadAction\",\"target\":[\"https:\/\/organiberia.com\/fr\/accueil\/\"]}]},{\"@type\":\"BreadcrumbList\",\"@id\":\"https:\/\/organiberia.com\/fr\/accueil\/#breadcrumb\",\"itemListElement\":[{\"@type\":\"ListItem\",\"position\":1,\"name\":\"Portada\",\"item\":\"https:\/\/organiberia.com\/fr\/\"},{\"@type\":\"ListItem\",\"position\":2,\"name\":\"Accueil\"}]},{\"@type\":\"WebSite\",\"@id\":\"https:\/\/organiberia.com\/fr\/#website\",\"url\":\"https:\/\/organiberia.com\/fr\/\",\"name\":\"Organiberia\",\"description\":\"Fabricantes fertilizantes organicos\",\"publisher\":{\"@id\":\"https:\/\/organiberia.com\/fr\/#organization\"},\"potentialAction\":[{\"@type\":\"SearchAction\",\"target\":{\"@type\":\"EntryPoint\",\"urlTemplate\":\"https:\/\/organiberia.com\/fr\/?s={search_term_string}\"},\"query-input\":\"required name=search_term_string\"}],\"inLanguage\":\"fr-FR\"},{\"@type\":\"Organization\",\"@id\":\"https:\/\/organiberia.com\/fr\/#organization\",\"name\":\"Organiberia\",\"url\":\"https:\/\/organiberia.com\/fr\/\",\"logo\":{\"@type\":\"ImageObject\",\"inLanguage\":\"fr-FR\",\"@id\":\"https:\/\/organiberia.com\/fr\/#\/schema\/logo\/image\/\",\"url\":\"https:\/\/organiberia.com\/wp-content\/uploads\/2023\/09\/Diseno-sin-titulo-5.svg\",\"contentUrl\":\"https:\/\/organiberia.com\/wp-content\/uploads\/2023\/09\/Diseno-sin-titulo-5.svg\",\"width\":1080,\"height\":1080,\"caption\":\"Organiberia\"},\"image\":{\"@id\":\"https:\/\/organiberia.com\/fr\/#\/schema\/logo\/image\/\"}}]}<\/script>\n<!-- \/ Yoast SEO Premium plugin. -->","yoast_head_json":{"title":"Accueil - Organiberia","robots":{"index":"index","follow":"follow","max-snippet":"max-snippet:-1","max-image-preview":"max-image-preview:large","max-video-preview":"max-video-preview:-1"},"canonical":"https:\/\/organiberia.com\/fr\/accueil\/","og_locale":"fr_FR","og_type":"article","og_title":"Accueil","og_description":"Organiberia L&rsquo;EXP\u00c9RIENCE ET LA QUALIT\u00c9 AU SERVICE DE L&rsquo;AGRICULTURE DURABLE https:\/\/organiberia.com\/wp-content\/uploads\/2023\/09\/ORGANIBERIA-COMPANY-TITULO.mp4 Production, d\u00e9veloppement et exportation FABRICANT DE PRODUITS BIOLOGIQUES Organiberia se consacre \u00e0 la production, au d\u00e9veloppement et \u00e0 l&rsquo;exportation d&rsquo;engrais, de biostimulants et de biopesticides 100 % certifi\u00e9s biologiques, en garantissant la plus haute qualit\u00e9 pour chacun de ses produits, ainsi que les r\u00e9sultats &hellip; Accueil Lire la suite\u00a0\u00bb","og_url":"https:\/\/organiberia.com\/fr\/accueil\/","og_site_name":"Organiberia","og_image":[{"url":"https:\/\/organiberia.com\/wp-content\/uploads\/2023\/06\/ORGANIBERIA-SOSTENIBILIDAD-1.webp"}],"twitter_card":"summary_large_image","twitter_misc":{"Dur\u00e9e de lecture estim\u00e9e":"2 minutes"},"schema":{"@context":"https:\/\/schema.org","@graph":[{"@type":"WebPage","@id":"https:\/\/organiberia.com\/fr\/accueil\/","url":"https:\/\/organiberia.com\/fr\/accueil\/","name":"Accueil - Organiberia","isPartOf":{"@id":"https:\/\/organiberia.com\/fr\/#website"},"datePublished":"2022-07-11T10:16:43+00:00","dateModified":"2022-07-11T10:16:43+00:00","breadcrumb":{"@id":"https:\/\/organiberia.com\/fr\/accueil\/#breadcrumb"},"inLanguage":"fr-FR","potentialAction":[{"@type":"ReadAction","target":["https:\/\/organiberia.com\/fr\/accueil\/"]}]},{"@type":"BreadcrumbList","@id":"https:\/\/organiberia.com\/fr\/accueil\/#breadcrumb","itemListElement":[{"@type":"ListItem","position":1,"name":"Portada","item":"https:\/\/organiberia.com\/fr\/"},{"@type":"ListItem","position":2,"name":"Accueil"}]},{"@type":"WebSite","@id":"https:\/\/organiberia.com\/fr\/#website","url":"https:\/\/organiberia.com\/fr\/","name":"Organiberia","description":"Fabricantes fertilizantes organicos","publisher":{"@id":"https:\/\/organiberia.com\/fr\/#organization"},"potentialAction":[{"@type":"SearchAction","target":{"@type":"EntryPoint","urlTemplate":"https:\/\/organiberia.com\/fr\/?s={search_term_string}"},"query-input":"required name=search_term_string"}],"inLanguage":"fr-FR"},{"@type":"Organization","@id":"https:\/\/organiberia.com\/fr\/#organization","name":"Organiberia","url":"https:\/\/organiberia.com\/fr\/","logo":{"@type":"ImageObject","inLanguage":"fr-FR","@id":"https:\/\/organiberia.com\/fr\/#\/schema\/logo\/image\/","url":"https:\/\/organiberia.com\/wp-content\/uploads\/2023\/09\/Diseno-sin-titulo-5.svg","contentUrl":"https:\/\/organiberia.com\/wp-content\/uploads\/2023\/09\/Diseno-sin-titulo-5.svg","width":1080,"height":1080,"caption":"Organiberia"},"image":{"@id":"https:\/\/organiberia.com\/fr\/#\/schema\/logo\/image\/"}}]}},"_links":{"self":[{"href":"https:\/\/organiberia.com\/fr\/wp-json\/wp\/v2\/pages\/3680","targetHints":{"allow":["GET"]}}],"collection":[{"href":"https:\/\/organiberia.com\/fr\/wp-json\/wp\/v2\/pages"}],"about":[{"href":"https:\/\/organiberia.com\/fr\/wp-json\/wp\/v2\/types\/page"}],"author":[{"embeddable":true,"href":"https:\/\/organiberia.com\/fr\/wp-json\/wp\/v2\/users\/1"}],"replies":[{"embeddable":true,"href":"https:\/\/organiberia.com\/fr\/wp-json\/wp\/v2\/comments?post=3680"}],"version-history":[{"count":0,"href":"https:\/\/organiberia.com\/fr\/wp-json\/wp\/v2\/pages\/3680\/revisions"}],"wp:attachment":[{"href":"https:\/\/organiberia.com\/fr\/wp-json\/wp\/v2\/media?parent=3680"}],"curies":[{"name":"wp","href":"https:\/\/api.w.org\/{rel}","templated":true}]}}