{"id":3663,"date":"2023-09-18T19:31:53","date_gmt":"2023-09-18T19:31:53","guid":{"rendered":"https:\/\/organiberia.com\/a-propos-de-nous\/"},"modified":"2025-05-18T21:34:57","modified_gmt":"2025-05-18T21:34:57","slug":"a-propos-de-nous","status":"publish","type":"page","link":"https:\/\/organiberia.com\/fr\/a-propos-de-nous\/","title":{"rendered":"A propos de nous"},"content":{"rendered":"<figure class=\"wp-block-video alignfull\"><video height=\"1080\" style=\"aspect-ratio: 1920 \/ 1080;\" width=\"1920\" autoplay=\"\" loop=\"\" src=\"https:\/\/organiberia.com\/wp-content\/uploads\/2023\/09\/Diseno-sin-titulo-5.mp4\"><\/video><\/figure><p class=\"has-text-align-left has-ast-global-color-4-background-color has-background has-medium-font-size\">Chez Organiberia, nous sommes sp\u00e9cialis\u00e9s dans le d\u00e9veloppement et la fabrication de solutions biologiques pour l&rsquo;agriculture, des engrais aux biostimulants, en passant par les biopesticides et les amendements de sol de pointe. Nous sommes situ\u00e9s \u00e0 Murcie (sud de l&rsquo;Espagne), connue comme le \u00ab\u00a0jardin de l&rsquo;Europe\u00a0\u00bb et reconnue comme la ville ayant le plus haut niveau de d\u00e9veloppement agricole.<\/p><p class=\"has-large-font-size\">Durabilit\u00e9 et avant-garde<\/p><div class=\"wp-block-media-text has-media-on-the-right is-stacked-on-mobile\"><div class=\"wp-block-media-text__content\"><p class=\"has-medium-font-size\">Notre identit\u00e9 repose sur notre engagement en faveur de la durabilit\u00e9 et de l&rsquo;innovation. Nous sommes passionn\u00e9s par l&rsquo;\u00e9volution de l&rsquo;agriculture vers un avenir plus respectueux de l&rsquo;environnement et plus productif. Nous y parvenons en cr\u00e9ant des formulations durables de pointe qui r\u00e9pondent aux besoins sp\u00e9cifiques de diverses cultures. Ces formules sont le r\u00e9sultat d&rsquo;une recherche constante appuy\u00e9e par une technologie de pointe.<\/p><\/div><figure class=\"wp-block-media-text__media\"><img data-dominant-color=\"21320b\" data-has-transparency=\"true\" style=\"--dominant-color: #21320b;\" loading=\"lazy\" decoding=\"async\" width=\"575\" height=\"543\" src=\"https:\/\/organiberia.com\/wp-content\/uploads\/2023\/06\/ORGANIBERIA-SOSTENIBILIDAD-1.webp\" alt=\"\" class=\"has-transparency wp-image-2314 size-full\" srcset=\"https:\/\/organiberia.com\/wp-content\/uploads\/2023\/06\/ORGANIBERIA-SOSTENIBILIDAD-1.webp 575w, https:\/\/organiberia.com\/wp-content\/uploads\/2023\/06\/ORGANIBERIA-SOSTENIBILIDAD-1-300x283.webp 300w\" sizes=\"auto, (max-width: 575px) 100vw, 575px\" \/><\/figure><\/div><p class=\"has-large-font-size\">La recherche dans notre propre jardin<\/p><div class=\"wp-block-media-text is-stacked-on-mobile\"><figure class=\"wp-block-media-text__media\"><video controls src=\"https:\/\/organiberia.com\/wp-content\/uploads\/2023\/09\/Diseno-sin-titulo-6.mp4\"><\/video><\/figure><div class=\"wp-block-media-text__content\"><p class=\"has-medium-font-size\">Pour garantir l&rsquo;efficacit\u00e9 et la qualit\u00e9 de nos produits, nous exploitons notre propre jardin de recherche. Ce laboratoire naturel nous permet de d\u00e9velopper et d&rsquo;affiner nos formulations dans un environnement contr\u00f4l\u00e9 et r\u00e9el. Nous sommes fiers d&rsquo;investir dans la recherche et le d\u00e9veloppement afin de garantir que nos solutions sont efficaces et respectueuses de l&rsquo;environnement.<\/p><\/div><\/div><a name=\"contacto\"><\/a>","protected":false},"excerpt":{"rendered":"<p>Chez Organiberia, nous sommes sp\u00e9cialis\u00e9s dans le d\u00e9veloppement et la fabrication de solutions biologiques pour l&rsquo;agriculture, des engrais aux biostimulants, en passant par les biopesticides et les amendements de sol de pointe. Nous sommes situ\u00e9s \u00e0 Murcie (sud de l&rsquo;Espagne), connue comme le \u00ab\u00a0jardin de l&rsquo;Europe\u00a0\u00bb et reconnue comme la ville ayant le plus haut &hellip;<\/p>\n<p class=\"read-more\"> <a class=\"\" href=\"https:\/\/organiberia.com\/fr\/a-propos-de-nous\/\"> <span class=\"screen-reader-text\">A propos de nous<\/span> Lire la suite\u00a0\u00bb<\/a><\/p>\n","protected":false},"author":1,"featured_media":0,"parent":0,"menu_order":0,"comment_status":"closed","ping_status":"closed","template":"","meta":{"site-sidebar-layout":"default","site-content-layout":"default","ast-global-header-display":"","ast-banner-title-visibility":"","ast-main-header-display":"","ast-hfb-above-header-display":"","ast-hfb-below-header-display":"","ast-hfb-mobile-header-display":"","site-post-title":"disabled","ast-breadcrumbs-content":"","ast-featured-img":"","footer-sml-layout":"","theme-transparent-header-meta":"","adv-header-id-meta":"","stick-header-meta":"","header-above-stick-meta":"","header-main-stick-meta":"","header-below-stick-meta":"","_joinchat":[],"footnotes":""},"class_list":["post-3663","page","type-page","status-publish","hentry"],"yoast_head":"<!-- This site is optimized with the Yoast SEO Premium plugin v20.9 (Yoast SEO v20.9) - https:\/\/yoast.com\/wordpress\/plugins\/seo\/ -->\n<title>A propos de nous - Organiberia<\/title>\n<meta name=\"robots\" content=\"index, follow, max-snippet:-1, max-image-preview:large, max-video-preview:-1\" \/>\n<link rel=\"canonical\" href=\"https:\/\/organiberia.com\/fr\/a-propos-de-nous\/\" \/>\n<meta property=\"og:locale\" content=\"fr_FR\" \/>\n<meta property=\"og:type\" content=\"article\" \/>\n<meta property=\"og:title\" content=\"A propos de nous\" \/>\n<meta property=\"og:description\" content=\"Chez Organiberia, nous sommes sp\u00e9cialis\u00e9s dans le d\u00e9veloppement et la fabrication de solutions biologiques pour l&rsquo;agriculture, des engrais aux biostimulants, en passant par les biopesticides et les amendements de sol de pointe. Nous sommes situ\u00e9s \u00e0 Murcie (sud de l&rsquo;Espagne), connue comme le \u00ab\u00a0jardin de l&rsquo;Europe\u00a0\u00bb et reconnue comme la ville ayant le plus haut &hellip; A propos de nous Lire la suite\u00a0\u00bb\" \/>\n<meta property=\"og:url\" content=\"https:\/\/organiberia.com\/fr\/a-propos-de-nous\/\" \/>\n<meta property=\"og:site_name\" content=\"Organiberia\" \/>\n<meta property=\"article:modified_time\" content=\"2025-05-18T21:34:57+00:00\" \/>\n<meta property=\"og:image\" content=\"https:\/\/organiberia.com\/wp-content\/uploads\/2023\/06\/ORGANIBERIA-SOSTENIBILIDAD-1.webp\" \/>\n<meta name=\"twitter:card\" content=\"summary_large_image\" \/>\n<meta name=\"twitter:label1\" content=\"Dur\u00e9e de lecture estim\u00e9e\" \/>\n\t<meta name=\"twitter:data1\" content=\"1 minute\" \/>\n<script type=\"application\/ld+json\" class=\"yoast-schema-graph\">{\"@context\":\"https:\/\/schema.org\",\"@graph\":[{\"@type\":\"WebPage\",\"@id\":\"https:\/\/organiberia.com\/fr\/a-propos-de-nous\/\",\"url\":\"https:\/\/organiberia.com\/fr\/a-propos-de-nous\/\",\"name\":\"A propos de nous - Organiberia\",\"isPartOf\":{\"@id\":\"https:\/\/organiberia.com\/fr\/#website\"},\"datePublished\":\"2023-09-18T19:31:53+00:00\",\"dateModified\":\"2025-05-18T21:34:57+00:00\",\"breadcrumb\":{\"@id\":\"https:\/\/organiberia.com\/fr\/a-propos-de-nous\/#breadcrumb\"},\"inLanguage\":\"fr-FR\",\"potentialAction\":[{\"@type\":\"ReadAction\",\"target\":[\"https:\/\/organiberia.com\/fr\/a-propos-de-nous\/\"]}]},{\"@type\":\"BreadcrumbList\",\"@id\":\"https:\/\/organiberia.com\/fr\/a-propos-de-nous\/#breadcrumb\",\"itemListElement\":[{\"@type\":\"ListItem\",\"position\":1,\"name\":\"Portada\",\"item\":\"https:\/\/organiberia.com\/fr\/\"},{\"@type\":\"ListItem\",\"position\":2,\"name\":\"A propos de nous\"}]},{\"@type\":\"WebSite\",\"@id\":\"https:\/\/organiberia.com\/fr\/#website\",\"url\":\"https:\/\/organiberia.com\/fr\/\",\"name\":\"Organiberia\",\"description\":\"Fabricantes fertilizantes organicos\",\"publisher\":{\"@id\":\"https:\/\/organiberia.com\/fr\/#organization\"},\"potentialAction\":[{\"@type\":\"SearchAction\",\"target\":{\"@type\":\"EntryPoint\",\"urlTemplate\":\"https:\/\/organiberia.com\/fr\/?s={search_term_string}\"},\"query-input\":\"required name=search_term_string\"}],\"inLanguage\":\"fr-FR\"},{\"@type\":\"Organization\",\"@id\":\"https:\/\/organiberia.com\/fr\/#organization\",\"name\":\"Organiberia\",\"url\":\"https:\/\/organiberia.com\/fr\/\",\"logo\":{\"@type\":\"ImageObject\",\"inLanguage\":\"fr-FR\",\"@id\":\"https:\/\/organiberia.com\/fr\/#\/schema\/logo\/image\/\",\"url\":\"https:\/\/organiberia.com\/wp-content\/uploads\/2023\/09\/Diseno-sin-titulo-5.svg\",\"contentUrl\":\"https:\/\/organiberia.com\/wp-content\/uploads\/2023\/09\/Diseno-sin-titulo-5.svg\",\"width\":1080,\"height\":1080,\"caption\":\"Organiberia\"},\"image\":{\"@id\":\"https:\/\/organiberia.com\/fr\/#\/schema\/logo\/image\/\"}}]}<\/script>\n<!-- \/ Yoast SEO Premium plugin. -->","yoast_head_json":{"title":"A propos de nous - Organiberia","robots":{"index":"index","follow":"follow","max-snippet":"max-snippet:-1","max-image-preview":"max-image-preview:large","max-video-preview":"max-video-preview:-1"},"canonical":"https:\/\/organiberia.com\/fr\/a-propos-de-nous\/","og_locale":"fr_FR","og_type":"article","og_title":"A propos de nous","og_description":"Chez Organiberia, nous sommes sp\u00e9cialis\u00e9s dans le d\u00e9veloppement et la fabrication de solutions biologiques pour l&rsquo;agriculture, des engrais aux biostimulants, en passant par les biopesticides et les amendements de sol de pointe. Nous sommes situ\u00e9s \u00e0 Murcie (sud de l&rsquo;Espagne), connue comme le \u00ab\u00a0jardin de l&rsquo;Europe\u00a0\u00bb et reconnue comme la ville ayant le plus haut &hellip; A propos de nous Lire la suite\u00a0\u00bb","og_url":"https:\/\/organiberia.com\/fr\/a-propos-de-nous\/","og_site_name":"Organiberia","article_modified_time":"2025-05-18T21:34:57+00:00","og_image":[{"url":"https:\/\/organiberia.com\/wp-content\/uploads\/2023\/06\/ORGANIBERIA-SOSTENIBILIDAD-1.webp"}],"twitter_card":"summary_large_image","twitter_misc":{"Dur\u00e9e de lecture estim\u00e9e":"1 minute"},"schema":{"@context":"https:\/\/schema.org","@graph":[{"@type":"WebPage","@id":"https:\/\/organiberia.com\/fr\/a-propos-de-nous\/","url":"https:\/\/organiberia.com\/fr\/a-propos-de-nous\/","name":"A propos de nous - Organiberia","isPartOf":{"@id":"https:\/\/organiberia.com\/fr\/#website"},"datePublished":"2023-09-18T19:31:53+00:00","dateModified":"2025-05-18T21:34:57+00:00","breadcrumb":{"@id":"https:\/\/organiberia.com\/fr\/a-propos-de-nous\/#breadcrumb"},"inLanguage":"fr-FR","potentialAction":[{"@type":"ReadAction","target":["https:\/\/organiberia.com\/fr\/a-propos-de-nous\/"]}]},{"@type":"BreadcrumbList","@id":"https:\/\/organiberia.com\/fr\/a-propos-de-nous\/#breadcrumb","itemListElement":[{"@type":"ListItem","position":1,"name":"Portada","item":"https:\/\/organiberia.com\/fr\/"},{"@type":"ListItem","position":2,"name":"A propos de nous"}]},{"@type":"WebSite","@id":"https:\/\/organiberia.com\/fr\/#website","url":"https:\/\/organiberia.com\/fr\/","name":"Organiberia","description":"Fabricantes fertilizantes organicos","publisher":{"@id":"https:\/\/organiberia.com\/fr\/#organization"},"potentialAction":[{"@type":"SearchAction","target":{"@type":"EntryPoint","urlTemplate":"https:\/\/organiberia.com\/fr\/?s={search_term_string}"},"query-input":"required name=search_term_string"}],"inLanguage":"fr-FR"},{"@type":"Organization","@id":"https:\/\/organiberia.com\/fr\/#organization","name":"Organiberia","url":"https:\/\/organiberia.com\/fr\/","logo":{"@type":"ImageObject","inLanguage":"fr-FR","@id":"https:\/\/organiberia.com\/fr\/#\/schema\/logo\/image\/","url":"https:\/\/organiberia.com\/wp-content\/uploads\/2023\/09\/Diseno-sin-titulo-5.svg","contentUrl":"https:\/\/organiberia.com\/wp-content\/uploads\/2023\/09\/Diseno-sin-titulo-5.svg","width":1080,"height":1080,"caption":"Organiberia"},"image":{"@id":"https:\/\/organiberia.com\/fr\/#\/schema\/logo\/image\/"}}]}},"_links":{"self":[{"href":"https:\/\/organiberia.com\/fr\/wp-json\/wp\/v2\/pages\/3663","targetHints":{"allow":["GET"]}}],"collection":[{"href":"https:\/\/organiberia.com\/fr\/wp-json\/wp\/v2\/pages"}],"about":[{"href":"https:\/\/organiberia.com\/fr\/wp-json\/wp\/v2\/types\/page"}],"author":[{"embeddable":true,"href":"https:\/\/organiberia.com\/fr\/wp-json\/wp\/v2\/users\/1"}],"replies":[{"embeddable":true,"href":"https:\/\/organiberia.com\/fr\/wp-json\/wp\/v2\/comments?post=3663"}],"version-history":[{"count":1,"href":"https:\/\/organiberia.com\/fr\/wp-json\/wp\/v2\/pages\/3663\/revisions"}],"predecessor-version":[{"id":3666,"href":"https:\/\/organiberia.com\/fr\/wp-json\/wp\/v2\/pages\/3663\/revisions\/3666"}],"wp:attachment":[{"href":"https:\/\/organiberia.com\/fr\/wp-json\/wp\/v2\/media?parent=3663"}],"curies":[{"name":"wp","href":"https:\/\/api.w.org\/{rel}","templated":true}]}}