{"id":3660,"date":"2023-09-18T19:21:09","date_gmt":"2023-09-18T19:21:09","guid":{"rendered":"https:\/\/organiberia.com\/introduction\/"},"modified":"2025-05-18T21:34:57","modified_gmt":"2025-05-18T21:34:57","slug":"introduction","status":"publish","type":"page","link":"https:\/\/organiberia.com\/fr\/","title":{"rendered":"Introduction"},"content":{"rendered":"<figure class=\"wp-block-video alignfull\"><video height=\"1080\" style=\"aspect-ratio: 1920 \/ 1080;\" width=\"1920\" autoplay=\"\" loop=\"\" muted=\"\" poster=\"https:\/\/organiberia.com\/wp-content\/uploads\/2023\/09\/Screenshot-2023-09-29-22.29.58-1.png\" src=\"https:\/\/organiberia.com\/wp-content\/uploads\/2023\/09\/ORGANIBERIA-COMPANY-TITULO.mp4\" playsinline=\"\"><\/video><\/figure><h2 class=\"wp-block-heading\" id=\"h-revolucion-de-la-agricultura-sostenible\" style=\"padding-top:var(--wp--preset--spacing--40);padding-right:var(--wp--preset--spacing--30);padding-bottom:var(--wp--preset--spacing--40);padding-left:var(--wp--preset--spacing--30);font-style:normal;font-weight:200\"><strong>R\u00e9volution de l&rsquo;agriculture durable<\/strong><\/h2><p class=\"has-ast-global-color-5-color has-ast-global-color-1-background-color has-text-color has-background has-medium-font-size\">Chez Organiberia, nous menons la r\u00e9volution de l&rsquo;agriculture durable en tant que fabricant de solutions biologiques de pointe. Nous sommes fiers de d\u00e9velopper et de produire une large gamme de produits allant des engrais et biostimulants aux biopesticides et amendements du sol les plus modernes.<\/p><h6 class=\"wp-block-heading\" id=\"h-nuestro-productos\">Nos produits<\/h6><h2 class=\"wp-block-heading\" id=\"h-descubrelos\">D\u00e9couvrez-les<\/h2><div class=\"woocommerce columns-5\"><ul class=\"products columns-5\">\n<li class=\"product-category product first\">\n\t<a aria-label=\"Acc\u00e9der \u00e0 la cat\u00e9gorie de produits Biostimulants\" href=\"https:\/\/organiberia.com\/fr\/categoria-producto\/biostimulants\/\"><img loading=\"lazy\" decoding=\"async\" src=\"https:\/\/organiberia.com\/wp-content\/uploads\/woocommerce-placeholder-300x300.png\" alt=\"Biostimulants\" width=\"300\" height=\"300\" \/>\t\t<h2 class=\"woocommerce-loop-category__title\">\n\t\t\tBiostimulants<mark class=\"count\">15 produits<\/mark>\t\t<\/h2>\n\t\t<\/a><\/li>\n<li class=\"product-category product\">\n\t<a aria-label=\"Acc\u00e9der \u00e0 la cat\u00e9gorie de produits Bionutritionnels\" href=\"https:\/\/organiberia.com\/fr\/categoria-producto\/bionutritionnels\/\"><img loading=\"lazy\" decoding=\"async\" src=\"https:\/\/organiberia.com\/wp-content\/uploads\/woocommerce-placeholder-300x300.png\" alt=\"Bionutritionnels\" width=\"300\" height=\"300\" \/>\t\t<h2 class=\"woocommerce-loop-category__title\">\n\t\t\tBionutritionnels<mark class=\"count\">11 produits<\/mark>\t\t<\/h2>\n\t\t<\/a><\/li>\n<li class=\"product-category product\">\n\t<a aria-label=\"Acc\u00e9der \u00e0 la cat\u00e9gorie de produits Bioinducteurs de d\u00e9fense\" href=\"https:\/\/organiberia.com\/fr\/categoria-producto\/bioinducteurs-de-defense\/\"><img loading=\"lazy\" decoding=\"async\" src=\"https:\/\/organiberia.com\/wp-content\/uploads\/woocommerce-placeholder-300x300.png\" alt=\"Bioinducteurs de d\u00e9fense\" width=\"300\" height=\"300\" \/>\t\t<h2 class=\"woocommerce-loop-category__title\">\n\t\t\tBioinducteurs de d\u00e9fense<mark class=\"count\">18 produits<\/mark>\t\t<\/h2>\n\t\t<\/a><\/li>\n<li class=\"product-category product\">\n\t<a aria-label=\"Acc\u00e9der \u00e0 la cat\u00e9gorie de produits Biofoliares\" href=\"https:\/\/organiberia.com\/fr\/categoria-producto\/biofoliares-fr\/\"><img loading=\"lazy\" decoding=\"async\" src=\"https:\/\/organiberia.com\/wp-content\/uploads\/woocommerce-placeholder-300x300.png\" alt=\"Biofoliares\" width=\"300\" height=\"300\" \/>\t\t<h2 class=\"woocommerce-loop-category__title\">\n\t\t\tBiofoliares<mark class=\"count\">3 produits<\/mark>\t\t<\/h2>\n\t\t<\/a><\/li>\n<li class=\"product-category product last\">\n\t<a aria-label=\"Acc\u00e9der \u00e0 la cat\u00e9gorie de produits Bioconditionneurs de sol\" href=\"https:\/\/organiberia.com\/fr\/categoria-producto\/bioconditionneurs-de-sol\/\"><img loading=\"lazy\" decoding=\"async\" src=\"https:\/\/organiberia.com\/wp-content\/uploads\/woocommerce-placeholder-300x300.png\" alt=\"Bioconditionneurs de sol\" width=\"300\" height=\"300\" \/>\t\t<h2 class=\"woocommerce-loop-category__title\">\n\t\t\tBioconditionneurs de sol<mark class=\"count\">4 produits<\/mark>\t\t<\/h2>\n\t\t<\/a><\/li>\n<\/ul>\n<\/div><div data-align-buttons=\"true\" data-block-name=\"woocommerce\/product-top-rated\" data-categories=\"[45]\" data-columns=\"5\" data-content-visibility=\"{&quot;image&quot;:true,&quot;title&quot;:true,&quot;price&quot;:false,&quot;rating&quot;:true,&quot;button&quot;:true}\" data-rows=\"1\" data-stock-status=\"[&quot;&quot;,&quot;&quot;,&quot;&quot;,&quot;onbackorder&quot;]\" class=\"wc-block-grid wp-block-product-top-rated wp-block-woocommerce-product-top-rated wc-block-product-top-rated has-5-columns has-aligned-buttons\"><ul class=\"wc-block-grid__products\"><li class=\"wc-block-grid__product\">\n\t\t\t\t<a href=\"https:\/\/organiberia.com\/fr\/producto\/organ-amil-24\/\" class=\"wc-block-grid__product-link\">\n\t\t\t\t\t\n\t\t\t\t\t<div class=\"wc-block-grid__product-image\"><img loading=\"lazy\" decoding=\"async\" width=\"300\" height=\"300\" src=\"https:\/\/organiberia.com\/wp-content\/uploads\/2023\/06\/Amil-24-Organiberia-300x300.webp\" class=\"attachment-woocommerce_thumbnail size-woocommerce_thumbnail not-transparent\" alt=\"ORGAN\u00ae AMIL 24\" srcset=\"https:\/\/organiberia.com\/wp-content\/uploads\/2023\/06\/Amil-24-Organiberia-300x300.webp 300w, https:\/\/organiberia.com\/wp-content\/uploads\/2023\/06\/Amil-24-Organiberia-150x150.webp 150w, https:\/\/organiberia.com\/wp-content\/uploads\/2023\/06\/Amil-24-Organiberia-100x100.webp 100w\" sizes=\"auto, (max-width: 300px) 100vw, 300px\" data-has-transparency=\"false\" data-dominant-color=\"ecefeb\" style=\"--dominant-color: #ecefeb;\" \/><\/div>\n\t\t\t\t\t<div class=\"wc-block-grid__product-title\">ORGAN\u00ae AMIL 24<\/div>\n\t\t\t\t<\/a>\n\t\t\t\t\n\t\t\t\t\n\t\t\t\t<div class=\"wp-block-button wc-block-grid__product-add-to-cart\"><a href=\"https:\/\/organiberia.com\/fr\/producto\/organ-amil-24\/\" aria-label=\"En savoir plus sur &ldquo;ORGAN\u00ae AMIL 24&rdquo;\" data-quantity=\"1\" data-product_id=\"3912\" data-product_sku=\"\" data-price=\"0\" rel=\"nofollow\" class=\"wp-block-button__link  add_to_cart_button\">Lire la suite<\/a><\/div>\n\t\t\t<\/li><li class=\"wc-block-grid__product\">\n\t\t\t\t<a href=\"https:\/\/organiberia.com\/fr\/producto\/organ-liquid\/\" class=\"wc-block-grid__product-link\">\n\t\t\t\t\t\n\t\t\t\t\t<div class=\"wc-block-grid__product-image\"><img loading=\"lazy\" decoding=\"async\" width=\"300\" height=\"300\" src=\"https:\/\/organiberia.com\/wp-content\/uploads\/2023\/06\/Liquid-Organiberia-300x300.webp\" class=\"attachment-woocommerce_thumbnail size-woocommerce_thumbnail not-transparent\" alt=\"ORGAN\u00ae LIQUID\" srcset=\"https:\/\/organiberia.com\/wp-content\/uploads\/2023\/06\/Liquid-Organiberia-300x300.webp 300w, https:\/\/organiberia.com\/wp-content\/uploads\/2023\/06\/Liquid-Organiberia-150x150.webp 150w, https:\/\/organiberia.com\/wp-content\/uploads\/2023\/06\/Liquid-Organiberia-100x100.webp 100w\" sizes=\"auto, (max-width: 300px) 100vw, 300px\" data-has-transparency=\"false\" data-dominant-color=\"f0efea\" style=\"--dominant-color: #f0efea;\" \/><\/div>\n\t\t\t\t\t<div class=\"wc-block-grid__product-title\">ORGAN\u00ae LIQUID<\/div>\n\t\t\t\t<\/a>\n\t\t\t\t\n\t\t\t\t\n\t\t\t\t<div class=\"wp-block-button wc-block-grid__product-add-to-cart\"><a href=\"https:\/\/organiberia.com\/fr\/producto\/organ-liquid\/\" aria-label=\"En savoir plus sur &ldquo;ORGAN\u00ae LIQUID&rdquo;\" data-quantity=\"1\" data-product_id=\"3887\" data-product_sku=\"\" data-price=\"0\" rel=\"nofollow\" class=\"wp-block-button__link  add_to_cart_button\">Lire la suite<\/a><\/div>\n\t\t\t<\/li><li class=\"wc-block-grid__product\">\n\t\t\t\t<a href=\"https:\/\/organiberia.com\/fr\/producto\/organ-calbor\/\" class=\"wc-block-grid__product-link\">\n\t\t\t\t\t\n\t\t\t\t\t<div class=\"wc-block-grid__product-image\"><img loading=\"lazy\" decoding=\"async\" width=\"300\" height=\"300\" src=\"https:\/\/organiberia.com\/wp-content\/uploads\/2023\/06\/Calbor-Organiberia-300x300.webp\" class=\"attachment-woocommerce_thumbnail size-woocommerce_thumbnail not-transparent\" alt=\"ORGAN\u00ae CALBOR\" srcset=\"https:\/\/organiberia.com\/wp-content\/uploads\/2023\/06\/Calbor-Organiberia-300x300.webp 300w, https:\/\/organiberia.com\/wp-content\/uploads\/2023\/06\/Calbor-Organiberia-150x150.webp 150w, https:\/\/organiberia.com\/wp-content\/uploads\/2023\/06\/Calbor-Organiberia-100x100.webp 100w\" sizes=\"auto, (max-width: 300px) 100vw, 300px\" data-has-transparency=\"false\" data-dominant-color=\"f0edeb\" style=\"--dominant-color: #f0edeb;\" \/><\/div>\n\t\t\t\t\t<div class=\"wc-block-grid__product-title\">ORGAN\u00ae CALBOR<\/div>\n\t\t\t\t<\/a>\n\t\t\t\t\n\t\t\t\t\n\t\t\t\t<div class=\"wp-block-button wc-block-grid__product-add-to-cart\"><a href=\"https:\/\/organiberia.com\/fr\/producto\/organ-calbor\/\" aria-label=\"En savoir plus sur &ldquo;ORGAN\u00ae CALBOR&rdquo;\" data-quantity=\"1\" data-product_id=\"3853\" data-product_sku=\"\" data-price=\"0\" rel=\"nofollow\" class=\"wp-block-button__link  add_to_cart_button\">Lire la suite<\/a><\/div>\n\t\t\t<\/li><li class=\"wc-block-grid__product\">\n\t\t\t\t<a href=\"https:\/\/organiberia.com\/fr\/producto\/organ-humic-gold\/\" class=\"wc-block-grid__product-link\">\n\t\t\t\t\t\n\t\t\t\t\t<div class=\"wc-block-grid__product-image\"><img loading=\"lazy\" decoding=\"async\" width=\"300\" height=\"300\" src=\"https:\/\/organiberia.com\/wp-content\/uploads\/2023\/06\/Humic-Gold-Organiberia-300x300.webp\" class=\"attachment-woocommerce_thumbnail size-woocommerce_thumbnail not-transparent\" alt=\"ORGAN\u00ae HUMIC GOLD\" srcset=\"https:\/\/organiberia.com\/wp-content\/uploads\/2023\/06\/Humic-Gold-Organiberia-300x300.webp 300w, https:\/\/organiberia.com\/wp-content\/uploads\/2023\/06\/Humic-Gold-Organiberia-150x150.webp 150w, https:\/\/organiberia.com\/wp-content\/uploads\/2023\/06\/Humic-Gold-Organiberia-768x768.webp 768w, https:\/\/organiberia.com\/wp-content\/uploads\/2023\/06\/Humic-Gold-Organiberia-600x600.webp 600w, https:\/\/organiberia.com\/wp-content\/uploads\/2023\/06\/Humic-Gold-Organiberia-100x100.webp 100w, https:\/\/organiberia.com\/wp-content\/uploads\/2023\/06\/Humic-Gold-Organiberia.webp 1000w\" sizes=\"auto, (max-width: 300px) 100vw, 300px\" data-has-transparency=\"false\" data-dominant-color=\"eae7e4\" style=\"--dominant-color: #eae7e4;\" \/><\/div>\n\t\t\t\t\t<div class=\"wc-block-grid__product-title\">ORGAN\u00ae HUMIC GOLD<\/div>\n\t\t\t\t<\/a>\n\t\t\t\t\n\t\t\t\t\n\t\t\t\t<div class=\"wp-block-button wc-block-grid__product-add-to-cart\"><a href=\"https:\/\/organiberia.com\/fr\/producto\/organ-humic-gold\/\" aria-label=\"En savoir plus sur &ldquo;ORGAN\u00ae HUMIC GOLD&rdquo;\" data-quantity=\"1\" data-product_id=\"3778\" data-product_sku=\"\" data-price=\"0\" rel=\"nofollow\" class=\"wp-block-button__link  add_to_cart_button\">Lire la suite<\/a><\/div>\n\t\t\t<\/li><li class=\"wc-block-grid__product\">\n\t\t\t\t<a href=\"https:\/\/organiberia.com\/fr\/producto\/organ-nemax\/\" class=\"wc-block-grid__product-link\">\n\t\t\t\t\t\n\t\t\t\t\t<div class=\"wc-block-grid__product-image\"><img loading=\"lazy\" decoding=\"async\" width=\"300\" height=\"300\" src=\"https:\/\/organiberia.com\/wp-content\/uploads\/2023\/06\/Nemax-Organiberia-300x300.webp\" class=\"attachment-woocommerce_thumbnail size-woocommerce_thumbnail not-transparent\" alt=\"ORGAN\u00ae NEMAX\" srcset=\"https:\/\/organiberia.com\/wp-content\/uploads\/2023\/06\/Nemax-Organiberia-300x300.webp 300w, https:\/\/organiberia.com\/wp-content\/uploads\/2023\/06\/Nemax-Organiberia-150x150.webp 150w, https:\/\/organiberia.com\/wp-content\/uploads\/2023\/06\/Nemax-Organiberia-768x768.webp 768w, https:\/\/organiberia.com\/wp-content\/uploads\/2023\/06\/Nemax-Organiberia-600x600.webp 600w, https:\/\/organiberia.com\/wp-content\/uploads\/2023\/06\/Nemax-Organiberia-100x100.webp 100w, https:\/\/organiberia.com\/wp-content\/uploads\/2023\/06\/Nemax-Organiberia.webp 1000w\" sizes=\"auto, (max-width: 300px) 100vw, 300px\" data-has-transparency=\"false\" data-dominant-color=\"e3e7ea\" style=\"--dominant-color: #e3e7ea;\" \/><\/div>\n\t\t\t\t\t<div class=\"wc-block-grid__product-title\">ORGAN\u00ae NEMAX<\/div>\n\t\t\t\t<\/a>\n\t\t\t\t\n\t\t\t\t\n\t\t\t\t<div class=\"wp-block-button wc-block-grid__product-add-to-cart\"><a href=\"https:\/\/organiberia.com\/fr\/producto\/organ-nemax\/\" aria-label=\"En savoir plus sur &ldquo;ORGAN\u00ae NEMAX&rdquo;\" data-quantity=\"1\" data-product_id=\"3743\" data-product_sku=\"\" data-price=\"0\" rel=\"nofollow\" class=\"wp-block-button__link  add_to_cart_button\">Lire la suite<\/a><\/div>\n\t\t\t<\/li><\/ul><\/div><a name=\"contacto\"><\/a><figure class=\"wp-block-video\"><\/figure><figure class=\"wp-block-video\"><\/figure>","protected":false},"excerpt":{"rendered":"<p>R\u00e9volution de l&rsquo;agriculture durable Chez Organiberia, nous menons la r\u00e9volution de l&rsquo;agriculture durable en tant que fabricant de solutions biologiques de pointe. Nous sommes fiers de d\u00e9velopper et de produire une large gamme de produits allant des engrais et biostimulants aux biopesticides et amendements du sol les plus modernes. Nos produits D\u00e9couvrez-les<\/p>\n","protected":false},"author":1,"featured_media":0,"parent":0,"menu_order":0,"comment_status":"closed","ping_status":"closed","template":"","meta":{"site-sidebar-layout":"default","site-content-layout":"default","ast-global-header-display":"","ast-banner-title-visibility":"","ast-main-header-display":"","ast-hfb-above-header-display":"","ast-hfb-below-header-display":"","ast-hfb-mobile-header-display":"","site-post-title":"disabled","ast-breadcrumbs-content":"","ast-featured-img":"","footer-sml-layout":"","theme-transparent-header-meta":"","adv-header-id-meta":"","stick-header-meta":"","header-above-stick-meta":"","header-main-stick-meta":"","header-below-stick-meta":"","_joinchat":[],"footnotes":""},"class_list":["post-3660","page","type-page","status-publish","hentry"],"yoast_head":"<!-- This site is optimized with the Yoast SEO Premium plugin v20.9 (Yoast SEO v20.9) - https:\/\/yoast.com\/wordpress\/plugins\/seo\/ -->\n<title>la r\u00e9volution de l&#039;agriculture durable - Organiberia<\/title>\n<meta name=\"robots\" content=\"index, follow, max-snippet:-1, max-image-preview:large, max-video-preview:-1\" \/>\n<link rel=\"canonical\" href=\"https:\/\/organiberia.com\/fr\/\" \/>\n<meta property=\"og:locale\" content=\"fr_FR\" \/>\n<meta property=\"og:type\" content=\"article\" \/>\n<meta property=\"og:title\" content=\"Introduction\" \/>\n<meta property=\"og:description\" content=\"R\u00e9volution de l&rsquo;agriculture durable Chez Organiberia, nous menons la r\u00e9volution de l&rsquo;agriculture durable en tant que fabricant de solutions biologiques de pointe. Nous sommes fiers de d\u00e9velopper et de produire une large gamme de produits allant des engrais et biostimulants aux biopesticides et amendements du sol les plus modernes. Nos produits D\u00e9couvrez-les\" \/>\n<meta property=\"og:url\" content=\"https:\/\/organiberia.com\/fr\/\" \/>\n<meta property=\"og:site_name\" content=\"Organiberia\" \/>\n<meta property=\"article:modified_time\" content=\"2025-05-18T21:34:57+00:00\" \/>\n<meta name=\"twitter:card\" content=\"summary_large_image\" \/>\n<script type=\"application\/ld+json\" class=\"yoast-schema-graph\">{\"@context\":\"https:\/\/schema.org\",\"@graph\":[{\"@type\":\"WebPage\",\"@id\":\"https:\/\/organiberia.com\/fr\/\",\"url\":\"https:\/\/organiberia.com\/fr\/\",\"name\":\"la r\u00e9volution de l'agriculture durable - Organiberia\",\"isPartOf\":{\"@id\":\"https:\/\/organiberia.com\/fr\/#website\"},\"datePublished\":\"2023-09-18T19:21:09+00:00\",\"dateModified\":\"2025-05-18T21:34:57+00:00\",\"breadcrumb\":{\"@id\":\"https:\/\/organiberia.com\/fr\/#breadcrumb\"},\"inLanguage\":\"fr-FR\",\"potentialAction\":[{\"@type\":\"ReadAction\",\"target\":[\"https:\/\/organiberia.com\/fr\/\"]}]},{\"@type\":\"BreadcrumbList\",\"@id\":\"https:\/\/organiberia.com\/fr\/#breadcrumb\",\"itemListElement\":[{\"@type\":\"ListItem\",\"position\":1,\"name\":\"Portada\",\"item\":\"https:\/\/organiberia.com\/fr\/\"},{\"@type\":\"ListItem\",\"position\":2,\"name\":\"Introduction\"}]},{\"@type\":\"WebSite\",\"@id\":\"https:\/\/organiberia.com\/fr\/#website\",\"url\":\"https:\/\/organiberia.com\/fr\/\",\"name\":\"Organiberia\",\"description\":\"Fabricantes fertilizantes organicos\",\"publisher\":{\"@id\":\"https:\/\/organiberia.com\/fr\/#organization\"},\"potentialAction\":[{\"@type\":\"SearchAction\",\"target\":{\"@type\":\"EntryPoint\",\"urlTemplate\":\"https:\/\/organiberia.com\/fr\/?s={search_term_string}\"},\"query-input\":\"required name=search_term_string\"}],\"inLanguage\":\"fr-FR\"},{\"@type\":\"Organization\",\"@id\":\"https:\/\/organiberia.com\/fr\/#organization\",\"name\":\"Organiberia\",\"url\":\"https:\/\/organiberia.com\/fr\/\",\"logo\":{\"@type\":\"ImageObject\",\"inLanguage\":\"fr-FR\",\"@id\":\"https:\/\/organiberia.com\/fr\/#\/schema\/logo\/image\/\",\"url\":\"https:\/\/organiberia.com\/wp-content\/uploads\/2023\/09\/Diseno-sin-titulo-5.svg\",\"contentUrl\":\"https:\/\/organiberia.com\/wp-content\/uploads\/2023\/09\/Diseno-sin-titulo-5.svg\",\"width\":1080,\"height\":1080,\"caption\":\"Organiberia\"},\"image\":{\"@id\":\"https:\/\/organiberia.com\/fr\/#\/schema\/logo\/image\/\"}}]}<\/script>\n<!-- \/ Yoast SEO Premium plugin. -->","yoast_head_json":{"title":"la r\u00e9volution de l'agriculture durable - Organiberia","robots":{"index":"index","follow":"follow","max-snippet":"max-snippet:-1","max-image-preview":"max-image-preview:large","max-video-preview":"max-video-preview:-1"},"canonical":"https:\/\/organiberia.com\/fr\/","og_locale":"fr_FR","og_type":"article","og_title":"Introduction","og_description":"R\u00e9volution de l&rsquo;agriculture durable Chez Organiberia, nous menons la r\u00e9volution de l&rsquo;agriculture durable en tant que fabricant de solutions biologiques de pointe. Nous sommes fiers de d\u00e9velopper et de produire une large gamme de produits allant des engrais et biostimulants aux biopesticides et amendements du sol les plus modernes. Nos produits D\u00e9couvrez-les","og_url":"https:\/\/organiberia.com\/fr\/","og_site_name":"Organiberia","article_modified_time":"2025-05-18T21:34:57+00:00","twitter_card":"summary_large_image","schema":{"@context":"https:\/\/schema.org","@graph":[{"@type":"WebPage","@id":"https:\/\/organiberia.com\/fr\/","url":"https:\/\/organiberia.com\/fr\/","name":"la r\u00e9volution de l'agriculture durable - Organiberia","isPartOf":{"@id":"https:\/\/organiberia.com\/fr\/#website"},"datePublished":"2023-09-18T19:21:09+00:00","dateModified":"2025-05-18T21:34:57+00:00","breadcrumb":{"@id":"https:\/\/organiberia.com\/fr\/#breadcrumb"},"inLanguage":"fr-FR","potentialAction":[{"@type":"ReadAction","target":["https:\/\/organiberia.com\/fr\/"]}]},{"@type":"BreadcrumbList","@id":"https:\/\/organiberia.com\/fr\/#breadcrumb","itemListElement":[{"@type":"ListItem","position":1,"name":"Portada","item":"https:\/\/organiberia.com\/fr\/"},{"@type":"ListItem","position":2,"name":"Introduction"}]},{"@type":"WebSite","@id":"https:\/\/organiberia.com\/fr\/#website","url":"https:\/\/organiberia.com\/fr\/","name":"Organiberia","description":"Fabricantes fertilizantes organicos","publisher":{"@id":"https:\/\/organiberia.com\/fr\/#organization"},"potentialAction":[{"@type":"SearchAction","target":{"@type":"EntryPoint","urlTemplate":"https:\/\/organiberia.com\/fr\/?s={search_term_string}"},"query-input":"required name=search_term_string"}],"inLanguage":"fr-FR"},{"@type":"Organization","@id":"https:\/\/organiberia.com\/fr\/#organization","name":"Organiberia","url":"https:\/\/organiberia.com\/fr\/","logo":{"@type":"ImageObject","inLanguage":"fr-FR","@id":"https:\/\/organiberia.com\/fr\/#\/schema\/logo\/image\/","url":"https:\/\/organiberia.com\/wp-content\/uploads\/2023\/09\/Diseno-sin-titulo-5.svg","contentUrl":"https:\/\/organiberia.com\/wp-content\/uploads\/2023\/09\/Diseno-sin-titulo-5.svg","width":1080,"height":1080,"caption":"Organiberia"},"image":{"@id":"https:\/\/organiberia.com\/fr\/#\/schema\/logo\/image\/"}}]}},"_links":{"self":[{"href":"https:\/\/organiberia.com\/fr\/wp-json\/wp\/v2\/pages\/3660","targetHints":{"allow":["GET"]}}],"collection":[{"href":"https:\/\/organiberia.com\/fr\/wp-json\/wp\/v2\/pages"}],"about":[{"href":"https:\/\/organiberia.com\/fr\/wp-json\/wp\/v2\/types\/page"}],"author":[{"embeddable":true,"href":"https:\/\/organiberia.com\/fr\/wp-json\/wp\/v2\/users\/1"}],"replies":[{"embeddable":true,"href":"https:\/\/organiberia.com\/fr\/wp-json\/wp\/v2\/comments?post=3660"}],"version-history":[{"count":1,"href":"https:\/\/organiberia.com\/fr\/wp-json\/wp\/v2\/pages\/3660\/revisions"}],"predecessor-version":[{"id":3664,"href":"https:\/\/organiberia.com\/fr\/wp-json\/wp\/v2\/pages\/3660\/revisions\/3664"}],"wp:attachment":[{"href":"https:\/\/organiberia.com\/fr\/wp-json\/wp\/v2\/media?parent=3660"}],"curies":[{"name":"wp","href":"https:\/\/api.w.org\/{rel}","templated":true}]}}